{"id":10192,"date":"2020-12-23T22:39:58","date_gmt":"2020-12-23T21:39:58","guid":{"rendered":"http:\/\/www.sdxf.se\/WP\/?page_id=10192"},"modified":"2025-11-01T11:40:55","modified_gmt":"2025-11-01T10:40:55","slug":"eter-aktuellt-fran-1960-talet","status":"publish","type":"page","link":"https:\/\/www.sdxf.se\/WP\/?page_id=10192","title":{"rendered":"Eter-Aktuellt 1960-2020"},"content":{"rendered":"<h2><strong>Eter-Aktuellt fr\u00e5n 1960-talet och fram\u00e5t<\/strong><\/h2>\n<p>Julen 2019 kom \u00e5rg\u00e5ng 1960 p\u00e5 plats. Sedan dess har vi fyllt p\u00e5 med n\u00e4stan alla utg\u00e5vor fr\u00e5n 60-talet (n\u00e5gra saknas tyv\u00e4rr i arkivet s\u00e5 att vi inte har kunnat skanna), 1970-talet och 1980-talet.<\/p>\n<p>1960 var det fortfarande Sydsveriges DX-F\u00f6rbund som gav ut tidningen. Den var i A4-format.\u00a0 Inneh\u00e5llet var stencilerat, omslaget offsettryckt, med plats att manuellt skriva in vilket nummer det var.<\/p>\n<p>\u00c5ret \u00e4r 1963 n\u00e4r \u201cnya\u201d ETER-aktuellt dimper ner i brevl\u00e5dan. Nytt format \u201cS5\u201d och hela tidningen \u00e4r offsettryckt. S\u00e5 har det f\u00f6rblivit sedan dess \u00e4ven om ytterm\u00e5tten varierat n\u00e5gra millimeter \u00f6ver tid.<\/p>\n<p><a href=\"https:\/\/www.sdxf.se\/WP\/?page_id=8685\">Eter-Aktuellt 1960-1964<\/a><\/p>\n<p><a href=\"https:\/\/www.sdxf.se\/WP\/?page_id=10073\">Eter-Aktuellt 1965-1969<\/a><\/p>\n<p><a href=\"https:\/\/www.sdxf.se\/WP\/?page_id=11608\">Eter-Aktuellt 1970-1974<\/a><\/p>\n<p><a href=\"https:\/\/www.sdxf.se\/WP\/?page_id=11637\">Eter-Aktuellt 1975-1979<\/a><\/p>\n<p><a href=\"https:\/\/www.sdxf.se\/WP\/?page_id=13845\">Eter-Aktuellt 1980-1984<\/a><\/p>\n<p><a href=\"https:\/\/www.sdxf.se\/WP\/?page_id=13997\">Eter-Aktuellt 1985-1989<\/a><\/p>\n<p><a href=\"https:\/\/www.sdxf.se\/WP\/?page_id=20628\">Eter-Aktuellt 1990-1994<\/a><\/p>\n<p>Eter-Aktuellt \u00a01995-2000 kommer senare<\/p>\n<p>Eter-Aktuellt\u00a0 2001-2005 kommer senare<\/p>\n<p>Eter-Aktuellt\u00a0 2006-2010 kommer senare<\/p>\n<p><a href=\"https:\/\/www.sdxf.se\/WP\/?page_id=19521\" target=\"_blank\" rel=\"noopener\">Eter-Aktuellt\u00a0 2011-2015<\/a><\/p>\n<p><a href=\"https:\/\/www.sdxf.se\/WP\/?page_id=19545\" target=\"_blank\" rel=\"noopener\">Eter-Aktuellt\u00a0 2016-2020<\/a><\/p>\n<p>Eter-Aktuellt\u00a0 2021-2025 kommer senare<\/p>\n<p>&nbsp;<\/p>\n<p>&nbsp;<\/p>\n","protected":false},"excerpt":{"rendered":"<p>Eter-Aktuellt fr\u00e5n 1960-talet och fram\u00e5t Julen 2019 kom \u00e5rg\u00e5ng 1960 p\u00e5 plats. Sedan dess har vi fyllt p\u00e5 med n\u00e4stan alla utg\u00e5vor fr\u00e5n 60-talet (n\u00e5gra saknas tyv\u00e4rr i arkivet s\u00e5 att vi inte har kunnat skanna), 1970-talet och 1980-talet. 1960 <span class=\"excerpt-dots\">&hellip;<\/span> <a class=\"more-link\" href=\"https:\/\/www.sdxf.se\/WP\/?page_id=10192\"><span class=\"more-msg\">L\u00e4s mer &rarr;<\/span><\/a><\/p>\n","protected":false},"author":6,"featured_media":0,"parent":870,"menu_order":5,"comment_status":"closed","ping_status":"closed","template":"","meta":{"footnotes":""},"class_list":["post-10192","page","type-page","status-publish","hentry"],"_links":{"self":[{"href":"https:\/\/www.sdxf.se\/WP\/index.php?rest_route=\/wp\/v2\/pages\/10192","targetHints":{"allow":["GET"]}}],"collection":[{"href":"https:\/\/www.sdxf.se\/WP\/index.php?rest_route=\/wp\/v2\/pages"}],"about":[{"href":"https:\/\/www.sdxf.se\/WP\/index.php?rest_route=\/wp\/v2\/types\/page"}],"author":[{"embeddable":true,"href":"https:\/\/www.sdxf.se\/WP\/index.php?rest_route=\/wp\/v2\/users\/6"}],"replies":[{"embeddable":true,"href":"https:\/\/www.sdxf.se\/WP\/index.php?rest_route=%2Fwp%2Fv2%2Fcomments&post=10192"}],"version-history":[{"count":27,"href":"https:\/\/www.sdxf.se\/WP\/index.php?rest_route=\/wp\/v2\/pages\/10192\/revisions"}],"predecessor-version":[{"id":21288,"href":"https:\/\/www.sdxf.se\/WP\/index.php?rest_route=\/wp\/v2\/pages\/10192\/revisions\/21288"}],"up":[{"embeddable":true,"href":"https:\/\/www.sdxf.se\/WP\/index.php?rest_route=\/wp\/v2\/pages\/870"}],"wp:attachment":[{"href":"https:\/\/www.sdxf.se\/WP\/index.php?rest_route=%2Fwp%2Fv2%2Fmedia&parent=10192"}],"curies":[{"name":"wp","href":"https:\/\/api.w.org\/{rel}","templated":true}]}}