{"id":1037,"date":"2012-12-10T19:57:53","date_gmt":"2012-12-10T18:57:53","guid":{"rendered":"http:\/\/www.sdxf.se\/WP\/?page_id=1037"},"modified":"2024-12-20T09:24:32","modified_gmt":"2024-12-20T08:24:32","slug":"kontakt2","status":"publish","type":"page","link":"https:\/\/www.sdxf.se\/WP\/?page_id=1037","title":{"rendered":"Bli medlem!"},"content":{"rendered":"<p>Fyll i formul\u00e4ret nedan om du vill f\u00e5 information om Sveriges DX-F\u00f6rbund eller bli medlem!<\/p>\n<p>Du kan \u00e4ven skicka dina adressuppgifter i ett vanligt brev till:<\/p>\n<p>Sveriges DX-F\u00f6rbund<br \/>\nHundlokev\u00e4gen 8<br \/>\n242 72 Ludvigsborg<\/p>\n<p>Eller s\u00e5 kan du skicka uppgifterna i ett mejl till <a href=\"mailto:hej@sdxf.se\" target=\"_blank\" rel=\"noopener noreferrer\">hej@sdxf.se<\/a><\/p>\n<p>Vi skickar dig d\u00e5 ett provexemplar av v\u00e5r tidskrift tillsammans med lite andra trycksaker och en inbetalningstalong.<\/p>\n<p>Representerar du ett bibliotek eller en institution ber vi dig markera detta i formul\u00e4ret.<\/p>\n<p>Eter-Aktuellt, v\u00e5r tidning, \u00e4r den fr\u00e4msta f\u00f6rm\u00e5nen. Medlemskap ger dig ocks\u00e5 tillg\u00e5ng till den l\u00f6senordsskyddade Medlemsportalen h\u00e4r p\u00e5 webben. D\u00e4r finns bland annat m\u00e4ngder av skannat historiskt DX-material. Du f\u00e5r \u00e4ven full tillg\u00e5ng till f\u00f6rbundets KiwiSDR-mottagare.<\/p>\n<p>Vill du ha en tryckt tidning i brevl\u00e5dan kostar medlemskapet f\u00f6r n\u00e4rvarande 450 kronor per kalender\u00e5r. Medlemskap med &#8221;elektronisk&#8221; Eter-Aktuellt (som nedladdningsbar pdf-fil) kostar 275 kronor per kalender\u00e5r. Fram till det \u00e5ret du fyller 25 \u00e5r \u00e4r priset 150 kr inkl PDF. Betalning sker enklast till plusgirokonto \u00e4r 3 26 26-4.<\/p>\n<p>Om du vill bli medlem med Eter-Aktuellt som pdf-fil m\u00e5ste du ange din e-postadress.<\/p>\n<p>D\u00e4refter beh\u00f6ver du ocks\u00e5 <a href=\"https:\/\/www.sdxf.se\/WP\/?page_id=715\" target=\"_blank\" rel=\"noopener\">registrera dig<\/a> genom att skapa ett anv\u00e4ndarkonto h\u00e4r p\u00e5 v\u00e5r webbplats innan du kan ladda ner tidning och annat material till din dator, mobil eller l\u00e4splatta. Mer information om detta f\u00e5r du tillsammans med uppgifter om ditt medlemsnummer mm som skickas till dig n\u00e4r din betalning av medlemsavgiften registrerats hos oss.<\/p>\n\n<div class=\"wpcf7 no-js\" id=\"wpcf7-f2975-o1\" lang=\"sv-SE\" dir=\"ltr\" data-wpcf7-id=\"2975\">\n<div class=\"screen-reader-response\"><p role=\"status\" aria-live=\"polite\" aria-atomic=\"true\"><\/p> <ul><\/ul><\/div>\n<form action=\"\/WP\/index.php?rest_route=%2Fwp%2Fv2%2Fpages%2F1037#wpcf7-f2975-o1\" method=\"post\" class=\"wpcf7-form init\" aria-label=\"Kontaktformul\u00e4r\" novalidate=\"novalidate\" data-status=\"init\">\n<fieldset class=\"hidden-fields-container\"><input type=\"hidden\" name=\"_wpcf7\" value=\"2975\" \/><input type=\"hidden\" name=\"_wpcf7_version\" value=\"6.1.5\" \/><input type=\"hidden\" name=\"_wpcf7_locale\" value=\"sv_SE\" \/><input type=\"hidden\" name=\"_wpcf7_unit_tag\" value=\"wpcf7-f2975-o1\" \/><input type=\"hidden\" name=\"_wpcf7_container_post\" value=\"0\" \/><input type=\"hidden\" name=\"_wpcf7_posted_data_hash\" value=\"\" \/>\n<\/fieldset>\n<p>Samtliga f\u00e4lt ovan linjen \u00e4r obligatoriska.\n<\/p>\n<p><b>Ditt namn:<\/b>\n<\/p>\n<p><span class=\"wpcf7-form-control-wrap\" data-name=\"your-name\"><input size=\"40\" maxlength=\"400\" class=\"wpcf7-form-control wpcf7-text wpcf7-validates-as-required\" aria-required=\"true\" aria-invalid=\"false\" value=\"\" type=\"text\" name=\"your-name\" \/><\/span>\n<\/p>\n<p><b>Din adress och ev. extra adressinfo (lgh.nr, c\/o-adress o.d.):<\/b>\n<\/p>\n<p><span class=\"wpcf7-form-control-wrap\" data-name=\"adress\"><textarea cols=\"40\" rows=\"3\" maxlength=\"2000\" class=\"wpcf7-form-control wpcf7-textarea wpcf7-validates-as-required\" aria-required=\"true\" aria-invalid=\"false\" name=\"adress\"><\/textarea><\/span>\n<\/p>\n<p><b>Postnummer och postort:<\/b>\n<\/p>\n<p><span class=\"wpcf7-form-control-wrap\" data-name=\"postnummer\"><input size=\"6\" maxlength=\"400\" class=\"wpcf7-form-control wpcf7-text wpcf7-validates-as-required\" aria-required=\"true\" aria-invalid=\"false\" value=\"\" type=\"text\" name=\"postnummer\" \/><\/span><span class=\"wpcf7-form-control-wrap\" data-name=\"postort\"><input size=\"40\" maxlength=\"400\" class=\"wpcf7-form-control wpcf7-text wpcf7-validates-as-required\" aria-required=\"true\" aria-invalid=\"false\" value=\"\" type=\"text\" name=\"postort\" \/><\/span>\n<\/p>\n<p><b>Din mejladress:<\/b>\n<\/p>\n<p><span class=\"wpcf7-form-control-wrap\" data-name=\"your-email\"><input size=\"40\" maxlength=\"400\" class=\"wpcf7-form-control wpcf7-email wpcf7-validates-as-required wpcf7-text wpcf7-validates-as-email\" aria-required=\"true\" aria-invalid=\"false\" value=\"\" type=\"email\" name=\"your-email\" \/><\/span>\n<\/p>\n<hr \/>\n<p><b>Ev. tidigare medlemsnummer: <span class=\"wpcf7-form-control-wrap\" data-name=\"medlemsnummer\"><input size=\"10\" maxlength=\"400\" class=\"wpcf7-form-control wpcf7-text\" aria-invalid=\"false\" value=\"\" type=\"text\" name=\"medlemsnummer\" \/><\/span><\/b>\n<\/p>\n<p><b>F\u00f6delse\u00e5r: <\/b><span class=\"wpcf7-form-control-wrap\" data-name=\"fodelse\"><input size=\"5\" maxlength=\"400\" class=\"wpcf7-form-control wpcf7-text\" aria-invalid=\"false\" value=\"\" type=\"text\" name=\"fodelse\" \/><\/span>\n<\/p>\n<p><b>Fr\u00e5ga:<\/b>\n<\/p>\n<p><span class=\"wpcf7-form-control-wrap\" data-name=\"your-message\"><textarea cols=\"40\" rows=\"3\" maxlength=\"2000\" class=\"wpcf7-form-control wpcf7-textarea\" aria-invalid=\"false\" name=\"your-message\"><\/textarea><\/span>\n<\/p>\n<p><b>\u00d6vrigt:<\/b>\n<\/p>\n<p><span class=\"wpcf7-form-control-wrap\" data-name=\"merinfo\"><select class=\"wpcf7-form-control wpcf7-select\" aria-invalid=\"false\" name=\"merinfo\"><option value=\"\">\u2013 V\u00e4lj ett alternativ \u2013<\/option><option value=\"Jag vill ha mer information om SDXF\">Jag vill ha mer information om SDXF<\/option><\/select><\/span><br \/>\n<span class=\"wpcf7-form-control-wrap\" data-name=\"bibliotek\"><select class=\"wpcf7-form-control wpcf7-select\" aria-invalid=\"false\" name=\"bibliotek\"><option value=\"\">\u2013 V\u00e4lj ett alternativ \u2013<\/option><option value=\"Jag representerar ett bibliotek\">Jag representerar ett bibliotek<\/option><option value=\"Jag representerar ett institut\">Jag representerar ett institut<\/option><\/select><\/span>\n<\/p>\n<p><input class=\"wpcf7-form-control wpcf7-submit has-spinner\" type=\"submit\" value=\"Skicka\" \/>\n<\/p><div class=\"wpcf7-response-output\" aria-hidden=\"true\"><\/div>\n<\/form>\n<\/div>\n\n","protected":false},"excerpt":{"rendered":"<p>Fyll i formul\u00e4ret nedan om du vill f\u00e5 information om Sveriges DX-F\u00f6rbund eller bli medlem! Du kan \u00e4ven skicka dina adressuppgifter i ett vanligt brev till: Sveriges DX-F\u00f6rbund Hundlokev\u00e4gen 8 242 72 Ludvigsborg Eller s\u00e5 kan du skicka uppgifterna i <span class=\"excerpt-dots\">&hellip;<\/span> <a class=\"more-link\" href=\"https:\/\/www.sdxf.se\/WP\/?page_id=1037\"><span class=\"more-msg\">L\u00e4s mer &rarr;<\/span><\/a><\/p>\n","protected":false},"author":1,"featured_media":0,"parent":0,"menu_order":15,"comment_status":"closed","ping_status":"closed","template":"paget-iframe.php","meta":{"footnotes":""},"class_list":["post-1037","page","type-page","status-publish","hentry"],"_links":{"self":[{"href":"https:\/\/www.sdxf.se\/WP\/index.php?rest_route=\/wp\/v2\/pages\/1037","targetHints":{"allow":["GET"]}}],"collection":[{"href":"https:\/\/www.sdxf.se\/WP\/index.php?rest_route=\/wp\/v2\/pages"}],"about":[{"href":"https:\/\/www.sdxf.se\/WP\/index.php?rest_route=\/wp\/v2\/types\/page"}],"author":[{"embeddable":true,"href":"https:\/\/www.sdxf.se\/WP\/index.php?rest_route=\/wp\/v2\/users\/1"}],"replies":[{"embeddable":true,"href":"https:\/\/www.sdxf.se\/WP\/index.php?rest_route=%2Fwp%2Fv2%2Fcomments&post=1037"}],"version-history":[{"count":47,"href":"https:\/\/www.sdxf.se\/WP\/index.php?rest_route=\/wp\/v2\/pages\/1037\/revisions"}],"predecessor-version":[{"id":19219,"href":"https:\/\/www.sdxf.se\/WP\/index.php?rest_route=\/wp\/v2\/pages\/1037\/revisions\/19219"}],"wp:attachment":[{"href":"https:\/\/www.sdxf.se\/WP\/index.php?rest_route=%2Fwp%2Fv2%2Fmedia&parent=1037"}],"curies":[{"name":"wp","href":"https:\/\/api.w.org\/{rel}","templated":true}]}}