{"id":10467,"date":"2021-02-09T14:45:49","date_gmt":"2021-02-09T13:45:49","guid":{"rendered":"http:\/\/www.sdxf.se\/WP\/?page_id=10467"},"modified":"2023-04-27T09:40:57","modified_gmt":"2023-04-27T07:40:57","slug":"arsregister-2020-2","status":"publish","type":"page","link":"https:\/\/www.sdxf.se\/WP\/?page_id=10467","title":{"rendered":"\u00c5rsregister 2020"},"content":{"rendered":"<p>Vill du hellre ha \u00e5rsregistret i PDF-format som kan skrivas ut? Klicka\u00a0<a href=\"https:\/\/www.sdxf.se\/WP\/wp-content\/uploads\/2021\/05\/Arsregister-2020B.pdf\" target=\"_blank\" rel=\"noopener noreferrer\"><strong>H\u00c4R!<\/strong><\/a><\/p>\n<p>Om du vill ladda ner n\u00e5gon av tidningarna s\u00e5 g\u00e5 till sidan <a href=\"https:\/\/www.sdxf.se\/WP\/?page_id=412\"><strong><em>Eter-Aktuellt &gt; Ladda ner din Eter-Aktuellt!<\/em><\/strong><\/a><br \/>\n(g\u00e4ller medlemmar i SDXF).<\/p>\n<p>&nbsp;<\/p>\n<p><a href=\"https:\/\/www.sdxf.se\/WP\/wp-content\/uploads\/2021\/07\/Arsregister-2020C-scaled.jpg\"><img loading=\"lazy\" decoding=\"async\" class=\"alignleft size-full wp-image-11075\" src=\"https:\/\/www.sdxf.se\/WP\/wp-content\/uploads\/2021\/07\/Arsregister-2020C-scaled.jpg\" alt=\"\" width=\"1810\" height=\"2560\" srcset=\"https:\/\/www.sdxf.se\/WP\/wp-content\/uploads\/2021\/07\/Arsregister-2020C-scaled.jpg 1810w, https:\/\/www.sdxf.se\/WP\/wp-content\/uploads\/2021\/07\/Arsregister-2020C-212x300.jpg 212w, https:\/\/www.sdxf.se\/WP\/wp-content\/uploads\/2021\/07\/Arsregister-2020C-724x1024.jpg 724w, https:\/\/www.sdxf.se\/WP\/wp-content\/uploads\/2021\/07\/Arsregister-2020C-768x1086.jpg 768w, https:\/\/www.sdxf.se\/WP\/wp-content\/uploads\/2021\/07\/Arsregister-2020C-1086x1536.jpg 1086w, https:\/\/www.sdxf.se\/WP\/wp-content\/uploads\/2021\/07\/Arsregister-2020C-1448x2048.jpg 1448w\" sizes=\"auto, (max-width: 1810px) 100vw, 1810px\" \/><\/a><\/p>\n<p>&nbsp;<\/p>\n","protected":false},"excerpt":{"rendered":"<p>Vill du hellre ha \u00e5rsregistret i PDF-format som kan skrivas ut? Klicka\u00a0H\u00c4R! Om du vill ladda ner n\u00e5gon av tidningarna s\u00e5 g\u00e5 till sidan Eter-Aktuellt &gt; Ladda ner din Eter-Aktuellt! (g\u00e4ller medlemmar i SDXF). &nbsp; &nbsp;<\/p>\n <a class=\"more-link\" href=\"https:\/\/www.sdxf.se\/WP\/?page_id=10467\"><span class=\"more-msg\">L\u00e4s mer &rarr;<\/span><\/a>","protected":false},"author":2,"featured_media":0,"parent":7805,"menu_order":18,"comment_status":"closed","ping_status":"closed","template":"","meta":{"footnotes":""},"class_list":["post-10467","page","type-page","status-publish","hentry"],"_links":{"self":[{"href":"https:\/\/www.sdxf.se\/WP\/index.php?rest_route=\/wp\/v2\/pages\/10467","targetHints":{"allow":["GET"]}}],"collection":[{"href":"https:\/\/www.sdxf.se\/WP\/index.php?rest_route=\/wp\/v2\/pages"}],"about":[{"href":"https:\/\/www.sdxf.se\/WP\/index.php?rest_route=\/wp\/v2\/types\/page"}],"author":[{"embeddable":true,"href":"https:\/\/www.sdxf.se\/WP\/index.php?rest_route=\/wp\/v2\/users\/2"}],"replies":[{"embeddable":true,"href":"https:\/\/www.sdxf.se\/WP\/index.php?rest_route=%2Fwp%2Fv2%2Fcomments&post=10467"}],"version-history":[{"count":6,"href":"https:\/\/www.sdxf.se\/WP\/index.php?rest_route=\/wp\/v2\/pages\/10467\/revisions"}],"predecessor-version":[{"id":15494,"href":"https:\/\/www.sdxf.se\/WP\/index.php?rest_route=\/wp\/v2\/pages\/10467\/revisions\/15494"}],"up":[{"embeddable":true,"href":"https:\/\/www.sdxf.se\/WP\/index.php?rest_route=\/wp\/v2\/pages\/7805"}],"wp:attachment":[{"href":"https:\/\/www.sdxf.se\/WP\/index.php?rest_route=%2Fwp%2Fv2%2Fmedia&parent=10467"}],"curies":[{"name":"wp","href":"https:\/\/api.w.org\/{rel}","templated":true}]}}