{"id":11463,"date":"2021-12-08T23:15:56","date_gmt":"2021-12-08T22:15:56","guid":{"rendered":"http:\/\/www.sdxf.se\/WP\/?page_id=11463"},"modified":"2023-04-27T09:40:14","modified_gmt":"2023-04-27T07:40:14","slug":"arsregister-2021","status":"publish","type":"page","link":"https:\/\/www.sdxf.se\/WP\/?page_id=11463","title":{"rendered":"\u00c5rsregister 2021"},"content":{"rendered":"<p>Vill du hellre ha \u00e5rsregistret i PDF-format som kan skrivas ut? Klicka\u00a0<a href=\"https:\/\/www.sdxf.se\/WP\/wp-content\/uploads\/2021\/12\/Arsregister-2021-1.pdf\" target=\"_blank\" rel=\"noopener\"><strong>H\u00c4R!<\/strong><\/a><\/p>\n<p>Om du vill ladda ner n\u00e5gon av tidningarna s\u00e5 g\u00e5 till sidan <a href=\"https:\/\/www.sdxf.se\/WP\/?page_id=412\"><strong><em>Eter-Aktuellt &gt; Ladda ner din Eter-Aktuellt!<\/em><\/strong><\/a><br \/>\n(g\u00e4ller medlemmar i SDXF).<\/p>\n<p><img loading=\"lazy\" decoding=\"async\" class=\"aligncenter size-full wp-image-11466\" src=\"https:\/\/www.sdxf.se\/WP\/wp-content\/uploads\/2021\/12\/Arsregister-2021-1.jpg\" alt=\"\" width=\"1190\" height=\"1683\" srcset=\"https:\/\/www.sdxf.se\/WP\/wp-content\/uploads\/2021\/12\/Arsregister-2021-1.jpg 1190w, https:\/\/www.sdxf.se\/WP\/wp-content\/uploads\/2021\/12\/Arsregister-2021-1-212x300.jpg 212w, https:\/\/www.sdxf.se\/WP\/wp-content\/uploads\/2021\/12\/Arsregister-2021-1-724x1024.jpg 724w, https:\/\/www.sdxf.se\/WP\/wp-content\/uploads\/2021\/12\/Arsregister-2021-1-768x1086.jpg 768w, https:\/\/www.sdxf.se\/WP\/wp-content\/uploads\/2021\/12\/Arsregister-2021-1-1086x1536.jpg 1086w\" sizes=\"auto, (max-width: 1190px) 100vw, 1190px\" \/><\/p>\n<p>&nbsp;<\/p>\n","protected":false},"excerpt":{"rendered":"<p>Vill du hellre ha \u00e5rsregistret i PDF-format som kan skrivas ut? Klicka\u00a0H\u00c4R! Om du vill ladda ner n\u00e5gon av tidningarna s\u00e5 g\u00e5 till sidan Eter-Aktuellt &gt; Ladda ner din Eter-Aktuellt! (g\u00e4ller medlemmar i SDXF). &nbsp;<\/p>\n <a class=\"more-link\" href=\"https:\/\/www.sdxf.se\/WP\/?page_id=11463\"><span class=\"more-msg\">L\u00e4s mer &rarr;<\/span><\/a>","protected":false},"author":2,"featured_media":0,"parent":7805,"menu_order":17,"comment_status":"closed","ping_status":"closed","template":"","meta":{"footnotes":""},"class_list":["post-11463","page","type-page","status-publish","hentry"],"_links":{"self":[{"href":"https:\/\/www.sdxf.se\/WP\/index.php?rest_route=\/wp\/v2\/pages\/11463","targetHints":{"allow":["GET"]}}],"collection":[{"href":"https:\/\/www.sdxf.se\/WP\/index.php?rest_route=\/wp\/v2\/pages"}],"about":[{"href":"https:\/\/www.sdxf.se\/WP\/index.php?rest_route=\/wp\/v2\/types\/page"}],"author":[{"embeddable":true,"href":"https:\/\/www.sdxf.se\/WP\/index.php?rest_route=\/wp\/v2\/users\/2"}],"replies":[{"embeddable":true,"href":"https:\/\/www.sdxf.se\/WP\/index.php?rest_route=%2Fwp%2Fv2%2Fcomments&post=11463"}],"version-history":[{"count":3,"href":"https:\/\/www.sdxf.se\/WP\/index.php?rest_route=\/wp\/v2\/pages\/11463\/revisions"}],"predecessor-version":[{"id":15493,"href":"https:\/\/www.sdxf.se\/WP\/index.php?rest_route=\/wp\/v2\/pages\/11463\/revisions\/15493"}],"up":[{"embeddable":true,"href":"https:\/\/www.sdxf.se\/WP\/index.php?rest_route=\/wp\/v2\/pages\/7805"}],"wp:attachment":[{"href":"https:\/\/www.sdxf.se\/WP\/index.php?rest_route=%2Fwp%2Fv2%2Fmedia&parent=11463"}],"curies":[{"name":"wp","href":"https:\/\/api.w.org\/{rel}","templated":true}]}}