{"id":11882,"date":"2022-03-02T17:40:36","date_gmt":"2022-03-02T16:40:36","guid":{"rendered":"http:\/\/www.sdxf.se\/WP\/?page_id=11882"},"modified":"2024-08-01T11:28:41","modified_gmt":"2024-08-01T09:28:41","slug":"annat-fran-arkivet","status":"publish","type":"page","link":"https:\/\/www.sdxf.se\/WP\/?page_id=11882","title":{"rendered":"Blandat fr\u00e5n arkivet"},"content":{"rendered":"<p>P\u00e5 denna sida hittar du olika trycksaker fr\u00e5n Sveriges DX-F\u00f6rbunds arkiv som vi har skannat in f\u00f6r att du som \u00e4r medlem ska kunna f\u00e5 tillg\u00e5ng till dem.<\/p>\n<p>Just nu hittar du f\u00f6ljande underavdelningar:<\/p>\n<p><a href=\"https:\/\/www.sdxf.se\/WP\/?page_id=5990\">Klassiska DX-b\u00f6cker<\/a><\/p>\n<p><a href=\"https:\/\/www.sdxf.se\/WP\/?page_id=6828\">Klassiska DX-Guider<\/a><\/p>\n<p><a href=\"https:\/\/www.sdxf.se\/WP\/?page_id=6084\">Klassiska DX-mottagare<\/a><\/p>\n<p><a href=\"https:\/\/www.sdxf.se\/WP\/?page_id=6161\">Klassiska DX-t\u00e4vlingar<\/a><\/p>\n<p><a href=\"https:\/\/www.sdxf.se\/WP\/?page_id=15900\" target=\"_blank\" rel=\"noopener\">Klassiska FM-listor<\/a><\/p>\n<p><a href=\"https:\/\/www.sdxf.se\/WP\/?page_id=10210\">Klassiska kortv\u00e5gstabeller<\/a><\/p>\n<p><a href=\"https:\/\/www.sdxf.se\/WP\/?page_id=5484\">Klassiska rapportblanketter<\/a><\/p>\n<p><a href=\"https:\/\/www.sdxf.se\/WP\/?page_id=18267\" target=\"_blank\" rel=\"noopener\">Satir<\/a><\/p>\n<p><a href=\"https:\/\/www.sdxf.se\/WP\/?page_id=17358\" target=\"_blank\" rel=\"noopener\">SCDX (Sweden Calling DX-ers)<\/a><\/p>\n<p><a href=\"https:\/\/www.sdxf.se\/WP\/?page_id=12364\" target=\"_blank\" rel=\"noopener\">Svensks\u00e4ndarna<\/a><\/p>\n","protected":false},"excerpt":{"rendered":"<p>P\u00e5 denna sida hittar du olika trycksaker fr\u00e5n Sveriges DX-F\u00f6rbunds arkiv som vi har skannat in f\u00f6r att du som \u00e4r medlem ska kunna f\u00e5 tillg\u00e5ng till dem. Just nu hittar du f\u00f6ljande underavdelningar: Klassiska DX-b\u00f6cker Klassiska DX-Guider Klassiska DX-mottagare <span class=\"excerpt-dots\">&hellip;<\/span> <a class=\"more-link\" href=\"https:\/\/www.sdxf.se\/WP\/?page_id=11882\"><span class=\"more-msg\">L\u00e4s mer &rarr;<\/span><\/a><\/p>\n","protected":false},"author":2,"featured_media":0,"parent":870,"menu_order":4,"comment_status":"closed","ping_status":"closed","template":"","meta":{"footnotes":""},"class_list":["post-11882","page","type-page","status-publish","hentry"],"_links":{"self":[{"href":"https:\/\/www.sdxf.se\/WP\/index.php?rest_route=\/wp\/v2\/pages\/11882","targetHints":{"allow":["GET"]}}],"collection":[{"href":"https:\/\/www.sdxf.se\/WP\/index.php?rest_route=\/wp\/v2\/pages"}],"about":[{"href":"https:\/\/www.sdxf.se\/WP\/index.php?rest_route=\/wp\/v2\/types\/page"}],"author":[{"embeddable":true,"href":"https:\/\/www.sdxf.se\/WP\/index.php?rest_route=\/wp\/v2\/users\/2"}],"replies":[{"embeddable":true,"href":"https:\/\/www.sdxf.se\/WP\/index.php?rest_route=%2Fwp%2Fv2%2Fcomments&post=11882"}],"version-history":[{"count":10,"href":"https:\/\/www.sdxf.se\/WP\/index.php?rest_route=\/wp\/v2\/pages\/11882\/revisions"}],"predecessor-version":[{"id":18409,"href":"https:\/\/www.sdxf.se\/WP\/index.php?rest_route=\/wp\/v2\/pages\/11882\/revisions\/18409"}],"up":[{"embeddable":true,"href":"https:\/\/www.sdxf.se\/WP\/index.php?rest_route=\/wp\/v2\/pages\/870"}],"wp:attachment":[{"href":"https:\/\/www.sdxf.se\/WP\/index.php?rest_route=%2Fwp%2Fv2%2Fmedia&parent=11882"}],"curies":[{"name":"wp","href":"https:\/\/api.w.org\/{rel}","templated":true}]}}