{"id":135,"date":"2012-10-03T13:00:15","date_gmt":"2012-10-03T11:00:15","guid":{"rendered":"http:\/\/www.sdxf.se\/WP\/?page_id=135"},"modified":"2023-04-01T18:07:16","modified_gmt":"2023-04-01T16:07:16","slug":"asien-dx-ing","status":"publish","type":"page","link":"https:\/\/www.sdxf.se\/WP\/?page_id=135","title":{"rendered":"Asien-DX-ing"},"content":{"rendered":"<p style=\"text-align: left;\">Asien \u00e4r en stor kontinent best\u00e5ende av flera regioner med vitt skilda spr\u00e5k och kulturer. \u00c4nd\u00e5 brukar man i DX-sammanhang enbart tala om Asien-DX utan att g\u00f6ra n\u00e5gon n\u00e4rmare precisering. \u00c5 andra sidan brukar Rysslands asiatiska delar inte r\u00e4knas riktigt till Asien, \u00e5tminstone inte bland svenska DX-are.<\/p>\n<p style=\"text-align: left;\">De m\u00e5nga och fr\u00e4mmande spr\u00e5ken och kulturerna i Asien avh\u00e5ller ofta DX-arna fr\u00e5n att g\u00e5 djupare in p\u00e5 Asien-DX-ing. De flesta n\u00f6jer sig med att f\u00e5nga stationer med internationella s\u00e4ndningar, s\u00e5 att de kan notera l\u00e4nderna som h\u00f6rda eller verifierade. F\u00f6r den som \u00e4r beredd att ta sig \u00f6ver den f\u00f6rsta tr\u00f6skeln finns det dock mycket att h\u00e4mta i stations- och QSL-v\u00e4g \u00e4ven i Asien. De inbitna Asien-DX-arna har under \u00e5rens lopp samlat ihop flera hundra stationer i sina QSL-p\u00e4rmar.<\/p>\n<p style=\"text-align: left;\">Till sv\u00e5righeterna h\u00f6r att den st\u00f6rre delen av stationerna i Asien bara finns p\u00e5 mellanv\u00e5g. D\u00e4r inneb\u00e4r st\u00f6rningarna fr\u00e5n europeiska stationer p\u00e5 samma frekvenser att det kr\u00e4vs l\u00e5nga antenner och ett gynnsamt l\u00e4ge f\u00f6r att mer \u00e4n n\u00e5gon enstaka station med superstark s\u00e4ndare ska kunna f\u00e5ngas.<\/p>\n<p style=\"text-align: left;\">Asiatiska QSL har ofta en exotisk pr\u00e4gel \u00f6ver sig. Brev eller kort fr\u00e5n Kina med tryck eller text helt eller delvis p\u00e5 kinesiska har en helt annan lyster \u00e4n ett standard-QSL fr\u00e5n n\u00e5gon v\u00e4ststation. Indiska QSL k\u00e4nnetecknas ofta av en kombination av byr\u00e5krati och slarvighet som ger dem en speciell pr\u00e4gel. Svar fr\u00e5n Japan brukar vara desto prydligare med artistiska QSL-kort och v\u00e4nliga brev p\u00e5 den karakt\u00e4ristiska japanska engelskan.<\/p>\n<p style=\"text-align: left;\">\u00c4ven om man i f\u00f6rsta hand bara brukar tala om Asien-DX g\u00f6rs det i praktiken en viss uppdelning i flera omr\u00e5den med olika karakt\u00e4r:<\/p>\n<ul>\n<li>Mellan\u00f6stern, omfattande de asiatiska arabl\u00e4nderna samt Israel, Turkiet och Iran,<\/li>\n<li>Sydasien, som best\u00e5r av Afghanistan, Bangladesh, Bhutan, Indien, Nepal, Pakistan, Sri Lanka,<\/li>\n<li>Sydostasien med s\u00e5dana l\u00e4nder som Indonesien och Thailand,<\/li>\n<li>Ostasien, ofta ben\u00e4mnt Fj\u00e4rran \u00d6stern, som omfattar Filippinerna, Japan, Kina, Korea, Taiwan,<\/li>\n<li>Centralasien, med de idag sj\u00e4lvst\u00e4ndiga l\u00e4nderna Kazakstan, Uzbekistan, m.fl.<\/li>\n<\/ul>\n<p>&nbsp;<\/p>\n<p style=\"text-align: left;\">Mellan\u00f6stern har aldrig varit n\u00e5got framst\u00e5ende DX-omr\u00e5de p\u00e5 grund av att l\u00e4nderna i regel bara har statliga monopolradiostationer. Turkiet och Iran har en del regionala stationer, men dessa \u00e4r otacksamma att jaga p\u00e5 grund av sv\u00e5righeten att f\u00e5 vettiga QSL. D\u00e4remot \u00e4r huvudstationerna l\u00e4tta att h\u00f6ra, \u00e4ven p\u00e5 mellanv\u00e5g, tack vare starka s\u00e4ndare.<\/p>\n<p style=\"text-align: left;\">Sydasien \u00e4r ett popul\u00e4rare omr\u00e5de. B\u00e5de Indien och Pakistan har ett antal regionala stationer p\u00e5 kortv\u00e5g. De indiska stationerna har de senaste \u00e5ren utrustats med nya, starka s\u00e4ndare, och kan d\u00e4rf\u00f6r h\u00f6ras relativt enkelt. D\u00e4remot har det med tiden blivit allt sv\u00e5rare att f\u00e5 svar fr\u00e5n dessa stationer. G\u00e5r man till mellanv\u00e5g finns det ett stort antal stationer i Indien och f\u00e4rre men relativt starka stationer i Pakistan.<\/p>\n<p style=\"text-align: left;\">Sydostasien har ocks\u00e5 en del regionala stationer p\u00e5 kortv\u00e5g. Framf\u00f6r allt g\u00e4ller detta Indonesien, som alltid varit ett popul\u00e4rt land bland DX-arna p\u00e5 grund av trevlig musik och en exotiska framtoning. \u00c4ven h\u00e4r har dock svarsviljan med tiden sjunkit bet\u00e4nkligt. Detta i kombination med att antalet stationer har minskat har ocks\u00e5 lett till ett svalnande intresse fr\u00e5n DX-arnas sida.<\/p>\n<p style=\"text-align: left;\">Ostasien st\u00e5r f\u00f6r det stora antalet stationer, men endast f\u00e5 av dessa finns p\u00e5 kortv\u00e5g. Japan, Filippinerna och Taiwan har m\u00e4ngder av kommersiella mellanv\u00e5gsstationer, som det \u00e4r mycket fascinerande att lyssna p\u00e5, om man f\u00e5r tillf\u00e4lle. Kina har ett mycket stort antal lokala och regionala stationer, men bara ett f\u00e5tal av dessa \u00e4r f\u00f6r n\u00e4rvarande aktiva p\u00e5 kortv\u00e5g. Japanska stationer brukar svara bra och trevligt, medan det kan vara knivigt att f\u00e5 svar fr\u00e5n \u00f6vriga l\u00e4nder.<\/p>\n<p style=\"text-align: left;\">Centralasien \u00e4r mest en fr\u00e5ga om landjakt. Det som fr\u00e4mst h\u00f6rs \u00e4r de statliga centralprogrammen, medan de regionala s\u00e4ndningarna i huvudsak bara finns p\u00e5 FM. Det \u00e4r ofta sv\u00e5rt att f\u00e5 QSL fr\u00e5n de centralasiatiska l\u00e4nderna, och d\u00e4rf\u00f6r kan DX-aren h\u00e5lla sig sysselsatt i flera \u00e5r bara med att verifiera samtliga de ing\u00e5ende l\u00e4nderna. I den asiatiska delen av Ryssland finns flera regionala kortv\u00e5gsstationer, n\u00e5gra l\u00e4tta, andra sv\u00e5ra att h\u00f6ra. N\u00e4r det g\u00e4ller Ryssland har man \u00e4ven l\u00e5ngv\u00e5gen att jaga p\u00e5.<\/p>\n<p style=\"text-align: left;\">Om man vill satsa p\u00e5 Asien-DX \u00e4r det b\u00e4sta s\u00e4ttet att komma ig\u00e5ng att lyssna tillsammans med n\u00e5gon erfaren DX-are, till exempel under en lyssnarnatt. Om man har lite \u00f6ra f\u00f6r spr\u00e5k och musikstilar kan man snart l\u00e4ra sig att k\u00e4nna igen spr\u00e5k eller spr\u00e5kgrupper och musikkulturer med en kunnig handledares hj\u00e4lp. Sv\u00e5righeten \u00e4r att s\u00e5 f\u00e5 DX-are har tillr\u00e4ckligt djupa kunskaper om Asien-DX f\u00f6r att kunna hj\u00e4lp andra.<\/p>\n<p style=\"text-align: left;\">Spr\u00e5kidentifieringen kan man ocks\u00e5 tr\u00e4na genom att lyssna p\u00e5 s\u00e4ndningar p\u00e5 k\u00e4nda spr\u00e5k fr\u00e5n internationella stationer.<\/p>\n","protected":false},"excerpt":{"rendered":"<p>Asien \u00e4r en stor kontinent best\u00e5ende av flera regioner med vitt skilda spr\u00e5k och kulturer. \u00c4nd\u00e5 brukar man i DX-sammanhang enbart tala om Asien-DX utan att g\u00f6ra n\u00e5gon n\u00e4rmare precisering. \u00c5 andra sidan brukar Rysslands asiatiska delar inte r\u00e4knas riktigt <span class=\"excerpt-dots\">&hellip;<\/span> <a class=\"more-link\" href=\"https:\/\/www.sdxf.se\/WP\/?page_id=135\"><span class=\"more-msg\">L\u00e4s mer &rarr;<\/span><\/a><\/p>\n","protected":false},"author":2,"featured_media":0,"parent":19,"menu_order":2,"comment_status":"closed","ping_status":"closed","template":"","meta":{"footnotes":""},"class_list":["post-135","page","type-page","status-publish","hentry"],"_links":{"self":[{"href":"https:\/\/www.sdxf.se\/WP\/index.php?rest_route=\/wp\/v2\/pages\/135","targetHints":{"allow":["GET"]}}],"collection":[{"href":"https:\/\/www.sdxf.se\/WP\/index.php?rest_route=\/wp\/v2\/pages"}],"about":[{"href":"https:\/\/www.sdxf.se\/WP\/index.php?rest_route=\/wp\/v2\/types\/page"}],"author":[{"embeddable":true,"href":"https:\/\/www.sdxf.se\/WP\/index.php?rest_route=\/wp\/v2\/users\/2"}],"replies":[{"embeddable":true,"href":"https:\/\/www.sdxf.se\/WP\/index.php?rest_route=%2Fwp%2Fv2%2Fcomments&post=135"}],"version-history":[{"count":6,"href":"https:\/\/www.sdxf.se\/WP\/index.php?rest_route=\/wp\/v2\/pages\/135\/revisions"}],"predecessor-version":[{"id":15069,"href":"https:\/\/www.sdxf.se\/WP\/index.php?rest_route=\/wp\/v2\/pages\/135\/revisions\/15069"}],"up":[{"embeddable":true,"href":"https:\/\/www.sdxf.se\/WP\/index.php?rest_route=\/wp\/v2\/pages\/19"}],"wp:attachment":[{"href":"https:\/\/www.sdxf.se\/WP\/index.php?rest_route=%2Fwp%2Fv2%2Fmedia&parent=135"}],"curies":[{"name":"wp","href":"https:\/\/api.w.org\/{rel}","templated":true}]}}