{"id":139,"date":"2012-10-03T14:29:38","date_gmt":"2012-10-03T12:29:38","guid":{"rendered":"http:\/\/www.sdxf.se\/WP\/?page_id=139"},"modified":"2023-04-01T17:59:58","modified_gmt":"2023-04-01T15:59:58","slug":"clandestine-radio","status":"publish","type":"page","link":"https:\/\/www.sdxf.se\/WP\/?page_id=139","title":{"rendered":"Clandestine DX-ing"},"content":{"rendered":"<p style=\"text-align: left;\">Clandestines \u00e4r ben\u00e4mningen p\u00e5 stationer som av olika sk\u00e4l vill vara litet hemlighetsfulla (clandestine = hemlig; i smyg). Oftast s\u00e4nder de program med politiskt inneh\u00e5ll, riktade till befolkningen i ett visst land eller till flyktingar i exil. Det kan handla om att n\u00e5got lands regering vill v\u00e4nda sig till ett annat lands befolkning eller att en politisk fraktion vill uppmana sina landsm\u00e4n att g\u00f6ra uppror mot sitt lands nuvarande regim.<\/p>\n<p style=\"text-align: left;\">S\u00e4ndarna kan vara dolda inne i eller utanf\u00f6r det aktuella landet. Som clandestines brukar man ocks\u00e5 r\u00e4kna s\u00e5dana som k\u00f6per programtid av n\u00e5gon stark kommersiell s\u00e4ndare. Det finns \u00e4ven exempel p\u00e5 flygplan, utrustade med en stark s\u00e4ndare, som kretsar \u00f6ver ett visst konfliktomr\u00e5de. Alla dessa stationer eller s\u00e4ndare m\u00e5ste betecknas som clandestines.<\/p>\n<p style=\"text-align: left;\">Att det inte \u00e4r alldeles enkelt att lyssna p\u00e5 Clandestines. Programmen \u00e4r oftast p\u00e5, f\u00f6r oss, helt ok\u00e4nda spr\u00e5k. Frekvenser och tider kan variera kraftigt, inte bara s\u00e4songsm\u00e4ssigt, utan t o m fr\u00e5n dag till dag. Inte nog med det &#8211; f\u00e5r den regim, som programmen riktar sig emot, reda p\u00e5 inneh\u00e5llet i dem, s\u00e5 brukar de reagera genom att f\u00f6rs\u00f6ka st\u00f6ra s\u00e4ndarna s\u00e5 mycket som m\u00f6jligt. Det senare g\u00f6r att t ex s\u00e4ndare&#8221;jammas&#8221; f\u00f6r att tvinga dem att flytta p\u00e5 sig hela tiden under programtidens g\u00e5ng.<\/p>\n<p style=\"text-align: left;\">Det kan v\u00e4l vara intressant i sig att lyssna p\u00e5 clandestines, men det \u00e4r inte alltid l\u00e4tt att f\u00e5 ut n\u00e5got &#8221;vettigt&#8221; ur inneh\u00e5llet i programmen. De \u00e4r ju oftast p\u00e5 hemlandets tungom\u00e5l och inslagen \u00e4r mycket politiska och propagandistiska. Vissa av dem spelar dock en hel del inhemsk folkmusik, som kan vara mycket melodisk och vacker. Det g\u00e4ller s\u00e4rskilt p\u00e5 stationerna i och utanf\u00f6r Eritrea, Etiopien och Sudan p\u00e5 &#8221;Afrikas Horn&#8221;, vars musik jag \u00e4r v\u00e4ldigt njutbar.<\/p>\n<p style=\"text-align: left;\">\u00c4r du QSL-samlare, s\u00e5 har du hittat ditt livs stora DX-utmaning! Eftersom stationerna \u00e4r av hemlig karakt\u00e4r vill de inte g\u00e4rna tala om varken varifr\u00e5n de s\u00e4nder eller hur du ska f\u00e5 kontakt med dem. D\u00e4rf\u00f6r tvingas vi leta l\u00e4nge innan vi hittar n\u00e5gra anv\u00e4ndbara adresser att skicka lyssnarrapporterna till. D\u00e4r bjuder Internet p\u00e5 vissa m\u00f6jligheter.<\/p>\n<p style=\"text-align: left;\">M\u00e5nga av stationerna har b\u00e5de egna hemsidor och mejladresser. Tyv\u00e4rr m\u00e5ste jag konstatera att m\u00e5nga av dessa \u00e4r felaktiga, n\u00e4r de meddelas i DX-pressen. Aldrig har det varit s\u00e5 noga med punkter, bokst\u00e4ver och mellanrum som nuf\u00f6rtiden &#8211; och ett enda litet misstag av en redakt\u00f6r snurrar sedan runt i alla jordklotets DX-bulletiner och tidskrifter &#8211; varv efter varv!<\/p>\n<p style=\"text-align: left;\">B\u00e4sta s\u00e4ttet att jaga clandestines \u00e4r att l\u00e4sa de elektroniska DX-bulletiner som finns tillg\u00e4ngliga. Det \u00e4r oftast de som har de senast uppdaterade uppgifterna. N\u00e4r tipsen kommer i Eter-Aktuellt kan de vara inaktuella f\u00f6r l\u00e5nge sedan. Till de viktigaste nyhetsk\u00e4llorna \u00e4r <a href=\"http:\/\/www.schoechi.de\/crw.html\" target=\"_blank\" rel=\"noopener\">Clandestine Radio Watch.<\/a><\/p>\n<p style=\"text-align: left;\">Lycka till med Clandestine-jakten! Och du &#8211; har du n\u00e5gon intressant, ny information om stationer, tider, frekvenser, adresser eller vad det nu \u00e4r, s\u00e5 gl\u00f6m inte att meddela Eter-Aktuellt.<\/p>\n","protected":false},"excerpt":{"rendered":"<p>Clandestines \u00e4r ben\u00e4mningen p\u00e5 stationer som av olika sk\u00e4l vill vara litet hemlighetsfulla (clandestine = hemlig; i smyg). Oftast s\u00e4nder de program med politiskt inneh\u00e5ll, riktade till befolkningen i ett visst land eller till flyktingar i exil. Det kan handla <span class=\"excerpt-dots\">&hellip;<\/span> <a class=\"more-link\" href=\"https:\/\/www.sdxf.se\/WP\/?page_id=139\"><span class=\"more-msg\">L\u00e4s mer &rarr;<\/span><\/a><\/p>\n","protected":false},"author":2,"featured_media":0,"parent":19,"menu_order":3,"comment_status":"closed","ping_status":"closed","template":"","meta":{"footnotes":""},"class_list":["post-139","page","type-page","status-publish","hentry"],"_links":{"self":[{"href":"https:\/\/www.sdxf.se\/WP\/index.php?rest_route=\/wp\/v2\/pages\/139","targetHints":{"allow":["GET"]}}],"collection":[{"href":"https:\/\/www.sdxf.se\/WP\/index.php?rest_route=\/wp\/v2\/pages"}],"about":[{"href":"https:\/\/www.sdxf.se\/WP\/index.php?rest_route=\/wp\/v2\/types\/page"}],"author":[{"embeddable":true,"href":"https:\/\/www.sdxf.se\/WP\/index.php?rest_route=\/wp\/v2\/users\/2"}],"replies":[{"embeddable":true,"href":"https:\/\/www.sdxf.se\/WP\/index.php?rest_route=%2Fwp%2Fv2%2Fcomments&post=139"}],"version-history":[{"count":14,"href":"https:\/\/www.sdxf.se\/WP\/index.php?rest_route=\/wp\/v2\/pages\/139\/revisions"}],"predecessor-version":[{"id":15067,"href":"https:\/\/www.sdxf.se\/WP\/index.php?rest_route=\/wp\/v2\/pages\/139\/revisions\/15067"}],"up":[{"embeddable":true,"href":"https:\/\/www.sdxf.se\/WP\/index.php?rest_route=\/wp\/v2\/pages\/19"}],"wp:attachment":[{"href":"https:\/\/www.sdxf.se\/WP\/index.php?rest_route=%2Fwp%2Fv2%2Fmedia&parent=139"}],"curies":[{"name":"wp","href":"https:\/\/api.w.org\/{rel}","templated":true}]}}