{"id":13958,"date":"2023-01-04T21:02:55","date_gmt":"2023-01-04T20:02:55","guid":{"rendered":"http:\/\/www.sdxf.se\/WP\/?page_id=13958"},"modified":"2025-09-21T10:14:28","modified_gmt":"2025-09-21T08:14:28","slug":"sveriges-klubbar","status":"publish","type":"page","link":"https:\/\/www.sdxf.se\/WP\/?page_id=13958","title":{"rendered":"DX-klubbar genom historien"},"content":{"rendered":"<p><a href=\"https:\/\/www.sdxf.se\/WP\/wp-content\/uploads\/2023\/01\/klubblista.jpg\"><img loading=\"lazy\" decoding=\"async\" class=\"alignright size-full wp-image-13994\" src=\"https:\/\/www.sdxf.se\/WP\/wp-content\/uploads\/2023\/01\/klubblista.jpg\" alt=\"\" width=\"421\" height=\"620\" srcset=\"https:\/\/www.sdxf.se\/WP\/wp-content\/uploads\/2023\/01\/klubblista.jpg 421w, https:\/\/www.sdxf.se\/WP\/wp-content\/uploads\/2023\/01\/klubblista-204x300.jpg 204w\" sizes=\"auto, (max-width: 421px) 100vw, 421px\" \/><\/a>H\u00e4r hittar du en sammanst\u00e4llning av alla DX-klubbar som funnits i Sverige, landskap f\u00f6r landskap. Detta \u00e4r ingen komplett lista utan den \u00e4r under f\u00f6r\u00e4ndring och kommer uppdateras allt eftersom information om klubbarna inkommer.<\/p>\n<p>Till hj\u00e4lp har Ni ocks\u00e5 Torsten S\u00f6derstr\u00f6ms lista \u00f6ver historiska klubbar genom tiderna. Finns under medlemsportalen, <a href=\"https:\/\/www.sdxf.se\/WP\/?page_id=12207\" target=\"_blank\" rel=\"noopener\">klicka h\u00e4r<\/a>.<\/p>\n<p>Har du kompletterande information? Mejla g\u00e4rna detta till: <a href=\"mailto:klubblistan@sdxf.se\" target=\"_blank\" rel=\"noopener\">klubblistan@sdxf.se<\/a><\/p>\n<p><a href=\"https:\/\/www.sdxf.se\/WP\/wp-content\/uploads\/2025\/03\/riks.pdf\" target=\"_blank\" rel=\"noopener\"><strong>Riksklubbar <\/strong><\/a>(uppdaterad 2025-03-01)<\/p>\n<p><strong>Landskap f\u00f6r landskap<\/strong><\/p>\n<p><a href=\"https:\/\/www.sdxf.se\/WP\/wp-content\/uploads\/Klubbar\/blekinge.pdf?_t=1672863363\" target=\"_blank\" rel=\"noopener\"><strong>Blekinge <\/strong><\/a>(uppdaterad 2024-07-24)<\/p>\n<p><a href=\"https:\/\/www.sdxf.se\/WP\/wp-content\/uploads\/Klubbar\/bohusl%C3%A4n.pdf?_t=1672863565\" target=\"_blank\" rel=\"noopener\"><strong>Bohusl\u00e4n<\/strong><\/a><\/p>\n<p><a href=\"https:\/\/www.sdxf.se\/WP\/wp-content\/uploads\/Klubbar\/dalarna.pdf?_t=1672866138\" target=\"_blank\" rel=\"noopener\"><span style=\"color: #000080;\"><strong>Dalarna<\/strong><\/span><\/a><span style=\"color: #000000;\"> (uppdaterad 2024-07-10)<\/span><\/p>\n<p><a href=\"https:\/\/www.sdxf.se\/WP\/wp-content\/uploads\/Klubbar\/dalsland.pdf?_t=1672866335\" target=\"_blank\" rel=\"noopener\"><span style=\"color: #000080;\"><strong>Dalsland<\/strong><\/span><\/a><\/p>\n<p><a href=\"https:\/\/www.sdxf.se\/WP\/wp-content\/uploads\/Klubbar\/gotland.pdf?_t=1672866466\" target=\"_blank\" rel=\"noopener\"><span style=\"color: #000080;\"><strong>Gotland<\/strong><\/span><\/a><\/p>\n<p><a href=\"https:\/\/www.sdxf.se\/WP\/wp-content\/uploads\/Klubbar\/g%C3%A4strikland.pdf?_t=1672866581\" target=\"_blank\" rel=\"noopener\"><span style=\"color: #000080;\"><strong>G\u00e4strikland<\/strong><\/span><\/a><\/p>\n<p><a href=\"https:\/\/www.sdxf.se\/WP\/wp-content\/uploads\/Klubbar\/halland.pdf?_t=1672866692\" target=\"_blank\" rel=\"noopener\"><span style=\"color: #000080;\"><strong>Halland<\/strong><\/span><\/a><\/p>\n<p><a href=\"https:\/\/www.sdxf.se\/WP\/wp-content\/uploads\/Klubbar\/H%C3%A4lsingland.pdf?_t=1672866827\" target=\"_blank\" rel=\"noopener\"><span style=\"color: #000080;\"><strong>H\u00e4lsingland<\/strong><\/span><\/a><\/p>\n<p><a href=\"https:\/\/www.sdxf.se\/WP\/wp-content\/uploads\/Klubbar\/H%C3%A4rjedalen.pdf?_t=1672866947\" target=\"_blank\" rel=\"noopener\"><span style=\"color: #000080;\"><strong>H\u00e4rjedalen<\/strong><\/span><\/a><\/p>\n<p><a href=\"https:\/\/www.sdxf.se\/WP\/wp-content\/uploads\/Klubbar\/j%C3%A4mtland.pdf?_t=1672867096\" target=\"_blank\" rel=\"noopener\"><span style=\"color: #000080;\"><strong>J\u00e4mtland<\/strong><\/span><\/a><\/p>\n<p><a href=\"https:\/\/www.sdxf.se\/WP\/wp-content\/uploads\/Klubbar\/lappland.pdf?_t=1672867243\" target=\"_blank\" rel=\"noopener\"><span style=\"color: #000080;\"><strong>Lappland<\/strong><\/span><\/a><\/p>\n<p><a href=\"https:\/\/www.sdxf.se\/WP\/wp-content\/uploads\/Klubbar\/medelpad.pdf?_t=1672867433\" target=\"_blank\" rel=\"noopener\"><span style=\"color: #000080;\"><strong>Medelpad<\/strong><\/span><\/a><\/p>\n<p><a href=\"https:\/\/www.sdxf.se\/WP\/wp-content\/uploads\/Klubbar\/norrbotten.pdf?_t=1672867530\" target=\"_blank\" rel=\"noopener\"><span style=\"color: #000080;\"><strong>Norrbotten<\/strong><\/span><\/a><\/p>\n<p><a href=\"https:\/\/www.sdxf.se\/WP\/wp-content\/uploads\/Klubbar\/n%C3%A4rke.pdf?_t=1672867716\" target=\"_blank\" rel=\"noopener\"><span style=\"color: #000080;\"><strong>N\u00e4rke<\/strong><\/span><\/a><\/p>\n<p><a href=\"https:\/\/www.sdxf.se\/WP\/wp-content\/uploads\/Klubbar\/sk%C3%A5ne.pdf?_t=1672928068\" target=\"_blank\" rel=\"noopener\"><span style=\"color: #000080;\"><strong>Sk\u00e5ne<\/strong><\/span><\/a><\/p>\n<p><a href=\"https:\/\/www.sdxf.se\/WP\/wp-content\/uploads\/Klubbar\/Sm%C3%A5land.pdf?_t=1738491788\" target=\"_blank\" rel=\"noopener\"><span style=\"color: #000080;\"><strong>Sm\u00e5land\u00a0 <\/strong><span style=\"color: #000000;\">(uppdaterad 2025-02-02)<\/span><\/span><\/a><\/p>\n<p><a href=\"https:\/\/www.sdxf.se\/WP\/wp-content\/uploads\/Klubbar\/S%C3%B6dermanland.pdf?_t=1672928405\" target=\"_blank\" rel=\"noopener\"><span style=\"color: #000080;\"><strong>S\u00f6dermanland<\/strong><\/span><\/a><\/p>\n<p><a href=\"https:\/\/www.sdxf.se\/WP\/wp-content\/uploads\/Klubbar\/Uppland.pdf?_t=1672928524\" target=\"_blank\" rel=\"noopener\"><span style=\"color: #000080;\"><strong>Uppland<\/strong><\/span><\/a><\/p>\n<p><a href=\"https:\/\/www.sdxf.se\/WP\/wp-content\/uploads\/Klubbar\/V%C3%A4rmland.pdf?_t=1720689388\" target=\"_blank\" rel=\"noopener\"><span style=\"color: #000080;\"><strong>V\u00e4rmland <\/strong><\/span><\/a><span style=\"color: #000000;\">(uppdaterad 2024-07-11)<\/span><\/p>\n<p><a href=\"https:\/\/www.sdxf.se\/WP\/wp-content\/uploads\/Klubbar\/V%C3%A4sterbotten.pdf?_t=1672928735\" target=\"_blank\" rel=\"noopener\"><span style=\"color: #000080;\"><strong>V\u00e4sterbotten<\/strong><\/span><\/a><\/p>\n<p><a href=\"https:\/\/www.sdxf.se\/WP\/wp-content\/uploads\/Klubbar\/V%C3%A4sterg%C3%B6tland.pdf?_t=1672928858\" target=\"_blank\" rel=\"noopener\"><span style=\"color: #000080;\"><strong>V\u00e4sterg\u00f6tland<\/strong><\/span><\/a><\/p>\n<p><a href=\"https:\/\/www.sdxf.se\/WP\/wp-content\/uploads\/Klubbar\/V%C3%A4stmanland.pdf?_t=1721551228\" target=\"_blank\" rel=\"noopener\"><span style=\"color: #000080;\"><strong>V\u00e4stmanland <\/strong><\/span><\/a><span style=\"color: #000000;\">(uppdaterad 2024-07-21)<\/span><\/p>\n<p><a href=\"https:\/\/www.sdxf.se\/WP\/wp-content\/uploads\/Klubbar\/%C3%85ngermanland.pdf?_t=1720462536\" target=\"_blank\" rel=\"noopener\"><span style=\"color: #000080;\"><strong>\u00c5ngermanland <\/strong><\/span><\/a><span style=\"color: #000000;\">(uppdaterad 2024-07-08)<\/span><\/p>\n<p><a href=\"https:\/\/www.sdxf.se\/WP\/wp-content\/uploads\/Klubbar\/%C3%96land.pdf?_t=1672929217\" target=\"_blank\" rel=\"noopener\"><span style=\"color: #000080;\"><strong>\u00d6land<\/strong><\/span><\/a><\/p>\n<p><a href=\"https:\/\/www.sdxf.se\/WP\/wp-content\/uploads\/2025\/01\/Ostergotland.pdf\" target=\"_blank\" rel=\"noopener\"><span style=\"color: #000080;\"><strong>\u00d6sterg\u00f6tland <\/strong><\/span><\/a><span style=\"color: #000080;\">( uppdaterad 2025-01-04)<\/span><\/p>\n","protected":false},"excerpt":{"rendered":"<p>H\u00e4r hittar du en sammanst\u00e4llning av alla DX-klubbar som funnits i Sverige, landskap f\u00f6r landskap. Detta \u00e4r ingen komplett lista utan den \u00e4r under f\u00f6r\u00e4ndring och kommer uppdateras allt eftersom information om klubbarna inkommer. Till hj\u00e4lp har Ni ocks\u00e5 Torsten <span class=\"excerpt-dots\">&hellip;<\/span> <a class=\"more-link\" href=\"https:\/\/www.sdxf.se\/WP\/?page_id=13958\"><span class=\"more-msg\">L\u00e4s mer &rarr;<\/span><\/a><\/p>\n","protected":false},"author":425,"featured_media":0,"parent":16058,"menu_order":3,"comment_status":"closed","ping_status":"closed","template":"","meta":{"footnotes":""},"class_list":["post-13958","page","type-page","status-publish","hentry"],"_links":{"self":[{"href":"https:\/\/www.sdxf.se\/WP\/index.php?rest_route=\/wp\/v2\/pages\/13958","targetHints":{"allow":["GET"]}}],"collection":[{"href":"https:\/\/www.sdxf.se\/WP\/index.php?rest_route=\/wp\/v2\/pages"}],"about":[{"href":"https:\/\/www.sdxf.se\/WP\/index.php?rest_route=\/wp\/v2\/types\/page"}],"author":[{"embeddable":true,"href":"https:\/\/www.sdxf.se\/WP\/index.php?rest_route=\/wp\/v2\/users\/425"}],"replies":[{"embeddable":true,"href":"https:\/\/www.sdxf.se\/WP\/index.php?rest_route=%2Fwp%2Fv2%2Fcomments&post=13958"}],"version-history":[{"count":51,"href":"https:\/\/www.sdxf.se\/WP\/index.php?rest_route=\/wp\/v2\/pages\/13958\/revisions"}],"predecessor-version":[{"id":21042,"href":"https:\/\/www.sdxf.se\/WP\/index.php?rest_route=\/wp\/v2\/pages\/13958\/revisions\/21042"}],"up":[{"embeddable":true,"href":"https:\/\/www.sdxf.se\/WP\/index.php?rest_route=\/wp\/v2\/pages\/16058"}],"wp:attachment":[{"href":"https:\/\/www.sdxf.se\/WP\/index.php?rest_route=%2Fwp%2Fv2%2Fmedia&parent=13958"}],"curies":[{"name":"wp","href":"https:\/\/api.w.org\/{rel}","templated":true}]}}