{"id":15255,"date":"2023-04-11T19:24:44","date_gmt":"2023-04-11T17:24:44","guid":{"rendered":"https:\/\/www.sdxf.se\/WP\/?page_id=15255"},"modified":"2023-04-11T19:33:43","modified_gmt":"2023-04-11T17:33:43","slug":"lyssnarrapporter","status":"publish","type":"page","link":"https:\/\/www.sdxf.se\/WP\/?page_id=15255","title":{"rendered":"Lyssnarrapporter"},"content":{"rendered":"<p>Kontakten med radiostationerna och dess medarbetare, via post eller mejl, \u00e4r en central del av DX-hobbyn. Stationerna f\u00e5r veta hur de h\u00f6rs i olika delar av v\u00e4rlden samtidigt som denna lyssnarkontakt ger dem viktig feedback p\u00e5 programmen. \u00c4ven om personalneddragningar och tuff ekonomi p\u00e5 m\u00e5nga medief\u00f6retag inneb\u00e4r \u00f6kade sv\u00e5righeter f\u00f6r oss att f\u00e5 svar p\u00e5 lyssnarrapporterna g\u00f6r stationspersonalen s\u00e5 gott de kan.<\/p>\n<p>Grunden till ett QSL, en bekr\u00e4ftelse p\u00e5 avlyssning, \u00e4r en bra rapport. H\u00e4r bjuds du i tv\u00e5 artiklar p\u00e5 tips om vad som ska vara med i rapporten &#8211; och vad som ska undvikas.<\/p>\n<p><a href=\"https:\/\/www.sdxf.se\/WP\/?page_id=199\" target=\"_blank\" rel=\"noopener\">Att skriva lyssnarrapport<\/a><\/p>\n<p><a href=\"https:\/\/www.sdxf.se\/WP\/?page_id=441\" target=\"_blank\" rel=\"noopener\">En privatsak, eller?<\/a><\/p>\n","protected":false},"excerpt":{"rendered":"<p>Kontakten med radiostationerna och dess medarbetare, via post eller mejl, \u00e4r en central del av DX-hobbyn. Stationerna f\u00e5r veta hur de h\u00f6rs i olika delar av v\u00e4rlden samtidigt som denna lyssnarkontakt ger dem viktig feedback p\u00e5 programmen. \u00c4ven om personalneddragningar <span class=\"excerpt-dots\">&hellip;<\/span> <a class=\"more-link\" href=\"https:\/\/www.sdxf.se\/WP\/?page_id=15255\"><span class=\"more-msg\">L\u00e4s mer &rarr;<\/span><\/a><\/p>\n","protected":false},"author":479,"featured_media":0,"parent":19,"menu_order":6,"comment_status":"closed","ping_status":"closed","template":"","meta":{"footnotes":""},"class_list":["post-15255","page","type-page","status-publish","hentry"],"_links":{"self":[{"href":"https:\/\/www.sdxf.se\/WP\/index.php?rest_route=\/wp\/v2\/pages\/15255","targetHints":{"allow":["GET"]}}],"collection":[{"href":"https:\/\/www.sdxf.se\/WP\/index.php?rest_route=\/wp\/v2\/pages"}],"about":[{"href":"https:\/\/www.sdxf.se\/WP\/index.php?rest_route=\/wp\/v2\/types\/page"}],"author":[{"embeddable":true,"href":"https:\/\/www.sdxf.se\/WP\/index.php?rest_route=\/wp\/v2\/users\/479"}],"replies":[{"embeddable":true,"href":"https:\/\/www.sdxf.se\/WP\/index.php?rest_route=%2Fwp%2Fv2%2Fcomments&post=15255"}],"version-history":[{"count":3,"href":"https:\/\/www.sdxf.se\/WP\/index.php?rest_route=\/wp\/v2\/pages\/15255\/revisions"}],"predecessor-version":[{"id":15258,"href":"https:\/\/www.sdxf.se\/WP\/index.php?rest_route=\/wp\/v2\/pages\/15255\/revisions\/15258"}],"up":[{"embeddable":true,"href":"https:\/\/www.sdxf.se\/WP\/index.php?rest_route=\/wp\/v2\/pages\/19"}],"wp:attachment":[{"href":"https:\/\/www.sdxf.se\/WP\/index.php?rest_route=%2Fwp%2Fv2%2Fmedia&parent=15255"}],"curies":[{"name":"wp","href":"https:\/\/api.w.org\/{rel}","templated":true}]}}