{"id":15263,"date":"2023-04-12T15:05:44","date_gmt":"2023-04-12T13:05:44","guid":{"rendered":"https:\/\/www.sdxf.se\/WP\/?page_id=15263"},"modified":"2023-07-03T20:47:32","modified_gmt":"2023-07-03T18:47:32","slug":"klubbnytt-2","status":"publish","type":"page","link":"https:\/\/www.sdxf.se\/WP\/?page_id=15263","title":{"rendered":"Klubbnytt"},"content":{"rendered":"<p>De klubbar som \u00e4r anslutna till Sveriges DX-F\u00f6rbund ordnar en hel del lokala aktiviteter. Under denna flik finns information om vad, hur och n\u00e4r. F\u00f6r n\u00e4rvarande finns h\u00e4r information fr\u00e5n f\u00f6ljande f\u00f6reningar:<\/p>\n<p><a href=\"https:\/\/www.sdxf.se\/WP\/?page_id=15265\" target=\"_blank\" rel=\"noopener\">Aros DX Club<\/a><\/p>\n<p><a href=\"https:\/\/www.sdxf.se\/WP\/?page_id=15269\" target=\"_blank\" rel=\"noopener\">Malm\u00f6 Kortv\u00e5gsklubb<\/a><\/p>\n<p><a href=\"https:\/\/www.sdxf.se\/WP\/?page_id=346\" target=\"_blank\" rel=\"noopener\">Tibro DX-Klubb<\/a><\/p>\n<p>Skicka datum med mera f\u00f6r publicering till <a href=\"mailto:webred@sdxf.se\" target=\"_blank\" rel=\"noopener\">webred@sdxf.se<\/a><\/p>\n","protected":false},"excerpt":{"rendered":"<p>De klubbar som \u00e4r anslutna till Sveriges DX-F\u00f6rbund ordnar en hel del lokala aktiviteter. Under denna flik finns information om vad, hur och n\u00e4r. F\u00f6r n\u00e4rvarande finns h\u00e4r information fr\u00e5n f\u00f6ljande f\u00f6reningar: Aros DX Club Malm\u00f6 Kortv\u00e5gsklubb Tibro DX-Klubb Skicka <span class=\"excerpt-dots\">&hellip;<\/span> <a class=\"more-link\" href=\"https:\/\/www.sdxf.se\/WP\/?page_id=15263\"><span class=\"more-msg\">L\u00e4s mer &rarr;<\/span><\/a><\/p>\n","protected":false},"author":479,"featured_media":0,"parent":16058,"menu_order":2,"comment_status":"closed","ping_status":"closed","template":"","meta":{"footnotes":""},"class_list":["post-15263","page","type-page","status-publish","hentry"],"_links":{"self":[{"href":"https:\/\/www.sdxf.se\/WP\/index.php?rest_route=\/wp\/v2\/pages\/15263","targetHints":{"allow":["GET"]}}],"collection":[{"href":"https:\/\/www.sdxf.se\/WP\/index.php?rest_route=\/wp\/v2\/pages"}],"about":[{"href":"https:\/\/www.sdxf.se\/WP\/index.php?rest_route=\/wp\/v2\/types\/page"}],"author":[{"embeddable":true,"href":"https:\/\/www.sdxf.se\/WP\/index.php?rest_route=\/wp\/v2\/users\/479"}],"replies":[{"embeddable":true,"href":"https:\/\/www.sdxf.se\/WP\/index.php?rest_route=%2Fwp%2Fv2%2Fcomments&post=15263"}],"version-history":[{"count":3,"href":"https:\/\/www.sdxf.se\/WP\/index.php?rest_route=\/wp\/v2\/pages\/15263\/revisions"}],"predecessor-version":[{"id":15277,"href":"https:\/\/www.sdxf.se\/WP\/index.php?rest_route=\/wp\/v2\/pages\/15263\/revisions\/15277"}],"up":[{"embeddable":true,"href":"https:\/\/www.sdxf.se\/WP\/index.php?rest_route=\/wp\/v2\/pages\/16058"}],"wp:attachment":[{"href":"https:\/\/www.sdxf.se\/WP\/index.php?rest_route=%2Fwp%2Fv2%2Fmedia&parent=15263"}],"curies":[{"name":"wp","href":"https:\/\/api.w.org\/{rel}","templated":true}]}}