{"id":15265,"date":"2023-04-12T15:13:16","date_gmt":"2023-04-12T13:13:16","guid":{"rendered":"https:\/\/www.sdxf.se\/WP\/?page_id=15265"},"modified":"2023-04-27T07:21:33","modified_gmt":"2023-04-27T05:21:33","slug":"aros-dx-club","status":"publish","type":"page","link":"https:\/\/www.sdxf.se\/WP\/?page_id=15265","title":{"rendered":"Aros DX Club"},"content":{"rendered":"<p>Aros DX Club (ADXC) bildades i februari 1985 av n\u00e5gra DX-entusiaster i V\u00e4ster\u00e5s. Det var i b\u00f6rjan en lokal klubb f\u00f6r V\u00e4ster\u00e5somr\u00e5det (majoriteten jobbade p\u00e5 d\u00e5varande ASEA, numera ABB), men senare ut\u00f6kades det till att t\u00e4cka V\u00e4ster\u00e5s-Uppsala omr\u00e5det. Idag har klubben 8 medlemmar.<\/p>\n<p><strong>Tidning<\/strong><\/p>\n<p>Klubbens medlemsbulletin DX-Stunden (DX-S) gick i graven i december 2016 (nr 196). Det var en av de sista tryckta klubbtidningarna i Sverige. Fr\u00e5n och med januari 2017 distribueras en klubbulletin, \u201dDX-tra\u201d, till alla medlemmar.<\/p>\n<p><a href=\"https:\/\/www.sdxf.se\/WP\/wp-content\/uploads\/2014\/08\/ADXC-1.jpg\"><img loading=\"lazy\" decoding=\"async\" class=\"wp-image-2892 aligncenter\" src=\"https:\/\/www.sdxf.se\/WP\/wp-content\/uploads\/2014\/08\/ADXC-1-300x66.jpg\" alt=\"ADXC-1\" width=\"617\" height=\"160\" \/><\/a><\/p>\n","protected":false},"excerpt":{"rendered":"<p>Aros DX Club (ADXC) bildades i februari 1985 av n\u00e5gra DX-entusiaster i V\u00e4ster\u00e5s. Det var i b\u00f6rjan en lokal klubb f\u00f6r V\u00e4ster\u00e5somr\u00e5det (majoriteten jobbade p\u00e5 d\u00e5varande ASEA, numera ABB), men senare ut\u00f6kades det till att t\u00e4cka V\u00e4ster\u00e5s-Uppsala omr\u00e5det. Idag har <span class=\"excerpt-dots\">&hellip;<\/span> <a class=\"more-link\" href=\"https:\/\/www.sdxf.se\/WP\/?page_id=15265\"><span class=\"more-msg\">L\u00e4s mer &rarr;<\/span><\/a><\/p>\n","protected":false},"author":479,"featured_media":0,"parent":15263,"menu_order":1,"comment_status":"closed","ping_status":"closed","template":"","meta":{"footnotes":""},"class_list":["post-15265","page","type-page","status-publish","hentry"],"_links":{"self":[{"href":"https:\/\/www.sdxf.se\/WP\/index.php?rest_route=\/wp\/v2\/pages\/15265","targetHints":{"allow":["GET"]}}],"collection":[{"href":"https:\/\/www.sdxf.se\/WP\/index.php?rest_route=\/wp\/v2\/pages"}],"about":[{"href":"https:\/\/www.sdxf.se\/WP\/index.php?rest_route=\/wp\/v2\/types\/page"}],"author":[{"embeddable":true,"href":"https:\/\/www.sdxf.se\/WP\/index.php?rest_route=\/wp\/v2\/users\/479"}],"replies":[{"embeddable":true,"href":"https:\/\/www.sdxf.se\/WP\/index.php?rest_route=%2Fwp%2Fv2%2Fcomments&post=15265"}],"version-history":[{"count":3,"href":"https:\/\/www.sdxf.se\/WP\/index.php?rest_route=\/wp\/v2\/pages\/15265\/revisions"}],"predecessor-version":[{"id":15488,"href":"https:\/\/www.sdxf.se\/WP\/index.php?rest_route=\/wp\/v2\/pages\/15265\/revisions\/15488"}],"up":[{"embeddable":true,"href":"https:\/\/www.sdxf.se\/WP\/index.php?rest_route=\/wp\/v2\/pages\/15263"}],"wp:attachment":[{"href":"https:\/\/www.sdxf.se\/WP\/index.php?rest_route=%2Fwp%2Fv2%2Fmedia&parent=15265"}],"curies":[{"name":"wp","href":"https:\/\/api.w.org\/{rel}","templated":true}]}}