{"id":15269,"date":"2023-04-12T15:25:14","date_gmt":"2023-04-12T13:25:14","guid":{"rendered":"https:\/\/www.sdxf.se\/WP\/?page_id=15269"},"modified":"2025-09-28T10:25:17","modified_gmt":"2025-09-28T08:25:17","slug":"malmo-kortvagsklubb","status":"publish","type":"page","link":"https:\/\/www.sdxf.se\/WP\/?page_id=15269","title":{"rendered":"Malm\u00f6 Kortv\u00e5gsklubb"},"content":{"rendered":"<p>Malm\u00f6 Kortv\u00e5gsklubb grundades \u00e5r 1948 och \u00e4r d\u00e4rmed landets \u00e4ldsta f\u00f6rening i sitt slag. P\u00e5 den tiden var det n\u00e4st intill ett folkn\u00f6je att lyssna p\u00e5 radiostationer utanf\u00f6r landets gr\u00e4nser och MKVK hade under en period tusentalet medlemmar. Idag \u00e4r vi f\u00e4rre, f\u00f6reningen har just nu cirka 60 medlemmar, men vi \u00e4r stolta \u00f6ver att h\u00e5lla traditionen obruten. Aktiviteterna har under alla dessa \u00e5r faktiskt aldrig legat helt nere.<\/p>\n<p>F\u00f6reningen verkar p\u00e5 det lokala planet f\u00f6r radiointresserade i Sk\u00e5ne, men har ocks\u00e5 medlemmar i \u00f6vriga delar av Sverige samt i n\u00e5gra grannl\u00e4nder. M\u00e5ls\u00e4ttningen \u00e4r och f\u00f6rblir densamma: att hj\u00e4lpa och stimulera DX-are genom att sprida information.<\/p>\n<p>Klubben ger till exempel ut en mycket omfattande Piratlista (V\u00e4rt att veta Hobbys\u00e4ndar- och piratlista) fylld med kontaktinformation. M\u00e5nga medlemmar har anslutit sig till den WhatsApp-grupp som finns f\u00f6r utbyte av bland annat snabba tips. F\u00f6r den som har sv\u00e5rt med st\u00f6rningar eller platsbrist d\u00e4rhemma driver klubben tv\u00e5 fj\u00e4rrmottagare (en KiwiSDR och en Web-888 SDR) med bra antenner p\u00e5 Hallands\u00e5s. Det anordnas dessutom regelbundna lyssnarl\u00e4ger. Samt en och annan studieresa.<\/p>\n<p><strong>\u00c5rsprogram 2026<\/strong><\/p>\n<p><strong>22 februari:<\/strong> \u00c5rsm\u00f6te<br \/>\n<strong>14-15 mars: <\/strong>Lyssnarnatt i Saxtorp<br \/>\n<strong>7 november: <\/strong>MKVK fyller 78 \u00e5r<\/p>\n<p><strong>\u00c5rsprogram 2025<\/strong><\/p>\n<p><strong>16 februari: <\/strong>Antennarbete p\u00e5 Hallands\u00e5s<br \/>\n<strong>23 februari:<\/strong> \u00c5rsm\u00f6te kl 14:00 hemma hos Dan Olsson<br \/>\n<strong>15-16 mars: <\/strong>Lyssnarnatt i Saxtorp<br \/>\n<strong>24 maj: <\/strong>Antennarbete p\u00e5 Hallands\u00e5s<br \/>\n<strong>16 augusti: <\/strong>S\u00e4songsupptakt hos Lisette<br \/>\n<strong>21 september: <\/strong>Antennarbete p\u00e5 Hallands\u00e5s<br \/>\n<strong>7 november: <\/strong>MKVK fyller 77 \u00e5r<br \/>\n<strong>8-9 november: <\/strong>Lyssnarnatt i Saxtorp<\/p>\n<p><strong>\u00c5rsprogram 2024<\/strong><\/p>\n<p><strong>3-4 februari: <\/strong>Lyssnarnatt i Saxtorp<br \/>\n<strong>25 februari:<\/strong> \u00c5rsm\u00f6te kl 14:00 hemma hos Dan Olsson<br \/>\n<strong>16-17 mars: <\/strong>Lyssnarnatt i Saxtorp<br \/>\n<strong>1 april: <\/strong>Antennarbete p\u00e5 Hallands\u00e5s<br \/>\n<strong>17 augusti: <\/strong>S\u00e4songsupptakt hos Lisette<br \/>\n<strong>7 september: <\/strong>Antennarbete p\u00e5 Hallands\u00e5s<br \/>\n<strong>5 oktober: <\/strong>Antennarbete p\u00e5 Hallands\u00e5s<br \/>\n<strong>14-15 september: <\/strong>Lyssnarnatt i Saxtorp<br \/>\n<strong>7 november: <\/strong>MKVK fyller 76 \u00e5r<br \/>\n<strong>9-10 november: <\/strong>Lyssnarnatt i Saxtorp<\/p>\n<p><strong>\u00c5rsprogram 2023<\/strong><\/p>\n<p><strong>28-29 januari:<\/strong> Lyssnarnatt i Saxtorp<br \/>\n<strong>26 februari:<\/strong> \u00c5rsm\u00f6te kl 14:00 hemma hos Dan Olsson<br \/>\n<strong>18-19 mars:<\/strong> Lyssnarnatt i Saxtorp<br \/>\n<strong>25 april:<\/strong> Radio Syd-program i samarbete med Radio Igloo<br \/>\n<strong>6 augusti:<\/strong> Omarbetat Radio Syd-program i samarbete med Radio Igloo (via TRSW\/WRMI)<br \/>\n<strong>12 augusti:<\/strong> S\u00e4songsupptakt hos Lisette<br \/>\n<strong>14-15 oktober:<\/strong> Lyssnarnatt i Saxtorp<br \/>\n<strong>12 november:<\/strong> MKVK firar 75 \u00e5r<br \/>\n<strong>25-26 november:<\/strong> Lyssnarnatt i Saxtorp<br \/>\n<strong>16 december:<\/strong> Bes\u00f6k p\u00e5 Kalundborg Radiofonistation p\u00e5 inbjudan av Dansk DX Lytter Klub<\/p>\n<p>Mer detaljer om f\u00f6reningens aktiviteter finns p\u00e5 <a href=\"http:\/\/www.mkvk.se\" target=\"_blank\" rel=\"noopener\">www.mkvk.se<\/a>.<\/p>\n<p>Sedan drygt tio \u00e5r tillbaka har webbplatsen varit Malm\u00f6 Kortv\u00e5gsklubbs huvudsakliga informationskanal. F\u00f6rsta inl\u00e4gget i den WordPress-baserade bloggen publicerades den 1 februari 2012. Dessf\u00f6rinnan spreds klubbinformation via en enklare, hemmasnickrad sajt.<\/p>\n<p>Medlemsavgiften f\u00f6r 2025 \u00e4r 100 kronor. S\u00e4tt in avgiften p\u00e5 Malm\u00f6 Kortv\u00e5gsklubbs plusgirokonto 245274-6.<\/p>\n","protected":false},"excerpt":{"rendered":"<p>Malm\u00f6 Kortv\u00e5gsklubb grundades \u00e5r 1948 och \u00e4r d\u00e4rmed landets \u00e4ldsta f\u00f6rening i sitt slag. P\u00e5 den tiden var det n\u00e4st intill ett folkn\u00f6je att lyssna p\u00e5 radiostationer utanf\u00f6r landets gr\u00e4nser och MKVK hade under en period tusentalet medlemmar. Idag \u00e4r <span class=\"excerpt-dots\">&hellip;<\/span> <a class=\"more-link\" href=\"https:\/\/www.sdxf.se\/WP\/?page_id=15269\"><span class=\"more-msg\">L\u00e4s mer &rarr;<\/span><\/a><\/p>\n","protected":false},"author":479,"featured_media":0,"parent":15263,"menu_order":2,"comment_status":"closed","ping_status":"closed","template":"","meta":{"footnotes":""},"class_list":["post-15269","page","type-page","status-publish","hentry"],"_links":{"self":[{"href":"https:\/\/www.sdxf.se\/WP\/index.php?rest_route=\/wp\/v2\/pages\/15269","targetHints":{"allow":["GET"]}}],"collection":[{"href":"https:\/\/www.sdxf.se\/WP\/index.php?rest_route=\/wp\/v2\/pages"}],"about":[{"href":"https:\/\/www.sdxf.se\/WP\/index.php?rest_route=\/wp\/v2\/types\/page"}],"author":[{"embeddable":true,"href":"https:\/\/www.sdxf.se\/WP\/index.php?rest_route=\/wp\/v2\/users\/479"}],"replies":[{"embeddable":true,"href":"https:\/\/www.sdxf.se\/WP\/index.php?rest_route=%2Fwp%2Fv2%2Fcomments&post=15269"}],"version-history":[{"count":31,"href":"https:\/\/www.sdxf.se\/WP\/index.php?rest_route=\/wp\/v2\/pages\/15269\/revisions"}],"predecessor-version":[{"id":21068,"href":"https:\/\/www.sdxf.se\/WP\/index.php?rest_route=\/wp\/v2\/pages\/15269\/revisions\/21068"}],"up":[{"embeddable":true,"href":"https:\/\/www.sdxf.se\/WP\/index.php?rest_route=\/wp\/v2\/pages\/15263"}],"wp:attachment":[{"href":"https:\/\/www.sdxf.se\/WP\/index.php?rest_route=%2Fwp%2Fv2%2Fmedia&parent=15269"}],"curies":[{"name":"wp","href":"https:\/\/api.w.org\/{rel}","templated":true}]}}