{"id":15790,"date":"2023-06-12T17:23:39","date_gmt":"2023-06-12T15:23:39","guid":{"rendered":"https:\/\/www.sdxf.se\/WP\/?page_id=15790"},"modified":"2026-01-12T13:11:04","modified_gmt":"2026-01-12T12:11:04","slug":"dx-parlamentet-2","status":"publish","type":"page","link":"https:\/\/www.sdxf.se\/WP\/?page_id=15790","title":{"rendered":"DX-Parlament genom tiderna"},"content":{"rendered":"<p>Sveriges DX-F\u00f6rbunds \u00e5rsm\u00f6te med traditionella kringaktiviteter \u00e4r ett ypperligt tillf\u00e4lle att tr\u00e4ffa DX-v\u00e4nner och vara med och p\u00e5verka SDXF:s riktning inf\u00f6r framtiden. H\u00e4r har vi en sammanst\u00e4llning av DX-Parlamenten genom \u00e5ren.<\/p>\n<p><span style=\"color: #ff0000;\"><strong><a style=\"color: #ff0000;\" href=\"https:\/\/www.sdxf.se\/WP\/wp-content\/uploads\/2025\/07\/DX-Parlament-genom-tiderna-2025.pdf\" target=\"_blank\" rel=\"noopener noreferrer\">DX-Parlament genom tiderna<\/a><\/strong><\/span><\/p>\n<p>H\u00e4r kommer det ocks\u00e5 att succesivt l\u00e4ggas in mer detaljerat material kring arrangerade DX-Parlament.<\/p>\n<p><a href=\"https:\/\/www.sdxf.se\/WP\/wp-content\/uploads\/2025\/07\/dxp-2012.pdf\" target=\"_blank\" rel=\"noopener\"><strong>DX-Parlamentet 2012 1-3 juni i Delsbo<\/strong><\/a><\/p>\n<p><a href=\"https:\/\/www.sdxf.se\/WP\/wp-content\/uploads\/2025\/07\/dxp-2013.pdf\" target=\"_blank\" rel=\"noopener\"><strong>DX-Parlamentet 2013 31 maj-2 juni i G\u00f6teborg<\/strong><\/a><\/p>\n<p><a href=\"https:\/\/www.sdxf.se\/WP\/wp-content\/uploads\/2025\/07\/dxp-2014.pdf\" target=\"_blank\" rel=\"noopener\"><strong>DX-Parlamentet 2014 7-8 juni i Norrk\u00f6ping<\/strong><\/a><\/p>\n<p><a href=\"https:\/\/www.sdxf.se\/WP\/wp-content\/uploads\/2025\/07\/dxp-2015-1.pdf\" target=\"_blank\" rel=\"noopener\"><strong>DX-Parlamentet 2015 29-31 maj i Falkenberg<\/strong><\/a><\/p>\n<p><a href=\"https:\/\/www.sdxf.se\/WP\/wp-content\/uploads\/2025\/07\/dxp-2016-1.pdf\" target=\"_blank\" rel=\"noopener\"><strong>DX-Parlamentet 2016 i Stockholm &#8211; 60-\u00e5rs jubileum<\/strong><\/a><\/p>\n<p><a href=\"https:\/\/www.sdxf.se\/WP\/wp-content\/uploads\/2025\/07\/dxp-2017.pdf\" target=\"_blank\" rel=\"noopener\"><strong>DX-Parlamentet 5-7 maj 2017 i J\u00f6nk\u00f6ping<\/strong><\/a><\/p>\n<p><a href=\"https:\/\/www.sdxf.se\/WP\/wp-content\/uploads\/2025\/07\/dxp-2018.pdf\" target=\"_blank\" rel=\"noopener\"><strong>DX-Parlamentet 4-6 maj 2018 i J\u00f6nk\u00f6ping<\/strong><\/a><\/p>\n<p><a href=\"https:\/\/www.sdxf.se\/WP\/wp-content\/uploads\/2025\/07\/dxp-2021.pdf\" target=\"_blank\" rel=\"noopener\"><strong>DX-Parlamentet 3-5 maj 2019 i J\u00f6nk\u00f6ping<\/strong><\/a><\/p>\n<p><strong>DX-Parlamentet 2020 blev inst\u00e4llt p g a pandemin. Blev en mejl-omr\u00f6stning ist\u00e4llet<\/strong><\/p>\n<p><a href=\"https:\/\/www.sdxf.se\/WP\/wp-content\/uploads\/F%C3%B6rbundshistorik\/dxp\/dxp%202021%20(1)%20(1).pdf?_t=1752406902\" target=\"_blank\" rel=\"noopener\"><strong>DX-Parlamentet 27-29 augusti 2021 i Karlsborg<\/strong><\/a><\/p>\n<p><a href=\"https:\/\/www.sdxf.se\/WP\/wp-content\/uploads\/F%C3%B6rbundshistorik\/dxp\/dxp%202022.pdf?_t=1752321348\" target=\"_blank\" rel=\"noopener\"><strong>DX-Parlamentet 20-22 maj 2022 i Karlsborg<\/strong><\/a><\/p>\n<p><strong><a href=\"https:\/\/www.sdxf.se\/WP\/wp-content\/uploads\/2023\/06\/dxp23_bilder.pdf\" target=\"_blank\" rel=\"noopener\">DX-Parlamentet 26-28 maj 2023 i Karlsborg<\/a><\/strong><\/p>\n<p><strong><a href=\"https:\/\/www.sdxf.se\/WP\/wp-content\/uploads\/2024\/07\/dxp-2024.pdf\" target=\"_blank\" rel=\"noopener\">DX-Parlamentet 24-26 maj 2024 i Mellerud<\/a><\/strong><\/p>\n<p><a href=\"https:\/\/www.sdxf.se\/WP\/wp-content\/uploads\/F%C3%B6rbundshistorik\/dxp\/Fauget%20News.pdf?_t=1752331676\" target=\"_blank\" rel=\"noopener\"><strong>DX-Parlamentet 13-15 juni 2025 i Ullared<\/strong><\/a><\/p>\n<hr \/>\n<p><strong>Programblad\/Information<\/strong><\/p>\n<p><a href=\"https:\/\/www.sdxf.se\/WP\/wp-content\/uploads\/F%C3%B6rbundshistorik\/dxp\/1966\/dxp_1966.pdf?_t=1763914357\" target=\"_blank\" rel=\"noopener\"><strong>DX-Parlamentet 1966<\/strong><\/a><\/p>\n<hr \/>\n<p><a href=\"https:\/\/www.sdxf.se\/WP\/wp-content\/uploads\/F%C3%B6rbundshistorik\/dxp_1973a.pdf?_t=1738573937\" target=\"_blank\" rel=\"noopener\"><strong>DX-Parlamentet 1973<\/strong><\/a><\/p>\n<hr \/>\n<p><strong>DX-Parlamentet 1977<\/strong><\/p>\n<p><a href=\"https:\/\/www.sdxf.se\/WP\/wp-content\/uploads\/F%C3%B6rbundshistorik\/dxp\/dxp1977.pdf?_t=1738588240\" target=\"_blank\" rel=\"noopener\"><strong>Programblad<\/strong><\/a><\/p>\n<p><a href=\"https:\/\/www.sdxf.se\/WP\/wp-content\/uploads\/F%C3%B6rbundshistorik\/dxp\/dxp1977_deltagare.pdf?_t=1738588240\" target=\"_blank\" rel=\"noopener\"><strong>Deltagare<\/strong><\/a><\/p>\n<hr \/>\n<p><strong>DX-Parlamentet 1978<\/strong><\/p>\n<p><a href=\"https:\/\/www.sdxf.se\/WP\/wp-content\/uploads\/F%C3%B6rbundshistorik\/dxp\/dxp78.pdf?_t=1738585989\" target=\"_blank\" rel=\"noopener\"><strong>Programblad 1<\/strong><\/a><\/p>\n<p><a href=\"https:\/\/www.sdxf.se\/WP\/wp-content\/uploads\/F%C3%B6rbundshistorik\/dxp\/dxp78_2.pdf?_t=1738585989\" target=\"_blank\" rel=\"noopener\"><strong>Programblad 2<\/strong><\/a><\/p>\n<p><a href=\"https:\/\/www.sdxf.se\/WP\/wp-content\/uploads\/F%C3%B6rbundshistorik\/dxp\/dxp78_3.pdf?_t=1738585989\" target=\"_blank\" rel=\"noopener\"><strong>Programblad 3<\/strong><\/a><\/p>\n<p><a href=\"https:\/\/www.sdxf.se\/WP\/wp-content\/uploads\/F%C3%B6rbundshistorik\/dxp\/dxp78_deltagare.pdf?_t=1738585989\" target=\"_blank\" rel=\"noopener\"><strong>Deltagare<\/strong><\/a><\/p>\n<hr \/>\n<p><a href=\"https:\/\/www.sdxf.se\/WP\/wp-content\/uploads\/F%C3%B6rbundshistorik\/dxp_79.pdf?_t=1738573765\" target=\"_blank\" rel=\"noopener\"><strong>DX-Parlamentet 1979<\/strong><\/a><\/p>\n<hr \/>\n<p><a href=\"https:\/\/www.sdxf.se\/WP\/wp-content\/uploads\/F%C3%B6rbundshistorik\/dxp1991.pdf?_t=1738574084\" target=\"_blank\" rel=\"noopener\"><strong>DX-Parlamentet 1991<\/strong><\/a><\/p>\n<hr \/>\n<p><strong>DX-Parlamentet 1995<\/strong><\/p>\n<p><a href=\"https:\/\/www.sdxf.se\/WP\/wp-content\/uploads\/F%C3%B6rbundshistorik\/dxp\/dxp_1995.pdf?_t=1738588454\" target=\"_blank\" rel=\"noopener\"><strong>Program\/Deltagare<\/strong><\/a><\/p>\n<hr \/>\n<p>&nbsp;<\/p>\n","protected":false},"excerpt":{"rendered":"<p>Sveriges DX-F\u00f6rbunds \u00e5rsm\u00f6te med traditionella kringaktiviteter \u00e4r ett ypperligt tillf\u00e4lle att tr\u00e4ffa DX-v\u00e4nner och vara med och p\u00e5verka SDXF:s riktning inf\u00f6r framtiden. H\u00e4r har vi en sammanst\u00e4llning av DX-Parlamenten genom \u00e5ren. DX-Parlament genom tiderna H\u00e4r kommer det ocks\u00e5 att succesivt <span class=\"excerpt-dots\">&hellip;<\/span> <a class=\"more-link\" href=\"https:\/\/www.sdxf.se\/WP\/?page_id=15790\"><span class=\"more-msg\">L\u00e4s mer &rarr;<\/span><\/a><\/p>\n","protected":false},"author":425,"featured_media":0,"parent":240,"menu_order":1,"comment_status":"closed","ping_status":"closed","template":"","meta":{"footnotes":""},"class_list":["post-15790","page","type-page","status-publish","hentry"],"_links":{"self":[{"href":"https:\/\/www.sdxf.se\/WP\/index.php?rest_route=\/wp\/v2\/pages\/15790","targetHints":{"allow":["GET"]}}],"collection":[{"href":"https:\/\/www.sdxf.se\/WP\/index.php?rest_route=\/wp\/v2\/pages"}],"about":[{"href":"https:\/\/www.sdxf.se\/WP\/index.php?rest_route=\/wp\/v2\/types\/page"}],"author":[{"embeddable":true,"href":"https:\/\/www.sdxf.se\/WP\/index.php?rest_route=\/wp\/v2\/users\/425"}],"replies":[{"embeddable":true,"href":"https:\/\/www.sdxf.se\/WP\/index.php?rest_route=%2Fwp%2Fv2%2Fcomments&post=15790"}],"version-history":[{"count":33,"href":"https:\/\/www.sdxf.se\/WP\/index.php?rest_route=\/wp\/v2\/pages\/15790\/revisions"}],"predecessor-version":[{"id":21824,"href":"https:\/\/www.sdxf.se\/WP\/index.php?rest_route=\/wp\/v2\/pages\/15790\/revisions\/21824"}],"up":[{"embeddable":true,"href":"https:\/\/www.sdxf.se\/WP\/index.php?rest_route=\/wp\/v2\/pages\/240"}],"wp:attachment":[{"href":"https:\/\/www.sdxf.se\/WP\/index.php?rest_route=%2Fwp%2Fv2%2Fmedia&parent=15790"}],"curies":[{"name":"wp","href":"https:\/\/api.w.org\/{rel}","templated":true}]}}