{"id":16045,"date":"2023-07-03T18:25:15","date_gmt":"2023-07-03T16:25:15","guid":{"rendered":"https:\/\/www.sdxf.se\/WP\/?page_id=16045"},"modified":"2023-07-09T15:31:31","modified_gmt":"2023-07-09T13:31:31","slug":"statistik","status":"publish","type":"page","link":"https:\/\/www.sdxf.se\/WP\/?page_id=16045","title":{"rendered":"Radiostatistik"},"content":{"rendered":"<p>Hur m\u00e5nga l\u00e4nder har du? Det \u00e4r en inte alltf\u00f6r ovanlig fr\u00e5ga oss radiohobbyister mellan. De DX-are som skickar lyssnarrapporter till stationerna som de h\u00f6r brukar ofta r\u00e4kna de QSL som anl\u00e4nder samt verifierade l\u00e4nder. S\u00e5 m\u00e5nga som m\u00f6jligt brukar vara m\u00e5let.<\/p>\n<p>Att h\u00e5lla r\u00e4tt p\u00e5 v\u00e4rldens alla l\u00e4nder, i synnerhet de som inte l\u00e4ngre finns, \u00e4r en grannlaga uppgift. H\u00e4r hittar du SDXF\/EDXC:s Landlista som vi anv\u00e4nder f\u00f6r att kunna r\u00e4kna och j\u00e4mf\u00f6ra r\u00e4tt.<\/p>\n<p>Under denna flik finns ocks\u00e5 MEST-listan som som du kan anm\u00e4la dig till.<\/p>\n<p><a href=\"https:\/\/www.sdxf.se\/WP\/?page_id=2551\" target=\"_blank\" rel=\"noopener\">Landlista<\/a><\/p>\n<p><a href=\"https:\/\/www.sdxf.se\/WP\/?page_id=3216\" target=\"_blank\" rel=\"noopener\">MEST<\/a><\/p>\n","protected":false},"excerpt":{"rendered":"<p>Hur m\u00e5nga l\u00e4nder har du? Det \u00e4r en inte alltf\u00f6r ovanlig fr\u00e5ga oss radiohobbyister mellan. De DX-are som skickar lyssnarrapporter till stationerna som de h\u00f6r brukar ofta r\u00e4kna de QSL som anl\u00e4nder samt verifierade l\u00e4nder. S\u00e5 m\u00e5nga som m\u00f6jligt brukar <span class=\"excerpt-dots\">&hellip;<\/span> <a class=\"more-link\" href=\"https:\/\/www.sdxf.se\/WP\/?page_id=16045\"><span class=\"more-msg\">L\u00e4s mer &rarr;<\/span><\/a><\/p>\n","protected":false},"author":479,"featured_media":0,"parent":11,"menu_order":6,"comment_status":"closed","ping_status":"closed","template":"","meta":{"footnotes":""},"class_list":["post-16045","page","type-page","status-publish","hentry"],"_links":{"self":[{"href":"https:\/\/www.sdxf.se\/WP\/index.php?rest_route=\/wp\/v2\/pages\/16045","targetHints":{"allow":["GET"]}}],"collection":[{"href":"https:\/\/www.sdxf.se\/WP\/index.php?rest_route=\/wp\/v2\/pages"}],"about":[{"href":"https:\/\/www.sdxf.se\/WP\/index.php?rest_route=\/wp\/v2\/types\/page"}],"author":[{"embeddable":true,"href":"https:\/\/www.sdxf.se\/WP\/index.php?rest_route=\/wp\/v2\/users\/479"}],"replies":[{"embeddable":true,"href":"https:\/\/www.sdxf.se\/WP\/index.php?rest_route=%2Fwp%2Fv2%2Fcomments&post=16045"}],"version-history":[{"count":5,"href":"https:\/\/www.sdxf.se\/WP\/index.php?rest_route=\/wp\/v2\/pages\/16045\/revisions"}],"predecessor-version":[{"id":16128,"href":"https:\/\/www.sdxf.se\/WP\/index.php?rest_route=\/wp\/v2\/pages\/16045\/revisions\/16128"}],"up":[{"embeddable":true,"href":"https:\/\/www.sdxf.se\/WP\/index.php?rest_route=\/wp\/v2\/pages\/11"}],"wp:attachment":[{"href":"https:\/\/www.sdxf.se\/WP\/index.php?rest_route=%2Fwp%2Fv2%2Fmedia&parent=16045"}],"curies":[{"name":"wp","href":"https:\/\/api.w.org\/{rel}","templated":true}]}}