{"id":16058,"date":"2023-07-03T19:37:20","date_gmt":"2023-07-03T17:37:20","guid":{"rendered":"https:\/\/www.sdxf.se\/WP\/?page_id=16058"},"modified":"2023-07-03T20:51:27","modified_gmt":"2023-07-03T18:51:27","slug":"lokala-dx-klubbar","status":"publish","type":"page","link":"https:\/\/www.sdxf.se\/WP\/?page_id=16058","title":{"rendered":"Lokala DX-klubbar"},"content":{"rendered":"<p>Sveriges DX-F\u00f6rbund verkar som paraplyorganisation f\u00f6r ett antal lokala DX-klubbar som \u00e4r anslutna till f\u00f6rbundet. Under dena flik finns en <a href=\"https:\/\/www.sdxf.se\/WP\/?page_id=344\" target=\"_blank\" rel=\"noopener\"><strong>Aktuell klubblista<\/strong><\/a> som \u00e4r en komplett f\u00f6rteckning \u00f6ver nu aktiva klubbar.<\/p>\n<p>Under fliken <strong><a href=\"https:\/\/www.sdxf.se\/WP\/?page_id=15263\" target=\"_blank\" rel=\"noopener\">Klubbnytt<\/a><\/strong> hittar du information om lokala aktiviteter i f\u00f6rbundsanslutna klubbar.<\/p>\n<p>\u00c4r du nyfiken p\u00e5 de m\u00e5nga klubbar som fanns f\u00f6rr i tiden? Vi bjuder s\u00e5klart \u00e4ven p\u00e5 en lista \u00f6ver <a href=\"https:\/\/www.sdxf.se\/WP\/?page_id=13958\" target=\"_blank\" rel=\"noopener\"><strong>DX-klubbar genom historien<\/strong><\/a>.<\/p>\n<p>I <a href=\"https:\/\/www.sdxf.se\/WP\/?page_id=870\" target=\"_blank\" rel=\"noopener\"><strong>Medlemsportalen<\/strong> <\/a>finns ytterligare information om historiska DX-klubbar f\u00f6r dig som \u00e4r intresserad. Som medlem kan du i denna l\u00f6senordsskyddade del av v\u00e5r webbplats \u00e4ven l\u00e4sa \u00e4ldre klubbtidningar som vi skannat in.<\/p>\n","protected":false},"excerpt":{"rendered":"<p>Sveriges DX-F\u00f6rbund verkar som paraplyorganisation f\u00f6r ett antal lokala DX-klubbar som \u00e4r anslutna till f\u00f6rbundet. Under dena flik finns en Aktuell klubblista som \u00e4r en komplett f\u00f6rteckning \u00f6ver nu aktiva klubbar. Under fliken Klubbnytt hittar du information om lokala aktiviteter <span class=\"excerpt-dots\">&hellip;<\/span> <a class=\"more-link\" href=\"https:\/\/www.sdxf.se\/WP\/?page_id=16058\"><span class=\"more-msg\">L\u00e4s mer &rarr;<\/span><\/a><\/p>\n","protected":false},"author":479,"featured_media":0,"parent":11,"menu_order":5,"comment_status":"closed","ping_status":"closed","template":"","meta":{"footnotes":""},"class_list":["post-16058","page","type-page","status-publish","hentry"],"_links":{"self":[{"href":"https:\/\/www.sdxf.se\/WP\/index.php?rest_route=\/wp\/v2\/pages\/16058","targetHints":{"allow":["GET"]}}],"collection":[{"href":"https:\/\/www.sdxf.se\/WP\/index.php?rest_route=\/wp\/v2\/pages"}],"about":[{"href":"https:\/\/www.sdxf.se\/WP\/index.php?rest_route=\/wp\/v2\/types\/page"}],"author":[{"embeddable":true,"href":"https:\/\/www.sdxf.se\/WP\/index.php?rest_route=\/wp\/v2\/users\/479"}],"replies":[{"embeddable":true,"href":"https:\/\/www.sdxf.se\/WP\/index.php?rest_route=%2Fwp%2Fv2%2Fcomments&post=16058"}],"version-history":[{"count":5,"href":"https:\/\/www.sdxf.se\/WP\/index.php?rest_route=\/wp\/v2\/pages\/16058\/revisions"}],"predecessor-version":[{"id":16065,"href":"https:\/\/www.sdxf.se\/WP\/index.php?rest_route=\/wp\/v2\/pages\/16058\/revisions\/16065"}],"up":[{"embeddable":true,"href":"https:\/\/www.sdxf.se\/WP\/index.php?rest_route=\/wp\/v2\/pages\/11"}],"wp:attachment":[{"href":"https:\/\/www.sdxf.se\/WP\/index.php?rest_route=%2Fwp%2Fv2%2Fmedia&parent=16058"}],"curies":[{"name":"wp","href":"https:\/\/api.w.org\/{rel}","templated":true}]}}