{"id":16071,"date":"2023-07-03T20:33:01","date_gmt":"2023-07-03T18:33:01","guid":{"rendered":"https:\/\/www.sdxf.se\/WP\/?page_id=16071"},"modified":"2025-07-27T21:48:17","modified_gmt":"2025-07-27T19:48:17","slug":"fortjanstplaketter","status":"publish","type":"page","link":"https:\/\/www.sdxf.se\/WP\/?page_id=16071","title":{"rendered":"F\u00f6rtj\u00e4nstplaketter"},"content":{"rendered":"<p>Sveriges DX-F\u00f6rbunds f\u00f6rtj\u00e4nstplaketter delas ut till personer som p\u00e5 lokal, riks- eller internationell niv\u00e5 har gjort betydande insatser f\u00f6r DX-hobbyn. Kriterierna f\u00f6r utdelning av f\u00f6rtj\u00e4nstplaketter hittar du i SDXF:s reglemente som ligger under<strong><em> SDXF &gt; Protokoll &amp; reglemente <\/em><\/strong>i menyn ovan.<\/p>\n<p><a href=\"https:\/\/www.sdxf.se\/WP\/wp-content\/uploads\/2025\/07\/SDXFs-Fortjanstplaketter-genom-tiderna-2025-06-17.pdf\" target=\"_blank\" rel=\"noopener noreferrer\">SDXF:s F\u00f6rtj\u00e4nstplaketter genom tiderna<\/a><\/p>\n","protected":false},"excerpt":{"rendered":"<p>Sveriges DX-F\u00f6rbunds f\u00f6rtj\u00e4nstplaketter delas ut till personer som p\u00e5 lokal, riks- eller internationell niv\u00e5 har gjort betydande insatser f\u00f6r DX-hobbyn. Kriterierna f\u00f6r utdelning av f\u00f6rtj\u00e4nstplaketter hittar du i SDXF:s reglemente som ligger under SDXF &gt; Protokoll &amp; reglemente i menyn <span class=\"excerpt-dots\">&hellip;<\/span> <a class=\"more-link\" href=\"https:\/\/www.sdxf.se\/WP\/?page_id=16071\"><span class=\"more-msg\">L\u00e4s mer &rarr;<\/span><\/a><\/p>\n","protected":false},"author":479,"featured_media":0,"parent":240,"menu_order":2,"comment_status":"closed","ping_status":"closed","template":"","meta":{"footnotes":""},"class_list":["post-16071","page","type-page","status-publish","hentry"],"_links":{"self":[{"href":"https:\/\/www.sdxf.se\/WP\/index.php?rest_route=\/wp\/v2\/pages\/16071","targetHints":{"allow":["GET"]}}],"collection":[{"href":"https:\/\/www.sdxf.se\/WP\/index.php?rest_route=\/wp\/v2\/pages"}],"about":[{"href":"https:\/\/www.sdxf.se\/WP\/index.php?rest_route=\/wp\/v2\/types\/page"}],"author":[{"embeddable":true,"href":"https:\/\/www.sdxf.se\/WP\/index.php?rest_route=\/wp\/v2\/users\/479"}],"replies":[{"embeddable":true,"href":"https:\/\/www.sdxf.se\/WP\/index.php?rest_route=%2Fwp%2Fv2%2Fcomments&post=16071"}],"version-history":[{"count":4,"href":"https:\/\/www.sdxf.se\/WP\/index.php?rest_route=\/wp\/v2\/pages\/16071\/revisions"}],"predecessor-version":[{"id":20690,"href":"https:\/\/www.sdxf.se\/WP\/index.php?rest_route=\/wp\/v2\/pages\/16071\/revisions\/20690"}],"up":[{"embeddable":true,"href":"https:\/\/www.sdxf.se\/WP\/index.php?rest_route=\/wp\/v2\/pages\/240"}],"wp:attachment":[{"href":"https:\/\/www.sdxf.se\/WP\/index.php?rest_route=%2Fwp%2Fv2%2Fmedia&parent=16071"}],"curies":[{"name":"wp","href":"https:\/\/api.w.org\/{rel}","templated":true}]}}