{"id":16078,"date":"2023-07-03T21:25:11","date_gmt":"2023-07-03T19:25:11","guid":{"rendered":"https:\/\/www.sdxf.se\/WP\/?page_id=16078"},"modified":"2024-08-10T17:45:40","modified_gmt":"2024-08-10T15:45:40","slug":"historiska-publikationer","status":"publish","type":"page","link":"https:\/\/www.sdxf.se\/WP\/?page_id=16078","title":{"rendered":"Historiska publikationer"},"content":{"rendered":"<p>Kontakterna mellan DX-Alliansen, DX-klubbarnas d\u00e5varande samarbetsorgan, uppr\u00e4tth\u00f6lls bland annat med hj\u00e4lp av Alliansnytt. Senare \u00e4ndrades denna publikations namn till Stredakbulletin\/Stredak.<\/p>\n<p>Som inloggad medlem kan du l\u00e4sa ett stort antal inskannade nummer av:<\/p>\n<p><a href=\"https:\/\/www.sdxf.se\/WP\/?page_id=18121\" target=\"_blank\" rel=\"noopener\">Administrativa meddelanden<\/a><\/p>\n<p><a href=\"https:\/\/www.sdxf.se\/WP\/?page_id=12289\" target=\"_blank\" rel=\"noopener\">Alliansnytt<\/a><\/p>\n<p><a href=\"https:\/\/www.sdxf.se\/WP\/?page_id=13361\" target=\"_blank\" rel=\"noopener\">Stredakbulletin\/Stredak<\/a><\/p>\n","protected":false},"excerpt":{"rendered":"<p>Kontakterna mellan DX-Alliansen, DX-klubbarnas d\u00e5varande samarbetsorgan, uppr\u00e4tth\u00f6lls bland annat med hj\u00e4lp av Alliansnytt. Senare \u00e4ndrades denna publikations namn till Stredakbulletin\/Stredak. Som inloggad medlem kan du l\u00e4sa ett stort antal inskannade nummer av: Administrativa meddelanden Alliansnytt Stredakbulletin\/Stredak<\/p>\n <a class=\"more-link\" href=\"https:\/\/www.sdxf.se\/WP\/?page_id=16078\"><span class=\"more-msg\">L\u00e4s mer &rarr;<\/span><\/a>","protected":false},"author":479,"featured_media":0,"parent":240,"menu_order":4,"comment_status":"closed","ping_status":"closed","template":"","meta":{"footnotes":""},"class_list":["post-16078","page","type-page","status-publish","hentry"],"_links":{"self":[{"href":"https:\/\/www.sdxf.se\/WP\/index.php?rest_route=\/wp\/v2\/pages\/16078","targetHints":{"allow":["GET"]}}],"collection":[{"href":"https:\/\/www.sdxf.se\/WP\/index.php?rest_route=\/wp\/v2\/pages"}],"about":[{"href":"https:\/\/www.sdxf.se\/WP\/index.php?rest_route=\/wp\/v2\/types\/page"}],"author":[{"embeddable":true,"href":"https:\/\/www.sdxf.se\/WP\/index.php?rest_route=\/wp\/v2\/users\/479"}],"replies":[{"embeddable":true,"href":"https:\/\/www.sdxf.se\/WP\/index.php?rest_route=%2Fwp%2Fv2%2Fcomments&post=16078"}],"version-history":[{"count":5,"href":"https:\/\/www.sdxf.se\/WP\/index.php?rest_route=\/wp\/v2\/pages\/16078\/revisions"}],"predecessor-version":[{"id":18459,"href":"https:\/\/www.sdxf.se\/WP\/index.php?rest_route=\/wp\/v2\/pages\/16078\/revisions\/18459"}],"up":[{"embeddable":true,"href":"https:\/\/www.sdxf.se\/WP\/index.php?rest_route=\/wp\/v2\/pages\/240"}],"wp:attachment":[{"href":"https:\/\/www.sdxf.se\/WP\/index.php?rest_route=%2Fwp%2Fv2%2Fmedia&parent=16078"}],"curies":[{"name":"wp","href":"https:\/\/api.w.org\/{rel}","templated":true}]}}