{"id":16425,"date":"2023-09-20T18:58:03","date_gmt":"2023-09-20T16:58:03","guid":{"rendered":"https:\/\/www.sdxf.se\/WP\/?page_id=16425"},"modified":"2025-05-14T19:03:27","modified_gmt":"2025-05-14T17:03:27","slug":"antenner-2","status":"publish","type":"page","link":"https:\/\/www.sdxf.se\/WP\/?page_id=16425","title":{"rendered":"Antenner"},"content":{"rendered":"<p>Kunskap om antenner \u00e4r viktigt f\u00f6r DX-aren, men det \u00e4r ocks\u00e5 ett mycket omfattande tekniskt \u00e4mne. F\u00f6r den som beh\u00e4rskar engelska \u00e4r <a href=\"https:\/\/www.arrl.org\/arrl-antenna-book\" target=\"_blank\" rel=\"noopener\">ARRL Antenna Handbook<\/a> en guldgruva. P\u00e5 tyska finns <a href=\"https:\/\/darcverlag.de\/Rothammels-Antennenbuch\" target=\"_blank\" rel=\"noopener\">Rothammels Antennenbuch<\/a> som ocks\u00e5 kombinerar teori och praktik kring antenner f\u00f6r s\u00e5v\u00e4l mottagning som s\u00e4ndning.<\/p>\n<p>I \u00f6vrigt \u00e4r det dessv\u00e4rre r\u00e4tt ont om praktiskt inriktad litteratur kring antenner. Det vill vi nu r\u00e5da bot p\u00e5 genom att bjuda p\u00e5 bland annat Thomas Nilssons digra Antennkompendium. Kan du ingenting alls om antenner \u00e4r introduktionen en bra l\u00e4sstart.<\/p>\n<p><a href=\"https:\/\/www.sdxf.se\/WP\/?page_id=71\" target=\"_blank\" rel=\"noopener\">Introduktion till antenner<\/a><\/p>\n<p><a href=\"https:\/\/www.sdxf.se\/WP\/?page_id=20180\" target=\"_blank\" rel=\"noopener\">FLAG-antenn f\u00f6r radhustomten<\/a><\/p>\n<p><a href=\"https:\/\/www.sdxf.se\/WP\/?page_id=16427\" target=\"_blank\" rel=\"noopener\">Thomas Nilssons kompendium<\/a><\/p>\n<p><a href=\"https:\/\/www.sdxf.se\/WP\/?page_id=167\" target=\"_blank\" rel=\"noopener\">S\u00e5 fungerar loopantenner<\/a><\/p>\n<p><a href=\"https:\/\/www.sdxf.se\/WP\/?page_id=120\" target=\"_blank\" rel=\"noopener\">Multiband Wire Antennas<\/a><\/p>\n","protected":false},"excerpt":{"rendered":"<p>Kunskap om antenner \u00e4r viktigt f\u00f6r DX-aren, men det \u00e4r ocks\u00e5 ett mycket omfattande tekniskt \u00e4mne. F\u00f6r den som beh\u00e4rskar engelska \u00e4r ARRL Antenna Handbook en guldgruva. P\u00e5 tyska finns Rothammels Antennenbuch som ocks\u00e5 kombinerar teori och praktik kring antenner <span class=\"excerpt-dots\">&hellip;<\/span> <a class=\"more-link\" href=\"https:\/\/www.sdxf.se\/WP\/?page_id=16425\"><span class=\"more-msg\">L\u00e4s mer &rarr;<\/span><\/a><\/p>\n","protected":false},"author":479,"featured_media":0,"parent":23,"menu_order":1,"comment_status":"closed","ping_status":"closed","template":"","meta":{"footnotes":""},"class_list":["post-16425","page","type-page","status-publish","hentry"],"_links":{"self":[{"href":"https:\/\/www.sdxf.se\/WP\/index.php?rest_route=\/wp\/v2\/pages\/16425","targetHints":{"allow":["GET"]}}],"collection":[{"href":"https:\/\/www.sdxf.se\/WP\/index.php?rest_route=\/wp\/v2\/pages"}],"about":[{"href":"https:\/\/www.sdxf.se\/WP\/index.php?rest_route=\/wp\/v2\/types\/page"}],"author":[{"embeddable":true,"href":"https:\/\/www.sdxf.se\/WP\/index.php?rest_route=\/wp\/v2\/users\/479"}],"replies":[{"embeddable":true,"href":"https:\/\/www.sdxf.se\/WP\/index.php?rest_route=%2Fwp%2Fv2%2Fcomments&post=16425"}],"version-history":[{"count":8,"href":"https:\/\/www.sdxf.se\/WP\/index.php?rest_route=\/wp\/v2\/pages\/16425\/revisions"}],"predecessor-version":[{"id":20193,"href":"https:\/\/www.sdxf.se\/WP\/index.php?rest_route=\/wp\/v2\/pages\/16425\/revisions\/20193"}],"up":[{"embeddable":true,"href":"https:\/\/www.sdxf.se\/WP\/index.php?rest_route=\/wp\/v2\/pages\/23"}],"wp:attachment":[{"href":"https:\/\/www.sdxf.se\/WP\/index.php?rest_route=%2Fwp%2Fv2%2Fmedia&parent=16425"}],"curies":[{"name":"wp","href":"https:\/\/api.w.org\/{rel}","templated":true}]}}