{"id":18164,"date":"2024-07-16T16:59:36","date_gmt":"2024-07-16T14:59:36","guid":{"rendered":"https:\/\/www.sdxf.se\/WP\/?page_id=18164"},"modified":"2025-02-03T14:04:58","modified_gmt":"2025-02-03T13:04:58","slug":"dx-vannerna","status":"publish","type":"page","link":"https:\/\/www.sdxf.se\/WP\/?page_id=18164","title":{"rendered":"DX-V\u00e4nnerna"},"content":{"rendered":"<p>N\u00e4r DX-V\u00e4nnerna tillkom 1963 var det sju \u00e5r efter det att f\u00f6rbundet bildats \u00e5r 1956 i Hack\u00e5s (Arne Skoogs f\u00e4dernehemg\u00e5rd) i J\u00e4mtland. Gamla avg\u00e5ngna funktion\u00e4rer i f\u00f6rbundet ville kunna komma till DX-Parlamenten och f\u00e5 utlopp f\u00f6r sina \u201df\u00f6reningsaktiviteter\u201d och ha ett eget \u00e5rsm\u00f6te som inte direkt inkr\u00e4ktade p\u00e5 DX-F\u00f6rbundets aktiviteter.<\/p>\n<p>Vi var ju ocks\u00e5 intresserade av hur det gick f\u00f6r f\u00f6rbundet och kunde p\u00e5 detta s\u00e4tt f\u00f6lja verksamheten och ge v\u00e5rt st\u00f6d genom st\u00f6df\u00f6reningen DX-V\u00e4nnerna. En annan tanke var ocks\u00e5 att genom DX-V\u00e4nnerna f\u00f6rs\u00f6ka garantera att det blev ett visst minimideltagande i DX-Parlamenten.<\/p>\n<p>Tanken var ju ocks\u00e5 fr\u00e5n b\u00f6rjan att DX-V\u00e4nnernas insamlingar kunde g\u00e5 till s\u00e5dant som det var on\u00f6digt att f\u00f6rbundets medlemsavgifter gick till. Det kunde vara kopieringsapparater till f\u00f6rbundet, f\u00f6rbundets f\u00f6rtj\u00e4nstmedaljer till stationsrepresentanter och f\u00f6rtj\u00e4nta medlemmar, dator till EA, bidrag till f\u00f6rbundets medverkan vid EDXC-m\u00f6ten eller nordiska syster\/broder DX-klubbars \u00e5rsst\u00e4mmor.<\/p>\n<p>Under de senaste \u00e5ren har ett antal bidrag g\u00e5tt till stipendier f\u00f6r f\u00f6rstag\u00e5ngsbes\u00f6kare till Parka. DX-V\u00e4nnernas auktioner i samband med DX-Parlamenten har ocks\u00e5 varit ett l\u00e4ttsamt s\u00e4tt att kombinera att DX-are har kunnat ta med sig radioprylar, DX-litteratur och annat, som samtidigt blivit till ett litet ekonomiskt bidrag till f\u00f6rbundet och ocks\u00e5 \u00e4r ett underh\u00e5llande inslag kring DX-Parlamentets festmiddag. Ett litet st\u00f6d till DX-V\u00e4nnerna kan bli ett st\u00f6rre bidrag till SDXF och till DX-ingens fromma!<\/p>\n<p>Claes-W Englund<\/p>\n<hr \/>\n<p><a href=\"https:\/\/www.sdxf.se\/WP\/wp-content\/uploads\/sdxf\/DX-V%C3%A4nnerna\/dxv%2050%20%C3%A5r.pdf?_t=1721142081\" target=\"_blank\" rel=\"noopener\"><strong>DX-v\u00e4nnerna 50 \u00e5r<\/strong><\/a><\/p>\n<hr \/>\n<p><a href=\"https:\/\/www.sdxf.se\/WP\/wp-content\/uploads\/F%C3%B6rbundshistorik\/dx-v%C3%A4nnerna\/dxv81_sid29.pdf?_t=1738587874\" target=\"_blank\" rel=\"noopener\"><strong>Verksamhetsber\u00e4ttelse 1981<\/strong><\/a><\/p>\n","protected":false},"excerpt":{"rendered":"<p>N\u00e4r DX-V\u00e4nnerna tillkom 1963 var det sju \u00e5r efter det att f\u00f6rbundet bildats \u00e5r 1956 i Hack\u00e5s (Arne Skoogs f\u00e4dernehemg\u00e5rd) i J\u00e4mtland. Gamla avg\u00e5ngna funktion\u00e4rer i f\u00f6rbundet ville kunna komma till DX-Parlamenten och f\u00e5 utlopp f\u00f6r sina \u201df\u00f6reningsaktiviteter\u201d och ha <span class=\"excerpt-dots\">&hellip;<\/span> <a class=\"more-link\" href=\"https:\/\/www.sdxf.se\/WP\/?page_id=18164\"><span class=\"more-msg\">L\u00e4s mer &rarr;<\/span><\/a><\/p>\n","protected":false},"author":425,"featured_media":0,"parent":240,"menu_order":0,"comment_status":"closed","ping_status":"closed","template":"","meta":{"footnotes":""},"class_list":["post-18164","page","type-page","status-publish","hentry"],"_links":{"self":[{"href":"https:\/\/www.sdxf.se\/WP\/index.php?rest_route=\/wp\/v2\/pages\/18164","targetHints":{"allow":["GET"]}}],"collection":[{"href":"https:\/\/www.sdxf.se\/WP\/index.php?rest_route=\/wp\/v2\/pages"}],"about":[{"href":"https:\/\/www.sdxf.se\/WP\/index.php?rest_route=\/wp\/v2\/types\/page"}],"author":[{"embeddable":true,"href":"https:\/\/www.sdxf.se\/WP\/index.php?rest_route=\/wp\/v2\/users\/425"}],"replies":[{"embeddable":true,"href":"https:\/\/www.sdxf.se\/WP\/index.php?rest_route=%2Fwp%2Fv2%2Fcomments&post=18164"}],"version-history":[{"count":6,"href":"https:\/\/www.sdxf.se\/WP\/index.php?rest_route=\/wp\/v2\/pages\/18164\/revisions"}],"predecessor-version":[{"id":19638,"href":"https:\/\/www.sdxf.se\/WP\/index.php?rest_route=\/wp\/v2\/pages\/18164\/revisions\/19638"}],"up":[{"embeddable":true,"href":"https:\/\/www.sdxf.se\/WP\/index.php?rest_route=\/wp\/v2\/pages\/240"}],"wp:attachment":[{"href":"https:\/\/www.sdxf.se\/WP\/index.php?rest_route=%2Fwp%2Fv2%2Fmedia&parent=18164"}],"curies":[{"name":"wp","href":"https:\/\/api.w.org\/{rel}","templated":true}]}}