{"id":19,"date":"2012-09-27T21:13:16","date_gmt":"2012-09-27T19:13:16","guid":{"rendered":"http:\/\/www.sdxf.se\/WP\/?page_id=19"},"modified":"2024-08-19T08:41:01","modified_gmt":"2024-08-19T06:41:01","slug":"dx-ing","status":"publish","type":"page","link":"https:\/\/www.sdxf.se\/WP\/?page_id=19","title":{"rendered":"DX-ing"},"content":{"rendered":"<p style=\"text-align: left;\">Det finns m\u00e5nga anledningar till att DX-a, det vill s\u00e4ga att lyssna p\u00e5 program fr\u00e5n radiostationer runt om i v\u00e4rlden. Bara det faktum att m\u00e5nga l\u00e4nder s\u00e4nder p\u00e5 kortv\u00e5g till lyssnare i utlandet g\u00f6r att du har ett enormt utbud av program att v\u00e4lja och vraka bland.<\/p>\n<h3 style=\"text-align: left;\">Lyssna p\u00e5 utlandet<\/h3>\n<p style=\"text-align: left;\">Om du vill \u00f6vers\u00e4tta begreppet DX till mer l\u00e4ttbegriplig svenska kan du enklast s\u00e4ga utlandslyssning. Det f\u00f6rklarar precis vad du g\u00f6r n\u00e4r du DX-ar, du lyssnar p\u00e5 utl\u00e4ndska stationer. Ordet DX \u00e4r egentligen en gammal internationell telegrafif\u00f6rkortning. Den kommer fr\u00e5n engelskans distance, allts\u00e5 avst\u00e5nd. Inom radiotelegrafin kallas en l\u00e5ngv\u00e4ga radiokontakt just f\u00f6r DX \u2013 och det \u00e4r just l\u00e5ngv\u00e4ga radiosignaler som en DX-are intresserar sig f\u00f6r.<\/p>\n<h3 style=\"text-align: left;\">Oberoende av inhemska medier<\/h3>\n<p style=\"text-align: left;\">Som DX-are blir du oberoende av de egna, inhemska medierna. P\u00e5 radions mellanv\u00e5gs- och kortv\u00e5gsband f\u00e5r du st\u00e4ndig tillg\u00e5ng till det globala utbudet av nyheter och underh\u00e5llning. Ja, \u00e4ven renodlad propaganda. H\u00e4ng med i fj\u00e4rran h\u00e4ndelser. Nyheter fr\u00e5n l\u00e4nder som Ecuador och Benin hittar du s\u00e4llan i v\u00e5ra vanliga medier. P\u00e5 kortv\u00e5g kan du sj\u00e4lv lyssna p\u00e5 nyheter fr\u00e5n l\u00e4nder d\u00e4r du kanske har sl\u00e4kt och v\u00e4nner.<\/p>\n<h3 style=\"text-align: left;\">Kunskaper i fr\u00e4mmande spr\u00e5k<\/h3>\n<p style=\"text-align: left;\">Studerar du spanska, ryska eller swahili? D\u00e5 borde du ocks\u00e5 lyssna p\u00e5 kortv\u00e5g. H\u00e4r finns varje timme chansen att tr\u00e4na upp ditt spr\u00e5k\u00f6ra p\u00e5 alla v\u00e4rldens spr\u00e5k.<\/p>\n<h3 style=\"text-align: left;\">Teknik, experiment och antenner<\/h3>\n<p style=\"text-align: left;\">Om du gillar teknik \u00f6ppnar sig ett sp\u00e4nnande omr\u00e5de. Du kan bygga din egen mottagare, testa olika antenner och experimentera med tr\u00e5dl\u00f6s \u00f6verf\u00f6ring av data.<\/p>\n<h3 style=\"text-align: left;\">Utmaning f\u00f6r samlare<\/h3>\n<p style=\"text-align: left;\">M\u00e5nga DX-are samlar verifikationer p\u00e5 h\u00f6rda s\u00e4ndningar fr\u00e5n s\u00e5 m\u00e5nga radiostationer och l\u00e4nder som m\u00f6jligt. Fortfarande skickar radiostationer QSL-kort, per post eller numera oftast via mejl, som bevis p\u00e5 att du h\u00f6rt deras station.<\/p>\n<h3 style=\"text-align: left;\">Vad du beh\u00f6ver<\/h3>\n<p style=\"text-align: left;\">F\u00f6r att DX-a beh\u00f6ver du egentligen bara en sak: en radio som, f\u00f6rutom det vanliga FM-bandet, har \u00e5tminstone ett band f\u00f6r mellanv\u00e5g och \u00e4ven \u00e4r avsedd f\u00f6r kortv\u00e5g. Dessutom beh\u00f6ver du veta var stationerna s\u00e4nder (vilken frekvens de har) och vid vilken tid de s\u00e4nder. En f\u00f6rteckning med adresser \u00e4r bra att ha om du vill skriva till stationerna.<\/p>\n<h3 style=\"text-align: left;\">Inte amat\u00f6rradio<\/h3>\n<p style=\"text-align: left;\">Ofta f\u00f6rv\u00e4xlas DX-ing med amat\u00f6rradio, som \u00e4r en annan hobby. M\u00e5nga s\u00e4ndareamat\u00f6rer \u00e4r ocks\u00e5 DX-are och tv\u00e4rt om. S\u00e4ndareamat\u00f6ren anv\u00e4nder en egen s\u00e4ndare f\u00f6r att h\u00e5lla kontakten med andra s\u00e4ndareamat\u00f6rer. F\u00f6r detta kr\u00e4vs att man har ett amat\u00f6rradiocertifikat och tillst\u00e5nd f\u00f6r att s\u00e4nda, vilket en DX-are inte beh\u00f6ver d\u00e5 man endast anv\u00e4nder en mottagare f\u00f6r att lyssna p\u00e5 vanliga radiostationer.<\/p>\n<h3 style=\"text-align: left;\">S\u00e5 h\u00e4r b\u00f6rjar du<\/h3>\n<p style=\"text-align: left;\">Med en enkel radio, till exempel en stereoreceiver, eller en enklare transistorradio, kan du h\u00f6ra radiostationer i de flesta l\u00e4nder i Europa. Det kan du g\u00f6ra under dygnets m\u00f6rka timmar, om du s\u00e4tter radion i l\u00e4ge AM eller MW. Det betyder att du lyssnar p\u00e5 mellanv\u00e5gsbandet, i st\u00e4llet f\u00f6r p\u00e5 det vanliga FM-bandet, d\u00e4r bland annat PI, P2, P3 och P4 h\u00f6rs.<\/p>\n<p style=\"text-align: left;\">Om du vrider radions antenn, eller hela radion, kan du ibland f\u00e5 b\u00e4ttre mottagning. B\u00e4st \u00e4r det s\u00e5klart s\u00e4tta upp en antenn utomhus.<\/p>\n<h3 style=\"text-align: left;\">Skaffa en programtabl\u00e5<\/h3>\n<p style=\"text-align: left;\">De flesta radiostationer som har utlandsprogram ger ut s\u00e4ndningsscheman som du kan hitta p\u00e5 webben, i DX-tidningar som v\u00e5r Eter-Aktuellt eller uppslagsverk som World Radio TV Handbook. I dessa st\u00e5r vilka spr\u00e5k och frekvenser man anv\u00e4nder vid olika tider p\u00e5 dygnet. Det g\u00f6r att det \u00e4r enkelt att se n\u00e4r man har b\u00e4st m\u00f6jlighet att h\u00f6ra en speciell station. F\u00f6r att kunna skaffa ett s\u00e4ndningsschema beh\u00f6ver du ha stationens webbadress och h\u00e4r \u00e4r n\u00e4tets olika s\u00f6kmotorer en god hj\u00e4lp. Stationerna brukar i de flesta s\u00e4ndningar tala om sin adress.<\/p>\n<h3 style=\"text-align: left;\">En del st\u00f6rningar<\/h3>\n<p style=\"text-align: left;\">N\u00e4r du v\u00e4l lyckats hitta den station du vill lyssna p\u00e5, kommer du att finna att mottagningen inte alltid \u00e4r klar och ren, utan att det finns olika st\u00f6rningar. Du kan till exempel h\u00f6ra tv\u00e5 eller flera stationer samtidigt. Orsaken \u00e4r att det \u00e4r s\u00e5 tr\u00e5ngt p\u00e5 radiobanden att stationerna ligger t\u00e4tt intill varandra. Mot dessa st\u00f6rningar kan det hj\u00e4lpa med mottagare med bra selektivitet (selektiviteten \u00e4r radions bandbredd, \u00a0det vill s\u00e4ga f\u00f6rm\u00e5ga att filtrera bort stationer p\u00e5 andra frekvenser). St\u00f6rningar fr\u00e5n stationer p\u00e5 samma frekvens kan du endast motverka med hj\u00e4lp av antenner med mycket god riktverkan. Elektriska apparater och solpaneler kan ocks\u00e5 st\u00f6ra. Du kan minska dessa st\u00f6rningar genom att anv\u00e4nda antenner utomhus, som du ansluter till radion med koaxialkabel.<\/p>\n<h3 style=\"text-align: left;\">Varierande mottagning<\/h3>\n<p style=\"text-align: left;\">Du kommer ocks\u00e5 att r\u00e5ka ut f\u00f6r det som kallas utbredningsst\u00f6rningar. Den vanligaste \u00e4r variationer i stationens signalstyrka, fading p\u00e5 engelska. Dessa st\u00f6rningar kan bero p\u00e5 att flera radiosignaler n\u00e5r mottagaren samtidigt eller p\u00e5 st\u00e4ndiga f\u00f6r\u00e4ndringar i jonosf\u00e4ren. F\u00f6r att motverka denna st\u00f6rning finns i de flesta mottagare en inbyggd automatisk reglering av f\u00f6rst\u00e4rkningen.<\/p>\n<p style=\"text-align: left;\">Slutligen finns det atmosf\u00e4riska st\u00f6rningar. Den vanligaste \u00e4r \u00e5ska, som kan st\u00f6ra \u00e4ven p\u00e5 mycket stora avst\u00e5nd fr\u00e5n sj\u00e4lva mottagaren. En s\u00e5 kallad st\u00f6rningsbegr\u00e4nsare (noiseblanker) i mottagaren kan ge lite hj\u00e4lp.<\/p>\n","protected":false},"excerpt":{"rendered":"<p>Det finns m\u00e5nga anledningar till att DX-a, det vill s\u00e4ga att lyssna p\u00e5 program fr\u00e5n radiostationer runt om i v\u00e4rlden. Bara det faktum att m\u00e5nga l\u00e4nder s\u00e4nder p\u00e5 kortv\u00e5g till lyssnare i utlandet g\u00f6r att du har ett enormt utbud <span class=\"excerpt-dots\">&hellip;<\/span> <a class=\"more-link\" href=\"https:\/\/www.sdxf.se\/WP\/?page_id=19\"><span class=\"more-msg\">L\u00e4s mer &rarr;<\/span><\/a><\/p>\n","protected":false},"author":2,"featured_media":0,"parent":0,"menu_order":2,"comment_status":"closed","ping_status":"closed","template":"","meta":{"footnotes":""},"class_list":["post-19","page","type-page","status-publish","hentry"],"_links":{"self":[{"href":"https:\/\/www.sdxf.se\/WP\/index.php?rest_route=\/wp\/v2\/pages\/19","targetHints":{"allow":["GET"]}}],"collection":[{"href":"https:\/\/www.sdxf.se\/WP\/index.php?rest_route=\/wp\/v2\/pages"}],"about":[{"href":"https:\/\/www.sdxf.se\/WP\/index.php?rest_route=\/wp\/v2\/types\/page"}],"author":[{"embeddable":true,"href":"https:\/\/www.sdxf.se\/WP\/index.php?rest_route=\/wp\/v2\/users\/2"}],"replies":[{"embeddable":true,"href":"https:\/\/www.sdxf.se\/WP\/index.php?rest_route=%2Fwp%2Fv2%2Fcomments&post=19"}],"version-history":[{"count":10,"href":"https:\/\/www.sdxf.se\/WP\/index.php?rest_route=\/wp\/v2\/pages\/19\/revisions"}],"predecessor-version":[{"id":18535,"href":"https:\/\/www.sdxf.se\/WP\/index.php?rest_route=\/wp\/v2\/pages\/19\/revisions\/18535"}],"wp:attachment":[{"href":"https:\/\/www.sdxf.se\/WP\/index.php?rest_route=%2Fwp%2Fv2%2Fmedia&parent=19"}],"curies":[{"name":"wp","href":"https:\/\/api.w.org\/{rel}","templated":true}]}}