{"id":199,"date":"2012-10-03T18:22:29","date_gmt":"2012-10-03T16:22:29","guid":{"rendered":"http:\/\/www.sdxf.se\/WP\/?page_id=199"},"modified":"2023-04-11T19:34:53","modified_gmt":"2023-04-11T17:34:53","slug":"skriva-lyssnarrapport","status":"publish","type":"page","link":"https:\/\/www.sdxf.se\/WP\/?page_id=199","title":{"rendered":"Att skriva lyssnarrapport"},"content":{"rendered":"<p>Det finns m\u00e5nga s\u00e4tt att utforma en lyssnarrapport, men f\u00f6r att den ska betraktas som en rapport \u00f6ver en h\u00f6rd station g\u00e4ller det att f\u00f6ljande vara med:<\/p>\n<ul>\n<li>Datum f\u00f6r avlyssning<\/li>\n<li>Frekvensen f\u00f6r stationen<\/li>\n<li>Stationens namn<\/li>\n<li>Tid f\u00f6r avlyssning<\/li>\n<li>Programdetaljer och\/eller ljudklipp f\u00f6r att bevisa att du har h\u00f6rt stationen<\/li>\n<\/ul>\n<p>&nbsp;<\/p>\n<p>H\u00e4r \u00e4r ett exempel p\u00e5 en lyssnarrapport:<\/p>\n<table border=\"1\" width=\"450\" cellpadding=\"0\">\n<tbody>\n<tr>\n<td>\n<p align=\"right\">RECEPTION REPORT<br \/>\nfrom a member of<br \/>\nSVERIGES DX-F\u00d6RBUND<br \/>\n&#8211; the Swedish DX Federation &#8211;<\/p>\n<p><em><a href=\"https:\/\/www.sdxf.se\/WP\/wp-content\/uploads\/2012\/10\/Hannibal.jpg\"><img loading=\"lazy\" decoding=\"async\" class=\"alignright size-full wp-image-202\" title=\"Hannibal\" src=\"https:\/\/www.sdxf.se\/WP\/wp-content\/uploads\/2012\/10\/Hannibal.jpg\" alt=\"\" width=\"100\" height=\"140\" \/><\/a>This is a report from Sweden. I heard your broadcast the 2012-February-12 on the frequency of 11400 kHz.<\/em><\/p>\n<p><em>My receiver is a DRN 454 domestic model with a magnetic loop antenna. My location is Radiostad which can be found approx. 20 km north from Radioborg.<\/em><\/p>\n<p><em>At the time of your broadcast on 11400 kHz, the SINPO was 43334.<\/em><\/p>\n<p><em>The details are perhaps not the very best ones and could of course be more, but I do hope that it will proof my reception of your program.<\/em><\/p>\n<p><strong><span style=\"text-decoration: underline;\">Details:<\/span><\/strong><\/p>\n<table border=\"0\" width=\"450\" cellspacing=\"0\" cellpadding=\"0\">\n<tbody>\n<tr>\n<td valign=\"top\" width=\"9%\">\n<p align=\"center\">11.00<\/p>\n<\/td>\n<td valign=\"top\" width=\"91%\">Cola-Cocha jingle<\/td>\n<\/tr>\n<tr>\n<td valign=\"top\" width=\"9%\">\n<p align=\"center\">11.15<\/p>\n<\/td>\n<td valign=\"top\" width=\"91%\">We are the champions by Queens<\/td>\n<\/tr>\n<tr>\n<td valign=\"top\" width=\"9%\">\n<p align=\"center\">11.30<\/p>\n<\/td>\n<td valign=\"top\" width=\"91%\">Doctor Mangalfs chewing-gum-jingle<\/td>\n<\/tr>\n<\/tbody>\n<\/table>\n<p><strong>All times in UTC.<\/strong><\/p>\n<p><em>It was with a strong but slightly fading signal that you was heard here in Radiostad this Saturday. The modulation was good. I do like the information given about the stone collecting in L\u00e5ngtbortistan. I have no time today for this, but I hope with your information in mind someday start collecting stones.<\/em><\/p>\n<p><strong><em><span style=\"text-decoration: underline;\">Something about myself:<\/span><\/em><\/strong><em>\u00a0<\/em><em>I&#8217;m 30 years old and married to my ugly wife Ulla Bella. I have been interested in DX-ing since 1985. Beside my radiohobby I\u2019m also interested in stamps, wine and fishing!<\/em><\/p>\n<p><em>If the information given in this report were correct, I would be pleased to receive your QSL-card or letter as verification. Any information about your station will be appreciated.<\/em><\/p>\n<p><em>All the best to You and Yours.<\/em><\/p>\n<p><strong><em>With best regards (73\u00b4s)<br \/>\nHannibal Rask<\/em><\/strong><\/p>\n<p>Address:<br \/>\nHannibal Rask<br \/>\nDX-V\u00e4gen 73<br \/>\n123 45 Radiostad<\/td>\n<\/tr>\n<\/tbody>\n<\/table>\n<p>&nbsp;<\/p>\n<p style=\"text-align: justify;\"><strong>Kommentarer<\/strong><\/p>\n<p style=\"text-align: justify;\">H\u00e4r har vi anv\u00e4nt datorn och snyggat upp rapporten. En liten bild p\u00e5 Dig sj\u00e4lv skadar aldrig. Svartvitt eller f\u00e4rg spelar mindre roll, personlighetsfaktorn \u00e4r h\u00f6jd med 100%.<\/p>\n<p style=\"text-align: justify;\">Denna rapport \u00e4r bara ett exempel av m\u00e5nga varianter. Det \u00e4r idag viktigare att man po\u00e4ngterar programkommentarerna \u00e4n petar in s\u00e5 m\u00e5nga programdetaljer som m\u00f6jligt. Det \u00e4r viktigt att lyssna p\u00e5 programmet. Risken finns annars att den som l\u00e4ser ditt brev genomsk\u00e5dar dig med att ha lyssnat p\u00e5 flera andra samtidigt och bara rattat in f\u00f6r att plocka detaljer.<\/p>\n<p><strong>Programdetaljer<\/strong><\/p>\n<p>Vad \u00e4r en bra programdetalj? Det \u00e4r nog l\u00e4ttare att ge exempel p\u00e5 d\u00e5liga, men h\u00e4r \u00e4r n\u00e5gra f\u00f6rslag:<\/p>\n<p>Bra:<\/p>\n<ul>\n<li>Reklaminslag<\/li>\n<li>Radiostationers slogans<\/li>\n<li>Namngivna l\u00e5tar<\/li>\n<li>Namn p\u00e5 personer som deltar i programmet<\/li>\n<\/ul>\n<p>&nbsp;<\/p>\n<p>D\u00e5liga:<\/p>\n<ul>\n<li>Man\/kvinna sjunger<\/li>\n<li>Ni spelade musik<\/li>\n<\/ul>\n<p>&nbsp;<\/p>\n<p>&nbsp;<\/p>\n","protected":false},"excerpt":{"rendered":"<p>Det finns m\u00e5nga s\u00e4tt att utforma en lyssnarrapport, men f\u00f6r att den ska betraktas som en rapport \u00f6ver en h\u00f6rd station g\u00e4ller det att f\u00f6ljande vara med: Datum f\u00f6r avlyssning Frekvensen f\u00f6r stationen Stationens namn Tid f\u00f6r avlyssning Programdetaljer och\/eller <span class=\"excerpt-dots\">&hellip;<\/span> <a class=\"more-link\" href=\"https:\/\/www.sdxf.se\/WP\/?page_id=199\"><span class=\"more-msg\">L\u00e4s mer &rarr;<\/span><\/a><\/p>\n","protected":false},"author":2,"featured_media":0,"parent":15255,"menu_order":1,"comment_status":"closed","ping_status":"closed","template":"","meta":{"footnotes":""},"class_list":["post-199","page","type-page","status-publish","hentry"],"_links":{"self":[{"href":"https:\/\/www.sdxf.se\/WP\/index.php?rest_route=\/wp\/v2\/pages\/199","targetHints":{"allow":["GET"]}}],"collection":[{"href":"https:\/\/www.sdxf.se\/WP\/index.php?rest_route=\/wp\/v2\/pages"}],"about":[{"href":"https:\/\/www.sdxf.se\/WP\/index.php?rest_route=\/wp\/v2\/types\/page"}],"author":[{"embeddable":true,"href":"https:\/\/www.sdxf.se\/WP\/index.php?rest_route=\/wp\/v2\/users\/2"}],"replies":[{"embeddable":true,"href":"https:\/\/www.sdxf.se\/WP\/index.php?rest_route=%2Fwp%2Fv2%2Fcomments&post=199"}],"version-history":[{"count":13,"href":"https:\/\/www.sdxf.se\/WP\/index.php?rest_route=\/wp\/v2\/pages\/199\/revisions"}],"predecessor-version":[{"id":15254,"href":"https:\/\/www.sdxf.se\/WP\/index.php?rest_route=\/wp\/v2\/pages\/199\/revisions\/15254"}],"up":[{"embeddable":true,"href":"https:\/\/www.sdxf.se\/WP\/index.php?rest_route=\/wp\/v2\/pages\/15255"}],"wp:attachment":[{"href":"https:\/\/www.sdxf.se\/WP\/index.php?rest_route=%2Fwp%2Fv2%2Fmedia&parent=199"}],"curies":[{"name":"wp","href":"https:\/\/api.w.org\/{rel}","templated":true}]}}