{"id":20180,"date":"2025-05-14T18:17:25","date_gmt":"2025-05-14T16:17:25","guid":{"rendered":"https:\/\/www.sdxf.se\/WP\/?page_id=20180"},"modified":"2025-05-14T18:26:52","modified_gmt":"2025-05-14T16:26:52","slug":"flag-antenn-for-radhustomten_","status":"publish","type":"page","link":"https:\/\/www.sdxf.se\/WP\/?page_id=20180","title":{"rendered":"FLAG-antenn f\u00f6r radhustomten"},"content":{"rendered":"<p>Bra antenner kr\u00e4ver rej\u00e4lt med plats! Eller? H\u00e4r bevisar Hans \u00d6stnell att det minsann g\u00e5r att bygga en roterbar FLAG-antenn som f\u00e5r plats p\u00e5 en helt vanlig radhustomt.<\/p>\n<p>Klicka p\u00e5 l\u00e4nken nedan f\u00f6r att l\u00e4sa denna artikel, som \u00e4r en bearbetad version av engelskspr\u00e5kiga &#8221;The Growing FLAG\u201d i MV-Eko och SWB.<\/p>\n<p><a href=\"https:\/\/www.sdxf.se\/WP\/wp-content\/uploads\/2025\/05\/Flag-antenn-Hela-artikeln.pdf\">FLAG-antenn f\u00f6r radhustomten<\/a><\/p>\n","protected":false},"excerpt":{"rendered":"<p>Bra antenner kr\u00e4ver rej\u00e4lt med plats! Eller? H\u00e4r bevisar Hans \u00d6stnell att det minsann g\u00e5r att bygga en roterbar FLAG-antenn som f\u00e5r plats p\u00e5 en helt vanlig radhustomt. Klicka p\u00e5 l\u00e4nken nedan f\u00f6r att l\u00e4sa denna artikel, som \u00e4r en <span class=\"excerpt-dots\">&hellip;<\/span> <a class=\"more-link\" href=\"https:\/\/www.sdxf.se\/WP\/?page_id=20180\"><span class=\"more-msg\">L\u00e4s mer &rarr;<\/span><\/a><\/p>\n","protected":false},"author":479,"featured_media":0,"parent":16425,"menu_order":2,"comment_status":"closed","ping_status":"closed","template":"","meta":{"footnotes":""},"class_list":["post-20180","page","type-page","status-publish","hentry"],"_links":{"self":[{"href":"https:\/\/www.sdxf.se\/WP\/index.php?rest_route=\/wp\/v2\/pages\/20180","targetHints":{"allow":["GET"]}}],"collection":[{"href":"https:\/\/www.sdxf.se\/WP\/index.php?rest_route=\/wp\/v2\/pages"}],"about":[{"href":"https:\/\/www.sdxf.se\/WP\/index.php?rest_route=\/wp\/v2\/types\/page"}],"author":[{"embeddable":true,"href":"https:\/\/www.sdxf.se\/WP\/index.php?rest_route=\/wp\/v2\/users\/479"}],"replies":[{"embeddable":true,"href":"https:\/\/www.sdxf.se\/WP\/index.php?rest_route=%2Fwp%2Fv2%2Fcomments&post=20180"}],"version-history":[{"count":3,"href":"https:\/\/www.sdxf.se\/WP\/index.php?rest_route=\/wp\/v2\/pages\/20180\/revisions"}],"predecessor-version":[{"id":20187,"href":"https:\/\/www.sdxf.se\/WP\/index.php?rest_route=\/wp\/v2\/pages\/20180\/revisions\/20187"}],"up":[{"embeddable":true,"href":"https:\/\/www.sdxf.se\/WP\/index.php?rest_route=\/wp\/v2\/pages\/16425"}],"wp:attachment":[{"href":"https:\/\/www.sdxf.se\/WP\/index.php?rest_route=%2Fwp%2Fv2%2Fmedia&parent=20180"}],"curies":[{"name":"wp","href":"https:\/\/api.w.org\/{rel}","templated":true}]}}