{"id":21,"date":"2012-09-27T21:13:36","date_gmt":"2012-09-27T19:13:36","guid":{"rendered":"http:\/\/www.sdxf.se\/WP\/?page_id=21"},"modified":"2023-04-22T16:25:41","modified_gmt":"2023-04-22T14:25:41","slug":"internetradio","status":"publish","type":"page","link":"https:\/\/www.sdxf.se\/WP\/?page_id=21","title":{"rendered":"Webbradio"},"content":{"rendered":"<p>Webbradio \u00e4r den nya teknikens kortv\u00e5gsband &#8211; all v\u00e4rldens radiostationer finns h\u00e4r med ett klart och tydligt ljud.<\/p>\n<p>F\u00f6r att kunna lyssna p\u00e5 webbradio m\u00e5ste man ha tillg\u00e5ng till en dator med uppkoppling till internet. Det kan vara en station\u00e4r dator, persondator, surfplatta, mobiltelefon eller en radiomottagare med inbyggd mottagare (dator) f\u00f6r internetradio.<\/p>\n<p>Det finns olika m\u00f6jligheter att lyssna p\u00e5 en radiostations program. Det mest f\u00f6rekommande \u00e4r att man lyssnar p\u00e5 deras direkts\u00e4ndning (live stream). M\u00e5nga stationer har programbibliotek fr\u00e5n vilket man kan ladda ner ett program (podcast) till sin dator, som man sedan lyssnar p\u00e5.<\/p>\n<p>F\u00f6r att lyssna p\u00e5 en viss radiostation finns det olika v\u00e4gar att g\u00e5.<\/p>\n<ul>\n<li>Via en s\u00f6kmotor (t.ex. Google) komma till radiostationens webbplats och d\u00e4r lyssna p\u00e5 deras program. (t.ex. Vatikanradion)<\/li>\n<li>Eller s\u00e5 har man tillg\u00e5ng till radiostationen adress (Sveriges Radio har\u00a0 t.ex.<a href=\"http:\/\/www.sr.se\/\" target=\"_blank\" rel=\"noopener\"> www.sr.se<\/a>) och skriver in den och kommer d\u00e5 direkt in och kan lyssna p\u00e5 programmet.<\/li>\n<li>N\u00e4r du inte exakt k\u00e4nner till radiostationens namn som du vill lyssna p\u00e5 eller om du bara vill lyssna p\u00e5 en station i Australien s\u00e5 \u00e4r en s\u00f6kmotor som specialiserat sig p\u00e5 radiostationer en bra hj\u00e4lp. N\u00e5gra exempel p\u00e5 s\u00e5dana startsidor:<a href=\"http:\/\/www.tunein.com\/\" target=\"_blank\" rel=\"noopener\"><br \/>\n<\/a><a href=\"https:\/\/tunein.com\/\" target=\"_blank\" rel=\"noopener\">TuneIn<\/a><a href=\"http:\/\/www.radio-locator.com\/\" target=\"_blank\" rel=\"noopener\"><br \/>\n<\/a><a href=\"https:\/\/radio-locator.com\/\" target=\"_blank\" rel=\"noopener\">Radio-Locator<\/a><br \/>\n<a href=\"http:\/\/radio.garden\" target=\"_blank\" rel=\"noopener\">Radio Garden<\/a><br \/>\nDessa s\u00f6kmotorer har olika parametrar som man kan v\u00e4lja f\u00f6r att det ska g\u00e5 l\u00e4ttare att komma till \u00f6nskad radiostation. Det kan vara typ av program, typ av musik, spr\u00e5k, land eller stad.<\/li>\n<li>Via WRN (World Radio Network) \u00e4r det m\u00f6jligt att lyssna p\u00e5 ett stort antal radiostationer via webbradio. Antingen <a href=\"https:\/\/www.encompass.tv\/solutions\/radio\/#home-listeners\" target=\"_blank\" rel=\"noopener\">lyssnar du direkt eller s\u00e5 finns det en programbank f\u00f6r att v\u00e4lja<\/a> vad du ska lyssna till.<\/li>\n<li>M\u00e5nga radiostationer s\u00e4nder b\u00e5de via webben och via traditionell radio p\u00e5 FM-bandet eller l\u00e5ng-, mellan- eller kortv\u00e5g.<\/li>\n<\/ul>\n","protected":false},"excerpt":{"rendered":"<p>Webbradio \u00e4r den nya teknikens kortv\u00e5gsband &#8211; all v\u00e4rldens radiostationer finns h\u00e4r med ett klart och tydligt ljud. F\u00f6r att kunna lyssna p\u00e5 webbradio m\u00e5ste man ha tillg\u00e5ng till en dator med uppkoppling till internet. Det kan vara en station\u00e4r <span class=\"excerpt-dots\">&hellip;<\/span> <a class=\"more-link\" href=\"https:\/\/www.sdxf.se\/WP\/?page_id=21\"><span class=\"more-msg\">L\u00e4s mer &rarr;<\/span><\/a><\/p>\n","protected":false},"author":2,"featured_media":0,"parent":0,"menu_order":8,"comment_status":"closed","ping_status":"closed","template":"","meta":{"footnotes":""},"class_list":["post-21","page","type-page","status-publish","hentry"],"_links":{"self":[{"href":"https:\/\/www.sdxf.se\/WP\/index.php?rest_route=\/wp\/v2\/pages\/21","targetHints":{"allow":["GET"]}}],"collection":[{"href":"https:\/\/www.sdxf.se\/WP\/index.php?rest_route=\/wp\/v2\/pages"}],"about":[{"href":"https:\/\/www.sdxf.se\/WP\/index.php?rest_route=\/wp\/v2\/types\/page"}],"author":[{"embeddable":true,"href":"https:\/\/www.sdxf.se\/WP\/index.php?rest_route=\/wp\/v2\/users\/2"}],"replies":[{"embeddable":true,"href":"https:\/\/www.sdxf.se\/WP\/index.php?rest_route=%2Fwp%2Fv2%2Fcomments&post=21"}],"version-history":[{"count":15,"href":"https:\/\/www.sdxf.se\/WP\/index.php?rest_route=\/wp\/v2\/pages\/21\/revisions"}],"predecessor-version":[{"id":15456,"href":"https:\/\/www.sdxf.se\/WP\/index.php?rest_route=\/wp\/v2\/pages\/21\/revisions\/15456"}],"wp:attachment":[{"href":"https:\/\/www.sdxf.se\/WP\/index.php?rest_route=%2Fwp%2Fv2%2Fmedia&parent=21"}],"curies":[{"name":"wp","href":"https:\/\/api.w.org\/{rel}","templated":true}]}}