{"id":21013,"date":"2025-09-16T08:20:31","date_gmt":"2025-09-16T06:20:31","guid":{"rendered":"https:\/\/www.sdxf.se\/WP\/?page_id=21013"},"modified":"2026-03-31T09:49:37","modified_gmt":"2026-03-31T07:49:37","slug":"dx-parlamentet-i-ramnas-29-31-maj-2026","status":"publish","type":"page","link":"https:\/\/www.sdxf.se\/WP\/?page_id=21013","title":{"rendered":"DX-Parlamentet i Ramn\u00e4s 29-31 maj 2026"},"content":{"rendered":"<p><a href=\"https:\/\/www.sdxf.se\/WP\/wp-content\/uploads\/2025\/09\/nadden.jpg\"><img loading=\"lazy\" decoding=\"async\" class=\"aligncenter size-full wp-image-20981\" src=\"https:\/\/www.sdxf.se\/WP\/wp-content\/uploads\/2025\/09\/nadden.jpg\" alt=\"\" width=\"1856\" height=\"839\" srcset=\"https:\/\/www.sdxf.se\/WP\/wp-content\/uploads\/2025\/09\/nadden.jpg 1856w, https:\/\/www.sdxf.se\/WP\/wp-content\/uploads\/2025\/09\/nadden-300x136.jpg 300w, https:\/\/www.sdxf.se\/WP\/wp-content\/uploads\/2025\/09\/nadden-1024x463.jpg 1024w, https:\/\/www.sdxf.se\/WP\/wp-content\/uploads\/2025\/09\/nadden-768x347.jpg 768w, https:\/\/www.sdxf.se\/WP\/wp-content\/uploads\/2025\/09\/nadden-1536x694.jpg 1536w\" sizes=\"auto, (max-width: 1856px) 100vw, 1856px\" \/><\/a>2026-\u00e5rs\u00a0 DX-Parlament tillika SDXF:s 70\u00e5rs jubileum kommer att \u00e4ga rum i Ramn\u00e4s som ligger i Surahammars kommun i V\u00e4stmanland. Vi \u00e5terkommer senare med priser och anm\u00e4lningsblankett men vi kan s\u00e4ga att rumspriset ligger p\u00e5 659 kr\/natt med frukost och d\u00e5 f\u00e5r man v\u00e4lja mellan enkel eller dubbelrum.<\/p>\n<p>Ramn\u00e4s ligger 8 kilometer norr om\u00a0Surahammar och 25 km norr om V\u00e4ster\u00e5s. Hotellet fungerade \u00e4ven som ledningscentral f\u00f6r staben under de omfattande skogsbr\u00e4nderna 2014. Hotellet ligger l\u00e4ngs Bergslagsv\u00e4gen och det \u00e4r gott om parkeringsm\u00f6jligheter. Buss trafikerar, liksom m\u00f6jligheten att ta sig hit med t\u00e5g.<\/p>\n<p>Hotellet \u00e4r inb\u00e4ddat av naturreservat erbjuder de 45 rum, samtliga med eget badrum.<\/p>\n<p>Programmet kommer inneh\u00e5lla en hel del av SDXF 70-\u00e5riga historia.<\/p>\n<p>Programmet kommer vi allt eftersom att l\u00e4gga ut p\u00e5 v\u00e5r hemsida. Prenumerera p\u00e5 nyhetsbrevet s\u00e5 f\u00e5r du info i mejlen.<\/p>\n<p><strong>Sev\u00e4rdheter:<\/strong><\/p>\n<p class=\"title\">Lancashiresmedjan i Ramn\u00e4s. I Ramn\u00e4s bruksomr\u00e5de vid Kolb\u00e4cks\u00e5n finns en bevarad lancashiresmedja. Lancashiresmide \u00e4r en metod f\u00f6r framst\u00e4llning av smidbart (formbart) j\u00e4rn i en h\u00e4rd, dvs \u00f6ppen eldstad. D\u00e4r tillverkades st\u00e5ngj\u00e4rn. J\u00e4rnproduktion p\u00e5gick fr\u00e5n 1500-talet i Ramn\u00e4s. Den bevarade lancashiresmedjan anlades 1868 och togs ur drift 1964. Det var d\u00e5 den sista lancashiresmedjan i Sverige. Smedjan \u00e4r v\u00e4rd ett bes\u00f6k.<\/p>\n<p>Virsbo konsthall: Utst\u00e4llningshallen \u00e4r \u00f6ver 800 kvm stor och \u00e4r en gammal genuin bruksmilj\u00f6 p\u00e5 en \u00f6 Verksholmen i Kolb\u00e4cks\u00e5n. Cirka 15 km fr\u00e5n Ram\u00e4s<\/p>\n<p>MC museet Gyllene hjulet: Gyllene Hjulet \u00e4r ett av Sveriges st\u00f6rsta motorcykelmuseum, det finns ungef\u00e4r 120 motorcyklar och mopeder samt tv\u00e5 bilar.<\/p>\n<p>Sala silvergruva: Ungef\u00e4r 44 km s\u00f6der om Ramn\u00e4s ligger gruvan. I \u00f6ver hundra \u00e5r br\u00f6ts silver i Sala silvergruva.<\/p>\n<p>Thore Skogman Museet ligger i Hallstahammar som \u00e4r 17 km v\u00e4ster om Ramn\u00e4s. F\u00f6reningen Thore Skogmans V\u00e4nner driver ett museum d\u00e4r man samlat ihop en stor samling av skivor, b\u00f6cker, personliga \u00e4godelar, scenkl\u00e4der och historier om Thore Skogman s\u00e5 att alla kan ta del av det stora muskikaliska arv han l\u00e4mnade efter sig efter sin bortg\u00e5ng 2007.<\/p>\n<p><strong>Program<\/strong><\/p>\n<p><strong>Program DX-Parlamentet 2026<\/strong><\/p>\n<p><strong>Fredag 29 maj<\/strong><\/p>\n<p>13:00\u00a0 \u00a0 \u00a0 \u00a0 \u00a0 \u00a0 \u00a0 \u00a0 Studiebes\u00f6k: Thore Skogman-museet\/Hallsta Sura N\u00e4rradio<\/p>\n<p>14:30\u00a0\u00a0\u00a0\u00a0\u00a0\u00a0\u00a0\u00a0\u00a0\u00a0\u00a0\u00a0\u00a0\u00a0\u00a0\u00a0\u00a0 Incheckning<\/p>\n<p>15:00\u00a0 \u00a0 \u00a0 \u00a0 \u00a0 \u00a0 \u00a0 \u00a0 \u00a0 Fika<\/p>\n<p>15:45\u00a0 \u00a0 \u00a0 \u00a0 \u00a0 \u00a0 \u00a0 \u00a0 \u00a0 V\u00e4lkommen till \u00e5rets DX-Parlament<\/p>\n<p>15:45\u00a0 \u00a0 \u00a0 \u00a0 \u00a0 \u00a0 \u00a0 \u00a0 \u00a0 SDXFs 50-60 tal<\/p>\n<p>16:00\u00a0 \u00a0 \u00a0 \u00a0 \u00a0 \u00a0 \u00a0 \u00a0 \u00a0F\u00f6redrag: George Wood. Hur hamnade George i Sverige, kontakten med Arne och\u00a0 \u00a0 \u00a0 \u00a0 \u00a0 \u00a0 \u00a0 \u00a0 \u00a0 \u00a0 \u00a0 \u00a0 \u00a0 \u00a0 \u00a0 \u00a0 tiden p\u00e5 Sveriges Radio<\/p>\n<p>16:45\u00a0 \u00a0 \u00a0 \u00a0 \u00a0 \u00a0 \u00a0 \u00a0 Ronny Forslund &#8211; Radio Nord<\/p>\n<p>18:30\u00a0\u00a0\u00a0\u00a0\u00a0\u00a0\u00a0\u00a0\u00a0\u00a0\u00a0\u00a0\u00a0\u00a0\u00a0\u00a0\u00a0 Middag<\/p>\n<p>20:00\u00a0\u00a0\u00a0\u00a0\u00a0\u00a0\u00a0\u00a0\u00a0\u00a0\u00a0\u00a0\u00a0\u00a0\u00a0\u00a0\u00a0 Musikt\u00e4vling.<\/p>\n<p>22:00\u00a0 \u00a0 \u00a0 \u00a0 \u00a0 \u00a0 \u00a0 \u00a0 \u00a0Uppkoppling med en radiostation<\/p>\n<p>&nbsp;<\/p>\n<p><strong>L\u00f6rdag 30 maj<\/strong><\/p>\n<p>07:00\u00a0\u00a0\u00a0\u00a0\u00a0\u00a0\u00a0\u00a0\u00a0\u00a0\u00a0\u00a0\u00a0\u00a0\u00a0\u00a0\u00a0 Frukost<\/p>\n<p>09:00\u00a0\u00a0\u00a0\u00a0\u00a0\u00a0\u00a0\u00a0\u00a0\u00a0\u00a0\u00a0\u00a0\u00a0\u00a0\u00a0\u00a0 SDXF-\u00e5rsm\u00f6te<\/p>\n<p>10:15\u00a0 \u00a0 \u00a0 \u00a0 \u00a0 \u00a0 \u00a0 \u00a0 \u00a0 \u00a0 F\u00f6rmiddagskaffe med fralla<\/p>\n<p>10:40\u00a0 \u00a0 \u00a0 \u00a0 \u00a0 \u00a0 \u00a0 \u00a0 \u00a0 \u00a0 SDXFs 70-80 tal<\/p>\n<p>11:00\u00a0 \u00a0 \u00a0 \u00a0 \u00a0 \u00a0 \u00a0 \u00a0 \u00a0 \u00a0 \u00a0Svensks\u00e4ndarr\u00f6ster vi m\u00f6tt<\/p>\n<p>11:40\u00a0 \u00a0 \u00a0 \u00a0 \u00a0 \u00a0 \u00a0 \u00a0 \u00a0 \u00a0 \u00a0Lunch<\/p>\n<p>13:00\u00a0 \u00a0 \u00a0 \u00a0 \u00a0 \u00a0 \u00a0 \u00a0 \u00a0 Studiebes\u00f6k lancashiresmedjan Ramn\u00e4s<\/p>\n<p>14:15\u00a0 \u00a0 \u00a0 \u00a0 \u00a0 \u00a0 \u00a0 \u00a0 \u00a0 \u00a0 \u00a0Eftermiddagskaffe<\/p>\n<p>14:30\u00a0 \u00a0 \u00a0 \u00a0 \u00a0 \u00a0 \u00a0 \u00a0 \u00a0 \u00a0 \u00a0Eric Lund<\/p>\n<p>14:45\u00a0 \u00a0 \u00a0 \u00a0 \u00a0 \u00a0 \u00a0 \u00a0 \u00a0 \u00a0 \u00a0Peter Hultqvist \u2013 om DX-ingen och Stora Tuna DX-klubb<\/p>\n<p>15:45\u00a0 \u00a0 \u00a0 \u00a0 \u00a0 \u00a0 \u00a0 \u00a0 \u00a0 \u00a0\u00a0 &#8221;Lars Jonsson &#8211; tekniker p\u00e5 SR fr\u00e5n 1964 till 2014&#8221;<\/p>\n<p>17.00\u00a0 \u00a0 \u00a0 \u00a0 \u00a0 \u00a0 \u00a0 \u00a0 \u00a0 \u00a0 \u00a0 Torleif Roos &#8211; Asfaltstelegrafen<\/p>\n<p>18:30\u00a0 \u00a0 \u00a0 \u00a0 \u00a0 \u00a0 \u00a0 \u00a0 \u00a0 \u00a0 \u00a0Jubileumsmiddag<\/p>\n<p>20:00\u00a0 \u00a0 \u00a0 \u00a0 \u00a0 \u00a0 \u00a0 \u00a0 \u00a0 \u00a0 Prisutdelningar DX-V\u00e4nnernas kv\u00e4ll<\/p>\n<p>21:00\u00a0 \u00a0 \u00a0 \u00a0 \u00a0 \u00a0 \u00a0 \u00a0 \u00a0 \u00a0 \u00a0DX-V\u00e4nnernas auktion<\/p>\n<p><strong>S\u00f6ndag 31 maj <\/strong><\/p>\n<p>07:00\u00a0\u00a0\u00a0\u00a0\u00a0\u00a0\u00a0\u00a0\u00a0\u00a0\u00a0\u00a0\u00a0\u00a0\u00a0\u00a0\u00a0 Frukost serveras<\/p>\n<p>09:00-\u00a0\u00a0\u00a0\u00a0\u00a0\u00a0\u00a0\u00a0\u00a0\u00a0\u00a0\u00a0\u00a0\u00a0\u00a0\u00a0 DX-V\u00e4nnernas \u00e5rsm\u00f6te<\/p>\n<p>09:45\u00a0 \u00a0 \u00a0 \u00a0 \u00a0 \u00a0 \u00a0 \u00a0 \u00a0 \u00a0SDXFs 2000-tal<\/p>\n<p>10:00\u00a0 \u00a0 \u00a0 \u00a0 \u00a0 \u00a0 \u00a0 \u00a0 \u00a0 \u00a0Paneldebatt SDXF och DX-ingens framtid<\/p>\n<p>11:30\u00a0 \u00a0 \u00a0 \u00a0 \u00a0 \u00a0 \u00a0 \u00a0 \u00a0 \u00a0 Avslutningskaffe<\/p>\n<p><strong><em>Med reservation f\u00f6r \u00e4ndringar<\/em><\/strong><\/p>\n\n<div class=\"wpcf7 no-js\" id=\"wpcf7-f21064-o1\" lang=\"sv-SE\" dir=\"ltr\" data-wpcf7-id=\"21064\">\n<div class=\"screen-reader-response\"><p role=\"status\" aria-live=\"polite\" aria-atomic=\"true\"><\/p> <ul><\/ul><\/div>\n<form action=\"\/WP\/index.php?rest_route=%2Fwp%2Fv2%2Fpages%2F21013#wpcf7-f21064-o1\" method=\"post\" class=\"wpcf7-form init\" aria-label=\"Kontaktformul\u00e4r\" novalidate=\"novalidate\" data-status=\"init\">\n<fieldset class=\"hidden-fields-container\"><input type=\"hidden\" name=\"_wpcf7\" value=\"21064\" \/><input type=\"hidden\" name=\"_wpcf7_version\" value=\"6.1.5\" \/><input type=\"hidden\" name=\"_wpcf7_locale\" value=\"sv_SE\" \/><input type=\"hidden\" name=\"_wpcf7_unit_tag\" value=\"wpcf7-f21064-o1\" \/><input type=\"hidden\" name=\"_wpcf7_container_post\" value=\"0\" \/><input type=\"hidden\" name=\"_wpcf7_posted_data_hash\" value=\"\" \/>\n<\/fieldset>\n<p>Namn:<br \/>\n<span class=\"wpcf7-form-control-wrap\" data-name=\"your-name\"><input size=\"40\" maxlength=\"400\" class=\"wpcf7-form-control wpcf7-text wpcf7-validates-as-required\" aria-required=\"true\" aria-invalid=\"false\" value=\"\" type=\"text\" name=\"your-name\" \/><\/span>\n<\/p>\n<p>Adress:<br \/>\n<span class=\"wpcf7-form-control-wrap\" data-name=\"adress\"><input size=\"40\" maxlength=\"400\" class=\"wpcf7-form-control wpcf7-text wpcf7-validates-as-required\" aria-required=\"true\" aria-invalid=\"false\" value=\"\" type=\"text\" name=\"adress\" \/><\/span>\n<\/p>\n<p>Postadress:<br \/>\n<span class=\"wpcf7-form-control-wrap\" data-name=\"postadress\"><input size=\"40\" maxlength=\"400\" class=\"wpcf7-form-control wpcf7-text wpcf7-validates-as-required\" aria-required=\"true\" aria-invalid=\"false\" value=\"\" type=\"text\" name=\"postadress\" \/><\/span>\n<\/p>\n<p>E-postadress:<br \/>\n<span class=\"wpcf7-form-control-wrap\" data-name=\"your-email\"><input size=\"40\" maxlength=\"400\" class=\"wpcf7-form-control wpcf7-email wpcf7-validates-as-required wpcf7-text wpcf7-validates-as-email\" aria-required=\"true\" aria-invalid=\"false\" value=\"\" type=\"email\" name=\"your-email\" \/><\/span>\n<\/p>\n<p>Telefon\/mobil:<br \/>\n<span class=\"wpcf7-form-control-wrap\" data-name=\"tel-519\"><input size=\"40\" maxlength=\"400\" class=\"wpcf7-form-control wpcf7-tel wpcf7-validates-as-required wpcf7-text wpcf7-validates-as-tel\" aria-required=\"true\" aria-invalid=\"false\" value=\"\" type=\"tel\" name=\"tel-519\" \/><\/span>\n<\/p>\n<p>Medlemsnummer i SDXF (om du \u00e4r medlem):<br \/>\n<span class=\"wpcf7-form-control-wrap\" data-name=\"medlemsnr\"><input size=\"40\" maxlength=\"400\" class=\"wpcf7-form-control wpcf7-text\" aria-invalid=\"false\" value=\"\" type=\"text\" name=\"medlemsnr\" \/><\/span>\n<\/p>\n<p><b>Var v\u00e4nliga kryssmarkera dina val nedan<\/b>\n<\/p>\n<p><span class=\"wpcf7-form-control-wrap\" data-name=\"checkbox-452\"><span class=\"wpcf7-form-control wpcf7-checkbox\"><span class=\"wpcf7-list-item first\"><label><input type=\"checkbox\" name=\"checkbox-452[]\" value=\"Jag vill boka hela paketet: fredag-s\u00f6ndag 2 200 kr\/person, jag vill bo i\" \/><span class=\"wpcf7-list-item-label\">Jag vill boka hela paketet: fredag-s\u00f6ndag 2 200 kr\/person, jag vill bo i<\/span><\/label><\/span><span class=\"wpcf7-list-item\"><label><input type=\"checkbox\" name=\"checkbox-452[]\" value=\"Enkelrum\" \/><span class=\"wpcf7-list-item-label\">Enkelrum<\/span><\/label><\/span><span class=\"wpcf7-list-item last\"><label><input type=\"checkbox\" name=\"checkbox-452[]\" value=\"Dubbelrum\" \/><span class=\"wpcf7-list-item-label\">Dubbelrum<\/span><\/label><\/span><\/span><\/span>\n<\/p>\n<p><span class=\"wpcf7-form-control-wrap\" data-name=\"checkbox-950\"><span class=\"wpcf7-form-control wpcf7-checkbox\"><span class=\"wpcf7-list-item first last\"><label><input type=\"checkbox\" name=\"checkbox-950[]\" value=\"Anm\u00e4lningsavgift 150 kr\" \/><span class=\"wpcf7-list-item-label\">Anm\u00e4lningsavgift 150 kr<\/span><\/label><\/span><\/span><\/span>\n<\/p>\n<P><br \/>\nF\u00f6r er som inte bor kvar:<br \/>\n<span class=\"wpcf7-form-control-wrap\" data-name=\"checkbox-800\"><span class=\"wpcf7-form-control wpcf7-checkbox\"><span class=\"wpcf7-list-item first\"><label><input type=\"checkbox\" name=\"checkbox-800[]\" value=\"Eftermiddagskaffe fredag 70 kr\" \/><span class=\"wpcf7-list-item-label\">Eftermiddagskaffe fredag 70 kr<\/span><\/label><\/span><span class=\"wpcf7-list-item\"><label><input type=\"checkbox\" name=\"checkbox-800[]\" value=\"Kv\u00e4llsmat fredag 195 kr\" \/><span class=\"wpcf7-list-item-label\">Kv\u00e4llsmat fredag 195 kr<\/span><\/label><\/span><span class=\"wpcf7-list-item\"><label><input type=\"checkbox\" name=\"checkbox-800[]\" value=\"Frukost l\u00f6rdag 160 kr\" \/><span class=\"wpcf7-list-item-label\">Frukost l\u00f6rdag 160 kr<\/span><\/label><\/span><span class=\"wpcf7-list-item\"><label><input type=\"checkbox\" name=\"checkbox-800[]\" value=\"F\u00f6rmiddagskaffe l\u00f6rdag 70 kr\" \/><span class=\"wpcf7-list-item-label\">F\u00f6rmiddagskaffe l\u00f6rdag 70 kr<\/span><\/label><\/span><span class=\"wpcf7-list-item\"><label><input type=\"checkbox\" name=\"checkbox-800[]\" value=\"lunch l\u00f6rdag 175 kr\" \/><span class=\"wpcf7-list-item-label\">lunch l\u00f6rdag 175 kr<\/span><\/label><\/span><span class=\"wpcf7-list-item\"><label><input type=\"checkbox\" name=\"checkbox-800[]\" value=\"Eftermiddagskaffe l\u00f6rdag 70 kr\" \/><span class=\"wpcf7-list-item-label\">Eftermiddagskaffe l\u00f6rdag 70 kr<\/span><\/label><\/span><span class=\"wpcf7-list-item\"><label><input type=\"checkbox\" name=\"checkbox-800[]\" value=\"Kv\u00e4llsmat l\u00f6rdag 230 kr\" \/><span class=\"wpcf7-list-item-label\">Kv\u00e4llsmat l\u00f6rdag 230 kr<\/span><\/label><\/span><span class=\"wpcf7-list-item\"><label><input type=\"checkbox\" name=\"checkbox-800[]\" value=\"Frukost s\u00f6ndag 160 kr\" \/><span class=\"wpcf7-list-item-label\">Frukost s\u00f6ndag 160 kr<\/span><\/label><\/span><span class=\"wpcf7-list-item last\"><label><input type=\"checkbox\" name=\"checkbox-800[]\" value=\"F\u00f6rmiddagskaffe s\u00f6ndag 70 kr\" \/><span class=\"wpcf7-list-item-label\">F\u00f6rmiddagskaffe s\u00f6ndag 70 kr<\/span><\/label><\/span><\/span><\/span>\n<\/p>\n<P><br \/>\nOm du vill ha s\u00e4rskild mat t.ex. vegetarisk eller \u00e4r allergisk, skriv det h\u00e4r:<br \/>\n<span class=\"wpcf7-form-control-wrap\" data-name=\"textarea-568\"><textarea cols=\"40\" rows=\"10\" maxlength=\"2000\" class=\"wpcf7-form-control wpcf7-textarea\" aria-invalid=\"false\" name=\"textarea-568\"><\/textarea><\/span>\n<\/p>\n<P><br \/>\n\u00d6vriga kommentarer och \u00f6nskem\u00e5l, exempelvis vem som du ska dela rum med:<br \/>\n<span class=\"wpcf7-form-control-wrap\" data-name=\"textarea-671\"><textarea cols=\"40\" rows=\"10\" maxlength=\"2000\" class=\"wpcf7-form-control wpcf7-textarea\" aria-invalid=\"false\" name=\"textarea-671\"><\/textarea><\/span>\n<\/p>\n<P><br \/>\n<input class=\"wpcf7-form-control wpcf7-submit has-spinner\" type=\"submit\" value=\"Skicka\" \/>\n<\/p><div class=\"wpcf7-response-output\" aria-hidden=\"true\"><\/div>\n<\/form>\n<\/div>\n\n<p>&nbsp;<\/p>\n<p>&nbsp;<\/p>\n","protected":false},"excerpt":{"rendered":"<p>2026-\u00e5rs\u00a0 DX-Parlament tillika SDXF:s 70\u00e5rs jubileum kommer att \u00e4ga rum i Ramn\u00e4s som ligger i Surahammars kommun i V\u00e4stmanland. Vi \u00e5terkommer senare med priser och anm\u00e4lningsblankett men vi kan s\u00e4ga att rumspriset ligger p\u00e5 659 kr\/natt med frukost och d\u00e5 <span class=\"excerpt-dots\">&hellip;<\/span> <a class=\"more-link\" href=\"https:\/\/www.sdxf.se\/WP\/?page_id=21013\"><span class=\"more-msg\">L\u00e4s mer &rarr;<\/span><\/a><\/p>\n","protected":false},"author":425,"featured_media":0,"parent":11,"menu_order":0,"comment_status":"closed","ping_status":"closed","template":"","meta":{"footnotes":""},"class_list":["post-21013","page","type-page","status-publish","hentry"],"_links":{"self":[{"href":"https:\/\/www.sdxf.se\/WP\/index.php?rest_route=\/wp\/v2\/pages\/21013","targetHints":{"allow":["GET"]}}],"collection":[{"href":"https:\/\/www.sdxf.se\/WP\/index.php?rest_route=\/wp\/v2\/pages"}],"about":[{"href":"https:\/\/www.sdxf.se\/WP\/index.php?rest_route=\/wp\/v2\/types\/page"}],"author":[{"embeddable":true,"href":"https:\/\/www.sdxf.se\/WP\/index.php?rest_route=\/wp\/v2\/users\/425"}],"replies":[{"embeddable":true,"href":"https:\/\/www.sdxf.se\/WP\/index.php?rest_route=%2Fwp%2Fv2%2Fcomments&post=21013"}],"version-history":[{"count":12,"href":"https:\/\/www.sdxf.se\/WP\/index.php?rest_route=\/wp\/v2\/pages\/21013\/revisions"}],"predecessor-version":[{"id":22089,"href":"https:\/\/www.sdxf.se\/WP\/index.php?rest_route=\/wp\/v2\/pages\/21013\/revisions\/22089"}],"up":[{"embeddable":true,"href":"https:\/\/www.sdxf.se\/WP\/index.php?rest_route=\/wp\/v2\/pages\/11"}],"wp:attachment":[{"href":"https:\/\/www.sdxf.se\/WP\/index.php?rest_route=%2Fwp%2Fv2%2Fmedia&parent=21013"}],"curies":[{"name":"wp","href":"https:\/\/api.w.org\/{rel}","templated":true}]}}