{"id":21480,"date":"2025-11-30T09:24:03","date_gmt":"2025-11-30T08:24:03","guid":{"rendered":"https:\/\/www.sdxf.se\/WP\/?page_id=21480"},"modified":"2025-11-30T09:24:03","modified_gmt":"2025-11-30T08:24:03","slug":"gunnar-carlsson","status":"publish","type":"page","link":"https:\/\/www.sdxf.se\/WP\/?page_id=21480","title":{"rendered":"Gunnar Carlsson"},"content":{"rendered":"<p>H\u00e4r f\u00f6ljer ett album med tidningsurklipp fr\u00e5n Gunnar Carlsson. Mejla ordf@sdxf.se om ni vet n\u00e5got mera om Gunnar.<\/p>\n<hr \/>\n<p><a href=\"https:\/\/www.sdxf.se\/WP\/wp-content\/uploads\/Blandat%20fr%C3%A5n%20arkivet\/Gunnar%20Carlsson\/gunnar%20carlsson.pdf?_t=1763914565\" target=\"_blank\" rel=\"noopener\"><strong>Album 1 Gunnar Carlsson\u00a0<\/strong><\/a><\/p>\n","protected":false},"excerpt":{"rendered":"<p>H\u00e4r f\u00f6ljer ett album med tidningsurklipp fr\u00e5n Gunnar Carlsson. Mejla ordf@sdxf.se om ni vet n\u00e5got mera om Gunnar. Album 1 Gunnar Carlsson\u00a0<\/p>\n <a class=\"more-link\" href=\"https:\/\/www.sdxf.se\/WP\/?page_id=21480\"><span class=\"more-msg\">L\u00e4s mer &rarr;<\/span><\/a>","protected":false},"author":425,"featured_media":0,"parent":11882,"menu_order":0,"comment_status":"closed","ping_status":"closed","template":"","meta":{"footnotes":""},"class_list":["post-21480","page","type-page","status-publish","hentry"],"_links":{"self":[{"href":"https:\/\/www.sdxf.se\/WP\/index.php?rest_route=\/wp\/v2\/pages\/21480","targetHints":{"allow":["GET"]}}],"collection":[{"href":"https:\/\/www.sdxf.se\/WP\/index.php?rest_route=\/wp\/v2\/pages"}],"about":[{"href":"https:\/\/www.sdxf.se\/WP\/index.php?rest_route=\/wp\/v2\/types\/page"}],"author":[{"embeddable":true,"href":"https:\/\/www.sdxf.se\/WP\/index.php?rest_route=\/wp\/v2\/users\/425"}],"replies":[{"embeddable":true,"href":"https:\/\/www.sdxf.se\/WP\/index.php?rest_route=%2Fwp%2Fv2%2Fcomments&post=21480"}],"version-history":[{"count":1,"href":"https:\/\/www.sdxf.se\/WP\/index.php?rest_route=\/wp\/v2\/pages\/21480\/revisions"}],"predecessor-version":[{"id":21481,"href":"https:\/\/www.sdxf.se\/WP\/index.php?rest_route=\/wp\/v2\/pages\/21480\/revisions\/21481"}],"up":[{"embeddable":true,"href":"https:\/\/www.sdxf.se\/WP\/index.php?rest_route=\/wp\/v2\/pages\/11882"}],"wp:attachment":[{"href":"https:\/\/www.sdxf.se\/WP\/index.php?rest_route=%2Fwp%2Fv2%2Fmedia&parent=21480"}],"curies":[{"name":"wp","href":"https:\/\/api.w.org\/{rel}","templated":true}]}}