{"id":21847,"date":"2026-01-14T09:11:59","date_gmt":"2026-01-14T08:11:59","guid":{"rendered":"https:\/\/www.sdxf.se\/WP\/?page_id=21847"},"modified":"2026-01-14T09:11:59","modified_gmt":"2026-01-14T08:11:59","slug":"radiosandare-i-sverige","status":"publish","type":"page","link":"https:\/\/www.sdxf.se\/WP\/?page_id=21847","title":{"rendered":"Radios\u00e4ndare i Sverige"},"content":{"rendered":"<p><strong><a href=\"https:\/\/www.sdxf.se\/WP\/wp-content\/uploads\/Blandat%20fr%C3%A5n%20arkivet\/Diverse\/bolln%C3%A4s.pdf?_t=1763901957\" target=\"_blank\" rel=\"noopener\">Bolln\u00e4s<\/a><\/strong><\/p>\n<p><a href=\"https:\/\/www.sdxf.se\/WP\/wp-content\/uploads\/Blandat%20fr%C3%A5n%20arkivet\/Diverse\/bor%C3%A5s.pdf?_t=1763901957\" target=\"_blank\" rel=\"noopener\"><strong>Bor\u00e5s<\/strong><\/a><\/p>\n<p><a href=\"https:\/\/www.sdxf.se\/WP\/wp-content\/uploads\/Blandat%20fr%C3%A5n%20arkivet\/Diverse\/sk%C3%B6vde.pdf?_t=1763901957\" target=\"_blank\" rel=\"noopener\"><strong>Sk\u00f6vde<\/strong><\/a><\/p>\n<p><a href=\"https:\/\/www.sdxf.se\/WP\/wp-content\/uploads\/Blandat%20fr%C3%A5n%20arkivet\/Diverse\/sollefte%C3%A5.pdf?_t=1763901957\" target=\"_blank\" rel=\"noopener\"><strong>Sollefte\u00e5<\/strong><\/a><\/p>\n<p><a href=\"https:\/\/www.sdxf.se\/WP\/wp-content\/uploads\/Blandat%20fr%C3%A5n%20arkivet\/Diverse\/uddevalla.pdf?_t=1763901957\" target=\"_blank\" rel=\"noopener\"><strong>Uddevalla<\/strong><\/a><\/p>\n<p><a href=\"https:\/\/www.sdxf.se\/WP\/wp-content\/uploads\/Blandat%20fr%C3%A5n%20arkivet\/Diverse\/v%C3%A4ster%C3%A5s.pdf?_t=1763901957\" target=\"_blank\" rel=\"noopener\"><strong>V\u00e4ster\u00e5s<\/strong><\/a><\/p>\n","protected":false},"excerpt":{"rendered":"<p>Bolln\u00e4s Bor\u00e5s Sk\u00f6vde Sollefte\u00e5 Uddevalla V\u00e4ster\u00e5s<\/p>\n <a class=\"more-link\" href=\"https:\/\/www.sdxf.se\/WP\/?page_id=21847\"><span class=\"more-msg\">L\u00e4s mer &rarr;<\/span><\/a>","protected":false},"author":425,"featured_media":0,"parent":11882,"menu_order":0,"comment_status":"closed","ping_status":"closed","template":"","meta":{"footnotes":""},"class_list":["post-21847","page","type-page","status-publish","hentry"],"_links":{"self":[{"href":"https:\/\/www.sdxf.se\/WP\/index.php?rest_route=\/wp\/v2\/pages\/21847","targetHints":{"allow":["GET"]}}],"collection":[{"href":"https:\/\/www.sdxf.se\/WP\/index.php?rest_route=\/wp\/v2\/pages"}],"about":[{"href":"https:\/\/www.sdxf.se\/WP\/index.php?rest_route=\/wp\/v2\/types\/page"}],"author":[{"embeddable":true,"href":"https:\/\/www.sdxf.se\/WP\/index.php?rest_route=\/wp\/v2\/users\/425"}],"replies":[{"embeddable":true,"href":"https:\/\/www.sdxf.se\/WP\/index.php?rest_route=%2Fwp%2Fv2%2Fcomments&post=21847"}],"version-history":[{"count":1,"href":"https:\/\/www.sdxf.se\/WP\/index.php?rest_route=\/wp\/v2\/pages\/21847\/revisions"}],"predecessor-version":[{"id":21848,"href":"https:\/\/www.sdxf.se\/WP\/index.php?rest_route=\/wp\/v2\/pages\/21847\/revisions\/21848"}],"up":[{"embeddable":true,"href":"https:\/\/www.sdxf.se\/WP\/index.php?rest_route=\/wp\/v2\/pages\/11882"}],"wp:attachment":[{"href":"https:\/\/www.sdxf.se\/WP\/index.php?rest_route=%2Fwp%2Fv2%2Fmedia&parent=21847"}],"curies":[{"name":"wp","href":"https:\/\/api.w.org\/{rel}","templated":true}]}}