{"id":2370,"date":"2017-09-22T22:55:08","date_gmt":"2017-09-22T20:55:08","guid":{"rendered":"http:\/\/www.sdxf.se\/WP\/?page_id=2370"},"modified":"2023-03-07T19:09:44","modified_gmt":"2023-03-07T18:09:44","slug":"dx-vannerna","status":"publish","type":"page","link":"https:\/\/www.sdxf.se\/WP\/?page_id=2370","title":{"rendered":"DX-V\u00e4nnerna"},"content":{"rendered":"<p>DX-V\u00e4nnerna \u00e4r en st\u00f6df\u00f6rening till Sveriges DX-F\u00f6rbund. DX-V\u00e4nnerna bildades \u00e5r 1963 i Hack\u00e5s, J\u00e4mtland, av Radio Sweden-legendaren Arne Skoog.<\/p>\n<p>\u00c4n idag lever DX-V\u00e4nnerna och frodas.<\/p>\n<p>Vill du l\u00e4sa mer om st\u00f6df\u00f6reningen s\u00e5 klicka <a href=\"http:\/\/dxvannerna.sdxf.se\/\"><strong>H\u00c4R<\/strong><\/a>.<\/p>\n","protected":false},"excerpt":{"rendered":"<p>DX-V\u00e4nnerna \u00e4r en st\u00f6df\u00f6rening till Sveriges DX-F\u00f6rbund. DX-V\u00e4nnerna bildades \u00e5r 1963 i Hack\u00e5s, J\u00e4mtland, av Radio Sweden-legendaren Arne Skoog. \u00c4n idag lever DX-V\u00e4nnerna och frodas. Vill du l\u00e4sa mer om st\u00f6df\u00f6reningen s\u00e5 klicka H\u00c4R.<\/p>\n <a class=\"more-link\" href=\"https:\/\/www.sdxf.se\/WP\/?page_id=2370\"><span class=\"more-msg\">L\u00e4s mer &rarr;<\/span><\/a>","protected":false},"author":2,"featured_media":0,"parent":0,"menu_order":12,"comment_status":"closed","ping_status":"open","template":"","meta":{"footnotes":""},"class_list":["post-2370","page","type-page","status-publish","hentry"],"_links":{"self":[{"href":"https:\/\/www.sdxf.se\/WP\/index.php?rest_route=\/wp\/v2\/pages\/2370","targetHints":{"allow":["GET"]}}],"collection":[{"href":"https:\/\/www.sdxf.se\/WP\/index.php?rest_route=\/wp\/v2\/pages"}],"about":[{"href":"https:\/\/www.sdxf.se\/WP\/index.php?rest_route=\/wp\/v2\/types\/page"}],"author":[{"embeddable":true,"href":"https:\/\/www.sdxf.se\/WP\/index.php?rest_route=\/wp\/v2\/users\/2"}],"replies":[{"embeddable":true,"href":"https:\/\/www.sdxf.se\/WP\/index.php?rest_route=%2Fwp%2Fv2%2Fcomments&post=2370"}],"version-history":[{"count":8,"href":"https:\/\/www.sdxf.se\/WP\/index.php?rest_route=\/wp\/v2\/pages\/2370\/revisions"}],"predecessor-version":[{"id":14531,"href":"https:\/\/www.sdxf.se\/WP\/index.php?rest_route=\/wp\/v2\/pages\/2370\/revisions\/14531"}],"wp:attachment":[{"href":"https:\/\/www.sdxf.se\/WP\/index.php?rest_route=%2Fwp%2Fv2%2Fmedia&parent=2370"}],"curies":[{"name":"wp","href":"https:\/\/api.w.org\/{rel}","templated":true}]}}