{"id":240,"date":"2012-10-03T20:31:50","date_gmt":"2012-10-03T18:31:50","guid":{"rendered":"http:\/\/www.sdxf.se\/WP\/?page_id=240"},"modified":"2024-08-04T17:24:15","modified_gmt":"2024-08-04T15:24:15","slug":"forbundshistorik","status":"publish","type":"page","link":"https:\/\/www.sdxf.se\/WP\/?page_id=240","title":{"rendered":"F\u00f6rbundshistorik"},"content":{"rendered":"<p>Riksf\u00f6rbundet DX-Alliansen bildades 1956 i Hack\u00e5s i J\u00e4mtland. \u00c5r 1980, i Degerfors, byttes namnet till Sveriges DX-F\u00f6rbund. Under det h\u00e4r menyvalet samlas efter hand information kring Sveriges DX-F\u00f6rbunds nu drygt 60-\u00e5riga historia.<\/p>\n<p>H\u00e4r kan du l\u00e4sa med om bland annat:<\/p>\n<p><a href=\"https:\/\/www.sdxf.se\/WP\/?page_id=18164\" target=\"_blank\" rel=\"noopener\">DX-V\u00e4nnerna<\/a><\/p>\n<p><a href=\"https:\/\/www.sdxf.se\/WP\/wp-content\/uploads\/2023\/06\/DX-Parlament-genom-tiderna-2023.pdf\" target=\"_blank\" rel=\"noopener noreferrer\">DX-Parlament genom tiderna<\/a><\/p>\n<p><a href=\"https:\/\/www.sdxf.se\/WP\/wp-content\/uploads\/2023\/07\/SDXFs-Fortjanstplaketter-genom-tiderna-2023-07-04.pdf\" target=\"_blank\" rel=\"noopener noreferrer\">Samtliga mottagare av SDXF:s f\u00f6rtj\u00e4nstplaketter<\/a><\/p>\n<p><a href=\"https:\/\/www.sdxf.se\/WP\/?page_id=7050\" target=\"_blank\" rel=\"noopener\">Pirate of the year &amp; \u00c5rets QSL-station<\/a><\/p>\n<p><a href=\"https:\/\/www.sdxf.se\/WP\/?page_id=16078\" target=\"_blank\" rel=\"noopener\">Historiska publikationer<\/a><\/p>\n<p><a href=\"https:\/\/www.sdxf.se\/WP\/?page_id=12207\" target=\"_blank\" rel=\"noopener\">Historisk klubblista<\/a><\/p>\n","protected":false},"excerpt":{"rendered":"<p>Riksf\u00f6rbundet DX-Alliansen bildades 1956 i Hack\u00e5s i J\u00e4mtland. \u00c5r 1980, i Degerfors, byttes namnet till Sveriges DX-F\u00f6rbund. Under det h\u00e4r menyvalet samlas efter hand information kring Sveriges DX-F\u00f6rbunds nu drygt 60-\u00e5riga historia. H\u00e4r kan du l\u00e4sa med om bland annat: <span class=\"excerpt-dots\">&hellip;<\/span> <a class=\"more-link\" href=\"https:\/\/www.sdxf.se\/WP\/?page_id=240\"><span class=\"more-msg\">L\u00e4s mer &rarr;<\/span><\/a><\/p>\n","protected":false},"author":2,"featured_media":0,"parent":870,"menu_order":6,"comment_status":"closed","ping_status":"closed","template":"","meta":{"footnotes":""},"class_list":["post-240","page","type-page","status-publish","hentry"],"_links":{"self":[{"href":"https:\/\/www.sdxf.se\/WP\/index.php?rest_route=\/wp\/v2\/pages\/240","targetHints":{"allow":["GET"]}}],"collection":[{"href":"https:\/\/www.sdxf.se\/WP\/index.php?rest_route=\/wp\/v2\/pages"}],"about":[{"href":"https:\/\/www.sdxf.se\/WP\/index.php?rest_route=\/wp\/v2\/types\/page"}],"author":[{"embeddable":true,"href":"https:\/\/www.sdxf.se\/WP\/index.php?rest_route=\/wp\/v2\/users\/2"}],"replies":[{"embeddable":true,"href":"https:\/\/www.sdxf.se\/WP\/index.php?rest_route=%2Fwp%2Fv2%2Fcomments&post=240"}],"version-history":[{"count":52,"href":"https:\/\/www.sdxf.se\/WP\/index.php?rest_route=\/wp\/v2\/pages\/240\/revisions"}],"predecessor-version":[{"id":18434,"href":"https:\/\/www.sdxf.se\/WP\/index.php?rest_route=\/wp\/v2\/pages\/240\/revisions\/18434"}],"up":[{"embeddable":true,"href":"https:\/\/www.sdxf.se\/WP\/index.php?rest_route=\/wp\/v2\/pages\/870"}],"wp:attachment":[{"href":"https:\/\/www.sdxf.se\/WP\/index.php?rest_route=%2Fwp%2Fv2%2Fmedia&parent=240"}],"curies":[{"name":"wp","href":"https:\/\/api.w.org\/{rel}","templated":true}]}}