{"id":2551,"date":"2014-03-02T21:44:30","date_gmt":"2014-03-02T20:44:30","guid":{"rendered":"http:\/\/www.sdxf.se\/WP\/?page_id=2551"},"modified":"2023-07-04T12:03:31","modified_gmt":"2023-07-04T10:03:31","slug":"arsmote-och-dx-parlament-2014","status":"publish","type":"page","link":"https:\/\/www.sdxf.se\/WP\/?page_id=2551","title":{"rendered":"Landlista"},"content":{"rendered":"<p>Nu finns en uppdaterad version av SDXF:s Landlista, som i huvudsak \u00e4r baserad p\u00e5 <a href=\"https:\/\/app.box.com\/s\/6cxrxb4iwqe4crj47xm2d6a0ty0jw3fv\" target=\"_blank\" rel=\"noopener noreferrer\"><u>EDXC Radio Countries 2014<\/u><\/a>. Du kan ladda ner SDXF:s Landlista 2020 som pdf-version <a href=\"https:\/\/www.sdxf.se\/WP\/wp-content\/uploads\/2022\/06\/SDXF-Landlista-2022.pdf\" target=\"_blank\" rel=\"noopener noreferrer\"><u>h\u00e4r<\/u><\/a>.<\/p>\n","protected":false},"excerpt":{"rendered":"<p>Nu finns en uppdaterad version av SDXF:s Landlista, som i huvudsak \u00e4r baserad p\u00e5 EDXC Radio Countries 2014. Du kan ladda ner SDXF:s Landlista 2020 som pdf-version h\u00e4r.<\/p>\n <a class=\"more-link\" href=\"https:\/\/www.sdxf.se\/WP\/?page_id=2551\"><span class=\"more-msg\">L\u00e4s mer &rarr;<\/span><\/a>","protected":false},"author":2,"featured_media":0,"parent":16045,"menu_order":1,"comment_status":"closed","ping_status":"closed","template":"","meta":{"footnotes":""},"class_list":["post-2551","page","type-page","status-publish","hentry"],"_links":{"self":[{"href":"https:\/\/www.sdxf.se\/WP\/index.php?rest_route=\/wp\/v2\/pages\/2551","targetHints":{"allow":["GET"]}}],"collection":[{"href":"https:\/\/www.sdxf.se\/WP\/index.php?rest_route=\/wp\/v2\/pages"}],"about":[{"href":"https:\/\/www.sdxf.se\/WP\/index.php?rest_route=\/wp\/v2\/types\/page"}],"author":[{"embeddable":true,"href":"https:\/\/www.sdxf.se\/WP\/index.php?rest_route=\/wp\/v2\/users\/2"}],"replies":[{"embeddable":true,"href":"https:\/\/www.sdxf.se\/WP\/index.php?rest_route=%2Fwp%2Fv2%2Fcomments&post=2551"}],"version-history":[{"count":21,"href":"https:\/\/www.sdxf.se\/WP\/index.php?rest_route=\/wp\/v2\/pages\/2551\/revisions"}],"predecessor-version":[{"id":16091,"href":"https:\/\/www.sdxf.se\/WP\/index.php?rest_route=\/wp\/v2\/pages\/2551\/revisions\/16091"}],"up":[{"embeddable":true,"href":"https:\/\/www.sdxf.se\/WP\/index.php?rest_route=\/wp\/v2\/pages\/16045"}],"wp:attachment":[{"href":"https:\/\/www.sdxf.se\/WP\/index.php?rest_route=%2Fwp%2Fv2%2Fmedia&parent=2551"}],"curies":[{"name":"wp","href":"https:\/\/api.w.org\/{rel}","templated":true}]}}