{"id":29,"date":"2012-09-27T21:14:16","date_gmt":"2012-09-27T19:14:16","guid":{"rendered":"http:\/\/www.sdxf.se\/WP\/?page_id=29"},"modified":"2025-09-16T18:47:44","modified_gmt":"2025-09-16T16:47:44","slug":"lankar","status":"publish","type":"page","link":"https:\/\/www.sdxf.se\/WP\/?page_id=29","title":{"rendered":"L\u00e4nkar"},"content":{"rendered":"<p>Webben \u00e4r en guldgruva f\u00f6r dig som \u00e4r DX-intresserad. Bloggar, loggar, tekniktips, s\u00e4ndningsscheman, nostalgi, stationslistor, str\u00f6mmande ljud, webbutiker\u2026 H\u00e4r finns det mesta &#8211; om man bara hittar det. H\u00e4r nedan bjuder vi p\u00e5 ett urval av radiorelaterade l\u00e4nkar.<\/p>\n<h3 style=\"text-align: justify;\">SDXF<\/h3>\n<p style=\"text-align: justify;\"><a href=\"https:\/\/www.sdxf.se\/WP\/?page_id=13958\" target=\"_blank\" rel=\"noopener noreferrer\">DX-klubbar och f\u00f6rbund i Sverige<\/a><\/p>\n<p style=\"text-align: justify;\"><a href=\"http:\/\/www.furuogrund.se\/pax\/\" target=\"_blank\" rel=\"noopener\">Parkalompolo<\/a> (loggningar mm)<\/p>\n<h3 style=\"text-align: justify;\">Klubbar<\/h3>\n<p><a href=\"https:\/\/www.facebook.com\/groups\/317263911719764\" target=\"_blank\" rel=\"noopener\">Arctic Radio Club<\/a><\/p>\n<p style=\"text-align: justify;\"><a href=\"https:\/\/qsl.net\/sk3ph\/\" target=\"_blank\" rel=\"noopener noreferrer\">Delsbo Radioklubb<\/a><\/p>\n<p><a href=\"http:\/\/www.mkvk.se\" target=\"_blank\" rel=\"noopener noreferrer\">Malm\u00f6 Kortv\u00e5gsklubb<\/a><\/p>\n<p style=\"text-align: justify;\"><a href=\"http:\/\/www.mrsdxing.se\" target=\"_blank\" rel=\"noopener noreferrer\">M\u00e4lardalens Radios\u00e4llskap<\/a><\/p>\n<p style=\"text-align: justify;\"><a href=\"http:\/\/ndl-dx.se\/\" target=\"_blank\" rel=\"noopener noreferrer\">Norrk\u00f6pings Distanslyssnare<\/a><\/p>\n<p style=\"text-align: justify;\"><a href=\"http:\/\/www.ugglenatt.cybersite.nu\/Tibro-DX-klubb\" target=\"_blank\" rel=\"noopener noreferrer\">Tibro DX-Klubb<\/a><\/p>\n<p style=\"text-align: justify;\"><a href=\"https:\/\/www.facebook.com\/vdxkgbg\" target=\"_blank\" rel=\"noopener noreferrer\">V\u00e4stkustens DX-Klubb<\/a><\/p>\n<h3>Utl\u00e4ndska klubbar<\/h3>\n<p><a href=\"http:\/\/www.bdxc.nl\/\" target=\"_blank\" rel=\"noopener noreferrer\">Benelux DX-Club<\/a><\/p>\n<p><a href=\"http:\/\/www.ddxlk.dk\/\" target=\"_blank\" rel=\"noopener noreferrer\">Dansk DX Lytter Klub<\/a><\/p>\n<p><a href=\"https:\/\/edxcnews.wordpress.com\/\" target=\"_blank\" rel=\"noopener\">European DX Council<\/a><\/p>\n<p><a href=\"https:\/\/mwcircle.org\/\" target=\"_blank\" rel=\"noopener\">Medium Wave Circle<\/a><\/p>\n<p><a href=\"https:\/\/sdxl.fi\" target=\"_blank\" rel=\"noopener\">Suomen DX-Liitto<\/a><\/p>\n<h3>DX-are<\/h3>\n<p><a href=\"http:\/\/www.furuogrund.se\/\" target=\"_blank\" rel=\"noopener\">BOS i Furu\u00f6grund<\/a> (Bo Olofsson)<\/p>\n<p><a href=\"http:\/\/www.rolfahman.se\/\" target=\"_blank\" rel=\"noopener\">DX-ing, Geocaching &amp; Sl\u00e4ktforskning<\/a> (Rolf \u00c5hman)<\/p>\n<p><a href=\"http:\/\/dxgert.blogspot.com\/\" target=\"_blank\" rel=\"noopener\">DX-ing i Hanab\u00e4ckliden och Bon\u00e4set<\/a> (Gert Nilsson)<\/p>\n<p><a href=\"http:\/\/radioenthusiasts.blogspot.com\/\" target=\"_blank\" rel=\"noopener\">From the Radio Shack<\/a> (Ronny Forslund mfl)<\/p>\n<p><a href=\"http:\/\/swling.com\/blog\/\" target=\"_blank\" rel=\"noopener noreferrer\">SWLing Post<\/a> (Thomas Witherspoon)<\/p>\n<p><a href=\"http:\/\/www.worldofradio.com\/\" target=\"_blank\" rel=\"noopener noreferrer\">World of Radio<\/a> (Glenn Hauser)<\/p>\n<p style=\"text-align: justify;\"><a href=\"https:\/\/mediumwave.info\/news\/\" target=\"_blank\" rel=\"noopener\">Ydun&#8217;s Medium Wave Info<\/a> (Ydun Ritz)<\/p>\n<h3 style=\"text-align: justify;\">Annonssajter<\/h3>\n<p style=\"text-align: justify;\"><a href=\"http:\/\/www.dx-radio.se\" target=\"_blank\" rel=\"noopener noreferrer\">DX-Radio<\/a><\/p>\n<p><a href=\"https:\/\/www.tradera.com\/category\/1713\" target=\"_blank\" rel=\"noopener\">Tradera<\/a><\/p>\n<h3>Listor och hj\u00e4lpmedel<\/h3>\n<p><a href=\"http:\/\/www.dxing.com\" target=\"_blank\" rel=\"noopener noreferrer\">DXing.com<\/a> (&#8221;The Web Resource for Radio Hobbyists&#8221;)<\/p>\n<p><a href=\"http:\/\/www.dxing.info\/\" target=\"_blank\" rel=\"noopener noreferrer\">DX-ing.info<\/a> (&#8221;T<span class=\"bodytext1\">he reliable information source for radio hobbyists&#8221;)<\/span><\/p>\n<p><a href=\"http:\/\/www.dxfanzine.com\/\" target=\"_blank\" rel=\"noopener\">DX-Fanzine<\/a> (Elektroniskt nyhetsbrev)<\/p>\n<p><a href=\"http:\/\/www.dxguides.info\/\" target=\"_blank\" rel=\"noopener\">DX-Guides<\/a> ( Tony Rogers, DX-nyheter, frekvensguider)<\/p>\n<p><a href=\"http:\/\/www.eibispace.de\" target=\"_blank\" rel=\"noopener noreferrer\">EIBI<\/a> (frekvenslistor f\u00f6r kort- och mellanv\u00e5g)<\/p>\n<p><a href=\"https:\/\/publicfiles.fcc.gov\/\" target=\"_blank\" rel=\"noopener\">FCC Public Inspection Files<\/a> (databas f\u00f6r dig som s\u00f6ker mer information om amerikanska stationer)<\/p>\n<p><a href=\"http:\/\/www.hard-core-dx.com\/\" target=\"_blank\" rel=\"noopener noreferrer\">Hard-core-dx<\/a> (&#8221;Probably the best DX site in the world&#8221;)<\/p>\n<p><a href=\"http:\/\/www.hfcc.org\" target=\"_blank\" rel=\"noopener noreferrer\">HFCC<\/a> (officiella frekvenslistor f\u00f6r kortv\u00e5g)<\/p>\n<p><a href=\"http:\/\/www.inrad.net\/home.php\" target=\"_blank\" rel=\"noopener noreferrer\">International Radio<\/a> (INRAD-filter)<\/p>\n<p><a href=\"http:\/\/www.mwlist.org\/mwlist_quick_and_easy.php\" target=\"_blank\" rel=\"noopener\">MWList<\/a> (listar mellanv\u00e5gsstationer i Europa, Mellan\u00f6stern och Afrika)<\/p>\n<p><a href=\"http:\/\/www.thomasn.sverige.net\" target=\"_blank\" rel=\"noopener noreferrer\">Shortwave Bulletin<\/a> (aktuella loggningar p\u00e5 kortv\u00e5g)<\/p>\n<p><a href=\"http:\/\/www.short-wave.info\" target=\"_blank\" rel=\"noopener noreferrer\"> Short-wave Info<\/a> (snabbhj\u00e4lp f\u00f6r att hitta r\u00e4tt station p\u00e5 kortv\u00e5g)<\/p>\n<p><a href=\"http:\/\/www.transmitter.org\/\" target=\"_blank\" rel=\"noopener noreferrer\">Transmitter Documentation Project<\/a> (kortv\u00e5gss\u00e4ndare runt om i v\u00e4rlden)<\/p>\n<h3>Radiov\u00e4der<\/h3>\n<p><a href=\"https:\/\/www.qth.com\/ad5q\/\" target=\"_blank\" rel=\"noopener\">AD5Q<\/a> (Propagation forecasts)<\/p>\n<p><a href=\"http:\/\/www.irf.se\/mag\/\" target=\"_blank\" rel=\"noopener noreferrer\">Magnetometern<\/a> (direkt p\u00e5 Kirunas WWW-sajt)<\/p>\n<p><a href=\"http:\/\/www.n3kl.org\/\" target=\"_blank\" rel=\"noopener noreferrer\">N3KL.org<\/a> (Current Solar Data)<\/p>\n<p><a href=\"http:\/\/www.solen.info\/solar\/\" target=\"_blank\" rel=\"noopener noreferrer\">Solar Terrestrial Activity Report<\/a> (rapporterar om solens aktiviteter)<\/p>\n<h3>Radiomuseer<\/h3>\n<p><a href=\"https:\/\/www.bergenkringkaster.no\/\" target=\"_blank\" rel=\"noopener noreferrer\">Bergen Kringkaster och museum<\/a><\/p>\n<p><a href=\"https:\/\/jonkopingsradiomuseum.se\/\" target=\"_blank\" rel=\"noopener noreferrer\">J\u00f6nk\u00f6pings Radio- och teknikmuseum<\/a><\/p>\n<p><a href=\"https:\/\/norskradio-tv-museum.no\/\" target=\"_blank\" rel=\"noopener noreferrer\">Norsk Radiomuseum i Selbu<\/a><\/p>\n<p><a href=\"http:\/\/www.radiomuseet.se\/\" target=\"_blank\" rel=\"noopener noreferrer\">Radiomuseet i G\u00f6teborg<\/a><\/p>\n<p><a href=\"https:\/\/www.lahdenmastola.fi\/\" target=\"_blank\" rel=\"noopener noreferrer\">Radiomuseet i Lahtis,\u00a0 Finland<\/a><\/p>\n<p><a href=\"http:\/\/www.alexander.n.se\/\" target=\"_blank\" rel=\"noopener noreferrer\">Radiostation Grimeton<\/a><\/p>\n<p><a href=\"https:\/\/rfr.dk\/\" target=\"_blank\" rel=\"noopener noreferrer\">Ringsted Radiomuseum, Danmark<\/a><\/p>\n<p><a href=\"http:\/\/www.radiomuseum.se\" target=\"_blank\" rel=\"noopener noreferrer\">Rolf Bergendorffs Radio Museum<\/a><\/p>\n<p><a href=\"https:\/\/www.motala.se\/uppleva-och-gora\/kultur\/museer-och-kulturarv\/sveriges-rundradiomuseum\/\" target=\"_blank\" rel=\"noopener noreferrer\">Sveriges Rundradiomuseum<\/a><\/p>\n<p><a href=\"http:\/\/www.tekniskamuseet.se\" target=\"_blank\" rel=\"noopener noreferrer\">Tekniska museet<\/a><\/p>\n<h3 style=\"text-align: justify;\">Nostalgi<\/h3>\n<p><a href=\"https:\/\/www.aef.se\/Elektronikutveckling\/Tidskrifter\/Tidskrifter.htm\">Arboga Elektronikhistoriska f\u00f6rening<\/a> (historiska svenska tidskrifter inom elektronikomr\u00e5det)<\/p>\n<p><a href=\"https:\/\/app.box.com\/s\/ji41cu67eru20rubtzka3m9qrhy60a3d?page=2&amp;sortColumn=name&amp;sortDirection=ASC\" target=\"_blank\" rel=\"noopener\">Finlandssvenska DX-tidningar<\/a> (VNDXK 1957 \u2013 1961 och Frekvensnytt 1962 \u2013 1985)<\/p>\n<p><a href=\"https:\/\/app.box.com\/s\/6i4diie25ikj0vxg8b50fny7gh8eeo5m?fbclid=IwAR1udStIA_aE4jc4xeblmOi6VtmRDJ1Px6u83Nv8IJHywf1kUoSCbaoY-Og&amp;sortColumn=name&amp;sortDirection=ASC\" target=\"_blank\" rel=\"noopener\">Finlandssvenska DX-tidningar<\/a> (Frekvensnytt 1986 \u2013 2009)<\/p>\n<p><a href=\"https:\/\/www.sm7ucz.se\/Gefle%20Rundradio\/Gefle%20Rundradio.htm\" target=\"_blank\" rel=\"noopener\">Gefle rundradio SMXF<\/a> (fr\u00e5n 1925 till 1972)<\/p>\n<p><a href=\"https:\/\/www.youtube.com\/watch?v=mK3LH5ye56E\" target=\"_blank\" rel=\"noopener\">HCJB med bl.a. Sonja Persson<\/a><\/p>\n<p><a href=\"https:\/\/www.youtube.com\/watch?v=qneCUQVg4ZU\" target=\"_blank\" rel=\"noopener\">HCJB &#8211; The beginning<\/a><\/p>\n<p><a href=\"http:\/\/www.intervalsignals.net\/\" target=\"_blank\" rel=\"noopener noreferrer\">Interval Signals Online<\/a> (paussignaler och stations-ID f\u00f6r nuvarande och historiska stationer)<\/p>\n<p><a href=\"http:\/\/joesweden.info\/radio\/\" target=\"_blank\" rel=\"noopener\">JOE:s samling<\/a> (stationsidentifikationer och av specials\u00e4ndningar p\u00e5 kortv\u00e5g)<\/p>\n<p><a href=\"https:\/\/www.radioheritage.com\/otsw\/\" target=\"_blank\" rel=\"noopener\">On the Shortwaves<\/a> (Jerry Bergs sidor med DX-historia)<\/p>\n<p><a href=\"http:\/\/www.radioheritage.net\/\">Radio Heritage Foundation<\/a> (om Oceaniens radiohistoria)<\/p>\n<p><a href=\"http:\/\/radiohobby.se\/offshoreradio\/radiosyd\/\" target=\"_blank\" rel=\"noopener noreferrer\">Radio Syd<\/a> (minnessidor om den legendariska stationen Radio Syd)<\/p>\n<p><a href=\"http:\/\/radioarkivet.se\/\" target=\"_blank\" rel=\"noopener noreferrer\">Svenska Radioarkivet<\/a><\/p>\n<p style=\"text-align: justify;\"><a href=\"https:\/\/www.tosso.fi\/dx\/svenska.htm\" target=\"_blank\" rel=\"noopener noreferrer\">Svenskspr\u00e5kiga radiouts\u00e4ndningar som g\u00e5tt till historien<\/a><\/p>\n<p style=\"text-align: justify;\"><a href=\"http:\/\/www.dallasadmall.com\/swlqsl\/\" target=\"_blank\" rel=\"noopener noreferrer\">SWL QSL Card Museum<\/a> (klassiska QSL-kort)<\/p>\n<p><a href=\"https:\/\/www.youtube.com\/watch?v=sTckNgoVens\" target=\"_blank\" rel=\"noopener\">S\u00f6lvesborg Mellanv\u00e5gss\u00e4ndare<\/a> (Youtubevideo, del 1)<\/p>\n<p><a href=\"https:\/\/www.youtube.com\/watch?v=qC6awJRg9TI\" target=\"_blank\" rel=\"noopener\">S\u00f6lvesborg Mellanv\u00e5gss\u00e4ndare<\/a> (Youtubevideo, del 2)<\/p>\n<p><a href=\"https:\/\/www.youtube.com\/watch?v=CbHjcwIoTiY\" target=\"_blank\" rel=\"noopener\">WLW&#8217;s 500,000 Watt Transmitter<\/a><\/p>\n<h3 style=\"text-align: justify;\">Amat\u00f6rradio<\/h3>\n<p><a href=\"http:\/\/www.arrl.org\" target=\"_blank\" rel=\"noopener noreferrer\">American Radio Relay League<\/a><\/p>\n<p><a href=\"https:\/\/www.eham.net\/article\/3181\" target=\"_blank\" rel=\"noopener\">ehamnet (Ham radio on the net)<\/a><\/p>\n<p style=\"text-align: justify;\"><a href=\"http:\/\/www.esr.se\/\" target=\"_blank\" rel=\"noopener noreferrer\">F\u00f6reningen Experimenterande Svenska Radioamat\u00f6rer<\/a><\/p>\n<p style=\"text-align: justify;\"><a href=\"http:\/\/www.ssa.se\/\" target=\"_blank\" rel=\"noopener noreferrer\">F\u00f6reningen Sveriges S\u00e4ndareamat\u00f6rer<\/a><\/p>\n<p style=\"text-align: justify;\"><a href=\"http:\/\/www.rsgb.org\" target=\"_blank\" rel=\"noopener noreferrer\">Radio Society of Great Britain<\/a><\/p>\n<h3 style=\"text-align: justify;\">Leverant\u00f6rer<\/h3>\n<p><a href=\"https:\/\/www.eladit.com\/en\" target=\"_blank\" rel=\"noopener\">Elad<\/a><\/p>\n<p><a href=\"https:\/\/www.electrokit.com\/\" target=\"_blank\" rel=\"noopener noreferrer\">Electrokit<\/a><\/p>\n<p><a href=\"http:\/\/www.elfa.se\/\" target=\"_blank\" rel=\"noopener noreferrer\">ELFA Distrelec<\/a><\/p>\n<p><a href=\"https:\/\/fbradio.se\/\" target=\"_blank\" rel=\"noopener noreferrer\">FB Radio<\/a><\/p>\n<p><a href=\"http:\/\/www.kjell.com\" target=\"_blank\" rel=\"noopener noreferrer\">Kjell &amp; Company<\/a><\/p>\n<p style=\"text-align: justify;\"><a href=\"http:\/\/www.klingenfuss.org\" target=\"_blank\" rel=\"noopener noreferrer\">Klingenfuss<\/a><\/p>\n<p><a href=\"https:\/\/butik.limmared.nu\/sv\/\" target=\"_blank\" rel=\"noopener noreferrer\">Limmared Radio &amp; Data AB<\/a><\/p>\n<p><a href=\"https:\/\/www.microtelecom.it\/en\" target=\"_blank\" rel=\"noopener noreferrer\">Microtelecom Perseus<\/a><\/p>\n<p><a href=\"http:\/\/www.mobinet.se\/page\/Yaesu.asp\" target=\"_blank\" rel=\"noopener noreferrer\">Mobinet<\/a><\/p>\n<p><a href=\"http:\/\/www.remoterig.com\/wp\/\" target=\"_blank\" rel=\"noopener noreferrer\">Remoterig<\/a><\/p>\n<p><a href=\"http:\/\/rfspace.com\/RFSPACE\/Home.html\" target=\"_blank\" rel=\"noopener noreferrer\">RF Space<\/a><\/p>\n<p><a href=\"https:\/\/www.sdrplay.com\/\" target=\"_blank\" rel=\"noopener noreferrer\">SDR Play<\/a><\/p>\n<p><a href=\"http:\/\/www.svebry.se\" target=\"_blank\" rel=\"noopener noreferrer\">Svebry Electronics AB<\/a><\/p>\n<p><a href=\"https:\/\/hamradiostore.co.uk\/\" target=\"_blank\" rel=\"noopener noreferrer\">Waters &amp; Stanton<\/a><\/p>\n<p style=\"text-align: justify;\"><a href=\"http:\/\/www.vargardaradio.se\/\" target=\"_blank\" rel=\"noopener noreferrer\">V\u00e5rg\u00e5rda Radio<\/a><\/p>\n<p><em>Dela g\u00e4rna dina favoritl\u00e4nkar med oss! Mejla till <a href=\"mailto:webred@sdxf.se\" target=\"_blank\" rel=\"noopener\">webred@sdxf.se<\/a><\/em><\/p>\n","protected":false},"excerpt":{"rendered":"<p>Webben \u00e4r en guldgruva f\u00f6r dig som \u00e4r DX-intresserad. Bloggar, loggar, tekniktips, s\u00e4ndningsscheman, nostalgi, stationslistor, str\u00f6mmande ljud, webbutiker\u2026 H\u00e4r finns det mesta &#8211; om man bara hittar det. H\u00e4r nedan bjuder vi p\u00e5 ett urval av radiorelaterade l\u00e4nkar. SDXF DX-klubbar <span class=\"excerpt-dots\">&hellip;<\/span> <a class=\"more-link\" href=\"https:\/\/www.sdxf.se\/WP\/?page_id=29\"><span class=\"more-msg\">L\u00e4s mer &rarr;<\/span><\/a><\/p>\n","protected":false},"author":2,"featured_media":0,"parent":0,"menu_order":14,"comment_status":"closed","ping_status":"closed","template":"","meta":{"footnotes":""},"class_list":["post-29","page","type-page","status-publish","hentry"],"_links":{"self":[{"href":"https:\/\/www.sdxf.se\/WP\/index.php?rest_route=\/wp\/v2\/pages\/29","targetHints":{"allow":["GET"]}}],"collection":[{"href":"https:\/\/www.sdxf.se\/WP\/index.php?rest_route=\/wp\/v2\/pages"}],"about":[{"href":"https:\/\/www.sdxf.se\/WP\/index.php?rest_route=\/wp\/v2\/types\/page"}],"author":[{"embeddable":true,"href":"https:\/\/www.sdxf.se\/WP\/index.php?rest_route=\/wp\/v2\/users\/2"}],"replies":[{"embeddable":true,"href":"https:\/\/www.sdxf.se\/WP\/index.php?rest_route=%2Fwp%2Fv2%2Fcomments&post=29"}],"version-history":[{"count":72,"href":"https:\/\/www.sdxf.se\/WP\/index.php?rest_route=\/wp\/v2\/pages\/29\/revisions"}],"predecessor-version":[{"id":21023,"href":"https:\/\/www.sdxf.se\/WP\/index.php?rest_route=\/wp\/v2\/pages\/29\/revisions\/21023"}],"wp:attachment":[{"href":"https:\/\/www.sdxf.se\/WP\/index.php?rest_route=%2Fwp%2Fv2%2Fmedia&parent=29"}],"curies":[{"name":"wp","href":"https:\/\/api.w.org\/{rel}","templated":true}]}}