{"id":3216,"date":"2014-12-17T16:05:27","date_gmt":"2014-12-17T15:05:27","guid":{"rendered":"http:\/\/www.sdxf.se\/WP\/?page_id=3216"},"modified":"2024-07-25T12:16:56","modified_gmt":"2024-07-25T10:16:56","slug":"mest","status":"publish","type":"page","link":"https:\/\/www.sdxf.se\/WP\/?page_id=3216","title":{"rendered":"MEST"},"content":{"rendered":"<p>MEST-listan \u00e4r de svenska DX-arnas \u201dVem \u00e4r vem?\u201d och vi hoppas att \u00e4ven du l\u00e4mnar uppgifter s\u00e5 att vi f\u00e5r en s\u00e5 fullst\u00e4ndig statistik som m\u00f6jligt. F\u00f6r att vara med laddar du ner ett formul\u00e4r i Excel-format som finns <a href=\"https:\/\/www.sdxf.se\/WP\/wp-content\/uploads\/2018\/11\/MEST-formul\u00e4r.xls\" target=\"_blank\" rel=\"noopener noreferrer\"><span style=\"text-decoration: underline;\">H\u00c4R<\/span><\/a> och sedan skickar Du in ifyllt formul\u00e4r till: <a href=\"mailto:mest@sdxf.se\">mest@sdxf.se<\/a><a href=\"https:\/\/www.sdxf.se\/WP\/wp-content\/uploads\/2015\/12\/MEST-Sammandrag-2015-8.pdf\" target=\"_blank\" rel=\"noopener noreferrer\">.<\/a><\/p>\n<p>Det finns ocks\u00e5 en Excel-fil (Landsummering.xls) som kan anv\u00e4ndas som hj\u00e4lp f\u00f6r att summera l\u00e4nder och stationer f\u00f6r den som s\u00e5 \u00f6nskar. I den fylls automatiskt ett formul\u00e4r enligt ovan i, som sedan kan skickas till samma adress som ovan. Du laddar ner den <a href=\"https:\/\/www.sdxf.se\/WP\/wp-content\/uploads\/2022\/06\/Landsummering-2022.xls\" target=\"_blank\" rel=\"noopener noreferrer\"><span style=\"text-decoration: underline;\">H\u00c4R<\/span><\/a>.<\/p>\n<p>I MEST redovisas verifierade alternativt loggade (h\u00f6rda och s\u00e4kert identifierade) l\u00e4nder och stationer per v\u00e4rldsdel. \u00c4ven clandestine och pirater redovisas. Se aktuell MEST-lista <a href=\"https:\/\/www.sdxf.se\/WP\/wp-content\/uploads\/2022\/12\/MEST-Sammandrag-2022-2.pdf\" target=\"_blank\" rel=\"noopener\"><span style=\"text-decoration: underline;\">H\u00c4R<\/span><span style=\"text-decoration: underline;\">.<\/span><\/a>\u00a0\u00a0<span style=\"display: inline !important; float: none; background-color: transparent; color: #191e23; cursor: text; font-family: 'Droid Serif',serif; font-size: 16px; font-style: normal; font-variant: normal; font-weight: 400; letter-spacing: normal; orphans: 2; text-align: left; text-decoration: none; text-indent: 0px; text-transform: none; -webkit-text-stroke-width: 0px; white-space: normal; word-spacing: 0px;\">M\u00f6jlighet finns nu ocks\u00e5 att bara redovisa l\u00e4nder och stationer.<\/span><\/p>\n<p>MEST baseras p\u00e5 SDXF\/EDXC:s Landlista som finns under <strong>SDXF\u2192Radios<\/strong><strong>tatistik\u2192Landlista<\/strong> och regler f\u00f6r MEST och stationsr\u00e4kning finns i SDXF:s Reglemente.<\/p>\n<p>F\u00f6r att MEST ska vara n\u00e5gorlunda aktuell b\u00f6r uppgifterna uppdateras varje \u00e5r. Den som inte uppdaterar sina uppgifter p\u00e5 tre \u00e5r tas bort ur listan.<\/p>\n<p>Uppgiftsl\u00e4mnarna ansvarar sj\u00e4lva f\u00f6r att uppgifterna \u00e4r korrekta.<\/p>\n","protected":false},"excerpt":{"rendered":"<p>MEST-listan \u00e4r de svenska DX-arnas \u201dVem \u00e4r vem?\u201d och vi hoppas att \u00e4ven du l\u00e4mnar uppgifter s\u00e5 att vi f\u00e5r en s\u00e5 fullst\u00e4ndig statistik som m\u00f6jligt. F\u00f6r att vara med laddar du ner ett formul\u00e4r i Excel-format som finns H\u00c4R <span class=\"excerpt-dots\">&hellip;<\/span> <a class=\"more-link\" href=\"https:\/\/www.sdxf.se\/WP\/?page_id=3216\"><span class=\"more-msg\">L\u00e4s mer &rarr;<\/span><\/a><\/p>\n","protected":false},"author":212,"featured_media":0,"parent":16045,"menu_order":2,"comment_status":"closed","ping_status":"closed","template":"","meta":{"footnotes":""},"class_list":["post-3216","page","type-page","status-publish","hentry"],"_links":{"self":[{"href":"https:\/\/www.sdxf.se\/WP\/index.php?rest_route=\/wp\/v2\/pages\/3216","targetHints":{"allow":["GET"]}}],"collection":[{"href":"https:\/\/www.sdxf.se\/WP\/index.php?rest_route=\/wp\/v2\/pages"}],"about":[{"href":"https:\/\/www.sdxf.se\/WP\/index.php?rest_route=\/wp\/v2\/types\/page"}],"author":[{"embeddable":true,"href":"https:\/\/www.sdxf.se\/WP\/index.php?rest_route=\/wp\/v2\/users\/212"}],"replies":[{"embeddable":true,"href":"https:\/\/www.sdxf.se\/WP\/index.php?rest_route=%2Fwp%2Fv2%2Fcomments&post=3216"}],"version-history":[{"count":62,"href":"https:\/\/www.sdxf.se\/WP\/index.php?rest_route=\/wp\/v2\/pages\/3216\/revisions"}],"predecessor-version":[{"id":18307,"href":"https:\/\/www.sdxf.se\/WP\/index.php?rest_route=\/wp\/v2\/pages\/3216\/revisions\/18307"}],"up":[{"embeddable":true,"href":"https:\/\/www.sdxf.se\/WP\/index.php?rest_route=\/wp\/v2\/pages\/16045"}],"wp:attachment":[{"href":"https:\/\/www.sdxf.se\/WP\/index.php?rest_route=%2Fwp%2Fv2%2Fmedia&parent=3216"}],"curies":[{"name":"wp","href":"https:\/\/api.w.org\/{rel}","templated":true}]}}