{"id":332,"date":"2012-10-08T20:01:30","date_gmt":"2012-10-08T18:01:30","guid":{"rendered":"http:\/\/www.sdxf.se\/WP\/?page_id=332"},"modified":"2023-07-03T20:49:16","modified_gmt":"2023-07-03T18:49:16","slug":"stadgar-och-reglemente","status":"publish","type":"page","link":"https:\/\/www.sdxf.se\/WP\/?page_id=332","title":{"rendered":"Stadgar"},"content":{"rendered":"<p>Senast uppdaterade 2023-05-27 med de \u00e4ndringar som beslutades vid \u00e5rsm\u00f6tet 2023 i Karlsborg.<\/p>\n<p><a href=\"https:\/\/www.sdxf.se\/WP\/wp-content\/uploads\/2023\/06\/SDXFs-Stadgar-2023.pdf\" target=\"_blank\" rel=\"noopener noreferrer\">Stadgar f\u00f6r Sveriges DX-F\u00f6rbund<\/a><\/p>\n","protected":false},"excerpt":{"rendered":"<p>Senast uppdaterade 2023-05-27 med de \u00e4ndringar som beslutades vid \u00e5rsm\u00f6tet 2023 i Karlsborg. Stadgar f\u00f6r Sveriges DX-F\u00f6rbund<\/p>\n <a class=\"more-link\" href=\"https:\/\/www.sdxf.se\/WP\/?page_id=332\"><span class=\"more-msg\">L\u00e4s mer &rarr;<\/span><\/a>","protected":false},"author":2,"featured_media":0,"parent":11,"menu_order":2,"comment_status":"closed","ping_status":"open","template":"","meta":{"footnotes":""},"class_list":["post-332","page","type-page","status-publish","hentry"],"_links":{"self":[{"href":"https:\/\/www.sdxf.se\/WP\/index.php?rest_route=\/wp\/v2\/pages\/332","targetHints":{"allow":["GET"]}}],"collection":[{"href":"https:\/\/www.sdxf.se\/WP\/index.php?rest_route=\/wp\/v2\/pages"}],"about":[{"href":"https:\/\/www.sdxf.se\/WP\/index.php?rest_route=\/wp\/v2\/types\/page"}],"author":[{"embeddable":true,"href":"https:\/\/www.sdxf.se\/WP\/index.php?rest_route=\/wp\/v2\/users\/2"}],"replies":[{"embeddable":true,"href":"https:\/\/www.sdxf.se\/WP\/index.php?rest_route=%2Fwp%2Fv2%2Fcomments&post=332"}],"version-history":[{"count":22,"href":"https:\/\/www.sdxf.se\/WP\/index.php?rest_route=\/wp\/v2\/pages\/332\/revisions"}],"predecessor-version":[{"id":15689,"href":"https:\/\/www.sdxf.se\/WP\/index.php?rest_route=\/wp\/v2\/pages\/332\/revisions\/15689"}],"up":[{"embeddable":true,"href":"https:\/\/www.sdxf.se\/WP\/index.php?rest_route=\/wp\/v2\/pages\/11"}],"wp:attachment":[{"href":"https:\/\/www.sdxf.se\/WP\/index.php?rest_route=%2Fwp%2Fv2%2Fmedia&parent=332"}],"curies":[{"name":"wp","href":"https:\/\/api.w.org\/{rel}","templated":true}]}}