{"id":344,"date":"2012-10-08T21:08:53","date_gmt":"2012-10-08T19:08:53","guid":{"rendered":"http:\/\/www.sdxf.se\/WP\/?page_id=344"},"modified":"2025-03-01T10:43:24","modified_gmt":"2025-03-01T09:43:24","slug":"klubblista","status":"publish","type":"page","link":"https:\/\/www.sdxf.se\/WP\/?page_id=344","title":{"rendered":"Aktuell klubblista"},"content":{"rendered":"<h2>Mellersta Sverige<\/h2>\n<p><strong>AROS DX CLUB<\/strong><br \/>\nc\/o Berglund<br \/>\nFlisav\u00e4gen 22<br \/>\n723 53 V\u00e4ster\u00e5s<br \/>\nKontaktperson: Magnus Jespersson. Tel: 021-18 05 05.<\/p>\n<p><strong><a href=\"http:\/\/sk3ph.se\/wordpress\/\" target=\"_blank\" rel=\"noopener\">DELSBO RADIOKLUBB<\/a><\/strong><br \/>\nc\/o Andersson<br \/>\nStorgatan 54<br \/>\n824 70 Delsbo<br \/>\nKontaktperson: Dan Andersson. Tel: 0653-103 20, 070-633 74 79.<br \/>\nMejl: <a href=\"mailto:drak_ph@hotmail.com\" target=\"_blank\" rel=\"noopener\">drak_ph@hotmail.com<\/a><\/p>\n<p><strong><a href=\"http:\/\/mrsdxing.se\/\" target=\"_blank\" rel=\"noopener noreferrer\">M\u00c4LARDALENS RADIOS\u00c4LLSKAP<\/a><\/strong><br \/>\nc\/o Skoglund<br \/>\nRadarv\u00e4gen 22<br \/>\n183 59 T\u00e4by<br \/>\nKontaktperson: Lars Skoglund. Tel: 08-756 32 92.<\/p>\n<p><strong><a href=\"http:\/\/ndl-dx.se\/\" target=\"_blank\" rel=\"noopener noreferrer\">NORRK\u00d6PINGS DISTANSLYSSNARE<\/a><\/strong><br \/>\nc\/o G\u00f6rlin<br \/>\nS\u00f6dra Promenaden 62<br \/>\n602 39 Norrk\u00f6ping<br \/>\nKontaktperson: Jan G\u00f6rlin. Tel: 0705-73 00 76.<\/p>\n<h2>S\u00f6dra Sverige<\/h2>\n<p><strong><a href=\"http:\/\/www.mkvk.se\/\" target=\"_blank\" rel=\"noopener noreferrer\">MALM\u00d6 KORTV\u00c5GSKLUBB <\/a><br \/>\n<\/strong>c\/o Olsson<br \/>\nH\u00f6galidsv\u00e4gen 71 F<br \/>\n244 36 K\u00e4vlinge<br \/>\nKontaktperson: Dan Olsson. Tel: 0733-11 59 98.<br \/>\nMejl:<a href=\"mailto:info@mkvk.se\" target=\"_blank\" rel=\"noopener\"> info@mkvk.se<\/a><\/p>\n<p><strong><a href=\"http:\/\/www.ugglenatt.cybersite.nu\/Tibro-DX-klubb\" target=\"_blank\" rel=\"noopener noreferrer\">TIBRO DX-KLUBB<\/a><\/strong><br \/>\nc\/o Sahl\u00e9n<br \/>\nV\u00e4stra L\u00e5nggatan 139 A<br \/>\n543 33 Tibro<br \/>\nKontaktperson: B\u00f6rje Sahl\u00e9n. Tel: 070\u00a0227 60 53<\/p>\n<p><strong><a href=\"https:\/\/radiomuseet.se\/dx-hornan\/vdxk\/\" target=\"_blank\" rel=\"noopener noreferrer\">V\u00c4STKUSTENS DX-KLUBB<\/a><br \/>\n<\/strong>c\/o Persson<br \/>\nMal\u00f6rtsv\u00e4gen 3<br \/>\n449 33\u00a0N\u00f6dinge<br \/>\nKontaktperson: Alf Persson. Tel: 0303-96463, 070-764 79 50.<\/p>\n<h2>Hela\u00a0Sverige<\/h2>\n<p><strong><a href=\"https:\/\/www.facebook.com\/groups\/317263911719764\" target=\"_blank\" rel=\"noopener noreferrer\">ARCTIC RADIO CLUB<\/a><br \/>\n<\/strong>c\/o Larsson<br \/>\nFrejagatan 14 A<br \/>\n521 43\u00a0Falk\u00f6ping<br \/>\nKontaktperson: Tore Larsson. Tel: 0515-137 02.<\/p>\n","protected":false},"excerpt":{"rendered":"<p>Mellersta Sverige AROS DX CLUB c\/o Berglund Flisav\u00e4gen 22 723 53 V\u00e4ster\u00e5s Kontaktperson: Magnus Jespersson. Tel: 021-18 05 05. DELSBO RADIOKLUBB c\/o Andersson Storgatan 54 824 70 Delsbo Kontaktperson: Dan Andersson. Tel: 0653-103 20, 070-633 74 79. Mejl: drak_ph@hotmail.com M\u00c4LARDALENS <span class=\"excerpt-dots\">&hellip;<\/span> <a class=\"more-link\" href=\"https:\/\/www.sdxf.se\/WP\/?page_id=344\"><span class=\"more-msg\">L\u00e4s mer &rarr;<\/span><\/a><\/p>\n","protected":false},"author":2,"featured_media":0,"parent":16058,"menu_order":1,"comment_status":"closed","ping_status":"closed","template":"","meta":{"footnotes":""},"class_list":["post-344","page","type-page","status-publish","hentry"],"_links":{"self":[{"href":"https:\/\/www.sdxf.se\/WP\/index.php?rest_route=\/wp\/v2\/pages\/344","targetHints":{"allow":["GET"]}}],"collection":[{"href":"https:\/\/www.sdxf.se\/WP\/index.php?rest_route=\/wp\/v2\/pages"}],"about":[{"href":"https:\/\/www.sdxf.se\/WP\/index.php?rest_route=\/wp\/v2\/types\/page"}],"author":[{"embeddable":true,"href":"https:\/\/www.sdxf.se\/WP\/index.php?rest_route=\/wp\/v2\/users\/2"}],"replies":[{"embeddable":true,"href":"https:\/\/www.sdxf.se\/WP\/index.php?rest_route=%2Fwp%2Fv2%2Fcomments&post=344"}],"version-history":[{"count":49,"href":"https:\/\/www.sdxf.se\/WP\/index.php?rest_route=\/wp\/v2\/pages\/344\/revisions"}],"predecessor-version":[{"id":19708,"href":"https:\/\/www.sdxf.se\/WP\/index.php?rest_route=\/wp\/v2\/pages\/344\/revisions\/19708"}],"up":[{"embeddable":true,"href":"https:\/\/www.sdxf.se\/WP\/index.php?rest_route=\/wp\/v2\/pages\/16058"}],"wp:attachment":[{"href":"https:\/\/www.sdxf.se\/WP\/index.php?rest_route=%2Fwp%2Fv2%2Fmedia&parent=344"}],"curies":[{"name":"wp","href":"https:\/\/api.w.org\/{rel}","templated":true}]}}