{"id":351,"date":"2012-10-08T22:28:23","date_gmt":"2012-10-08T20:28:23","guid":{"rendered":"http:\/\/www.sdxf.se\/WP\/?page_id=351"},"modified":"2024-06-15T20:35:37","modified_gmt":"2024-06-15T18:35:37","slug":"johan-berglund","status":"publish","type":"page","link":"https:\/\/www.sdxf.se\/WP\/?page_id=351","title":{"rendered":"Johan Berglund"},"content":{"rendered":"<p style=\"text-align: left;\">N\u00e4r Johan Berglund i Trollh\u00e4ttan gick bort den 16 september 2010 l\u00e4mnade han ett arv efter sig som vi har att f\u00f6rvalta. Dels 21 QSL-p\u00e4rmar, dels en summa pengar som Sveriges DX-F\u00f6rbund har att anv\u00e4nda p\u00e5 ett s\u00e4tt som gagnar v\u00e5r hobby.<\/p>\n<h3>Stipendium till Johan Berglunds minne<\/h3>\n<p>I samband med SDXF:s \u00e5rsm\u00f6te i Delsbo 2012 beslutades att anv\u00e4nda en del av arvet f\u00f6r att \u00e5rligen dela ut ett stipendium till Johan Berglunds minne. Tanken \u00e4r att premiera n\u00e5gon person eller klubb som gjort stora insatser f\u00f6r hobbyn och att premiera p\u00e5g\u00e5ende insatser eller insatser som gjorts p\u00e5 senare tid.<br \/>\nStipendiat utses av en stipendiekommitt\u00e9 efter f\u00f6rslag fr\u00e5n medlemmarna. Det \u00e4r DX-V\u00e4nnerna som ansvarar f\u00f6r stipendiekommitt\u00e9n. Har du n\u00e5gon person eller klubb (kan ocks\u00e5 vara flera) som du vill nominera till stipendiet s\u00e5 skicka ett mail med namn p\u00e5 de\/den du nominerar tillsammans med en kort motivering till DX-V\u00e4nnerna, antingen via mail <strong><a href=\"mailto:stipendium@sdxf.se\" target=\"_blank\" rel=\"noopener\">stipendium@sdxf.se<\/a><\/strong> eller om du hellre vill skicka ett vanligt brev till<br \/>\n<strong>DX-V\u00e4nnerna <\/strong><br \/>\n<strong>c\/o Moritz Saarman<\/strong><br \/>\n<strong>N\u00e4verlursv\u00e4gen 2<\/strong><br \/>\n<strong>435 44 M\u00f6lnlycke<\/strong><br \/>\nNomineringar skall vara inkomna<em><strong> senast den 1 mars<\/strong><\/em> f\u00f6r att vara med i urvalet till SDXF:s n\u00e4stkommande \u00e5rsm\u00f6te.<\/p>\n<h6>Regler f\u00f6r stipendiet<\/h6>\n<p><strong>\u00a7 1<\/strong> Till stipendiat kan Sveriges DX-F\u00f6rbund utse en eller flera personer\/klubbar, som inom f\u00f6rbundets ramar gjort s\u00e4rskilda insatser f\u00f6r hobbyn.<br \/>\n<strong>\u00a7 2<\/strong> Samma person\/klubb kan endast erh\u00e5lla stipendium en g\u00e5ng.<br \/>\n<strong>\u00a7 3<\/strong> Stipendiat utses av en stipendiekommitt\u00e9 efter f\u00f6rslag fr\u00e5n medlemmarna. F\u00f6rslag skall<br \/>\nl\u00e4mnas till kommitt\u00e9n senast 1 mars varje \u00e5r. Stipendiet utdelas i anslutning till f\u00f6rbundets<br \/>\n\u00c5rsm\u00f6te.<br \/>\n<strong>\u00a7 4<\/strong> DX-V\u00e4nnerna ansvarar f\u00f6r Stipendiekommitt\u00e9n. Skulle DX-v\u00e4nnernas verksamhet upph\u00f6ra<br \/>\neller de inte utser n\u00e5gon Stipendiekommitt\u00e9 \u00f6vertar SDXF:s Styrelse kommitt\u00e9ns roll.<br \/>\n<strong>\u00a7 5<\/strong> L\u00e4ngsta tid f\u00f6r medverkan i stipendiekommitt\u00e9n \u00e4r tre \u00e5r.<br \/>\n<strong>\u00a7 6<\/strong> Stipendiet utdelas med upp till 5000 kr per \u00e5r tills vidare.<br \/>\n<strong>\u00a7 7<\/strong> \u00c4ndringar av dessa regler kan g\u00f6ras av SDXF:s \u00c5rsm\u00f6te eller Styrelse<\/p>\n<h6>F\u00f6rteckning \u00f6ver tidigare stipendiater<\/h6>\n<p>2013 Bj\u00f6rn Fransson<br \/>\n2014 Sigvard Andersson<br \/>\n2015 Thomas Nilsson<br \/>\n2016 Bo Olofsson och Ronny Forslund<br \/>\n2017 Claes Olsson<br \/>\n2018 Per Eriksson<br \/>\n2019 Ilpo Parviainen<br \/>\n2020 Moritz Saarman<br \/>\n2021 Magnus Jesperson<br \/>\n2022 Lars Bergstr\u00f6m<br \/>\n2023 Christer Brunstr\u00f6m<br \/>\n2024 Tore Larsson<\/p>\n<h3>Johan Berglunds QSL-samling<\/h3>\n<p style=\"text-align: left;\">Vi har nu digitaliserat n\u00e5gra av hans QSL-p\u00e4rmar, resten kommer efter hand som vi hinner. Inneh\u00e5llet \u00e4r samlat i mappen <strong><em>Johan Berglund<\/em><\/strong> som ligger under <a href=\"https:\/\/www.sdxf.se\/WP\/?page_id=1149\"><strong><em>QSL och vimplar<\/em><\/strong><\/a>:<\/p>\n<p style=\"text-align: left;\">V\u00e5r f\u00f6rhoppning \u00e4r att du uppskattar att bl\u00e4ddra i albumen. Just nu finns inga s\u00f6km\u00f6jligheter, men v\u00e5rt m\u00e5l \u00e4r att s\u00e5 sm\u00e5ningom ha en databas d\u00e4r man kan s\u00f6ka exempelvis p\u00e5 land eller station f\u00f6r att hitta n\u00e5got speciellt.<\/p>\n<h3 style=\"text-align: left;\">Minnesord<\/h3>\n<p style=\"text-align: left;\">Om du inte k\u00e4nner Johan Berglund sedan tidigare \u00e4r h\u00e4r delar av det minnesord John Ekwall skrev\u00a0 i Eter-Aktuellt:<\/p>\n<p style=\"text-align: left;\"><em><a href=\"https:\/\/www.sdxf.se\/WP\/wp-content\/uploads\/2012\/10\/Johan-Berglund0001.jpg\"><img loading=\"lazy\" decoding=\"async\" class=\"alignleft size-medium wp-image-1195\" src=\"https:\/\/www.sdxf.se\/WP\/wp-content\/uploads\/2012\/10\/Johan-Berglund0001-191x300.jpg\" alt=\"Johan Berglund0001\" width=\"191\" height=\"300\" srcset=\"https:\/\/www.sdxf.se\/WP\/wp-content\/uploads\/2012\/10\/Johan-Berglund0001-191x300.jpg 191w, https:\/\/www.sdxf.se\/WP\/wp-content\/uploads\/2012\/10\/Johan-Berglund0001-655x1024.jpg 655w, https:\/\/www.sdxf.se\/WP\/wp-content\/uploads\/2012\/10\/Johan-Berglund0001.jpg 675w\" sizes=\"auto, (max-width: 191px) 100vw, 191px\" \/><\/a>&#8221;Johan, k\u00e4nd under namnet &#8221;Juan Vargas&#8221; i de inre kretsarna i DX-v\u00e4rlden, var en hejare p\u00e5 Hondurasstationer under mitten av 60-talet. Jag minns hans inspelningar av LV del Junco, Radio Morazan m fl p\u00e5 49 mb men \u00e4ven hans eminenta kunskaper i spanska spr\u00e5ket som hj\u00e4lpte honom ut i v\u00e4rlden. Han jobbade ett tag som turistv\u00e4rd f\u00f6r Fritidsresor p\u00e5 Mallorca och beskrev det hektiska liv en representant kunde ha i telex till mig. Kunskaperna i spanska spr\u00e5ket och intresse f\u00f6r radio tog honom senare till Radio Atl\u00e1ntico p\u00e5 Kanarie\u00f6arna d\u00e4r han blev &#8221;stand-in&#8221; f\u00f6r Xavier Palin f\u00f6r de svenska och engelska turistprogrammen under en tid.<\/em><\/p>\n<p style=\"text-align: left;\"><em>Efter sina \u00e5r utomlands var han under en tid l\u00e4rare vid G\u00f6teborgs Universitet innan han b\u00f6rjade jobba p\u00e5 Trollh\u00e4ttans flygplats. Under framf\u00f6r allt b\u00f6rjan av 70-talet var Johan v\u00e4rd f\u00f6r ett antal tr\u00e4ffar i sommarstugan vid \u00d6resj\u00f6. M\u00e5nga dx-are har varit d\u00e4r och blivit undf\u00e4gnade av Johans l\u00e4tta samtalsstil och goda hum\u00f6r, men \u00e4ven hans goda hand med matlagning med spanskt inflytande. Jag minns ett bes\u00f6k en ny\u00e5rshelg n\u00e4r det var sm\u00e4llkallt, snabbare bes\u00f6k p\u00e5 JB\u00b4s torrdass har nog knappast gjorts av mig (jag tror jag fick upp livremmen&#8230;). Det starkaste minnet \u00e4r trots allt efter 1970 \u00e5rs m\u00f6te p\u00e5 Kar\u00f6n (Kr\u00f6k) n\u00e4r alla hade f\u00e5tt fantastiska h\u00f6righeter med sig i bagaget och en oid p\u00e5 6210. JB l\u00e5g och lyssnade f\u00f6ljande morgnar p\u00e5 frekvensen innan han lyfte luren och ringde mig lagom till deadline f\u00f6r SWB. Det \u00e4r Galapagos vi h\u00f6rt killar!!<\/em><\/p>\n<p style=\"text-align: left;\"><em>M\u00e5 paella och HR-stationer omge Johan i hans nya v\u00e4rld.&#8221;<\/em><\/p>\n<p style=\"text-align: left;\"><span style=\"color: #000000;\">Tack Johan, f\u00f6r vad du gjort f\u00f6r den svenska DX-hobbyn! Vi bevarar dig i ljust minne.<br \/>\n<em>Moritz Saarman, ordf\u00f6rande Sveriges DX-F\u00f6rbund 2012<\/em><br \/>\n<\/span><\/p>\n","protected":false},"excerpt":{"rendered":"<p>N\u00e4r Johan Berglund i Trollh\u00e4ttan gick bort den 16 september 2010 l\u00e4mnade han ett arv efter sig som vi har att f\u00f6rvalta. Dels 21 QSL-p\u00e4rmar, dels en summa pengar som Sveriges DX-F\u00f6rbund har att anv\u00e4nda p\u00e5 ett s\u00e4tt som gagnar <span class=\"excerpt-dots\">&hellip;<\/span> <a class=\"more-link\" href=\"https:\/\/www.sdxf.se\/WP\/?page_id=351\"><span class=\"more-msg\">L\u00e4s mer &rarr;<\/span><\/a><\/p>\n","protected":false},"author":2,"featured_media":0,"parent":870,"menu_order":7,"comment_status":"closed","ping_status":"closed","template":"","meta":{"footnotes":""},"class_list":["post-351","page","type-page","status-publish","hentry"],"_links":{"self":[{"href":"https:\/\/www.sdxf.se\/WP\/index.php?rest_route=\/wp\/v2\/pages\/351","targetHints":{"allow":["GET"]}}],"collection":[{"href":"https:\/\/www.sdxf.se\/WP\/index.php?rest_route=\/wp\/v2\/pages"}],"about":[{"href":"https:\/\/www.sdxf.se\/WP\/index.php?rest_route=\/wp\/v2\/types\/page"}],"author":[{"embeddable":true,"href":"https:\/\/www.sdxf.se\/WP\/index.php?rest_route=\/wp\/v2\/users\/2"}],"replies":[{"embeddable":true,"href":"https:\/\/www.sdxf.se\/WP\/index.php?rest_route=%2Fwp%2Fv2%2Fcomments&post=351"}],"version-history":[{"count":28,"href":"https:\/\/www.sdxf.se\/WP\/index.php?rest_route=\/wp\/v2\/pages\/351\/revisions"}],"predecessor-version":[{"id":17875,"href":"https:\/\/www.sdxf.se\/WP\/index.php?rest_route=\/wp\/v2\/pages\/351\/revisions\/17875"}],"up":[{"embeddable":true,"href":"https:\/\/www.sdxf.se\/WP\/index.php?rest_route=\/wp\/v2\/pages\/870"}],"wp:attachment":[{"href":"https:\/\/www.sdxf.se\/WP\/index.php?rest_route=%2Fwp%2Fv2%2Fmedia&parent=351"}],"curies":[{"name":"wp","href":"https:\/\/api.w.org\/{rel}","templated":true}]}}