{"id":412,"date":"2012-10-11T21:01:31","date_gmt":"2012-10-11T19:01:31","guid":{"rendered":"http:\/\/www.sdxf.se\/WP\/?page_id=412"},"modified":"2026-03-01T22:33:39","modified_gmt":"2026-03-01T21:33:39","slug":"ladda-ner-din-ea","status":"publish","type":"page","link":"https:\/\/www.sdxf.se\/WP\/?page_id=412","title":{"rendered":"Ladda ner din Eter-Aktuellt!"},"content":{"rendered":"<h3 style=\"text-align: left;\">H\u00e4r finns de senaste utgivna Eter-Aktuellt som PDF att ladda ner f\u00f6r dig som \u00e4r inloggad.<\/h3>\n<p style=\"text-align: left;\"><br\/>[ <font color=red>Please<a href=\/wp-login.php?redirect_to=https:\/\/www.sdxf.se\/WP\/?page_id=412>Login<\/a> Or <a href=\/wp-login.php?action=register>Register<\/a> To read more <\/font> ]<\/p>\n","protected":false},"excerpt":{"rendered":"<p>H\u00e4r finns de senaste utgivna Eter-Aktuellt som PDF att ladda ner f\u00f6r dig som \u00e4r inloggad.<\/p>\n <a class=\"more-link\" href=\"https:\/\/www.sdxf.se\/WP\/?page_id=412\"><span class=\"more-msg\">L\u00e4s mer &rarr;<\/span><\/a>","protected":false},"author":1,"featured_media":0,"parent":14,"menu_order":0,"comment_status":"closed","ping_status":"open","template":"","meta":{"footnotes":""},"class_list":["post-412","page","type-page","status-publish","hentry"],"_links":{"self":[{"href":"https:\/\/www.sdxf.se\/WP\/index.php?rest_route=\/wp\/v2\/pages\/412","targetHints":{"allow":["GET"]}}],"collection":[{"href":"https:\/\/www.sdxf.se\/WP\/index.php?rest_route=\/wp\/v2\/pages"}],"about":[{"href":"https:\/\/www.sdxf.se\/WP\/index.php?rest_route=\/wp\/v2\/types\/page"}],"author":[{"embeddable":true,"href":"https:\/\/www.sdxf.se\/WP\/index.php?rest_route=\/wp\/v2\/users\/1"}],"replies":[{"embeddable":true,"href":"https:\/\/www.sdxf.se\/WP\/index.php?rest_route=%2Fwp%2Fv2%2Fcomments&post=412"}],"version-history":[{"count":180,"href":"https:\/\/www.sdxf.se\/WP\/index.php?rest_route=\/wp\/v2\/pages\/412\/revisions"}],"predecessor-version":[{"id":21997,"href":"https:\/\/www.sdxf.se\/WP\/index.php?rest_route=\/wp\/v2\/pages\/412\/revisions\/21997"}],"up":[{"embeddable":true,"href":"https:\/\/www.sdxf.se\/WP\/index.php?rest_route=\/wp\/v2\/pages\/14"}],"wp:attachment":[{"href":"https:\/\/www.sdxf.se\/WP\/index.php?rest_route=%2Fwp%2Fv2%2Fmedia&parent=412"}],"curies":[{"name":"wp","href":"https:\/\/api.w.org\/{rel}","templated":true}]}}