{"id":5218,"date":"2017-08-15T20:57:10","date_gmt":"2017-08-15T18:57:10","guid":{"rendered":"http:\/\/www.sdxf.se\/WP\/?page_id=5218"},"modified":"2025-06-07T08:18:16","modified_gmt":"2025-06-07T06:18:16","slug":"parkalompolo","status":"publish","type":"page","link":"https:\/\/www.sdxf.se\/WP\/?page_id=5218","title":{"rendered":"Parkalompolo"},"content":{"rendered":"<h2><strong><a href=\"https:\/\/www.sdxf.se\/WP\/wp-content\/uploads\/2017\/08\/20161104-IMG_6151.jpg\"><img loading=\"lazy\" decoding=\"async\" class=\"alignright size-full wp-image-5313\" src=\"https:\/\/www.sdxf.se\/WP\/wp-content\/uploads\/2017\/08\/20161104-IMG_6151.jpg\" alt=\"\" width=\"1000\" height=\"1000\" srcset=\"https:\/\/www.sdxf.se\/WP\/wp-content\/uploads\/2017\/08\/20161104-IMG_6151.jpg 1000w, https:\/\/www.sdxf.se\/WP\/wp-content\/uploads\/2017\/08\/20161104-IMG_6151-300x300.jpg 300w, https:\/\/www.sdxf.se\/WP\/wp-content\/uploads\/2017\/08\/20161104-IMG_6151-768x768.jpg 768w\" sizes=\"auto, (max-width: 1000px) 100vw, 1000px\" \/><\/a>Parka: V\u00e5r lyssnaranl\u00e4ggning i norr<\/strong><strong><br \/>\n<\/strong><\/h2>\n<p style=\"text-align: left;\">Sedan 1995 har Parkalompolo (f\u00f6rkortat Parka) varit platsen f\u00f6r fr\u00e4mst svenska DX-are att lyssna p\u00e5 mellanv\u00e5gsstationer fr\u00e5n Nordamerika, Pacific samt Syd- och Centralamerika. Det b\u00f6rjade med ett initiativ fr\u00e5n Sigvard Andersson, Bernt-Ivan Holmberg, Lars Jeppesen och Carl Gustav K\u00f6hler som letade efter en l\u00e4mplig permanent plats f\u00f6r mellanv\u00e5gs-DX-ing. Efter n\u00e5gra \u00e5rs privata expeditioner tog SDXF \u00f6ver ansvaret f\u00f6r verksamheten.<\/p>\n<p style=\"text-align: left;\">Du hittar information, r\u00e5d och regler f\u00f6r att boka och utnyttja lyssnaranl\u00e4ggningen p\u00e5 svenska <a href=\"https:\/\/www.sdxf.se\/WP\/?page_id=5220\">H\u00e4r<\/a>. Nyfiken p\u00e5 vilka datum som \u00e4r bokade och vad som \u00e4r ledigt denna s\u00e4song? <a href=\"http:\/\/www.eriksson.eu\/parka2025.xls\" target=\"_blank\" rel=\"noopener noreferrer\">H\u00e4r<\/a> finns en uppdaterad bokningslista.<\/p>\n<p><a href=\"https:\/\/www.sdxf.se\/WP\/wp-content\/uploads\/2017\/08\/20131106-IMG_4634.jpg\"><img loading=\"lazy\" decoding=\"async\" class=\"alignright size-full wp-image-5314\" src=\"https:\/\/www.sdxf.se\/WP\/wp-content\/uploads\/2017\/08\/20131106-IMG_4634.jpg\" alt=\"\" width=\"1000\" height=\"750\" srcset=\"https:\/\/www.sdxf.se\/WP\/wp-content\/uploads\/2017\/08\/20131106-IMG_4634.jpg 1000w, https:\/\/www.sdxf.se\/WP\/wp-content\/uploads\/2017\/08\/20131106-IMG_4634-300x225.jpg 300w, https:\/\/www.sdxf.se\/WP\/wp-content\/uploads\/2017\/08\/20131106-IMG_4634-768x576.jpg 768w, https:\/\/www.sdxf.se\/WP\/wp-content\/uploads\/2017\/08\/20131106-IMG_4634-400x300.jpg 400w\" sizes=\"auto, (max-width: 1000px) 100vw, 1000px\" \/><\/a><\/p>\n<h2><strong>Parka: Our northern DX-pedition QTH<\/strong><\/h2>\n<p style=\"text-align: left;\">Since 1995 Parkalompolo (in short Parka) has been the place mostly for Swedish DX-ers to listen to mediumwave stations from North America, Pacific and South and Central America. It all started with an initiative by Sigvard Andersson, Bernt-Ivan Holmberg, Lars Jeppesen and Carl Gustav K\u00f6hler who were looking for a suitable permanent place for mediumwave DX-ing. After some years private expeditions SDXF took over the responsibility for the activities.<\/p>\n<p style=\"text-align: left;\">You find information, advices and rules for booking and using the facilities in English <a href=\"https:\/\/www.sdxf.se\/WP\/?page_id=5225\">Here<\/a><a href=\"https:\/\/www.sdxf.se\/WP\/wp-admin\/post.php?post=5225\" target=\"_blank\" rel=\"noopener noreferrer\">. <\/a>Are you planning a trip this season? <a href=\"http:\/\/www.eriksson.eu\/parka2025.xls\" target=\"_blank\" rel=\"noopener noreferrer\">Here<\/a> you will find an Excel sheet with a updated booking schedule.<\/p>\n","protected":false},"excerpt":{"rendered":"<p>Parka: V\u00e5r lyssnaranl\u00e4ggning i norr Sedan 1995 har Parkalompolo (f\u00f6rkortat Parka) varit platsen f\u00f6r fr\u00e4mst svenska DX-are att lyssna p\u00e5 mellanv\u00e5gsstationer fr\u00e5n Nordamerika, Pacific samt Syd- och Centralamerika. Det b\u00f6rjade med ett initiativ fr\u00e5n Sigvard Andersson, Bernt-Ivan Holmberg, Lars Jeppesen <span class=\"excerpt-dots\">&hellip;<\/span> <a class=\"more-link\" href=\"https:\/\/www.sdxf.se\/WP\/?page_id=5218\"><span class=\"more-msg\">L\u00e4s mer &rarr;<\/span><\/a><\/p>\n","protected":false},"author":2,"featured_media":0,"parent":0,"menu_order":6,"comment_status":"closed","ping_status":"closed","template":"","meta":{"footnotes":""},"class_list":["post-5218","page","type-page","status-publish","hentry"],"_links":{"self":[{"href":"https:\/\/www.sdxf.se\/WP\/index.php?rest_route=\/wp\/v2\/pages\/5218","targetHints":{"allow":["GET"]}}],"collection":[{"href":"https:\/\/www.sdxf.se\/WP\/index.php?rest_route=\/wp\/v2\/pages"}],"about":[{"href":"https:\/\/www.sdxf.se\/WP\/index.php?rest_route=\/wp\/v2\/types\/page"}],"author":[{"embeddable":true,"href":"https:\/\/www.sdxf.se\/WP\/index.php?rest_route=\/wp\/v2\/users\/2"}],"replies":[{"embeddable":true,"href":"https:\/\/www.sdxf.se\/WP\/index.php?rest_route=%2Fwp%2Fv2%2Fcomments&post=5218"}],"version-history":[{"count":26,"href":"https:\/\/www.sdxf.se\/WP\/index.php?rest_route=\/wp\/v2\/pages\/5218\/revisions"}],"predecessor-version":[{"id":20332,"href":"https:\/\/www.sdxf.se\/WP\/index.php?rest_route=\/wp\/v2\/pages\/5218\/revisions\/20332"}],"wp:attachment":[{"href":"https:\/\/www.sdxf.se\/WP\/index.php?rest_route=%2Fwp%2Fv2%2Fmedia&parent=5218"}],"curies":[{"name":"wp","href":"https:\/\/api.w.org\/{rel}","templated":true}]}}