{"id":5220,"date":"2017-08-15T21:00:18","date_gmt":"2017-08-15T19:00:18","guid":{"rendered":"http:\/\/www.sdxf.se\/WP\/?page_id=5220"},"modified":"2026-02-21T13:48:17","modified_gmt":"2026-02-21T12:48:17","slug":"parkalompolo-information-svenska","status":"publish","type":"page","link":"https:\/\/www.sdxf.se\/WP\/?page_id=5220","title":{"rendered":"Parkalompolo information (svenska)"},"content":{"rendered":"<h2><a href=\"https:\/\/www.sdxf.se\/WP\/wp-content\/uploads\/2017\/08\/20151029-IMG_5888.jpg\"><img loading=\"lazy\" decoding=\"async\" class=\"alignleft wp-image-5311 size-full\" src=\"https:\/\/www.sdxf.se\/WP\/wp-content\/uploads\/2017\/08\/20151029-IMG_5888.jpg\" alt=\"\" width=\"1000\" height=\"750\" srcset=\"https:\/\/www.sdxf.se\/WP\/wp-content\/uploads\/2017\/08\/20151029-IMG_5888.jpg 1000w, https:\/\/www.sdxf.se\/WP\/wp-content\/uploads\/2017\/08\/20151029-IMG_5888-300x225.jpg 300w, https:\/\/www.sdxf.se\/WP\/wp-content\/uploads\/2017\/08\/20151029-IMG_5888-768x576.jpg 768w, https:\/\/www.sdxf.se\/WP\/wp-content\/uploads\/2017\/08\/20151029-IMG_5888-400x300.jpg 400w\" sizes=\"auto, (max-width: 1000px) 100vw, 1000px\" \/><\/a><\/h2>\n<h2><span style=\"margin: 0px; color: black; font-family: 'Arial',sans-serif; font-size: 14pt;\"><b>Lokaler och utrustning<br \/>\n<\/b><\/span><\/h2>\n<p style=\"text-align: left;\">F\u00f6re detta skola. Relativt modern. Vi kan utnyttja ett rum med fyra b\u00e4ddar, ett rum med tv\u00e5 b\u00e4ddar, ett rum med ytterligare tv\u00e5 b\u00e4ddar (plus eventuell extrab\u00e4dd). Rummet f\u00f6r lyssnande \u00e4r stort och i direkt <a href=\"https:\/\/www.sdxf.se\/WP\/wp-content\/uploads\/2017\/08\/20141030-IMG_5358.jpg\"><img loading=\"lazy\" decoding=\"async\" class=\"alignleft size-medium wp-image-5316\" src=\"https:\/\/www.sdxf.se\/WP\/wp-content\/uploads\/2017\/08\/20141030-IMG_5358-300x225.jpg\" alt=\"\" width=\"300\" height=\"225\" srcset=\"https:\/\/www.sdxf.se\/WP\/wp-content\/uploads\/2017\/08\/20141030-IMG_5358-300x225.jpg 300w, https:\/\/www.sdxf.se\/WP\/wp-content\/uploads\/2017\/08\/20141030-IMG_5358-768x576.jpg 768w, https:\/\/www.sdxf.se\/WP\/wp-content\/uploads\/2017\/08\/20141030-IMG_5358-400x300.jpg 400w, https:\/\/www.sdxf.se\/WP\/wp-content\/uploads\/2017\/08\/20141030-IMG_5358.jpg 1000w\" sizes=\"auto, (max-width: 300px) 100vw, 300px\" \/><\/a>anslutning till det finns ett v\u00e4lutrustat k\u00f6k med kylsk\u00e5p och frysar samt husger\u00e5d f\u00f6r ett par dussin personer.<\/p>\n<p style=\"text-align: left;\">Till detta kommer duschrum och bastu, flera toaletter, ett f\u00f6rr\u00e5dsrum mm. Tillg\u00e5ng till tv\u00e4ttmaskin och TV.<\/p>\n<p style=\"text-align: left;\">Fast telefoni saknas. Telia erbjuder via 4G mycket god t\u00e4ckning f\u00f6r internet, tal och SMS. Skolan ligger till v\u00e4nster om v\u00e4gen uppe i skogsbrynet, cirka 900 meter efter Trafikverkets numera r\u00e4ttstavade ortsskylt n\u00e4r du kommer till byn!<\/p>\n<h4><span style=\"margin: 0px; color: black; font-family: 'Arial',sans-serif; font-size: 14pt;\"><b>V\u00e4rme och varmvatten<\/b><\/span><\/h4>\n<p style=\"text-align: left;\">Grundtemperatur i lokalerna \u00e4r +15\u00b0 och det tar flera timmar att komma upp till 21\u00b0 med de tv\u00e5 v\u00e4rmepumparna. Normalt beh\u00f6ver man bara \u00e4ndra temperaturinst\u00e4llningen till 23\u00b0 f\u00f6r att det ska h\u00e5lla runt 21\u00b0.<\/p>\n<p style=\"text-align: left;\">Lyssnarrummet och k\u00f6ket v\u00e4rms av en luftv\u00e4rmepump och d\u00f6rren till korridoren fr\u00e5n denna avdelning kan h\u00e5llas st\u00e4ngd. VIKTIGT att \u00f6vriga d\u00f6rrar inte st\u00e4ngs till utrymmen som saknar egen uppv\u00e4rmning! Risk f\u00f6r frusna vattenr\u00f6r och vattenskada om korridoren och toaletterna inte v\u00e4rms av v\u00e4rmepumpen i stora sovrummet. Toaletter och duschutrymmen har lite direktverkande el p\u00e5 f\u00f6r s\u00e4kerhets skull. \u00c4ndra inte inst\u00e4llningarna p\u00e5 dessa element. Direkt-el finns som komplement tillf\u00e4lligt vid behov i alla rum. T.ex. i lilla sovrummet s\u00e5 att d\u00f6rren kan h\u00e5llas st\u00e4ngd.<\/p>\n<p style=\"text-align: left;\"><span style=\"margin: 0px; font-family: 'Arial',sans-serif; font-size: 12pt;\"><span style=\"color: #000000;\"><a href=\"https:\/\/www.sdxf.se\/WP\/wp-content\/uploads\/2017\/08\/20151029-IMG_1006.jpg\"><img loading=\"lazy\" decoding=\"async\" class=\" wp-image-5310 alignleft\" src=\"https:\/\/www.sdxf.se\/WP\/wp-content\/uploads\/2017\/08\/20151029-IMG_1006-300x225.jpg\" alt=\"\" width=\"255\" height=\"191\" srcset=\"https:\/\/www.sdxf.se\/WP\/wp-content\/uploads\/2017\/08\/20151029-IMG_1006-300x225.jpg 300w, https:\/\/www.sdxf.se\/WP\/wp-content\/uploads\/2017\/08\/20151029-IMG_1006-768x576.jpg 768w, https:\/\/www.sdxf.se\/WP\/wp-content\/uploads\/2017\/08\/20151029-IMG_1006-400x300.jpg 400w, https:\/\/www.sdxf.se\/WP\/wp-content\/uploads\/2017\/08\/20151029-IMG_1006.jpg 1000w\" sizes=\"auto, (max-width: 255px) 100vw, 255px\" \/><\/a><\/span><\/span>Varmvatten saknas normalt vid ankomst. Temperaturen ska inte justeras, men beredaren m\u00e5ste sl\u00e5s p\u00e5 med en str\u00f6mbrytare. Finns i en skrubb inne p\u00e5 kontoret.<\/p>\n<p style=\"text-align: left;\">Gl\u00f6m inte att st\u00e4lla ner v\u00e4rmepumparna till 15\u00b0 och att sl\u00e5 av varmvattenberedaren innan avf\u00e4rd!\u200b Se till s\u00e5 att el-element som aktiverats sl\u00e5s av igen och att alla d\u00f6rrar st\u00e5r uppst\u00e4llda, inklusive den till kontoret och lyssnarrummet. D\u00f6rrarna till &#8221;hemtj\u00e4nstrummet&#8221; och &#8221;loppis&#8221; samt till stora aulan \u00e4r de enda som inte ska vara uppst\u00e4llda. Hemtj\u00e4nsten ska ha ca 10\u00b0 via direktel p.g.a. toa och k\u00f6k. Loppis beh\u00f6ver inte n\u00e5gon v\u00e4rme. Aulan \u00e4r alltid kallst\u00e4lld. Element som var p\u00e5 vid ankomst f\u00e5r inte sl\u00e5s av.<\/p>\n<h2 style=\"text-align: left;\"><span style=\"margin: 0px; color: black; font-family: 'Arial',sans-serif; font-size: 14pt;\"><b>DX-utrustning p\u00e5 plats<br \/>\n<\/b><\/span><\/h2>\n<p style=\"text-align: left;\">Det finns sex antenner via fem koaxer (se listan l\u00e4ngst ner). Sju f\u00f6rdelare med f\u00f6rsteg och tio utg\u00e5ngar vardera (BNC), ett par f\u00f6rdelare med sex utg\u00e5ngar i reserv, n\u00e5gra upps\u00e4ttningar f\u00e4rdiga koaxialkablage (BNC\/BNC) finns. De som har egna kablar b\u00f6r dock ta med sig dessa om m\u00e5nga skall lyssna samtidigt. Allt \u00e4r anpassat till 50 ohm. Lite sm\u00e5tt och gott i \u00f6vrigt s\u00e5som \u00f6verg\u00e5ngsdon, omkopplare mm kan r\u00e4dda den som gl\u00f6mt. Sk\u00e4nk g\u00e4rna n\u00e5got anv\u00e4ndbart om du har \u00f6ver, till exempel kontakter, b\u00f6cker, tabeller etc.<\/p>\n<h4><span style=\"margin: 0px; color: black; font-family: 'Arial',sans-serif; font-size: 14pt;\"><b>Gl\u00f6m inte att ta med&#8230;<\/b><\/span><\/h4>\n<p>Antennomkopplare! Vi vill inte ha sprakiga antennbyten! Har Du inte en s\u00e5 finns ett par i reserv att l\u00e5na, men tag helst med egen.\u00a0Har man inte egen f\u00f6rdelare och vill lyssna p\u00e5 flera mottagare s\u00e5 fungerar en T-koppling bra f\u00f6r de allra flesta (f\u00f6rlusten \u00e4r f\u00f6rsumbar).<\/p>\n<p style=\"text-align: left;\"><a href=\"https:\/\/www.sdxf.se\/WP\/wp-content\/uploads\/2017\/08\/20141028-IMG_5319.jpg\"><img loading=\"lazy\" decoding=\"async\" class=\"alignleft size-medium wp-image-5315\" src=\"https:\/\/www.sdxf.se\/WP\/wp-content\/uploads\/2017\/08\/20141028-IMG_5319-300x225.jpg\" alt=\"\" width=\"300\" height=\"225\" srcset=\"https:\/\/www.sdxf.se\/WP\/wp-content\/uploads\/2017\/08\/20141028-IMG_5319-300x225.jpg 300w, https:\/\/www.sdxf.se\/WP\/wp-content\/uploads\/2017\/08\/20141028-IMG_5319-768x576.jpg 768w, https:\/\/www.sdxf.se\/WP\/wp-content\/uploads\/2017\/08\/20141028-IMG_5319-400x300.jpg 400w, https:\/\/www.sdxf.se\/WP\/wp-content\/uploads\/2017\/08\/20141028-IMG_5319.jpg 1000w\" sizes=\"auto, (max-width: 300px) 100vw, 300px\" \/><\/a>Antennomkopplare f\u00f6r den som inte kan\/vill bygga sj\u00e4lv kostar runt tusenlappen inklusive \u00f6verg\u00e5ngsdon mellan PL-259 och BNC, MFJ 1701 Antenna Switch t ex. Den som beh\u00e4rskar l\u00f6dkolv och h\u00e5ltagning i aluminiumpl\u00e5t bygger sj\u00e4lv f\u00f6r under halva kostnaden. F\u00f6rdelen med ett enkelt hembygge \u00e4r att man kan kombinera flera antenner vilket inte g\u00e5r med en koaxialswitch och att man slipper k\u00f6pa till adaptrar.<\/p>\n<p style=\"text-align: left;\">N\u00e5gra 3-5 meter l\u00e5nga koaxialkablage \u00e4r bra att ha (standard BNC mot f\u00f6rdelarna). H\u00f6rlurar f\u00f6rst\u00e5s ett krav. Tillr\u00e4ckligt med inspelningsmedia! (Om\u00f6jligt att komplettera p\u00e5 plats!) Kontanter! Uttag kan g\u00f6ras p\u00e5 Ica i Junosuando i viss utstr\u00e4ckning. Ingen bank eller post.<\/p>\n<p>Egna s\u00e4ngkl\u00e4der om m\u00f6jligt. F\u00f6r de som reser med l\u00e4tt packning l\u00e5nar PIK (Parkalompolo IK) kostnadsfritt ut s\u00e4ngkl\u00e4der. Varma kl\u00e4der f\u00f6r antenninspektioner och byavandringar. Innetemperaturen kan ocks\u00e5 vara n\u00e5got l\u00e5g. Mat f\u00f6r ett par dagar \u00e4r ocks\u00e5 bra att ha med sig. Sv\u00e5rt slita sig fr\u00e5n kondsen f\u00f6r att \u00e5ka och handla ibland&#8230; Tar ett par timmar mitt i de b\u00e4sta kondsen att \u00e5ka och komplettera i Kangos eller Junosuando.<\/p>\n<h4 style=\"text-align: left;\"><span style=\"margin: 0px; color: black; font-family: 'Arial',sans-serif; font-size: 14pt;\"><b>S\u00e5 h\u00e4r bokar du ditt bes\u00f6k<br \/>\n<\/b><\/span><\/h4>\n<p style=\"text-align: left;\">Bokningar administreras av Per Eriksson (PE). Kontakta honom i s\u00e5 god tid som m\u00f6jligt. Detta f\u00f6r att ordet ska hinna sprida sig s\u00e5 att eventuell sam\u00e5kning\/-lyssning kan ordnas. SDXF-medlemmar har f\u00f6retr\u00e4de vid \u00f6verbokning om det sker i god tid. Sista-minuten-bokningar ger plats i den ordning de sker.<\/p>\n<p>\u00c5tta s\u00e4ngplatser s\u00e4tter en \u00f6vre gr\u00e4ns f\u00f6r inkvartering, men f\u00f6r att det inte ska bli totalt kaos vid antennf\u00f6rdelarna b\u00f6r kanske antalet mottagare inte \u00f6verstiga tio totalt! Om man inte har egna split-m\u00f6jligheter, vill s\u00e4ga.<\/p>\n<p>Datum kan f\u00e5 \u00e4ndras i sista stund, men kontakta PE f\u00f6r att eventuellt boka om f\u00f6r att se om det l\u00e5ter sig g\u00f6ras. Expeditioner kan avbrytas i f\u00f6rtid om storst\u00f6rningen s\u00e4tter in. Eller f\u00f6rl\u00e4ngas om m\u00f6jlighet och konds sammanfaller! \u00c4ndring av f\u00f6rsta datum p\u00e5 grund av arbetssituation etc. ska meddelas s\u00e5 snart som m\u00f6jligt.<\/p>\n<p><strong>Aktuell bokningslista<\/strong> i form av ett Excel-ark kan du se <a href=\"http:\/\/www.eriksson.eu\/parka2025.xls\" target=\"_blank\" rel=\"noopener noreferrer\">H\u00c4R<\/a>. Prelimin\u00e4r bokning f\u00f6r h\u00f6sts\u00e4songen brukar kunna g\u00f6ras innan sommaren. H\u00e5ll utkik i nyhetsfl\u00f6det p\u00e5 <a href=\"https:\/\/www.sdxf.se\/WP\/\" target=\"_blank\" rel=\"noopener\">sdxf.se<\/a>.<\/p>\n<h4><span style=\"margin: 0px; color: black; font-family: 'Arial',sans-serif; font-size: 14pt;\"><b>PAX-numrering<\/b><\/span><\/h4>\n<p><a href=\"https:\/\/www.sdxf.se\/WP\/wp-content\/uploads\/2017\/08\/20141103-IMG_5497.jpg\"><img loading=\"lazy\" decoding=\"async\" class=\"alignright size-medium wp-image-5309\" src=\"https:\/\/www.sdxf.se\/WP\/wp-content\/uploads\/2017\/08\/20141103-IMG_5497-300x225.jpg\" alt=\"\" width=\"300\" height=\"225\" srcset=\"https:\/\/www.sdxf.se\/WP\/wp-content\/uploads\/2017\/08\/20141103-IMG_5497-300x225.jpg 300w, https:\/\/www.sdxf.se\/WP\/wp-content\/uploads\/2017\/08\/20141103-IMG_5497-768x576.jpg 768w, https:\/\/www.sdxf.se\/WP\/wp-content\/uploads\/2017\/08\/20141103-IMG_5497-400x300.jpg 400w, https:\/\/www.sdxf.se\/WP\/wp-content\/uploads\/2017\/08\/20141103-IMG_5497.jpg 1000w\" sizes=\"auto, (max-width: 300px) 100vw, 300px\" \/><\/a>PAX-numreringen sker f\u00f6r varje expedition. Att expeditioner \u00f6verlappar varandra och g\u00e5r parallellt \u00e4r helt OK. Alla PAX-expeditioner f\u00f6rv\u00e4ntas skriva en sida i PAX-g\u00e4stboken som finns p\u00e5 plats! Samt omg\u00e5ende redovisa vilka som ingick i expeditionen och start- och stoppdatum f\u00f6r varje deltagare. Enklast genom att skicka in en expeditionsrapport med dessa uppgifter i b\u00f6rjan.<\/p>\n<p>\u00c4ven om man inte redovisar n\u00e5gon logg s\u00e5 f\u00f6rv\u00e4ntas \u00e5tminstone n\u00e5gon sida om expeditionen och redovisning av ovanligare stationer f\u00f6r framtida forskning och statistik&#8230; Mailas eventuellt till PE redan innan avresa s\u00e5 att det inte blir bortgl\u00f6mt. Uppdateringar av h\u00f6righeter \u00e4r v\u00e4lkomna allt eftersom. Flera \u00e5r efter\u00e5t om s\u00e5 \u00e4r.<\/p>\n<p>Tidigare loggar kan du se <a href=\"http:\/\/www.furuogrund.se\/pax\/PAX\/paxarkiv.htm\">H\u00c4R<\/a>. Klicka p\u00e5 <em>Log<\/em> efter det PAX-nummer du vill kika n\u00e4rmare p\u00e5.<\/p>\n<h2><span style=\"margin: 0px; color: black; font-family: 'Arial',sans-serif; font-size: 14pt;\"><b>Avgifter<\/b><\/span><\/h2>\n<p style=\"text-align: left;\">Efter avslutad expedition fyller du i samtliga f\u00e4lt i detta <a href=\"https:\/\/www.sdxf.se\/WP\/wp-content\/uploads\/2023\/11\/PAX-report.xlsx\" target=\"_blank\" rel=\"noopener noreferrer\">Excel-ark<\/a> som mejlas till PE inom tv\u00e5 veckor, d\u00e5 \u00e4ven betalning ska vara gjord. Alla avgifter betalas till SDXF-kontot!<\/p>\n<p style=\"text-align: left; color: red;\">150 SEK\/dygn och person f\u00f6r PIK. Sedan tillkommer:<\/p>\n<p style=\"text-align: left; color: red;\">F\u00f6r SDXF-medlem: 70 SEK\/dygn och person plus 30 SEK i startavgift betalas till SDXF f\u00f6r utrustningshyra.<\/p>\n<p style=\"text-align: left; color: red;\">F\u00f6r icke medlem: 140 SEK\/dygn och person plus 100 SEK i startavgift. (Medlemskap med Eter-Aktuellt som pdf-fil kostar 250 SEK per \u00e5r, vilket allts\u00e5 snabbt tj\u00e4nas in).<\/p>\n<p style=\"text-align: left; color: red;\">Nyttjade av anl\u00e4ggningen utan \u00f6vernattning; 100 SEK\/dygn (30 SEK till PIK och 70 SEK till SDXF).<\/p>\n<p style=\"text-align: left; color: red;\">Reservradiohyra: Du kan hyra en Lowe HF-225, om den \u00e4r ledig, f\u00f6r 30 SEK\/dygn.<\/p>\n<h2><span style=\"margin: 0px; color: black; font-family: 'Arial',sans-serif; font-size: 14pt;\"><b>N\u00e5gra sj\u00e4lvklara regler<\/b><\/span><\/h2>\n<p style=\"text-align: left;\">Som vanligt g\u00e4ller att man l\u00e4mnar lokalerna i det skick man \u00f6nskar finna dem. Och i minst lika bra skick som d\u00e5 man kom. Skador meddelas PIK och ers\u00e4tts med likv\u00e4rdig utrustning eller l\u00e4mplig summa. F\u00f6rr\u00e5dsrummet h\u00e5lls l\u00e5st. Radiorummet och ytterd\u00f6rrarna l\u00e5ses om man l\u00e4mnar skolan obevakad. Ha alltid nyckeln med. Utf\u00f6rligare regler finns uppsatta p\u00e5 tavla i lyssningsrummet och nere i f\u00f6rr\u00e5det. Problem med utrustning meddelas omg\u00e5ende till PE eller A (mejl och telefon under Kontaktpersoner) nedan!<\/p>\n<p style=\"text-align: left;\">Lyssnaranl\u00e4ggningen \u00e4r frukten av v\u00e5rt gemensamma arbete. Expeditionsdeltagare ombeds att inspektera antennerna och \u00e5tg\u00e4rda de problem som uppt\u00e4cks. Linjest\u00e4nger och skidor finns att l\u00e5na.\u200b Avdrag p\u00e5 dygnsavgiften kan erh\u00e5llas f\u00f6r dylikt arbete: minst tre timmar f\u00f6r ett avdrag p\u00e5 SEK 70 SEK eller l\u00e4gg ihop tv\u00e5 dagar s\u00e5 fem timmar ger 140 SEK i avdrag.<\/p>\n<h2><span style=\"margin: 0px; color: black; font-family: 'Arial',sans-serif; font-size: 14pt;\"><b>Husdjur<\/b><\/span><\/h2>\n<p style=\"text-align: left;\">Hund har hittills kunnat tas med men d\u00e5 f\u00e5r man vara beredd att st\u00e4da noggrant s\u00e5 att hundh\u00e5r avl\u00e4gsnas. F\u00f6ruts\u00e4tter f\u00f6rst\u00e5s att \u00f6vriga deltagare accepterar det.<\/p>\n<h2><span style=\"margin: 0px; color: black; font-family: 'Arial',sans-serif; font-size: 14pt;\"><b>Kommunikationer<\/b><\/span><\/h2>\n<p style=\"text-align: left;\">Mycket begr\u00e4nsade allm\u00e4nna kommunikationer. Med buss kommer man bara till Junosuando antingen fr\u00e5n Kiruna eller fr\u00e5n Lule\u00e5 via Pajala. Kontakta <a href=\"http:\/\/ltnbd.se\/tidtabeller\/\" target=\"_blank\" rel=\"noopener noreferrer\">L\u00e4nstrafiken i Norrbotten<\/a> f\u00f6r mer detaljer. D\u00e4rifr\u00e5n f\u00e5r man ta en taxi (40 km) eller be om skjuts om n\u00e5gon <a href=\"https:\/\/www.sdxf.se\/WP\/wp-content\/uploads\/2017\/08\/20141030-IMG_5375.jpg\"><img loading=\"lazy\" decoding=\"async\" class=\"alignleft size-medium wp-image-5317\" src=\"https:\/\/www.sdxf.se\/WP\/wp-content\/uploads\/2017\/08\/20141030-IMG_5375-300x225.jpg\" alt=\"\" width=\"300\" height=\"225\" srcset=\"https:\/\/www.sdxf.se\/WP\/wp-content\/uploads\/2017\/08\/20141030-IMG_5375-300x225.jpg 300w, https:\/\/www.sdxf.se\/WP\/wp-content\/uploads\/2017\/08\/20141030-IMG_5375-768x576.jpg 768w, https:\/\/www.sdxf.se\/WP\/wp-content\/uploads\/2017\/08\/20141030-IMG_5375-400x300.jpg 400w, https:\/\/www.sdxf.se\/WP\/wp-content\/uploads\/2017\/08\/20141030-IMG_5375.jpg 1000w\" sizes=\"auto, (max-width: 300px) 100vw, 300px\" \/><\/a>finns p\u00e5 plats i skolan i Parka.<\/p>\n<p style=\"text-align: left;\">Egen eller hyrd bil \u00e4r n\u00e4stan ett m\u00e5ste allts\u00e5. Med bil s\u00f6derifr\u00e5n via T\u00f6re, \u00d6verkalix (l\u00e4mpligt att storhandla h\u00e4r vid uppresan), T\u00e4rend\u00f6, Junosuando, Kangos. 300 km med bil fr\u00e5n Lule\u00e5. Snabb v\u00e4g men se upp f\u00f6r ren. Vid ren-p\u00e5k\u00f6rning ring Polisen och ta hand om \u00f6ronen fr\u00e5n renen! Skadad ren avlivas f\u00f6rst&#8230;<\/p>\n<p style=\"text-align: left;\">Normalt beh\u00f6ver man inte vara r\u00e4dd f\u00f6r att k\u00f6ra p\u00e5 en ren eftersom de som regel r\u00f6r sig s\u00e4vligt. D\u00e4remot flyttar de sig inte fr\u00e5n v\u00e4gen&#8230; Styr inte av v\u00e4gen f\u00f6r att r\u00e4dda en ren! D\u00e5 kan det g\u00e5 v\u00e4ldigt illa! Att k\u00f6ra p\u00e5 ger d\u00e4remot som regel hanterbara skador och bilen kan k\u00f6ras vidare. Viktigt om det \u00e4r v\u00e4ldigt kallt!<\/p>\n<h2><span style=\"margin: 0px; color: black; font-family: 'Arial',sans-serif; font-size: 14pt;\"><b>Service<\/b><\/span><\/h2>\n<p style=\"text-align: left;\">Ingenting i Parka. I Kangos (ca 30 km bort) finns n\u00e4rmaste butik. Holmas Lanthandel har \u00e4ven bensin, Apoteks- och Systembolagsutl\u00e4mning. Numera kan man handla dygnet runt genom att \u00f6ppna butiksd\u00f6rren med BankID och sj\u00e4lvskanna sina varor. Det \u00e4r 100 km till Pajala f\u00f6r bank, post och annan service. Viss service \u00e4ven halvv\u00e4gs till Pajala i Junosuando eller Muodoslompolo.<\/p>\n<h2><span style=\"margin: 0px; color: black; font-family: 'Arial',sans-serif; font-size: 14pt;\"><b>Klimat<\/b><\/span><\/h2>\n<p style=\"text-align: left;\">Normalt inlandsklimat, -20\u00b0 \u00b1 10\u00b0 kan f\u00f6rv\u00e4ntas de flesta dagarna runt ny\u00e5r. Temperaturen kan g\u00e5 under -40\u00b0 (-50\u00b0 oxo) i januari till mars, men det \u00e4r undantag. Inte s\u00e5 kallt som det l\u00e5ter&#8230; Sn\u00f6djupet blir en halvmeter till dryga metern fram\u00e5t v\u00e5rvintern. SMHI har m\u00e4tstation i Parkalompolo.<\/p>\n<h2><span style=\"margin: 0px; color: black; font-family: 'Arial',sans-serif; font-size: 14pt;\"><b>Parkalompolo<\/b><\/span><\/h2>\n<p style=\"text-align: justify;\">Avfolkas snabbt men \u00e4r ett popul\u00e4rt st\u00e4lle helger och sommartid.\u00a0Mest k\u00e4nt f\u00f6r sitt fotbollslag.<\/p>\n<h2><span style=\"margin: 0px; color: black; font-family: 'Arial',sans-serif; font-size: 14pt;\"><b>Pajala kommun<a href=\"https:\/\/www.sdxf.se\/WP\/wp-content\/uploads\/2017\/08\/Pajala_kommun.jpg\"><img loading=\"lazy\" decoding=\"async\" class=\"wp-image-5321 alignright\" src=\"https:\/\/www.sdxf.se\/WP\/wp-content\/uploads\/2017\/08\/Pajala_kommun.jpg\" alt=\"\" width=\"122\" height=\"54\" \/><\/a><\/b><\/span><\/h2>\n<p><a href=\"https:\/\/www.visitpajala.se\/\" target=\"_blank\" rel=\"noopener noreferrer\">Visit Pajala<\/a><\/p>\n<h4><span style=\"margin: 0px; color: black; font-family: 'Arial',sans-serif; font-size: 14pt;\"><b>PIK<a href=\"https:\/\/www.sdxf.se\/WP\/wp-content\/uploads\/2017\/08\/Parka-IK.png\"><img loading=\"lazy\" decoding=\"async\" class=\"alignright wp-image-5322\" src=\"https:\/\/www.sdxf.se\/WP\/wp-content\/uploads\/2017\/08\/Parka-IK.png\" alt=\"\" width=\"84\" height=\"84\" \/><\/a><\/b><\/span><\/h4>\n<p><a href=\"https:\/\/www.laget.se\/PARKA\" target=\"_blank\" rel=\"noopener noreferrer\">Parkalompolo Idrottsklubb<\/a><br \/>\nVerksamheten best\u00e5r mest av fotboll, l\u00e4ngdskid\u00e5kning (Bingolotto) samt drift av f.d. skolan.<\/p>\n<h4><span style=\"margin: 0px; color: black; font-family: 'Arial',sans-serif; font-size: 14pt;\"><b>Kontaktpersoner<\/b><\/span><\/h4>\n<p><strong>Tekniska och praktiska fr\u00e5gor<\/strong>: Sigvard Andersson (A). Tel: 070-667 17 12. Mejl: <a href=\"mailto:sig-a@telia.com\" target=\"_blank\" rel=\"noopener\">sig-a@telia.com<\/a><\/p>\n<p><strong>Bokning och betalning<\/strong>: Per Eriksson (PE). Tel: 070-837 36 92. Mejl: <a href=\"mailto:per@eriksson.eu\" target=\"_blank\" rel=\"noopener\">per@eriksson.eu<\/a><\/p>\n<p><strong>PIK<\/strong>: Rolf Gunnelbrand. Tel: 076-820 24 44.<\/p>\n<h4><span style=\"margin: 0px; color: black; font-family: 'Arial',sans-serif; font-size: 14pt;\"><b>Antennpark<\/b><\/span><\/h4>\n<p><img loading=\"lazy\" decoding=\"async\" class=\" wp-image-11371 alignleft\" src=\"https:\/\/www.sdxf.se\/WP\/wp-content\/uploads\/2021\/10\/parkaantenner-300x123.png\" alt=\"\" width=\"500\" height=\"205\" srcset=\"https:\/\/www.sdxf.se\/WP\/wp-content\/uploads\/2021\/10\/parkaantenner-300x123.png 300w, https:\/\/www.sdxf.se\/WP\/wp-content\/uploads\/2021\/10\/parkaantenner.png 635w\" sizes=\"auto, (max-width: 500px) 100vw, 500px\" \/><\/p>\n<p>&nbsp;<\/p>\n<p>&nbsp;<\/p>\n","protected":false},"excerpt":{"rendered":"<p>Lokaler och utrustning F\u00f6re detta skola. Relativt modern. Vi kan utnyttja ett rum med fyra b\u00e4ddar, ett rum med tv\u00e5 b\u00e4ddar, ett rum med ytterligare tv\u00e5 b\u00e4ddar (plus eventuell extrab\u00e4dd). Rummet f\u00f6r lyssnande \u00e4r stort och i direkt anslutning till <span class=\"excerpt-dots\">&hellip;<\/span> <a class=\"more-link\" href=\"https:\/\/www.sdxf.se\/WP\/?page_id=5220\"><span class=\"more-msg\">L\u00e4s mer &rarr;<\/span><\/a><\/p>\n","protected":false},"author":2,"featured_media":0,"parent":5218,"menu_order":1,"comment_status":"closed","ping_status":"closed","template":"","meta":{"footnotes":""},"class_list":["post-5220","page","type-page","status-publish","hentry"],"_links":{"self":[{"href":"https:\/\/www.sdxf.se\/WP\/index.php?rest_route=\/wp\/v2\/pages\/5220","targetHints":{"allow":["GET"]}}],"collection":[{"href":"https:\/\/www.sdxf.se\/WP\/index.php?rest_route=\/wp\/v2\/pages"}],"about":[{"href":"https:\/\/www.sdxf.se\/WP\/index.php?rest_route=\/wp\/v2\/types\/page"}],"author":[{"embeddable":true,"href":"https:\/\/www.sdxf.se\/WP\/index.php?rest_route=\/wp\/v2\/users\/2"}],"replies":[{"embeddable":true,"href":"https:\/\/www.sdxf.se\/WP\/index.php?rest_route=%2Fwp%2Fv2%2Fcomments&post=5220"}],"version-history":[{"count":73,"href":"https:\/\/www.sdxf.se\/WP\/index.php?rest_route=\/wp\/v2\/pages\/5220\/revisions"}],"predecessor-version":[{"id":21957,"href":"https:\/\/www.sdxf.se\/WP\/index.php?rest_route=\/wp\/v2\/pages\/5220\/revisions\/21957"}],"up":[{"embeddable":true,"href":"https:\/\/www.sdxf.se\/WP\/index.php?rest_route=\/wp\/v2\/pages\/5218"}],"wp:attachment":[{"href":"https:\/\/www.sdxf.se\/WP\/index.php?rest_route=%2Fwp%2Fv2%2Fmedia&parent=5220"}],"curies":[{"name":"wp","href":"https:\/\/api.w.org\/{rel}","templated":true}]}}