{"id":5516,"date":"2017-09-21T23:29:31","date_gmt":"2017-09-21T21:29:31","guid":{"rendered":"http:\/\/www.sdxf.se\/WP\/?page_id=5516"},"modified":"2024-08-06T08:30:25","modified_gmt":"2024-08-06T06:30:25","slug":"klubbar-och-klubbtidningar","status":"publish","type":"page","link":"https:\/\/www.sdxf.se\/WP\/?page_id=5516","title":{"rendered":"Arkivets klubbtidningar"},"content":{"rendered":"<p style=\"text-align: left;\">Sverige har genom \u00e5ren haft otaliga DX-klubbar. \u00c4ven p\u00e5 riktigt sm\u00e5 orter bildade radiointresserade f\u00f6reningar f\u00f6r att tillsammans f\u00e5 ut mer av sin gemensamma hobby. M\u00e5nga av dessa klubbar hade egna tidningar.<\/p>\n<p style=\"text-align: left;\"><a href=\"https:\/\/www.sdxf.se\/WP\/wp-content\/uploads\/2017\/09\/Dipolen-1958-3-front.jpg\"><img loading=\"lazy\" decoding=\"async\" class=\"alignleft size-medium wp-image-5536\" src=\"https:\/\/www.sdxf.se\/WP\/wp-content\/uploads\/2017\/09\/Dipolen-1958-3-front-211x300.jpg\" alt=\"\" width=\"211\" height=\"300\" srcset=\"https:\/\/www.sdxf.se\/WP\/wp-content\/uploads\/2017\/09\/Dipolen-1958-3-front-211x300.jpg 211w, https:\/\/www.sdxf.se\/WP\/wp-content\/uploads\/2017\/09\/Dipolen-1958-3-front.jpg 632w\" sizes=\"auto, (max-width: 211px) 100vw, 211px\" \/><\/a>Dessa sidor p\u00e5 SDXF:s webb \u00e4r lite av en byggarbetsplats d\u00e4r vi efter hand l\u00e4gger ut information om klubbarna och s\u00e5 l\u00e5ngt det \u00e4r m\u00f6jligt arkiverar deras tidningar. Detta digitala arkiv kommer nog aldrig att bli komplett, men vi jobbar p\u00e5 att bygga ut det s\u00e5 l\u00e5ngt vi f\u00f6rm\u00e5r.<\/p>\n<p style=\"text-align: left;\">Sedan \u00e5r 2018 arbetar vi tillsammans med V\u00e4stkustens DX-Klubb med att skanna in de samlingar av tidningar SDXF redan har i arkivet. D\u00e4refter \u00e4r tanken att komplettera med s\u00e5dant vi idag saknar.<\/p>\n<p style=\"text-align: left;\">T\u00e4nk p\u00e5 att flertalet av dessa dessa tidningar \u00e4r publicerade l\u00e5ngt innan det fanns dator i hemmen och innan n\u00e5gon k\u00e4nde till begreppet &#8221;desktop publishing&#8221;. Det \u00e4r massor av h\u00e5rt jobb som ligger bakom, f\u00f6r hand och eller framf\u00f6r skrivmaskinen. Sedan ofta en oj\u00e4mn kamp mot spritduplikatorn eller stencileringsapparaten. Stenciler som kladdar, papper som fastnar och s\u00e5 vidare&#8230; Var du kanske med och k\u00e4nner igen det? Kan du fortfarande k\u00e4nna doften fr\u00e5n spritduplikatorn eller ozonlukten fr\u00e5n elstencilbr\u00e4nnaren?<\/p>\n<p style=\"text-align: left;\">En del av de tidningar vi skannat har varit enkla jobb &#8211; in i skannern och ut med fina PDF:er. Andra har varit mer utmanande, fulla med veck och hund\u00f6ron. Speciellt s\u00e5dana tidningar som \u00e4r spritduplicerade har tappat mycket av sin forna f\u00e4rg och p\u00e5 en del lyser baksidan igenom. Ibland har h\u00e4ftklammern gjort besv\u00e4rliga h\u00e5l &#8211; och s\u00e5 vidare. D\u00e5 har vi f\u00e5tt skanna om igen p\u00e5 olika s\u00e4tt. Ibland har det dessutom beh\u00f6vts efterarbete i datorn f\u00f6r att f\u00e5 ihop dem.<\/p>\n<p style=\"text-align: left;\">S\u00e5 om allt inte \u00e4r perfekt &#8211; vi har gjort s\u00e5 gott det g\u00e5r. \u00c4r n\u00e5got helt tokigt kan du mejla till <a href=\"mailto:webred@sdxf.se\" target=\"_blank\" rel=\"noopener\">webred@sdxf.se<\/a>, s\u00e5 f\u00e5r vi se om det \u00e4r n\u00e5got som kan r\u00e4ttas till.<\/p>\n<p style=\"text-align: left;\">Under arbetet med att skanna klubbtidningar har vi som jobbat med det blivit m\u00e4kta imponerade \u00f6ver alla fantastiska DX-tidningar som tagits fram. Stor respekt f\u00f6r allt arbete som lagts ner p\u00e5 dem. V\u00e5r f\u00f6rhoppning \u00e4r att du ocks\u00e5 ska uppskatta dem s\u00e5 h\u00e4r i efterhand.<\/p>\n<p style=\"text-align: left;\">\u00c4r du nyfiken p\u00e5 hur m\u00e5nga DX-klubbar det funnits landet runt? Torsten &#8221;Tosso&#8221; S\u00f6derstr\u00f6m har st\u00e4llt samman en lista \u00f6ver <a href=\"https:\/\/www.sdxf.se\/WP\/?page_id=12207\" target=\"_blank\" rel=\"noopener\">svenska DX-klubbar genom tiderna<\/a> och av den framg\u00e5r ocks\u00e5 tidningarnas namn.<\/p>\n","protected":false},"excerpt":{"rendered":"<p>Sverige har genom \u00e5ren haft otaliga DX-klubbar. \u00c4ven p\u00e5 riktigt sm\u00e5 orter bildade radiointresserade f\u00f6reningar f\u00f6r att tillsammans f\u00e5 ut mer av sin gemensamma hobby. M\u00e5nga av dessa klubbar hade egna tidningar. Dessa sidor p\u00e5 SDXF:s webb \u00e4r lite av <span class=\"excerpt-dots\">&hellip;<\/span> <a class=\"more-link\" href=\"https:\/\/www.sdxf.se\/WP\/?page_id=5516\"><span class=\"more-msg\">L\u00e4s mer &rarr;<\/span><\/a><\/p>\n","protected":false},"author":2,"featured_media":0,"parent":870,"menu_order":1,"comment_status":"closed","ping_status":"closed","template":"","meta":{"footnotes":""},"class_list":["post-5516","page","type-page","status-publish","hentry"],"_links":{"self":[{"href":"https:\/\/www.sdxf.se\/WP\/index.php?rest_route=\/wp\/v2\/pages\/5516","targetHints":{"allow":["GET"]}}],"collection":[{"href":"https:\/\/www.sdxf.se\/WP\/index.php?rest_route=\/wp\/v2\/pages"}],"about":[{"href":"https:\/\/www.sdxf.se\/WP\/index.php?rest_route=\/wp\/v2\/types\/page"}],"author":[{"embeddable":true,"href":"https:\/\/www.sdxf.se\/WP\/index.php?rest_route=\/wp\/v2\/users\/2"}],"replies":[{"embeddable":true,"href":"https:\/\/www.sdxf.se\/WP\/index.php?rest_route=%2Fwp%2Fv2%2Fcomments&post=5516"}],"version-history":[{"count":31,"href":"https:\/\/www.sdxf.se\/WP\/index.php?rest_route=\/wp\/v2\/pages\/5516\/revisions"}],"predecessor-version":[{"id":18438,"href":"https:\/\/www.sdxf.se\/WP\/index.php?rest_route=\/wp\/v2\/pages\/5516\/revisions\/18438"}],"up":[{"embeddable":true,"href":"https:\/\/www.sdxf.se\/WP\/index.php?rest_route=\/wp\/v2\/pages\/870"}],"wp:attachment":[{"href":"https:\/\/www.sdxf.se\/WP\/index.php?rest_route=%2Fwp%2Fv2%2Fmedia&parent=5516"}],"curies":[{"name":"wp","href":"https:\/\/api.w.org\/{rel}","templated":true}]}}