{"id":5621,"date":"2017-09-23T00:47:41","date_gmt":"2017-09-22T22:47:41","guid":{"rendered":"http:\/\/www.sdxf.se\/WP\/?page_id=5621"},"modified":"2023-07-03T20:56:28","modified_gmt":"2023-07-03T18:56:28","slug":"om-inloggning","status":"publish","type":"page","link":"https:\/\/www.sdxf.se\/WP\/?page_id=5621","title":{"rendered":"Inloggning"},"content":{"rendered":"<p>F\u00f6r att komma \u00e5t den l\u00f6senordsskyddade delen av v\u00e5r webbplats m\u00e5ste du vara medlem i Sveriges DX-F\u00f6rbund. Vill du till exempel h\u00e4mta v\u00e5r tidning Eter-Aktuellt, l\u00e4sa inskannade historiska DX-tidningar, hitta fram till v\u00e5ra fj\u00e4rrmottagare och s\u00e5 vidare beh\u00f6ver du f\u00f6rst logga in.<\/p>\n<ul>\n<li>Om du \u00e4r medlem och redan beg\u00e4rt och f\u00e5tt inloggningsuppgifter s\u00e5 kan du logga in <a href=\"https:\/\/www.sdxf.se\/WP\/wp-login.php\"><strong>H\u00c4R<\/strong><\/a><\/li>\n<li>Om du \u00e4r medlem och \u00e4nnu inte beg\u00e4rt inloggningsuppgifter kan du g\u00f6ra det <a href=\"https:\/\/www.sdxf.se\/WP\/?page_id=715\"><strong>H\u00c4R<\/strong><\/a>. OBSERVERA! Vi hanterar detta manuellt och det kan ta inemot en arbetsvecka innan du f\u00e5r svar.<\/li>\n<li>Om du inte \u00e4r medlem \u00e4nnu men skulle vilja bli det s\u00e5 kan du l\u00e4sa mera <strong><a href=\"https:\/\/www.sdxf.se\/WP\/?page_id=1037\">H\u00c4R<\/a><\/strong><\/li>\n<\/ul>\n<p>&nbsp;<\/p>\n<p>D\u00e5 det inte \u00e4r helt sj\u00e4lvklart hur man ska g\u00f6ra f\u00f6r att logga in p\u00e5 v\u00e5r webb har vi tagit fram en instruktion i pdf-format som du kan h\u00e4mta <a href=\"https:\/\/www.sdxf.se\/WP\/wp-content\/uploads\/2023\/04\/login_swe_2023.pdf\" target=\"_blank\" rel=\"noopener\"><strong>H\u00c4R.<\/strong><\/a> H\u00f6r av dig till <a href=\"mailto:webred@sdxf.se\" target=\"_blank\" rel=\"noopener\">webred@sdxf.se<\/a> om du upplever inloggningsproblem.<\/p>\n<p>And yes, of course, <a href=\"https:\/\/www.sdxf.se\/WP\/wp-content\/uploads\/2023\/04\/login_eng_2023.pdf\" target=\"_blank\" rel=\"noopener\"><strong>HERE<\/strong><\/a> we have an instruction in English for our International members on how to get a password and for logging in to our site.<\/p>\n","protected":false},"excerpt":{"rendered":"<p>F\u00f6r att komma \u00e5t den l\u00f6senordsskyddade delen av v\u00e5r webbplats m\u00e5ste du vara medlem i Sveriges DX-F\u00f6rbund. Vill du till exempel h\u00e4mta v\u00e5r tidning Eter-Aktuellt, l\u00e4sa inskannade historiska DX-tidningar, hitta fram till v\u00e5ra fj\u00e4rrmottagare och s\u00e5 vidare beh\u00f6ver du f\u00f6rst <span class=\"excerpt-dots\">&hellip;<\/span> <a class=\"more-link\" href=\"https:\/\/www.sdxf.se\/WP\/?page_id=5621\"><span class=\"more-msg\">L\u00e4s mer &rarr;<\/span><\/a><\/p>\n","protected":false},"author":6,"featured_media":0,"parent":870,"menu_order":8,"comment_status":"closed","ping_status":"closed","template":"","meta":{"footnotes":""},"class_list":["post-5621","page","type-page","status-publish","hentry"],"_links":{"self":[{"href":"https:\/\/www.sdxf.se\/WP\/index.php?rest_route=\/wp\/v2\/pages\/5621","targetHints":{"allow":["GET"]}}],"collection":[{"href":"https:\/\/www.sdxf.se\/WP\/index.php?rest_route=\/wp\/v2\/pages"}],"about":[{"href":"https:\/\/www.sdxf.se\/WP\/index.php?rest_route=\/wp\/v2\/types\/page"}],"author":[{"embeddable":true,"href":"https:\/\/www.sdxf.se\/WP\/index.php?rest_route=\/wp\/v2\/users\/6"}],"replies":[{"embeddable":true,"href":"https:\/\/www.sdxf.se\/WP\/index.php?rest_route=%2Fwp%2Fv2%2Fcomments&post=5621"}],"version-history":[{"count":20,"href":"https:\/\/www.sdxf.se\/WP\/index.php?rest_route=\/wp\/v2\/pages\/5621\/revisions"}],"predecessor-version":[{"id":15596,"href":"https:\/\/www.sdxf.se\/WP\/index.php?rest_route=\/wp\/v2\/pages\/5621\/revisions\/15596"}],"up":[{"embeddable":true,"href":"https:\/\/www.sdxf.se\/WP\/index.php?rest_route=\/wp\/v2\/pages\/870"}],"wp:attachment":[{"href":"https:\/\/www.sdxf.se\/WP\/index.php?rest_route=%2Fwp%2Fv2%2Fmedia&parent=5621"}],"curies":[{"name":"wp","href":"https:\/\/api.w.org\/{rel}","templated":true}]}}