{"id":6405,"date":"2018-01-05T19:01:21","date_gmt":"2018-01-05T18:01:21","guid":{"rendered":"http:\/\/www.sdxf.se\/WP\/?page_id=6405"},"modified":"2024-08-03T09:57:39","modified_gmt":"2024-08-03T07:57:39","slug":"qsl","status":"publish","type":"page","link":"https:\/\/www.sdxf.se\/WP\/?page_id=6405","title":{"rendered":"QSL"},"content":{"rendered":"<p>QSL \u00e4r en Q-f\u00f6rkortning f\u00f6r radioamat\u00f6rer som betyder &#8221;Jag kvitterar&#8221;.\u00a0 F\u00f6r DX-aren \u00e4r QSL-kort och QSL-brev, samt numera \u00e4ven QSL-mejl, en kvittens eller verfiering av att den lyssnarrapport man skickat till en radiostation har bekr\u00e4ftats vara riktig.<\/p>\n<p>Lyssnarraporten \u00e4r det s\u00e4tt DX-aren har att tala om f\u00f6r en radiostation att han h\u00f6rt deras program och QSL:et \u00e4r den kvittens hen g\u00e4rna vill f\u00e5 fr\u00e5n dem. QSL-samlandet \u00e4r en viktig del av hobbyn f\u00f6r m\u00e5nga DX-are och det ger en bild av vilka l\u00e4nder och radiostationer hen har kunnat lyssna p\u00e5.<\/p>\n<p>Mer information om lyssnarrapporter finner du under <a href=\"https:\/\/www.sdxf.se\/WP\/?page_id=199\" target=\"_blank\" rel=\"noopener\">Att skriva lyssnarrapport<\/a>.<\/p>\n<p>F\u00f6r dig som vill avnjuta QSL-kort, QSL-brev, vimplar och annat fr\u00e5n \u00e4ldre tider s\u00e5 har vi inskannade samlingar <a href=\"https:\/\/www.sdxf.se\/WP\/?page_id=1149\"><strong>H\u00c4R<\/strong><\/a>.<\/p>\n<p>Du hittar f\u00f6r n\u00e4rvarande fem mappar p\u00e5 denna sida: Harry Holm (inskannat av John Ekwall), Johan Berglund (inskannat av Moritz Saarman och Lennart Weirell), B\u00f6rge Eriksson (inskannat av Nils Jacobsson), Ulf Lewin (inskannat av Moritz Saarman) och Jan Rasmusson (inskannat av John Ekwall). TACK till dem som hj\u00e4lpt till att skanna!<\/p>\n<p>Mer historiskt material kommer att l\u00e4ggas till efter hand.<\/p>\n","protected":false},"excerpt":{"rendered":"<p>QSL \u00e4r en Q-f\u00f6rkortning f\u00f6r radioamat\u00f6rer som betyder &#8221;Jag kvitterar&#8221;.\u00a0 F\u00f6r DX-aren \u00e4r QSL-kort och QSL-brev, samt numera \u00e4ven QSL-mejl, en kvittens eller verfiering av att den lyssnarrapport man skickat till en radiostation har bekr\u00e4ftats vara riktig. Lyssnarraporten \u00e4r det <span class=\"excerpt-dots\">&hellip;<\/span> <a class=\"more-link\" href=\"https:\/\/www.sdxf.se\/WP\/?page_id=6405\"><span class=\"more-msg\">L\u00e4s mer &rarr;<\/span><\/a><\/p>\n","protected":false},"author":2,"featured_media":0,"parent":0,"menu_order":11,"comment_status":"closed","ping_status":"closed","template":"","meta":{"footnotes":""},"class_list":["post-6405","page","type-page","status-publish","hentry"],"_links":{"self":[{"href":"https:\/\/www.sdxf.se\/WP\/index.php?rest_route=\/wp\/v2\/pages\/6405","targetHints":{"allow":["GET"]}}],"collection":[{"href":"https:\/\/www.sdxf.se\/WP\/index.php?rest_route=\/wp\/v2\/pages"}],"about":[{"href":"https:\/\/www.sdxf.se\/WP\/index.php?rest_route=\/wp\/v2\/types\/page"}],"author":[{"embeddable":true,"href":"https:\/\/www.sdxf.se\/WP\/index.php?rest_route=\/wp\/v2\/users\/2"}],"replies":[{"embeddable":true,"href":"https:\/\/www.sdxf.se\/WP\/index.php?rest_route=%2Fwp%2Fv2%2Fcomments&post=6405"}],"version-history":[{"count":10,"href":"https:\/\/www.sdxf.se\/WP\/index.php?rest_route=\/wp\/v2\/pages\/6405\/revisions"}],"predecessor-version":[{"id":18422,"href":"https:\/\/www.sdxf.se\/WP\/index.php?rest_route=\/wp\/v2\/pages\/6405\/revisions\/18422"}],"wp:attachment":[{"href":"https:\/\/www.sdxf.se\/WP\/index.php?rest_route=%2Fwp%2Fv2%2Fmedia&parent=6405"}],"curies":[{"name":"wp","href":"https:\/\/api.w.org\/{rel}","templated":true}]}}