{"id":6998,"date":"2018-05-24T20:02:19","date_gmt":"2018-05-24T18:02:19","guid":{"rendered":"http:\/\/www.sdxf.se\/WP\/?page_id=6998"},"modified":"2023-07-03T20:51:48","modified_gmt":"2023-07-03T18:51:48","slug":"medlemsuppgifter-och-datalagring","status":"publish","type":"page","link":"https:\/\/www.sdxf.se\/WP\/?page_id=6998","title":{"rendered":"Medlemsuppgifter och datalagring"},"content":{"rendered":"<p style=\"text-align: left;\">I maj 2018 ersattes PUL (Personuppgiftslagen) av en EU-t\u00e4ckande lag, dataskyddsf\u00f6rordningen (GDPR, General Data Protection Regulation). Sveriges DX-F\u00f6rbund (SDXF) har givetvis f\u00f6ljt PUL och vi hedrar \u00e4ven GDPR.<\/p>\n<p style=\"text-align: left;\">Du kan vara s\u00e4ker p\u00e5 att de uppgifter vi har om dig ocks\u00e5 i forts\u00e4ttningen kommer att hanteras mycket varsamt. Det framg\u00e5r bland annat av v\u00e5ra stadgar.<\/p>\n<h4 style=\"text-align: left;\">Medgivande till datalagring<\/h4>\n<p style=\"text-align: left;\">Som medlem anses du acceptera att vi lagrar n\u00e5gra basuppgifter om dig, bland annat dina adressuppgifter, (postadress och\/eller mailadress) eftersom du sj\u00e4lv skickat in dessa till oss i samband med inbetalningen av \u00e5rsavgiften. Att vi lagrar vilket \u00e5r inbetalningen g\u00e4ller och vid vilken tidpunkt inbetalningen gjorts \u00e4r ocks\u00e5 givet. Det h\u00e4r \u00e4r f\u00f6r \u00f6vrigt uppgifter som vi m\u00e5ste spara enligt bokf\u00f6ringslagarna.<\/p>\n<h4 style=\"text-align: left;\">Lagrar vi annan information om dig?<\/h4>\n<p style=\"text-align: left;\">Ja, vi lagrar ditt medlemsnummer och din DX-signatur! Vi lagrar \u00e4ven vilka tidigare \u00e5r som du varit medlem, dels f\u00f6r att kunna skicka p\u00e5minnelser om \u00e5rsavgifter och dels f\u00f6r att kunna prognostisera medlemsutvecklingen de kommande \u00e5ren. F\u00f6delse\u00e5r finns i v\u00e5rt register, ocks\u00e5 det f\u00f6r att kunna prognostisera medlemsutvecklingen. Vi lagrar naturligtvis ocks\u00e5 ditt l\u00f6senord f\u00f6r inloggningen till v\u00e5ra medlemssidor p\u00e5 webben. Vi lagrar \u00e4ven om du f\u00e5tt ta del av s\u00e4rskilda utskick eller utm\u00e4rkelser, t.ex. om du f\u00e5tt DX-Boken, och om du f\u00e5tt f\u00f6rtj\u00e4nstmedaljer eller rent av stipendier.<\/p>\n<h4 style=\"text-align: left;\">Dina uppgifter i medlemstidningen och webben<\/h4>\n<p style=\"text-align: left;\">Du anses ocks\u00e5 acceptera att ditt namn och\/eller signatur finns \u00e5tergivet i de lyssnarspalter till vilka du sj\u00e4lv skickat in bidrag.<\/p>\n<h4 style=\"text-align: left;\">Vilka f\u00e5r ta del av uppgifterna?<\/h4>\n<p style=\"text-align: left;\">1) SDXF:s styrelse har tillg\u00e5ng till alla uppgifter.<\/p>\n<p style=\"text-align: left;\">2) Tryckeriet som skickar ut tidningen f\u00e5r tillg\u00e5ng, men bara till dina adressuppgifter (och din signatur plus medlemsnummer som finns p\u00e5 adressetiketten).<\/p>\n<p style=\"text-align: left;\">3) Om du p\u00e5 direkt fr\u00e5ga fr\u00e5n SDXF samtyckt kan vi l\u00e5ta DX-are i din n\u00e4rhet f\u00e5 veta ditt namn och adress.<\/p>\n<p style=\"text-align: left;\">4) Styrelsen fo\u0308r klubbar anslutna till SDXF samt SDXF:s lokala kontaktombud kan fa\u030a tillga\u030ang till adresslistor fo\u0308r sitt na\u0308romra\u030ade, fo\u0308r utskick av klubbinformation, till de som varit SDXF-medlem under senare tid.<\/p>\n<h4 style=\"text-align: left;\">Registerutdrag<\/h4>\n<p style=\"text-align: left;\">Ett utdrag ur v\u00e5rt register, med de uppgifter som finns lagrade om dig, kan du f\u00e5 om du kontaktar registratorn (<a href=\"mailto:registrator@sdxf.se\">registrator@sdxf.se<\/a>).<\/p>\n<h4 style=\"text-align: left;\">Automatisk st\u00e4dning<\/h4>\n<p style=\"text-align: left;\">N\u00e4r du inte varit medlem hos oss under ett antal \u00e5r, kommer de mesta av dina uppgifter att rensas ut, dock inte din signatur och ditt namn. Vi vill inte att n\u00e5gon ny medlem ska r\u00e5ka f\u00e5 din signatur, med de f\u00f6rv\u00e4xlingar det kan leda till.<\/p>\n<h4 style=\"text-align: left;\">Om du INTE \u2026<\/h4>\n<p style=\"text-align: left;\">Om du INTE accepterar denna datalagring kan vi naturligtvis rensa bort dina uppgifter fr\u00e5n registret, men vi kommer d\u00e5 heller inte att kunna skicka dig medlemstidningen, inte till\u00e5ta inloggning p\u00e5 webben, inte att identifiera dig som medlem inf\u00f6r \u00e5rsm\u00f6tet, mm. Kort sagt: Om du inte till\u00e5ter oss att lagra dina uppgifter, kan du inte bli medlem hos oss. Tyv\u00e4rr!<\/p>\n<h4 style=\"text-align: left;\">Rensning<\/h4>\n<p style=\"text-align: left;\">Kontakta <a href=\"mailto:registrator@sdxf.se\">registrator@sdxf.se<\/a>, eller skicka ett brev till oss, om du vill att dina uppgifter rensas fr\u00e5n v\u00e5rt medlemsregister.<\/p>\n<p style=\"text-align: left;\">Publicerade och distribuerade tryckta tidskrifter med artiklar d\u00e4r ditt namn ing\u00e5r kan av naturliga sk\u00e4l inte rensas bort i efterhand. Detsamma g\u00e4ller redan publicerade webbsidor och PDF-utg\u00e5vor av medlemstidningen.<\/p>\n","protected":false},"excerpt":{"rendered":"<p>I maj 2018 ersattes PUL (Personuppgiftslagen) av en EU-t\u00e4ckande lag, dataskyddsf\u00f6rordningen (GDPR, General Data Protection Regulation). Sveriges DX-F\u00f6rbund (SDXF) har givetvis f\u00f6ljt PUL och vi hedrar \u00e4ven GDPR. Du kan vara s\u00e4ker p\u00e5 att de uppgifter vi har om dig <span class=\"excerpt-dots\">&hellip;<\/span> <a class=\"more-link\" href=\"https:\/\/www.sdxf.se\/WP\/?page_id=6998\"><span class=\"more-msg\">L\u00e4s mer &rarr;<\/span><\/a><\/p>\n","protected":false},"author":2,"featured_media":0,"parent":11,"menu_order":4,"comment_status":"closed","ping_status":"closed","template":"","meta":{"footnotes":""},"class_list":["post-6998","page","type-page","status-publish","hentry"],"_links":{"self":[{"href":"https:\/\/www.sdxf.se\/WP\/index.php?rest_route=\/wp\/v2\/pages\/6998","targetHints":{"allow":["GET"]}}],"collection":[{"href":"https:\/\/www.sdxf.se\/WP\/index.php?rest_route=\/wp\/v2\/pages"}],"about":[{"href":"https:\/\/www.sdxf.se\/WP\/index.php?rest_route=\/wp\/v2\/types\/page"}],"author":[{"embeddable":true,"href":"https:\/\/www.sdxf.se\/WP\/index.php?rest_route=\/wp\/v2\/users\/2"}],"replies":[{"embeddable":true,"href":"https:\/\/www.sdxf.se\/WP\/index.php?rest_route=%2Fwp%2Fv2%2Fcomments&post=6998"}],"version-history":[{"count":10,"href":"https:\/\/www.sdxf.se\/WP\/index.php?rest_route=\/wp\/v2\/pages\/6998\/revisions"}],"predecessor-version":[{"id":14397,"href":"https:\/\/www.sdxf.se\/WP\/index.php?rest_route=\/wp\/v2\/pages\/6998\/revisions\/14397"}],"up":[{"embeddable":true,"href":"https:\/\/www.sdxf.se\/WP\/index.php?rest_route=\/wp\/v2\/pages\/11"}],"wp:attachment":[{"href":"https:\/\/www.sdxf.se\/WP\/index.php?rest_route=%2Fwp%2Fv2%2Fmedia&parent=6998"}],"curies":[{"name":"wp","href":"https:\/\/api.w.org\/{rel}","templated":true}]}}