{"id":7050,"date":"2018-06-12T11:46:39","date_gmt":"2018-06-12T09:46:39","guid":{"rendered":"http:\/\/www.sdxf.se\/WP\/?page_id=7050"},"modified":"2025-07-06T06:56:56","modified_gmt":"2025-07-06T04:56:56","slug":"the-qsl-award-och-arets-qsl-station","status":"publish","type":"page","link":"https:\/\/www.sdxf.se\/WP\/?page_id=7050","title":{"rendered":"Pirate of the year och \u00c5rets QSL-station"},"content":{"rendered":"<h3>Pirate of the year<\/h3>\n<p style=\"text-align: left;\">\u00c5r 2015 instiftades <strong>The QSL Award<\/strong> av Malm\u00f6 Kortv\u00e5gsklubb, V\u00e4stkustens DX-Klubb och Shortwave Combination Holland. F\u00f6rhoppningen med priset var att uppmuntra piratstationer att besvara lyssnarrapporter. Lyssnare nominerar den station man tycker har varit duktig p\u00e5 att verifiera rapporter och en jury fr\u00e5n de tre klubbarna g\u00e5r igenom nomineringarna och utser en vinnare.<\/p>\n<p style=\"text-align: left;\">2018 \u00e4ndrades namnet till <strong>Pirate of the year<\/strong>. F\u00f6rutom QSL-vilja bed\u00f6ms \u00e4ven aktivitet i etern och lyssnarkontakt via exempelvis chattar hos nominerade stationer. Fr\u00e5n och med \u00e5r 2022 st\u00e5r Malm\u00f6 Kortv\u00e5gsklubb och Shortwave Combination Holland bakom priset &#8211; som delas ut i samband med piraternas sommarm\u00f6te i Nederl\u00e4nderna.<\/p>\n<p><strong>2025<\/strong> Radio Blackstone<\/p>\n<p><strong>2024<\/strong> Radio Akenzo<\/p>\n<p><strong>2023<\/strong> Radio Panda<\/p>\n<p><strong>2022<\/strong> Misti Radio<\/p>\n<p><span style=\"background-color: white;\"><strong>2021<\/strong> Inget pris utdelat p.g.a. covid-19<\/span><\/p>\n<p><strong>2020<\/strong> Inget pris utdelat p.g.a. covid-19<\/p>\n<p><strong>2019<\/strong> Doctor Tim<\/p>\n<p><strong>2018<\/strong>\u00a0 Radio Relmus<\/p>\n<p><strong>2017<\/strong> \u00a0Radio Merlin<\/p>\n<p><strong>2016<\/strong> \u00a0Radio Armada<\/p>\n<h3>\u00c5rets QSL-station<\/h3>\n<p style=\"text-align: justify;\">P\u00e5 DX-Parlamentet 1986 i \u00d6rebro beslutades att utse, genom omr\u00f6stning i Eter-Aktuellt, \u201d\u00c5rets QSL-station\u201d \u2013 den eller de stationer som glatt DX-are med ett positivt besvarande av rapporter.<\/p>\n<p style=\"text-align: justify;\">Styrelsen f\u00f6r Volvo DX-Klubb blev utsedd att bearbeta och v\u00e4lja station (ev. stationer) bland de inkomna r\u00f6sterna. Priset best\u00e5r av ett diplom.<\/p>\n<p style=\"text-align: justify;\">2012 &#8211; 2014 delades inget pris ut p\u00e5 grund av bristande intresse.<\/p>\n<p style=\"text-align: justify;\">Vid \u00c5rsm\u00f6tet 2015 fick Lars Bergstr\u00f6m i uppdrag att med utg\u00e5ngspunkt fr\u00e5n inrapporterade QSL till QSL-Posten nominera tre stationer f\u00f6r l\u00e4sarna att r\u00f6sta p\u00e5, alternativt l\u00e4gga sin r\u00f6st p\u00e5 ett eget f\u00f6rslag.<\/p>\n<p><strong>2022<\/strong> Harbour Light, Grenada<\/p>\n<p><strong>2021<\/strong> TWR Africa, Eswatini<\/p>\n<p><strong>2020<\/strong> Radio Northern Star, Norge<\/p>\n<p><strong>2019\u00a0<\/strong> Czech Radio CRO Plus, Tjeckien<\/p>\n<p><strong>2018\u00a0<\/strong> Radio Free Asia, Nordmarianerna<\/p>\n<p><strong>2017 \u00a0<\/strong>Reach Beyond, Australien<\/p>\n<p><strong>2016<\/strong> \u00a0Radio Taiwan International, Taiwan<\/p>\n<p><strong>2015<\/strong> \u00a0Radio Romania International, Rum\u00e4nien<\/p>\n<p><strong>2011<\/strong> \u00a0Radio New Zealand, Nya Zealand<\/p>\n<p><strong>2010<\/strong> \u00a0Harbour Light, Grenada<\/p>\n<p><strong>2009<\/strong> \u00a0RDP Internacional, Portugal<\/p>\n<p><strong>2008<\/strong> \u00a0Voice of Turkey, Turkiet<\/p>\n<p><strong>2007<\/strong> \u00a0China Radio International, Kina<\/p>\n<p><strong>2006<\/strong> \u00a0KNR Gr\u00f6nlands Radio, Gr\u00f6nland<\/p>\n<p><strong>2005<\/strong> \u00a0Radio Prag, Tjeckien<\/p>\n<p><strong>2004<\/strong> \u00a0WDHP, Amerikanska Jungfru\u00f6arna<\/p>\n<p><strong>2003<\/strong> \u00a0Radio Japan, Japan<\/p>\n<p><strong>2002<\/strong> \u00a0Radio Burkina, Burkina Faso<\/p>\n<p><strong>2001<\/strong> \u00a0Radio Verdad, Guatemala<\/p>\n<p><strong>2000<\/strong> \u00a0Rysslands R\u00f6st, Ryssland<\/p>\n<p><strong>1999<\/strong> \u00a0Vatikanradion, Vatikanstaten<\/p>\n<p><strong>1998<\/strong> \u00a0Radio St. Helena, St. Helena<\/p>\n<p><strong>1997<\/strong> \u00a0Voice of Hope, Georgien<\/p>\n<p><strong>1996<\/strong> \u00a0Radio Bosnia-Herzegovina, Bosnien och Hercegovina<\/p>\n<p><strong>1995<\/strong> \u00a0UN Radio<\/p>\n<p><strong>1994<\/strong> \u00a0Radio Sierra Leone, Sierra Leone<\/p>\n<p><strong>1993<\/strong> \u00a0Radio Cima, Dominikanska Republiken<\/p>\n<p><strong>1992<\/strong> \u00a0Radio Tashkent, Uzbekistan<\/p>\n<p><strong>1991<\/strong> \u00a0Radio Eco, Reyes, Bolivia<\/p>\n<p><strong>1990<\/strong> \u00a0Radio Club do Angra, Azorerna<\/p>\n<p><strong>1989<\/strong> \u00a0Radio Atl\u00e1ntida, Peru<\/p>\n<p><strong>1988<\/strong> \u00a0Radio Impacto, Costa Rica<\/p>\n<p><strong>1987<\/strong> \u00a0Sani Radio, Honduras<\/p>\n<p><strong>1986<\/strong> \u00a0Radio Botswana, Botswana<\/p>\n","protected":false},"excerpt":{"rendered":"<p>Pirate of the year \u00c5r 2015 instiftades The QSL Award av Malm\u00f6 Kortv\u00e5gsklubb, V\u00e4stkustens DX-Klubb och Shortwave Combination Holland. F\u00f6rhoppningen med priset var att uppmuntra piratstationer att besvara lyssnarrapporter. Lyssnare nominerar den station man tycker har varit duktig p\u00e5 att <span class=\"excerpt-dots\">&hellip;<\/span> <a class=\"more-link\" href=\"https:\/\/www.sdxf.se\/WP\/?page_id=7050\"><span class=\"more-msg\">L\u00e4s mer &rarr;<\/span><\/a><\/p>\n","protected":false},"author":479,"featured_media":0,"parent":240,"menu_order":3,"comment_status":"closed","ping_status":"closed","template":"","meta":{"footnotes":""},"class_list":["post-7050","page","type-page","status-publish","hentry"],"_links":{"self":[{"href":"https:\/\/www.sdxf.se\/WP\/index.php?rest_route=\/wp\/v2\/pages\/7050","targetHints":{"allow":["GET"]}}],"collection":[{"href":"https:\/\/www.sdxf.se\/WP\/index.php?rest_route=\/wp\/v2\/pages"}],"about":[{"href":"https:\/\/www.sdxf.se\/WP\/index.php?rest_route=\/wp\/v2\/types\/page"}],"author":[{"embeddable":true,"href":"https:\/\/www.sdxf.se\/WP\/index.php?rest_route=\/wp\/v2\/users\/479"}],"replies":[{"embeddable":true,"href":"https:\/\/www.sdxf.se\/WP\/index.php?rest_route=%2Fwp%2Fv2%2Fcomments&post=7050"}],"version-history":[{"count":32,"href":"https:\/\/www.sdxf.se\/WP\/index.php?rest_route=\/wp\/v2\/pages\/7050\/revisions"}],"predecessor-version":[{"id":20530,"href":"https:\/\/www.sdxf.se\/WP\/index.php?rest_route=\/wp\/v2\/pages\/7050\/revisions\/20530"}],"up":[{"embeddable":true,"href":"https:\/\/www.sdxf.se\/WP\/index.php?rest_route=\/wp\/v2\/pages\/240"}],"wp:attachment":[{"href":"https:\/\/www.sdxf.se\/WP\/index.php?rest_route=%2Fwp%2Fv2%2Fmedia&parent=7050"}],"curies":[{"name":"wp","href":"https:\/\/api.w.org\/{rel}","templated":true}]}}