{"id":71,"date":"2012-10-03T12:03:41","date_gmt":"2012-10-03T10:03:41","guid":{"rendered":"http:\/\/www.sdxf.se\/WP\/?page_id=71"},"modified":"2023-09-20T18:58:51","modified_gmt":"2023-09-20T16:58:51","slug":"antenner","status":"publish","type":"page","link":"https:\/\/www.sdxf.se\/WP\/?page_id=71","title":{"rendered":"Introduktion till antenner"},"content":{"rendered":"<p style=\"text-align: left;\">F\u00f6r oss DX-are \u00e4r det antennen som g\u00f6r radion! Antenner \u00e4r en r\u00e4tt sn\u00e5rig teknisk sn\u00e5rig djungel som sp\u00e4nner fr\u00e5n enkla inbyggda ferritantenner till tr\u00e5dar p\u00e5 hundratals, eller till och med tusentals, meter. H\u00e4r bjuder vi p\u00e5 en introduktion till de vanligaste antenntyperna.<\/p>\n<p style=\"text-align: left;\"><strong>Inbyggda antenner<\/strong><\/p>\n<p style=\"text-align: left;\">F\u00f6r att ta emot stationer p\u00e5 mellan och l\u00e5ngv\u00e5g kan radion ha en inbyggd s\u00e5 kallad ferritantenn. Den sortens antenn har en viss riktverkan, s\u00e5 du skall vrida p\u00e5 radion f\u00f6r att f\u00e5 b\u00e4sta mottagning. De flesta b\u00e4rbara radioapparater f\u00f6r kortv\u00e5gsmottagning har teleskopantenn. Den \u00e4r oftast fullt tillr\u00e4cklig n\u00e4r du vill lyssna p\u00e5 de internationella radiostationerna.<\/p>\n<p style=\"text-align: left;\"><strong>L-antennen<\/strong><\/p>\n<p style=\"text-align: left;\">Den f\u00f6rsta antennen som en DXare brukar s\u00e4tta upp \u00e4r en horisontell tr\u00e5d med ena \u00e4nden ansluten till radion. S\u00e4tts den upp utomhus ser den ut som ett upp och nedv\u00e4nt L, d\u00e4rav namnet. Kan du s\u00e4tta upp den utomhus, s\u00e5 g\u00f6r det. L\u00e4mplig l\u00e4ngd \u00e4r 10\u201330 meter. Kan du inte s\u00e4tta upp den utomhus, s\u00e5 f\u00e5r du pr\u00f6va att g\u00f6ra det inomhus p\u00e5 n\u00e5got diskret s\u00e4tt. Till exempel kan du s\u00e4tta fast den utmed golvlisten, eller i taket eller varf\u00f6r inte l\u00e4gga den under mattan? Du f\u00e5r acceptera att den inte kan bli s\u00e5 l\u00e5ng som utomhus. Anv\u00e4nd vanlig plastisolerad kabel till antenntr\u00e5d. Anslut antennen till antenning\u00e5ngen p\u00e5 radion eller linda den ett par varv runt teleskopantennen p\u00e5 radion om den saknar s\u00e4rskild antenning\u00e5ng.<\/p>\n<p style=\"text-align: left;\"><strong>Andra antenner<\/strong><\/p>\n<p style=\"text-align: left;\">Du kan ocks\u00e5 som antenn f\u00f6rs\u00f6ka anv\u00e4nda f\u00f6rem\u00e5l i rummet som \u00e4r gjorda av metall: v\u00e4rmeelementet eller gardinst\u00e5ngen \u00e4r exempel p\u00e5 f\u00f6rem\u00e5l som brukar g\u00e5 bra att anv\u00e4nda. Anv\u00e4nd en s\u00e5 kallad krokodilkl\u00e4mma f\u00f6r att s\u00e4tta fast antennledningen vid elementet eller gardinst\u00e5ngen. Se till att f\u00e4rgen \u00e4r bortskrapad d\u00e4r du s\u00e4tter fast krokodilkl\u00e4mman, s\u00e5 att det blir god kontakt.<\/p>\n<p style=\"text-align: left;\">Det \u00e4r bra att ha olika antenner att v\u00e4lja mellan. Vid olika tillf\u00e5llen kommer skilda antenner att visa sig vara b\u00e4st. Ut\u00f6ver den horisontella L-antennen \u00e4r det bra att ha en vertikal antenn som alternativ. Det kan vara ett spr\u00f6t av metall, inomhus eller utomhus, eller en tr\u00e5d som du h\u00e4nger ut genom f\u00f6nstret och som f\u00e5r h\u00e4nga ned utmed v\u00e4ggen.<\/p>\n<p style=\"text-align: left;\"><strong>B\u00e4ttre antenner<\/strong><\/p>\n<p style=\"text-align: left;\">\u00c4r du s\u00e4rskilt intresserad av speciella frekvenser eller speciella riktningar kan du skaffa dig b\u00e4ttre antenner \u00e4n till exempel den universella L-antennen. Det f\u00f6ruts\u00e4tter att du kan s\u00e4tta upp s\u00e5dana antenner utomhus.<\/p>\n<p style=\"text-align: left;\"><strong>Dipolantenn<\/strong><\/p>\n<p style=\"text-align: left;\">Har du en speciell favoritstation inom Europa, och den s\u00e4nder p\u00e5 en best\u00e4md frekvens, kan du g\u00f6ra en dipolantenn. Den ser ut som ett stort T, d\u00e4r mittstapeln \u00e4r nedledningen som \u00e4r ansluten till radion, medan de b\u00e5da liggande armarna \u00e4r sj\u00e4lva antennen.<\/p>\n<p style=\"text-align: left;\">L\u00e4ngden ska anpassas till det frekvensomr\u00e5de du vill lyssna p\u00e5, och de b\u00e5da armarna \u00e4r vardera en kvarts v\u00e5gl\u00e4ngd l\u00e5nga. F\u00f6r att g\u00f6ra en dipolantenn beh\u00f6ver du tv\u00e5 l\u00e4ngder antenntr\u00e5d. Dessa ska knytas ihop, med en isolator emellan. S\u00e4tt ocks\u00e5 en isolator i vardera \u00e4nden. Isolatorn ska vara gjord av ett elektriskt isolerande material. Plast eller porslin brukar vara vanligast. Extra l\u00e5ng tr\u00e5d ger fin riktverkan.<\/p>\n<p style=\"text-align: left;\">Nedledningen ansluts till mitten p\u00e5 antennen. Nedledningen ska vara en koaxialkabel med 50-75 ohms impedans. Ena armen p\u00e5 antennen l\u00f6ds till nedledningens mittledare. Andra armen l\u00f6ds till den fl\u00e4tade sk\u00e4rmstrumpan, som omsluter mittledaren. Fuktisolera l\u00f6dningarna med silikongummi och isoleringstejp. L\u00e5t kabeln g\u00e5 i en slinga runt mittisolatorn, s\u00e5 att kabeln inte dras av. Vid radion ansluter du mittledaren till antenning\u00e5ngen. Sk\u00e4rmstrumpan ska du ansluta till mottagarens chassi. Sp\u00e4nn upp antennen mellan ett par tr\u00e4d eller hus, och rikta bredsidan mot s\u00e4ndaren, eftersom antennen \u00e4r k\u00e4nsligast f\u00f6r signaler i 90 graders vinkel. Du beh\u00f6ver inte ha en dipolantenn f\u00f6r varje frekvens, men d\u00e4remot b\u00f6r du ha en antenn f\u00f6r varje eterband som du lyssnar p\u00e5. F\u00f6r 31-metersbandet (9500 kHz &#8211; 9900 kHz) g\u00f6rs antennen f\u00f6r 9700 kHz.<\/p>\n<p style=\"text-align: left;\"><strong>Longwireantenn<\/strong><\/p>\n<p style=\"text-align: left;\">Denna antenn \u00e4r enklare att beskriva och konstruera, men tar mycket st\u00f6rre plats. Den \u00e4r en tr\u00e5d fr\u00e5n mottagaren riktad rakt mot den \u00f6nskade s\u00e4ndarorten. Den ska vara minst tre v\u00e5gl\u00e4ngder l\u00e5ng, ju l\u00e4ngre desto b\u00e4ttre. Den ska vara s\u00e5 rak som m\u00f6jligt fr\u00e5n radion till slutet p\u00e5 antennen. Longwire \u00e4r en ypperlig riktantenn. Den \u00e4r mest k\u00e4nslig f\u00f6r signaler i riktningar runt tr\u00e5dens l\u00e4ngsriktningar, allts\u00e5 b\u00e5de fram\u00e5t och bak\u00e5t. Anv\u00e4nd plastisolerad ledning \u00e4ven till denna antenn. D\u00e5 kan du l\u00e5ta antennen vila i tr\u00e4dgrenar utefter sin l\u00e4ngd.<\/p>\n<p style=\"text-align: left;\"><strong>Antennanpassare<\/strong><\/p>\n<p style=\"text-align: left;\">En dipolantenn \u00e4r avsedd f\u00f6r ett best\u00e4mt frekvensomr\u00e5de och har en bra elektrisk anpassning till radiomottagaren. Den g\u00e5r inte att g\u00f6ra mycket k\u00e4nsligare. De flesta andra antenner, som en L-antenn, \u00e4r alltid mer eller mindre missanpassade. Det inneb\u00e4r att inte lika mycket signal n\u00e5r mottagaren, som n\u00e4r antennen \u00e4r perfekt anpassad. En antennanpassare, som kopplas mellan antennens nedledning och mottagarens antenning\u00e5ng, kan g\u00f6ra att radion f\u00e5r b\u00e4ttre mottagning. I praktiken \u00e4r det mest i jakten efter svaga signaler p\u00e5 mellanv\u00e5g och p\u00e5 de l\u00e4gsta kortv\u00e5gsfrekvenserna som man kan m\u00e4rka n\u00e5gon markant f\u00f6rb\u00e4ttring med en antennanpassare. Om du lyssnar p\u00e5 de starka s\u00e4ndarna p\u00e5 de internationella kortv\u00e5gsbanden, m\u00e4rker du f\u00f6rmodligen ingen skillnad alls.<\/p>\n<p style=\"text-align: left;\"><strong>Aktiva antenner<\/strong><\/p>\n<p style=\"text-align: left;\">Aktiva antenner \u00e4r gjorda speciellt f\u00f6r att kunna anv\u00e4ndas d\u00e4r man inte har plats f\u00f6r stora utomhusantenner (till exempel en L-antenn). De aktiva antennerna anv\u00e4nds oftast av radiolyssnare som bor i st\u00e4der. En aktiv antenn \u00e4r oftast mellan 0,3 och 1,5 meter l\u00e5ng. Direkt kopplad till antennen finns en transistoriserad f\u00f6rst\u00e4rkare, som f\u00f6rst\u00e4rker radiosignalen &#8211; men tyv\u00e4rr \u00e4ven alla st\u00f6rningar. D\u00e4rf\u00f6r \u00e4r en tr\u00e5dantenn utomhus fortfarande b\u00e4ttre (och mycket billigare) \u00e4n en aktiv antenn. En f\u00f6rdel med en aktiv antenn \u00e4r att den kan monteras ovanp\u00e5 taket, d\u00e4r lokala st\u00f6rningar fr\u00e5n bilar, lysr\u00f6r, TV-apparater och annat \u00e4r l\u00e4gre. F\u00f6r att kunna konstruera dipol och longwireantenner, beh\u00f6ver du veta tv\u00e5 saker om antennteori. Det \u00e4r dels hur du r\u00e4knar ut v\u00e5gl\u00e4ngden, dels hur du best\u00e4mmer riktningen till stationen.<\/p>\n<p style=\"text-align: left;\"><strong>L\u00e4ngden<\/strong><\/p>\n<p style=\"text-align: left;\">N\u00e4r du vill r\u00e4kna ut v\u00e5gl\u00e4ngden dividerar du ljushastigheten (300.000 km\/sek) med frekvensen. R\u00e4kna s\u00e5 h\u00e4r:<\/p>\n<p style=\"text-align: left;\"><strong>300.000 (ljushastigheten) \/ frekvensen (i kHz) = v\u00e5gl\u00e4ngden<\/strong><\/p>\n<p style=\"text-align: left;\"><strong><em>Vad blir v\u00e5gl\u00e4ngden f\u00f6rBBC p\u00e5 9410 kHz?<br \/>\n<\/em><\/strong><\/p>\n<p style=\"text-align: left;\"><strong>Jo: <\/strong>300000 \/ 9410 = 31,88 meter. En vanlig dipol \u00e4r en halv v\u00e5gl\u00e4ngd. F\u00f6rst delas hela v\u00e5gl\u00e4ngden med tv\u00e5 (allts\u00e5 31,88 \/ 2 = 15,94); varje halva blir sedan 15,94 \/ 2 = 7,97 meter.<\/p>\n<p style=\"text-align: left;\"><strong>Riktningen till s\u00e4ndaren<\/strong><\/p>\n<p style=\"text-align: left;\">F\u00f6r att fungera b\u00e4st ska antennen riktas med bredsidan mot s\u00e4ndaren. Men du kan inte anv\u00e4nda en vanlig karta f\u00f6r att best\u00e4mma riktningen till en radios\u00e4ndare. Radiosignalen r\u00f6r sig kortaste v\u00e4gen runt jordklotet och f\u00f6r att se den enklast ska du titta p\u00e5 en jordglob, eller anv\u00e4nda en speciell storcirkelkarta, med Sverige i mitten.<\/p>\n","protected":false},"excerpt":{"rendered":"<p>F\u00f6r oss DX-are \u00e4r det antennen som g\u00f6r radion! Antenner \u00e4r en r\u00e4tt sn\u00e5rig teknisk sn\u00e5rig djungel som sp\u00e4nner fr\u00e5n enkla inbyggda ferritantenner till tr\u00e5dar p\u00e5 hundratals, eller till och med tusentals, meter. H\u00e4r bjuder vi p\u00e5 en introduktion till <span class=\"excerpt-dots\">&hellip;<\/span> <a class=\"more-link\" href=\"https:\/\/www.sdxf.se\/WP\/?page_id=71\"><span class=\"more-msg\">L\u00e4s mer &rarr;<\/span><\/a><\/p>\n","protected":false},"author":2,"featured_media":0,"parent":16425,"menu_order":1,"comment_status":"closed","ping_status":"open","template":"","meta":{"footnotes":""},"class_list":["post-71","page","type-page","status-publish","hentry"],"_links":{"self":[{"href":"https:\/\/www.sdxf.se\/WP\/index.php?rest_route=\/wp\/v2\/pages\/71","targetHints":{"allow":["GET"]}}],"collection":[{"href":"https:\/\/www.sdxf.se\/WP\/index.php?rest_route=\/wp\/v2\/pages"}],"about":[{"href":"https:\/\/www.sdxf.se\/WP\/index.php?rest_route=\/wp\/v2\/types\/page"}],"author":[{"embeddable":true,"href":"https:\/\/www.sdxf.se\/WP\/index.php?rest_route=\/wp\/v2\/users\/2"}],"replies":[{"embeddable":true,"href":"https:\/\/www.sdxf.se\/WP\/index.php?rest_route=%2Fwp%2Fv2%2Fcomments&post=71"}],"version-history":[{"count":18,"href":"https:\/\/www.sdxf.se\/WP\/index.php?rest_route=\/wp\/v2\/pages\/71\/revisions"}],"predecessor-version":[{"id":16423,"href":"https:\/\/www.sdxf.se\/WP\/index.php?rest_route=\/wp\/v2\/pages\/71\/revisions\/16423"}],"up":[{"embeddable":true,"href":"https:\/\/www.sdxf.se\/WP\/index.php?rest_route=\/wp\/v2\/pages\/16425"}],"wp:attachment":[{"href":"https:\/\/www.sdxf.se\/WP\/index.php?rest_route=%2Fwp%2Fv2%2Fmedia&parent=71"}],"curies":[{"name":"wp","href":"https:\/\/api.w.org\/{rel}","templated":true}]}}