{"id":7422,"date":"2018-10-08T22:02:48","date_gmt":"2018-10-08T20:02:48","guid":{"rendered":"http:\/\/www.sdxf.se\/WP\/?page_id=7422"},"modified":"2023-07-04T10:54:03","modified_gmt":"2023-07-04T08:54:03","slug":"vad-du-kan-hora-nar","status":"publish","type":"page","link":"https:\/\/www.sdxf.se\/WP\/?page_id=7422","title":{"rendered":"Vad du kan h\u00f6ra n\u00e4r"},"content":{"rendered":"<h3><a href=\"https:\/\/sv.wikipedia.org\/wiki\/L%C3%A5ngv%C3%A5g\">L\u00e5ngv\u00e5g<\/a> (153-279 kHz)<\/h3>\n<p>Tyv\u00e4rr har flera l\u00e5ngv\u00e5gss\u00e4ndare st\u00e4ngt under de senaste \u00e5ren. P\u00e5 dagtid brukar kvarvarande europeiska stationerna h\u00f6ras bra. P\u00e5 kv\u00e4llen och natten blir signalstyrkorna b\u00e4ttre samtidigt som du kan h\u00f6ra norra Afrika och Asien.<\/p>\n<h3><a href=\"https:\/\/sv.wikipedia.org\/wiki\/Mellanv%C3%A5g\">Mellanv\u00e5g<\/a> \u00a0(531-1611 kHz Europa m.fl. \/ 530-1700 kHz Amerika)<\/h3>\n<p>P\u00e5 dagtid h\u00f6rs i stort sett bara de starkare europeiska stationerna. Kv\u00e4llstid b\u00f6rjar \u00e4ven svagare europeiska stationer h\u00f6ras. P\u00e5 natten kan du, speciellt under vinterhalv\u00e5ret, h\u00f6ra utomeuropeiska stationer. Inte minst Nordamerika \u00e4r intressant att lyssna efter d\u00e5, eftersom d\u00e4r finns oerh\u00f6rt m\u00e5nga radiostationer som s\u00e4nder p\u00e5 mellanv\u00e5gsbandet.<\/p>\n<h3><a href=\"https:\/\/sv.wikipedia.org\/wiki\/Kortv%C3%A5g\">Kortv\u00e5g<\/a> (3000-30000 kHz)<\/h3>\n<h4>Tropikbanden<br \/>\n120 meter (2300-2495 kHz) (120-metersbandet h\u00f6r strikt inte till kortv\u00e5gen men brukar behandlas tillsammans med de \u00f6vriga s\u00e5 kallade tropikbanden p\u00e5 kortv\u00e5g)<br \/>\n90 meter (3200-3400 kHz)<br \/>\n75 meter (3900-4000 kHz)<br \/>\n60 meter (4750-5060 kHz)<\/h4>\n<p>Under h\u00f6sten och vintern kan du h\u00f6ra Asiatiska stationer p\u00e5 eftermiddag och kv\u00e4ll. Afrikanska stationer h\u00f6rs hela \u00e5ret p\u00e5 kv\u00e4llstid. Sydamerikanska stationer h\u00f6rs nattetid och fr\u00e4mst v\u00e5r sommar och h\u00f6st.<\/p>\n<h4>49 meter (5900-6200 kHz)<\/h4>\n<p>H\u00e4r h\u00f6rs fr\u00e4mst europeiska stationer och bandet kallas d\u00e4rf\u00f6r ibland f\u00f6r Europabandet. P\u00e5 n\u00e4tterna kan du med lite tur h\u00f6ra afrikanska stationer f\u00f6re midnatt och Sydamerika efter midnatt.<\/p>\n<h4>41 meter (7200-7450 kHz)<\/h4>\n<p>Liksom i 49-metersbandet dominerar de europeiska stationerna. P\u00e5 eftermiddagarna vintertid kan du h\u00f6ra en del asiatiska stationer.<\/p>\n<h4>31 meter (9400-9900 kHz)<br \/>\n25 meter (11600-12100 kHz)<br \/>\n22 meter (13570-13870 kHz)<br \/>\n19 meter (15100-15800 kHz)<\/h4>\n<p>Dessa band brukar vara bland de b\u00e4sta kortv\u00e5gsbanden. H\u00e4r kan du h\u00f6ra stationer fr\u00e5n alla v\u00e4rldsdelar, sydamerikanska stationer p\u00e5 kv\u00e4llen och asiatiska stationer p\u00e5 dagtid.<\/p>\n<h4>16 meter (17480-17900 kHz)<br \/>\n13 meter (21450-21850 kHz)<br \/>\n11 meter (25670-26100 kHz)<\/h4>\n<p>H\u00e4r \u00e4r mottagningen god under dagtid, men det finns f\u00e5 stationer p\u00e5 16-metersbandet och knappt n\u00e5gra p\u00e5 13- och 11-metersbanden bortsett fr\u00e5n lite experimentverksamhet.<\/p>\n","protected":false},"excerpt":{"rendered":"<p>L\u00e5ngv\u00e5g (153-279 kHz) Tyv\u00e4rr har flera l\u00e5ngv\u00e5gss\u00e4ndare st\u00e4ngt under de senaste \u00e5ren. P\u00e5 dagtid brukar kvarvarande europeiska stationerna h\u00f6ras bra. P\u00e5 kv\u00e4llen och natten blir signalstyrkorna b\u00e4ttre samtidigt som du kan h\u00f6ra norra Afrika och Asien. Mellanv\u00e5g \u00a0(531-1611 kHz Europa <span class=\"excerpt-dots\">&hellip;<\/span> <a class=\"more-link\" href=\"https:\/\/www.sdxf.se\/WP\/?page_id=7422\"><span class=\"more-msg\">L\u00e4s mer &rarr;<\/span><\/a><\/p>\n","protected":false},"author":2,"featured_media":0,"parent":7368,"menu_order":4,"comment_status":"closed","ping_status":"closed","template":"","meta":{"footnotes":""},"class_list":["post-7422","page","type-page","status-publish","hentry"],"_links":{"self":[{"href":"https:\/\/www.sdxf.se\/WP\/index.php?rest_route=\/wp\/v2\/pages\/7422","targetHints":{"allow":["GET"]}}],"collection":[{"href":"https:\/\/www.sdxf.se\/WP\/index.php?rest_route=\/wp\/v2\/pages"}],"about":[{"href":"https:\/\/www.sdxf.se\/WP\/index.php?rest_route=\/wp\/v2\/types\/page"}],"author":[{"embeddable":true,"href":"https:\/\/www.sdxf.se\/WP\/index.php?rest_route=\/wp\/v2\/users\/2"}],"replies":[{"embeddable":true,"href":"https:\/\/www.sdxf.se\/WP\/index.php?rest_route=%2Fwp%2Fv2%2Fcomments&post=7422"}],"version-history":[{"count":4,"href":"https:\/\/www.sdxf.se\/WP\/index.php?rest_route=\/wp\/v2\/pages\/7422\/revisions"}],"predecessor-version":[{"id":16089,"href":"https:\/\/www.sdxf.se\/WP\/index.php?rest_route=\/wp\/v2\/pages\/7422\/revisions\/16089"}],"up":[{"embeddable":true,"href":"https:\/\/www.sdxf.se\/WP\/index.php?rest_route=\/wp\/v2\/pages\/7368"}],"wp:attachment":[{"href":"https:\/\/www.sdxf.se\/WP\/index.php?rest_route=%2Fwp%2Fv2%2Fmedia&parent=7422"}],"curies":[{"name":"wp","href":"https:\/\/api.w.org\/{rel}","templated":true}]}}