{"id":7436,"date":"2018-10-08T22:01:12","date_gmt":"2018-10-08T20:01:12","guid":{"rendered":"http:\/\/www.sdxf.se\/WP\/?page_id=7436"},"modified":"2018-10-08T22:01:12","modified_gmt":"2018-10-08T20:01:12","slug":"vagutbredning","status":"publish","type":"page","link":"https:\/\/www.sdxf.se\/WP\/?page_id=7436","title":{"rendered":"V\u00e5gutbredning"},"content":{"rendered":"<p>Hur kommer det sig att radiov\u00e5gorna kan f\u00f6rflytta sig s\u00e5 l\u00e5ngt? H\u00e4r \u00e4r en mycket f\u00f6renklad f\u00f6rklaring:<\/p>\n<p><a href=\"https:\/\/www.sdxf.se\/WP\/wp-content\/uploads\/2018\/10\/V\u00e5gutbredning.jpg\"><img loading=\"lazy\" decoding=\"async\" class=\"alignleft size-full wp-image-7438\" src=\"https:\/\/www.sdxf.se\/WP\/wp-content\/uploads\/2018\/10\/V\u00e5gutbredning.jpg\" alt=\"\" width=\"523\" height=\"334\" srcset=\"https:\/\/www.sdxf.se\/WP\/wp-content\/uploads\/2018\/10\/V\u00e5gutbredning.jpg 523w, https:\/\/www.sdxf.se\/WP\/wp-content\/uploads\/2018\/10\/V\u00e5gutbredning-300x192.jpg 300w\" sizes=\"auto, (max-width: 523px) 100vw, 523px\" \/><\/a><\/p>\n<p>Jo, det finns tv\u00e5 s\u00e4tt de kan f\u00f6rflytta sig. Markv\u00e5gor \u00e4r de som g\u00e5r direkt mellan s\u00e4ndarens antenn och radiomottagarens antenn.<br \/>\n<span style=\"font-size: 1em;\">Det finns runt jorden n\u00e5got som heter jonosf\u00e4r och som under vissa f\u00f6rh\u00e5llanden reflekterar radiov\u00e5gor. \u00c4ven jorden kan reflektera radiov\u00e5gor och detta kan p\u00e5g\u00e5 i flera steg. Dock minskar styrkan p\u00e5 radiosignalen ju l\u00e4ngre den f\u00e4rdats och ju fler g\u00e5nger den reflekterats, s\u00e5 till slut g\u00e5r den inte att h\u00f6ra.<\/span><\/p>\n<p>Det finns mycket mer att s\u00e4ga om v\u00e5gutbredning, du kan ju prova n\u00e5gon av l\u00e4nkarna h\u00e4r nedanf\u00f6r.<\/p>\n<p>P\u00e5 svenska:<\/p>\n<p><a href=\"http:\/\/www.robotbyn.se\/diverse\/propagation.html\">V\u00e5gutbredning<\/a><\/p>\n<p><a href=\"http:\/\/psyksoc.com\/radio\/adobe-dokument\/Vagutbredningsteori.pdf\">V\u00e5gutbredningsteori<\/a>\u00a0 \u00a0 \u00a0 \u00a0 (PDF ursprungligen fr\u00e5n Televerket Radio n\u00e5gon g\u00e5ng runt 1975)<\/p>\n<p>P\u00e5 engelska:<\/p>\n<p><a href=\"https:\/\/en.wikipedia.org\/wiki\/Radio_propagation\">Radio propagation<\/a><\/p>\n<p>&nbsp;<\/p>\n<p>&nbsp;<\/p>\n","protected":false},"excerpt":{"rendered":"<p>Hur kommer det sig att radiov\u00e5gorna kan f\u00f6rflytta sig s\u00e5 l\u00e5ngt? H\u00e4r \u00e4r en mycket f\u00f6renklad f\u00f6rklaring: Jo, det finns tv\u00e5 s\u00e4tt de kan f\u00f6rflytta sig. Markv\u00e5gor \u00e4r de som g\u00e5r direkt mellan s\u00e4ndarens antenn och radiomottagarens antenn. Det finns <span class=\"excerpt-dots\">&hellip;<\/span> <a class=\"more-link\" href=\"https:\/\/www.sdxf.se\/WP\/?page_id=7436\"><span class=\"more-msg\">L\u00e4s mer &rarr;<\/span><\/a><\/p>\n","protected":false},"author":2,"featured_media":0,"parent":7368,"menu_order":2,"comment_status":"closed","ping_status":"closed","template":"","meta":{"footnotes":""},"class_list":["post-7436","page","type-page","status-publish","hentry"],"_links":{"self":[{"href":"https:\/\/www.sdxf.se\/WP\/index.php?rest_route=\/wp\/v2\/pages\/7436","targetHints":{"allow":["GET"]}}],"collection":[{"href":"https:\/\/www.sdxf.se\/WP\/index.php?rest_route=\/wp\/v2\/pages"}],"about":[{"href":"https:\/\/www.sdxf.se\/WP\/index.php?rest_route=\/wp\/v2\/types\/page"}],"author":[{"embeddable":true,"href":"https:\/\/www.sdxf.se\/WP\/index.php?rest_route=\/wp\/v2\/users\/2"}],"replies":[{"embeddable":true,"href":"https:\/\/www.sdxf.se\/WP\/index.php?rest_route=%2Fwp%2Fv2%2Fcomments&post=7436"}],"version-history":[{"count":4,"href":"https:\/\/www.sdxf.se\/WP\/index.php?rest_route=\/wp\/v2\/pages\/7436\/revisions"}],"predecessor-version":[{"id":7441,"href":"https:\/\/www.sdxf.se\/WP\/index.php?rest_route=\/wp\/v2\/pages\/7436\/revisions\/7441"}],"up":[{"embeddable":true,"href":"https:\/\/www.sdxf.se\/WP\/index.php?rest_route=\/wp\/v2\/pages\/7368"}],"wp:attachment":[{"href":"https:\/\/www.sdxf.se\/WP\/index.php?rest_route=%2Fwp%2Fv2%2Fmedia&parent=7436"}],"curies":[{"name":"wp","href":"https:\/\/api.w.org\/{rel}","templated":true}]}}