{"id":7442,"date":"2018-10-08T22:02:11","date_gmt":"2018-10-08T20:02:11","guid":{"rendered":"http:\/\/www.sdxf.se\/WP\/?page_id=7442"},"modified":"2018-10-09T14:11:01","modified_gmt":"2018-10-09T12:11:01","slug":"modulering-demodulatorer-och-filter","status":"publish","type":"page","link":"https:\/\/www.sdxf.se\/WP\/?page_id=7442","title":{"rendered":"Modulering, demodulatorer och filter"},"content":{"rendered":"<p>Du k\u00e4nner igen begreppet modulering, det \u00e4r n\u00e4r vi kopplar ihop ljudet vi vill s\u00e4nda \u00f6ver med radiov\u00e5gen som skall b\u00e4ra med sig ljudet. Radiov\u00e5gen som b\u00e4r med sig ljudet kallar vi b\u00e4rv\u00e5g.<\/p>\n<p>I radiomottagaren finns motsatsen till modulator, en demodulator. N\u00e4r radiosignalen som b\u00e4r med sig ljudet n\u00e5r radiomottagaren som plockar demodulatorn ut ljudet igen s\u00e5 att du skall kunna lyssna p\u00e5 det via en h\u00f6gtalare eller ett par h\u00f6rlurar.<\/p>\n<p>Det finns m\u00e5nga olika typer av modulation, men vi skall h\u00e4r enbart bry oss om det som anv\u00e4nds f\u00f6r vanliga rundradios\u00e4ndningar p\u00e5 l\u00e5ng-, mellan- och kortv\u00e5g. Det \u00e4r AM, Amplitud Modulering. En mycket gammal teknik som \u00e4r tekniskt enkel att anv\u00e4nda b\u00e5de i s\u00e4ndare och mottagare. H\u00e4r ser du en bild p\u00e5 en AM-signal fr\u00e5n en stark radiostation s\u00e5 som det ser ut p\u00e5 v\u00e5ra Kiwi mottagare i det s\u00e5 kallade vattenfallsdiagrammet.<a href=\"https:\/\/www.sdxf.se\/WP\/wp-content\/uploads\/2018\/10\/Tal-6090-AM.jpg\"><img loading=\"lazy\" decoding=\"async\" class=\"aligncenter size-full wp-image-7448\" src=\"https:\/\/www.sdxf.se\/WP\/wp-content\/uploads\/2018\/10\/Tal-6090-AM.jpg\" alt=\"\" width=\"536\" height=\"157\" srcset=\"https:\/\/www.sdxf.se\/WP\/wp-content\/uploads\/2018\/10\/Tal-6090-AM.jpg 536w, https:\/\/www.sdxf.se\/WP\/wp-content\/uploads\/2018\/10\/Tal-6090-AM-300x88.jpg 300w\" sizes=\"auto, (max-width: 536px) 100vw, 536px\" \/><\/a><\/p>\n<p>Det r\u00f6da i mitten \u00e4r b\u00e4rv\u00e5gen. Symmetriskt p\u00e5 b\u00e5da sidor ser man det som representerar ljudet. Det finns allts\u00e5 p\u00e5 b\u00e5da sidor, \u00e4r inte det on\u00f6digt? Jo, det \u00e4r on\u00f6digt, det hade r\u00e4ckt med ena sidan, men som tidigare n\u00e4mnts \u00e4r tekniken enkel b\u00e5de i s\u00e4ndaren och mottagaren, vilket \u00e4r en mycket stor f\u00f6rdel. Man s\u00e4ger att AM-signalen har tv\u00e5 sidband, ett undre (nedanf\u00f6r b\u00e4rv\u00e5gen i frekvens) och ett \u00f6ver (ovanf\u00f6r b\u00e4rv\u00e5gen i frekvens). S\u00e4ndare och mottagare f\u00f6r att bara s\u00e4nda och ta emot radiov\u00e5gor med bara ett sidband \u00e4r mer komplicerade.<\/p>\n<p><a href=\"https:\/\/www.sdxf.se\/WP\/wp-content\/uploads\/2018\/10\/Tal-6090-AM-m-text.jpg\"><img loading=\"lazy\" decoding=\"async\" class=\"aligncenter size-full wp-image-7458\" src=\"https:\/\/www.sdxf.se\/WP\/wp-content\/uploads\/2018\/10\/Tal-6090-AM-m-text.jpg\" alt=\"\" width=\"894\" height=\"386\" srcset=\"https:\/\/www.sdxf.se\/WP\/wp-content\/uploads\/2018\/10\/Tal-6090-AM-m-text.jpg 894w, https:\/\/www.sdxf.se\/WP\/wp-content\/uploads\/2018\/10\/Tal-6090-AM-m-text-300x130.jpg 300w, https:\/\/www.sdxf.se\/WP\/wp-content\/uploads\/2018\/10\/Tal-6090-AM-m-text-768x332.jpg 768w\" sizes=\"auto, (max-width: 894px) 100vw, 894px\" \/><\/a><\/p>\n<p>Vi lyssnar med en AM demodulator. Och i det h\u00e4r fallet med ett brett filter, som representeras av den gula figuren h\u00f6gst upp.<br \/>\nFiltret \u00e4r till f\u00f6r att plocka bort s\u00e5dant som inte tillh\u00f6r den radiostation vi vill lyssna p\u00e5, i det h\u00e4r fallet s\u00e5 \u00e4r det lika brett som signalen vi lyssnar p\u00e5, vilket \u00e4r det normala fallet.<\/p>\n<p><a href=\"https:\/\/www.sdxf.se\/WP\/wp-content\/uploads\/2018\/10\/AM1.jpg\"><img loading=\"lazy\" decoding=\"async\" class=\"aligncenter size-full wp-image-7453\" src=\"https:\/\/www.sdxf.se\/WP\/wp-content\/uploads\/2018\/10\/AM1.jpg\" alt=\"\" width=\"373\" height=\"33\" srcset=\"https:\/\/www.sdxf.se\/WP\/wp-content\/uploads\/2018\/10\/AM1.jpg 373w, https:\/\/www.sdxf.se\/WP\/wp-content\/uploads\/2018\/10\/AM1-300x27.jpg 300w\" sizes=\"auto, (max-width: 373px) 100vw, 373px\" \/><\/a><\/p>\n<p>Om det finns n\u00e5got som st\u00f6r kan man g\u00f6ra filtret smalare, det kan reducera st\u00f6rningen, men till priset av ett dovare ljud. Kiwin har ett l\u00e4ge AMN (AM Narrow) som inneb\u00e4r AM-demodulator ihop med ett smalare filter. Se bilderna nedan.<\/p>\n<p><a href=\"https:\/\/www.sdxf.se\/WP\/wp-content\/uploads\/2018\/10\/amn.jpg\"><img loading=\"lazy\" decoding=\"async\" class=\"aligncenter size-full wp-image-7454\" src=\"https:\/\/www.sdxf.se\/WP\/wp-content\/uploads\/2018\/10\/amn.jpg\" alt=\"\" width=\"374\" height=\"33\" srcset=\"https:\/\/www.sdxf.se\/WP\/wp-content\/uploads\/2018\/10\/amn.jpg 374w, https:\/\/www.sdxf.se\/WP\/wp-content\/uploads\/2018\/10\/amn-300x26.jpg 300w\" sizes=\"auto, (max-width: 374px) 100vw, 374px\" \/><\/a><\/p>\n<p><a href=\"https:\/\/www.sdxf.se\/WP\/wp-content\/uploads\/2018\/10\/Tal-6090-AMN.jpg\"><img loading=\"lazy\" decoding=\"async\" class=\"aligncenter size-full wp-image-7449\" src=\"https:\/\/www.sdxf.se\/WP\/wp-content\/uploads\/2018\/10\/Tal-6090-AMN.jpg\" alt=\"\" width=\"528\" height=\"184\" srcset=\"https:\/\/www.sdxf.se\/WP\/wp-content\/uploads\/2018\/10\/Tal-6090-AMN.jpg 528w, https:\/\/www.sdxf.se\/WP\/wp-content\/uploads\/2018\/10\/Tal-6090-AMN-300x105.jpg 300w\" sizes=\"auto, (max-width: 528px) 100vw, 528px\" \/><\/a><\/p>\n<p>Nu lite \u00f6verkurs. Man kan faktiskt med Kiwi mottagaren lyssna p\u00e5 bara det ena sidbandet. Det kan man g\u00f6ra om det \u00e4r en stark st\u00f6rning p\u00e5 ena sidbandet, men inte s\u00e5 st\u00f6rt p\u00e5 det andra. D\u00e5 kan man lyssna p\u00e5 det sidband som \u00e4r minst st\u00f6rt. De inst\u00e4llningarna \u00e4r LSB (demodulator och filter f\u00f6r undre sidband (Lower Side Band) respektive USB f\u00f6r \u00f6vre sidband (Upper Side Band).<\/p>\n<p>OBS. Man m\u00e5ste vara v\u00e4ldigt noga med att st\u00e4lla in frekvensen p\u00e5 b\u00e4rv\u00e5gen v\u00e4ldigt exakt f\u00f6r att lyssna p\u00e5 LSB eller USB.<\/p>\n<p>Om du kikar p\u00e5 bilden nedan ser du att det finns en radiostation alldeles till v\u00e4nster om den vi lyssnar p\u00e5 som kan st\u00f6ra i undre sidbandet. D\u00e5 v\u00e4ljer vi USB f\u00f6r att lyssna bar p\u00e5 det \u00f6vre.<\/p>\n<p><a href=\"https:\/\/www.sdxf.se\/WP\/wp-content\/uploads\/2018\/10\/USB.jpg\"><img loading=\"lazy\" decoding=\"async\" class=\"aligncenter size-full wp-image-7451\" src=\"https:\/\/www.sdxf.se\/WP\/wp-content\/uploads\/2018\/10\/USB.jpg\" alt=\"\" width=\"375\" height=\"33\" srcset=\"https:\/\/www.sdxf.se\/WP\/wp-content\/uploads\/2018\/10\/USB.jpg 375w, https:\/\/www.sdxf.se\/WP\/wp-content\/uploads\/2018\/10\/USB-300x26.jpg 300w\" sizes=\"auto, (max-width: 375px) 100vw, 375px\" \/><\/a><a href=\"https:\/\/www.sdxf.se\/WP\/wp-content\/uploads\/2018\/10\/USB-6090.jpg\"><img loading=\"lazy\" decoding=\"async\" class=\"aligncenter size-full wp-image-7450\" src=\"https:\/\/www.sdxf.se\/WP\/wp-content\/uploads\/2018\/10\/USB-6090.jpg\" alt=\"\" width=\"434\" height=\"159\" srcset=\"https:\/\/www.sdxf.se\/WP\/wp-content\/uploads\/2018\/10\/USB-6090.jpg 434w, https:\/\/www.sdxf.se\/WP\/wp-content\/uploads\/2018\/10\/USB-6090-300x110.jpg 300w\" sizes=\"auto, (max-width: 434px) 100vw, 434px\" \/><\/a><\/p>\n<p>P\u00e5 motsvarande s\u00e4tt kan man n\u00e4r det \u00e4r en f\u00f6rdel v\u00e4lja undre sidbandet.<\/p>\n<p><a href=\"https:\/\/www.sdxf.se\/WP\/wp-content\/uploads\/2018\/10\/lsb.jpg\"><img loading=\"lazy\" decoding=\"async\" class=\"aligncenter size-full wp-image-7445\" src=\"https:\/\/www.sdxf.se\/WP\/wp-content\/uploads\/2018\/10\/lsb.jpg\" alt=\"\" width=\"375\" height=\"31\" srcset=\"https:\/\/www.sdxf.se\/WP\/wp-content\/uploads\/2018\/10\/lsb.jpg 375w, https:\/\/www.sdxf.se\/WP\/wp-content\/uploads\/2018\/10\/lsb-300x25.jpg 300w\" sizes=\"auto, (max-width: 375px) 100vw, 375px\" \/><\/a><\/p>\n","protected":false},"excerpt":{"rendered":"<p>Du k\u00e4nner igen begreppet modulering, det \u00e4r n\u00e4r vi kopplar ihop ljudet vi vill s\u00e4nda \u00f6ver med radiov\u00e5gen som skall b\u00e4ra med sig ljudet. Radiov\u00e5gen som b\u00e4r med sig ljudet kallar vi b\u00e4rv\u00e5g. I radiomottagaren finns motsatsen till modulator, en <span class=\"excerpt-dots\">&hellip;<\/span> <a class=\"more-link\" href=\"https:\/\/www.sdxf.se\/WP\/?page_id=7442\"><span class=\"more-msg\">L\u00e4s mer &rarr;<\/span><\/a><\/p>\n","protected":false},"author":2,"featured_media":0,"parent":7368,"menu_order":3,"comment_status":"closed","ping_status":"closed","template":"","meta":{"footnotes":""},"class_list":["post-7442","page","type-page","status-publish","hentry"],"_links":{"self":[{"href":"https:\/\/www.sdxf.se\/WP\/index.php?rest_route=\/wp\/v2\/pages\/7442","targetHints":{"allow":["GET"]}}],"collection":[{"href":"https:\/\/www.sdxf.se\/WP\/index.php?rest_route=\/wp\/v2\/pages"}],"about":[{"href":"https:\/\/www.sdxf.se\/WP\/index.php?rest_route=\/wp\/v2\/types\/page"}],"author":[{"embeddable":true,"href":"https:\/\/www.sdxf.se\/WP\/index.php?rest_route=\/wp\/v2\/users\/2"}],"replies":[{"embeddable":true,"href":"https:\/\/www.sdxf.se\/WP\/index.php?rest_route=%2Fwp%2Fv2%2Fcomments&post=7442"}],"version-history":[{"count":7,"href":"https:\/\/www.sdxf.se\/WP\/index.php?rest_route=\/wp\/v2\/pages\/7442\/revisions"}],"predecessor-version":[{"id":7469,"href":"https:\/\/www.sdxf.se\/WP\/index.php?rest_route=\/wp\/v2\/pages\/7442\/revisions\/7469"}],"up":[{"embeddable":true,"href":"https:\/\/www.sdxf.se\/WP\/index.php?rest_route=\/wp\/v2\/pages\/7368"}],"wp:attachment":[{"href":"https:\/\/www.sdxf.se\/WP\/index.php?rest_route=%2Fwp%2Fv2%2Fmedia&parent=7442"}],"curies":[{"name":"wp","href":"https:\/\/api.w.org\/{rel}","templated":true}]}}