{"id":8417,"date":"2019-09-24T20:33:38","date_gmt":"2019-09-24T18:33:38","guid":{"rendered":"http:\/\/www.sdxf.se\/WP\/?page_id=8417"},"modified":"2023-04-27T09:41:52","modified_gmt":"2023-04-27T07:41:52","slug":"arsregister-2018","status":"publish","type":"page","link":"https:\/\/www.sdxf.se\/WP\/?page_id=8417","title":{"rendered":"\u00c5rsregister 2018"},"content":{"rendered":"<p>Vill du hellre ha \u00e5rsregistret i PDF-format som kan skrivas ut? Klicka <a href=\"https:\/\/www.sdxf.se\/WP\/wp-content\/uploads\/2019\/09\/\u00c5rsregister-2018.pdf\"><strong>H\u00c4R!<\/strong><\/a><\/p>\n<p>Om du vill ladda ner n\u00e5gon av tidningarna s\u00e5 g\u00e5 till sidan <a href=\"https:\/\/www.sdxf.se\/WP\/?page_id=412\"><strong><em>Eter-Aktuellt &gt; Ladda ner din Eter-Aktuellt!<\/em><\/strong><\/a><br \/>\n(g\u00e4ller medlemmar i SDXF).<\/p>\n<p><a href=\"https:\/\/www.sdxf.se\/WP\/wp-content\/uploads\/2019\/09\/\u00c5rsregister-2018-1.jpg\"><img loading=\"lazy\" decoding=\"async\" class=\"alignleft size-full wp-image-8377\" src=\"https:\/\/www.sdxf.se\/WP\/wp-content\/uploads\/2019\/09\/\u00c5rsregister-2018-1.jpg\" alt=\"\" width=\"1654\" height=\"2339\" srcset=\"https:\/\/www.sdxf.se\/WP\/wp-content\/uploads\/2019\/09\/\u00c5rsregister-2018-1.jpg 1654w, https:\/\/www.sdxf.se\/WP\/wp-content\/uploads\/2019\/09\/\u00c5rsregister-2018-1-212x300.jpg 212w, https:\/\/www.sdxf.se\/WP\/wp-content\/uploads\/2019\/09\/\u00c5rsregister-2018-1-768x1086.jpg 768w, https:\/\/www.sdxf.se\/WP\/wp-content\/uploads\/2019\/09\/\u00c5rsregister-2018-1-724x1024.jpg 724w\" sizes=\"auto, (max-width: 1654px) 100vw, 1654px\" \/><\/a><\/p>\n","protected":false},"excerpt":{"rendered":"<p>Vill du hellre ha \u00e5rsregistret i PDF-format som kan skrivas ut? Klicka H\u00c4R! Om du vill ladda ner n\u00e5gon av tidningarna s\u00e5 g\u00e5 till sidan Eter-Aktuellt &gt; Ladda ner din Eter-Aktuellt! (g\u00e4ller medlemmar i SDXF).<\/p>\n <a class=\"more-link\" href=\"https:\/\/www.sdxf.se\/WP\/?page_id=8417\"><span class=\"more-msg\">L\u00e4s mer &rarr;<\/span><\/a>","protected":false},"author":2,"featured_media":0,"parent":7805,"menu_order":20,"comment_status":"closed","ping_status":"closed","template":"","meta":{"footnotes":""},"class_list":["post-8417","page","type-page","status-publish","hentry"],"_links":{"self":[{"href":"https:\/\/www.sdxf.se\/WP\/index.php?rest_route=\/wp\/v2\/pages\/8417","targetHints":{"allow":["GET"]}}],"collection":[{"href":"https:\/\/www.sdxf.se\/WP\/index.php?rest_route=\/wp\/v2\/pages"}],"about":[{"href":"https:\/\/www.sdxf.se\/WP\/index.php?rest_route=\/wp\/v2\/types\/page"}],"author":[{"embeddable":true,"href":"https:\/\/www.sdxf.se\/WP\/index.php?rest_route=\/wp\/v2\/users\/2"}],"replies":[{"embeddable":true,"href":"https:\/\/www.sdxf.se\/WP\/index.php?rest_route=%2Fwp%2Fv2%2Fcomments&post=8417"}],"version-history":[{"count":2,"href":"https:\/\/www.sdxf.se\/WP\/index.php?rest_route=\/wp\/v2\/pages\/8417\/revisions"}],"predecessor-version":[{"id":15496,"href":"https:\/\/www.sdxf.se\/WP\/index.php?rest_route=\/wp\/v2\/pages\/8417\/revisions\/15496"}],"up":[{"embeddable":true,"href":"https:\/\/www.sdxf.se\/WP\/index.php?rest_route=\/wp\/v2\/pages\/7805"}],"wp:attachment":[{"href":"https:\/\/www.sdxf.se\/WP\/index.php?rest_route=%2Fwp%2Fv2%2Fmedia&parent=8417"}],"curies":[{"name":"wp","href":"https:\/\/api.w.org\/{rel}","templated":true}]}}