{"id":8626,"date":"2019-12-13T23:23:17","date_gmt":"2019-12-13T22:23:17","guid":{"rendered":"http:\/\/www.sdxf.se\/WP\/?page_id=8626"},"modified":"2023-03-07T19:51:48","modified_gmt":"2023-03-07T18:51:48","slug":"utility-dx","status":"publish","type":"page","link":"https:\/\/www.sdxf.se\/WP\/?page_id=8626","title":{"rendered":"Utility-DX"},"content":{"rendered":"<p>Utility-DX &#8211; en variant av v\u00e5r hobby d\u00e4r man i princip lyssnar p\u00e5 s\u00e5dant p\u00e5 l\u00e5ng-, mellan- och kortv\u00e5g som inte \u00e4r rundradio.<\/p>\n<p>Utility-DX har inte f\u00e5tt s\u00e5 mycket uppm\u00e4rksamhet p\u00e5 v\u00e5r webb de senaste \u00e5ren. Baserat p\u00e5 tre artiklar som G\u00f6ran Norstedt, SM7IYM, skrev f\u00f6r DX-Aktuellt 2015 har vi nu lagt upp tre webbsidor om utility d\u00e4r n\u00e5gra av omr\u00e5dena inom utility presenteras.<\/p>\n<p>N\u00e4r rundradiostationerna blir allt f\u00e4rre s\u00e5 kan det ju vara bra att ut\u00f6ka intresset till nya omr\u00e5den. Varf\u00f6r inte l\u00e4sa och sedan prova p\u00e5 sj\u00e4lv om du inte redan har erfarenhet av utility-DX!<\/p>\n<p>H\u00e4r \u00e4r artiklarna:<\/p>\n<p><strong><a href=\"https:\/\/www.sdxf.se\/WP\/?page_id=8723\" target=\"_blank\" rel=\"noopener noreferrer\">Del 1: Att lyssna p\u00e5 Non Dirctional Beacons, NDB<\/a><\/strong><\/p>\n<p><a href=\"https:\/\/www.sdxf.se\/WP\/?page_id=8636\" target=\"_blank\" rel=\"noopener noreferrer\"><strong>Del 2: Att lyssna eller se p\u00e5 fyrar<\/strong><\/a><\/p>\n<p><a href=\"https:\/\/www.sdxf.se\/WP\/?page_id=8754\" target=\"_blank\" rel=\"noopener noreferrer\"><strong>En kort orientering om NAVTEX<\/strong><\/a><\/p>\n<p>&nbsp;<\/p>\n<p>&nbsp;<\/p>\n<p>&nbsp;<\/p>\n","protected":false},"excerpt":{"rendered":"<p>Utility-DX &#8211; en variant av v\u00e5r hobby d\u00e4r man i princip lyssnar p\u00e5 s\u00e5dant p\u00e5 l\u00e5ng-, mellan- och kortv\u00e5g som inte \u00e4r rundradio. Utility-DX har inte f\u00e5tt s\u00e5 mycket uppm\u00e4rksamhet p\u00e5 v\u00e5r webb de senaste \u00e5ren. Baserat p\u00e5 tre artiklar <span class=\"excerpt-dots\">&hellip;<\/span> <a class=\"more-link\" href=\"https:\/\/www.sdxf.se\/WP\/?page_id=8626\"><span class=\"more-msg\">L\u00e4s mer &rarr;<\/span><\/a><\/p>\n","protected":false},"author":6,"featured_media":0,"parent":19,"menu_order":5,"comment_status":"closed","ping_status":"closed","template":"","meta":{"footnotes":""},"class_list":["post-8626","page","type-page","status-publish","hentry"],"_links":{"self":[{"href":"https:\/\/www.sdxf.se\/WP\/index.php?rest_route=\/wp\/v2\/pages\/8626","targetHints":{"allow":["GET"]}}],"collection":[{"href":"https:\/\/www.sdxf.se\/WP\/index.php?rest_route=\/wp\/v2\/pages"}],"about":[{"href":"https:\/\/www.sdxf.se\/WP\/index.php?rest_route=\/wp\/v2\/types\/page"}],"author":[{"embeddable":true,"href":"https:\/\/www.sdxf.se\/WP\/index.php?rest_route=\/wp\/v2\/users\/6"}],"replies":[{"embeddable":true,"href":"https:\/\/www.sdxf.se\/WP\/index.php?rest_route=%2Fwp%2Fv2%2Fcomments&post=8626"}],"version-history":[{"count":12,"href":"https:\/\/www.sdxf.se\/WP\/index.php?rest_route=\/wp\/v2\/pages\/8626\/revisions"}],"predecessor-version":[{"id":8802,"href":"https:\/\/www.sdxf.se\/WP\/index.php?rest_route=\/wp\/v2\/pages\/8626\/revisions\/8802"}],"up":[{"embeddable":true,"href":"https:\/\/www.sdxf.se\/WP\/index.php?rest_route=\/wp\/v2\/pages\/19"}],"wp:attachment":[{"href":"https:\/\/www.sdxf.se\/WP\/index.php?rest_route=%2Fwp%2Fv2%2Fmedia&parent=8626"}],"curies":[{"name":"wp","href":"https:\/\/api.w.org\/{rel}","templated":true}]}}