{"id":8636,"date":"2019-12-24T00:27:46","date_gmt":"2019-12-23T23:27:46","guid":{"rendered":"http:\/\/www.sdxf.se\/WP\/?page_id=8636"},"modified":"2023-04-12T20:39:01","modified_gmt":"2023-04-12T18:39:01","slug":"del-2-att-lyssna-eller-att-se-pa-fyrar","status":"publish","type":"page","link":"https:\/\/www.sdxf.se\/WP\/?page_id=8636","title":{"rendered":"Att lyssna eller att se p\u00e5 fyrar"},"content":{"rendered":"<p>Att lyssna p\u00e5 rundstr\u00e5lande radiofyrar, NDB-er, \u00e4r en kontemplativ och sp\u00e4nnande form av v\u00e5r radiohobby. Tycker jag. Mellan Algeriet p\u00e5 l\u00e5ngv\u00e5gens 252 kHz och Kringvarp p\u00e5 531 kHz ligger ett eterhav fyllt av upplevelser, v\u00e4l dolt f\u00f6r den oinvigde och det finns \u00e4nnu mer.<br \/>\nI min <a href=\"https:\/\/www.sdxf.se\/WP\/?page_id=8723\" target=\"_blank\" rel=\"noopener\">f\u00f6rra artikel<\/a> ber\u00e4ttade jag \u00f6versiktligt om de grundl\u00e4ggande delarna av fyrlyssningens illustra\u00a0 konst och dito n\u00f6jen. Mitt m\u00e5l nedan \u00e4r att reda ut n\u00e5gra av begreppen ytterligare och s\u00e4tta mer k\u00f6tt p\u00e5 benen.<\/p>\n<p><strong>Varf\u00f6r?<\/strong><\/p>\n<p><a href=\"https:\/\/www.sdxf.se\/WP\/wp-content\/uploads\/2019\/12\/F2_1.jpeg\"><img loading=\"lazy\" decoding=\"async\" class=\"alignright size-full wp-image-8634\" src=\"https:\/\/www.sdxf.se\/WP\/wp-content\/uploads\/2019\/12\/F2_1.jpeg\" alt=\"\" width=\"606\" height=\"412\" srcset=\"https:\/\/www.sdxf.se\/WP\/wp-content\/uploads\/2019\/12\/F2_1.jpeg 606w, https:\/\/www.sdxf.se\/WP\/wp-content\/uploads\/2019\/12\/F2_1-300x204.jpeg 300w\" sizes=\"auto, (max-width: 606px) 100vw, 606px\" \/><\/a>Vi b\u00f6rjar med n\u00e5gra stycken varf\u00f6r. Som fyrlyssnare f\u00e5r man just ofta fr\u00e5gan: &#8211; Varf\u00f6r fyrar?<\/p>\n<p>Jag brukar svara att jag slipper reta mig p\u00e5 programinneh\u00e5llet eller p\u00e5 det obegripliga spr\u00e5ket. Sk\u00e4mt \u00e5 sido s\u00e5 lockar mig tanken om st\u00e4ndig utmaning och of\u00f6rtruten f\u00f6rb\u00e4ttring. Att n\u00e5 l\u00e4ngre och l\u00e4ngre bort, djupare och djupare ner i bruset med hj\u00e4lp av allt b\u00e4ttre utrustning och med allt b\u00e4ttre f\u00f6rm\u00e5ga och f\u00f6rst\u00e5else.<\/p>\n<p><strong>Varf\u00f6r s\u00e5 olika?<\/strong><\/p>\n<p>Allt fler fyrar s\u00e4nder idag med 400 Hz i st\u00e4llet f\u00f6r den gamla 1000 Hz modulering. Detta har flera samverkande orsaker. Som lyssnare uppskattar man att teckengivningen ges p\u00e5 ett mindre upptaget frekvensomr\u00e5de \u00e4n p\u00e5 det som samtidigt \u00e4r n\u00e4ra n\u00e4sta fyrs b\u00e4rv\u00e5g. F\u00f6r den som driver fyren h\u00e4grar dock helt andra m\u00e5l. Viktigast \u00e4r, att genom att minska den uts\u00e4nda bandbredden kan antennen ges en \u00f6kad effektivitet, ett h\u00f6gre sk Q-v\u00e4rde. Fyrantennerna \u00e4r alltid starkt f\u00f6rkortade antenner, aldrig ens i n\u00e4rheten av de j\u00e4ttemaster man annars f\u00f6rknippar med l\u00e5ngv\u00e5gss\u00e4ndare, som Motala eller Kalundborg, som f\u00f6rresten \u00e4ven dessa \u00e4r n\u00e5got f\u00f6rkortade, tro det eller ej. Se nedanst\u00e5ende Kalundborgbild och j\u00e4mf\u00f6r med f\u00f6reg\u00e5ende p\u00e5 flygfyren.<\/p>\n<p><a href=\"https:\/\/www.sdxf.se\/WP\/wp-content\/uploads\/2019\/12\/F2_2.jpeg\"><img loading=\"lazy\" decoding=\"async\" class=\"size-full wp-image-8635 alignleft\" src=\"https:\/\/www.sdxf.se\/WP\/wp-content\/uploads\/2019\/12\/F2_2.jpeg\" alt=\"\" width=\"606\" height=\"572\" srcset=\"https:\/\/www.sdxf.se\/WP\/wp-content\/uploads\/2019\/12\/F2_2.jpeg 606w, https:\/\/www.sdxf.se\/WP\/wp-content\/uploads\/2019\/12\/F2_2-300x283.jpeg 300w\" sizes=\"auto, (max-width: 606px) 100vw, 606px\" \/><\/a><\/p>\n<p>En f\u00f6rkortad antenn kan bara ges ett mycket smalt frekvensomr\u00e5de d\u00e4r den \u00e4r effektiv. Genom att ta bort det ena sidbandet och flytta det andra n\u00e4rmare b\u00e4rv\u00e5gen s\u00e5 uppn\u00e5s detta och fyren kan drivas med h\u00f6gre modulationsgrad och ges \u00f6kad r\u00e4ckvidd med samma inmatad effekt. Detta \u00e4r en av anledningarna till att Kanadensiska fyrar h\u00f6rs s\u00e5 relativt sett bra h\u00e4r i avl\u00e4gsna, norra, Europa.<\/p>\n<p><strong>DAID<\/strong><\/p>\n<p>P\u00e5 tal om kanadensiska fyrar s\u00e5 har de en gemensam egenskap som g\u00f6r dem mer l\u00e4ttidentifierade \u00e4n andra. De anv\u00e4nder sig av en ton mellan identifikationerna. Tonen ben\u00e4mns &#8221;DAID&#8221; vilket \u00e4r en f\u00f6rkortning f\u00f6r &#8221;DAsh (svenska: streck) between ID&#8221;. Kanadensarna \u00e4r inte ensamma om detta, men de \u00e4r de mest konsekventa. Svaret de ger p\u00e5 varf\u00f6r de anv\u00e4nder DAID \u00e4r att tonen g\u00f6r det l\u00e4ttare att \u00f6vervaka fyrens h\u00e4lsotillst\u00e5nd \u00f6ver l\u00e5nga avst\u00e5nd. Jag k\u00e4nner till \u00e5tminstone en fyrreparat\u00f6r i Kanada som sj\u00e4lv flyger till sina, m\u00e5nga g\u00e5nger avl\u00e4gsna, serviceuppdrag i de glesbefolkade norra delarna av landet.<\/p>\n<p><strong>Trasig fyr<\/strong><\/p>\n<p>Fyrarna fyller en i m\u00e5nga fall unik uppgift och g\u00f6r s\u00e5 p\u00e5 inte s\u00e4llan isolerade platser. I de fall en fyrs\u00e4ndare g\u00e5r s\u00f6nder finns det i regel en reservs\u00e4ndare p\u00e5 plats. Skulle denna tr\u00e4da in, automatiskt, identifierar den sig genom att l\u00e4gga till ett &#8221;E&#8221; f\u00f6r Emergency, efter sitt ordinarie ID.<\/p>\n<p><a href=\"https:\/\/www.sdxf.se\/WP\/wp-content\/uploads\/2019\/12\/F2_3.png\"><img loading=\"lazy\" decoding=\"async\" class=\"alignright size-full wp-image-8637\" src=\"https:\/\/www.sdxf.se\/WP\/wp-content\/uploads\/2019\/12\/F2_3.png\" alt=\"\" width=\"449\" height=\"346\" srcset=\"https:\/\/www.sdxf.se\/WP\/wp-content\/uploads\/2019\/12\/F2_3.png 449w, https:\/\/www.sdxf.se\/WP\/wp-content\/uploads\/2019\/12\/F2_3-300x231.png 300w\" sizes=\"auto, (max-width: 449px) 100vw, 449px\" \/><\/a><strong>\u00d6<\/strong><strong>vertoner<\/strong><\/p>\n<p>Det \u00e4r troligt att du kommer att finna &#8221;kopior&#8221; av starka fyrar p\u00e5 frekvenser \u00f6ver och under respektive sidband. Det \u00e4r inte n\u00f6dv\u00e4ndigtvis fel p\u00e5 din h\u00f6rsel\/syn eller p\u00e5 din mottagare. Alla s\u00e4ndare genererar \u00f6vertoner. Varje s\u00e4ndar-operat\u00f6r \u00e4r skyldig att undertrycka dessa \u00f6ver-toner. Men \u00e4r signalen mycket kraftig kommer du att \u00e4nd\u00e5 kunna h\u00f6ra\/se \u00f6vertonerna.<\/p>\n<p>Har du problem med starka MV st\u00f6rningar s\u00e5 l\u00f6der du enkelt ihop ett sk Chebychev-filter enligt ovant\u00e5ende bild. Det \u00e4r mycket effektivt.<\/p>\n<p><strong>N\u00e4r identifikationen inte lyckas<\/strong><\/p>\n<p>Det finns, som n\u00e4mndes i f\u00f6rra artikeln, flera utm\u00e4rkta listor \u00f6ver v\u00e4rldens fyrar. Men ibland finner man en fyr som inte l\u00e5ter sig identifieras. Det kan bero p\u00e5 att fyren \u00e4r ny, men det kommer inte till s\u00e5 v\u00e4ldigt m\u00e5nga nya nu f\u00f6r tiden, tv\u00e4rt om l\u00e4ggs de ocks\u00e5 ner. Fyren kan ha f\u00e5tt problem i sin modulationsstyrning. Halva tecken och uteblivna tecken f\u00f6rekommer liksom uteblivna DAID. En \u00e4nnu besv\u00e4rligare \u00e5komma som en s\u00e4ndare kan r\u00e5ka ut f\u00f6r \u00e4r det som kallas \u00abnegativ nyckling\u00bb. Distorderade, icke linj\u00e4ra, slutsteg kan l\u00e4tt ge denna inverterande \u00e5komma oftast beroende p\u00e5 \u00f6vermodulering eller p\u00e5 vattenskador.<\/p>\n<p>Det handlar egentligen om reverserad modulation. Om du ritar upp tecknen och inverterar dit, da och bokstavsmellanrum ser du att tex IFA borde varit CF och INA egentligen \u00e4r UR. Detta drabbar 1000 Hz fyrar oftare \u00e4n 400. Vi har en handfull s\u00e5dana att h\u00e5lla r\u00e4tt p\u00e5 i norra Europa.<\/p>\n<p><strong>Varf\u00f6r h\u00f6rs &#8221;min fyr&#8221; bara ibland?<\/strong><\/p>\n<p>De flesta fyrar s\u00e4nder alltid, varje dag, dock s\u00e4nder inte alla hela tiden. En del sl\u00e5s p\u00e5 och av allt efter behov. Detta spar energi samt minskar st\u00f6rningarna p\u00e5 andra n\u00e4rliggande fyrar. N\u00e4r ett flyg f\u00f6rv\u00e4ntas n\u00e4rma sig sl\u00e5r man p\u00e5 fyren. Det \u00e4r till och med s\u00e5 att helikopterpiloterna som bla transporterar personal till och fr\u00e5n olje-plattformarna p\u00e5 exempelvis Nordsj\u00f6n, sj\u00e4lva kan sl\u00e5 p\u00e5 fyren fr\u00e5n helikoptern om de anser sig beh\u00f6va guidening.\u00a0 Annas f\u00f6rblir den avst\u00e4ngd. Detta g\u00f6r dessa fyrar extra sv\u00e5rf\u00e5ngade.<\/p>\n<p><strong>Ok\u00e4nda fyrar<\/strong><\/p>\n<p>Trots att du f\u00e5tt ett kanonfint ID p\u00e5 en fyr kanske du \u00e4nd\u00e5 inte finner dess position i listorna. Det finns ett antal &#8221;oidentifierade&#8221; men v\u00e4l k\u00e4nda fyrar. Dessa kan vara &#8221;overifierade&#8221; av m\u00e5nga olika sk\u00e4l: Milit\u00e4ren vill inte alltid ber\u00e4tta hela sanningen. Fyren kan tillh\u00f6ra ett litet privat flygf\u00e4lt som listmakaren inte ansett intressant nog att lista. Det kan vara mindre landningsplattformar p\u00e5 sjukhus och fartyg. Det kan \u00e4ven vara fr\u00e5ga om hemliga, medvetet vilseledande eller tom medvetet st\u00f6rande fyrar.\u00a0 Minns ordspr\u00e5ket: I krig och k\u00e4rlek \u00e4r allt till\u00e5tet.<\/p>\n<p><a href=\"https:\/\/www.sdxf.se\/WP\/wp-content\/uploads\/2019\/12\/F2_4.png\"><img loading=\"lazy\" decoding=\"async\" class=\"alignright size-full wp-image-8639\" src=\"https:\/\/www.sdxf.se\/WP\/wp-content\/uploads\/2019\/12\/F2_4.png\" alt=\"\" width=\"605\" height=\"380\" srcset=\"https:\/\/www.sdxf.se\/WP\/wp-content\/uploads\/2019\/12\/F2_4.png 605w, https:\/\/www.sdxf.se\/WP\/wp-content\/uploads\/2019\/12\/F2_4-300x188.png 300w\" sizes=\"auto, (max-width: 605px) 100vw, 605px\" \/><\/a><strong>Att rapportera fyrar<\/strong><\/p>\n<p>Om du vill ber\u00e4tta f\u00f6r dem som driver fyren om din h\u00f6righet, tipsa om n\u00e5got ovanligt eller bara f\u00e5nga deras bekr\u00e4ftelse, s\u00e5 \u00e4r r\u00e5det att h\u00e5lla din rapport kort. Skriv till teknikern eller chefen f\u00f6r flygplatsen, det l\u00e4r fungera bra. Bifoga g\u00e4rna en sk\u00e4rmkopia eller en kort mp3-fil. Svarsfrekvensen l\u00e4r inte vara s\u00e4mre \u00e4n f\u00f6r rundradiostationer, s\u00e4gs det mig. F\u00e4rdig-adresserade svarskuvert och f\u00f6rbetalt porto \u00e4r sj\u00e4lvklart, vissa lyssnare g\u00e5r tom s\u00e5 l\u00e5ngt att de tillverkar och fyller i egna QSL-kort blott f\u00f6r den ansvarige att signera och returnera. Sj\u00e4lv tar jag sk\u00e4rmkopior och g\u00f6r inspelningar. Sedan skickar jag inbesparade portopengar till BRIS och R\u00e4dda Barnen. &#8211; But, each to his own.<\/p>\n<p><strong>Avst\u00e5ndsm\u00e4tning<\/strong><\/p>\n<p>M\u00e5nga fyrlyssnare intresserar sig stort f\u00f6r avst\u00e5ndet mellan fyr- och mottagarort. Det finns ett, av radioamat\u00f6rer uppfunnet, system f\u00f6r enkel avst\u00e5ndsm\u00e4tning mellan tv\u00e5 geografiska platser. Systemet g\u00e5r under namnet \u00b4Maidenhead Locator System\u00b4 eller kort och gott \u00b4Maidenhead\u00b4, efter platsen i England d\u00e4r det fastslogs \u00e5r 1980.\u00a0 Googla och l\u00e4r dig hur det \u00e4r uppbyggt. Alla fyrar \u00e4r positionsbest\u00e4mda utifr\u00e5n systemet och du tar enkelt fram din egen sk &#8221;lokator&#8221;. Verktyget f\u00f6r detta, &#8221;coordinates converter&#8221;, finner du p\u00e5 m\u00e5nga st\u00e4llen, bland annat hos radioamat\u00f6ren <a href=\"https:\/\/dxcluster.ha8tks.hu\/hamgeocoding\/\" target=\"_blank\" rel=\"noopener\">HA8TKS<\/a>. Vanligen anv\u00e4nds sex positioners noggrannhet.<\/p>\n<p>Parkalompolos lokator \u00e4r KP17kr och min egen h\u00e4r hemma i Lomma \u00e4r JO65mq.<\/p>\n<p>Enligt en tyst \u00f6verenskommelse anses distanser \u00f6ver 2500 km som &#8221;DX&#8221;. Fr\u00e5n Lomma har du d\u00e5 n\u00e5tt nordafrika och fr\u00e5n Parka \u00e4r du tex p\u00e5 Gr\u00f6nland eller i Kanada. Bara 9% i min fyrlogg \u00e4r &#8221;DX&#8221;. Alla andra \u00e4r mer eller mindre lokala fyrar fr\u00e5n Spanien, Italien, England och Island. \ud83d\ude42<strong>\u00a0<\/strong><\/p>\n<p><strong>Fler tips<\/strong><\/p>\n<p>Ett digialt stoppur \u00e4r bra att ha f\u00f6r att m\u00e4ta tiden mellan ID. Denna tid finns ofta i listorna, angivna p\u00e5 tiondels och hundradels sekund n\u00e4r och den kan hj\u00e4lpa dig vid identifieringen. Tabellerna visar ofta \u00e4ven sidbandens frekvenser, angivna med en Hz noggrannhet. Om b\u00e4gge sidbanden anges kan det l\u00f6na sig att lyssna p\u00e5 b\u00e4gge frekvenserna. De h\u00f6rs s\u00e4llan lika bra, j\u00e4mf\u00f6r h\u00e4r g\u00e4rna med NA lyssning p\u00e5 LSB respektive USB.<\/p>\n<p>Tid och t\u00e5lamod \u00e4r det som g\u00e4ller i allt \u00f6kande grad allt eftersom de fyrar du jagar blir svagare. Konditionerna p\u00e5 l\u00e5ngv\u00e5gen f\u00f6r\u00e4ndras snabbt, faktiskt sekund f\u00f6r sekund och du kan f\u00f6lja en fyr fr\u00e5n svag via oh\u00f6rbar till stark \u00f6ver loppet av en minut eller tv\u00e5. Med hj\u00e4lp av stoppuret kan du d\u00e5 plocka ut tecken f\u00f6r tecken och l\u00e4gga ihop dessa delar till ett fullgott oomkullrunkeligt ID.<\/p>\n<p>Tv\u00e5 eller fler fyrar ligger inte s\u00e4llan v\u00e4ldigt n\u00e4ra varandra. De kan d\u00e5 vara mycket sv\u00e5ra att skilja \u00e5t, men den t\u00e5lmodige har trumf p\u00e5 hand. Fyrarna har s\u00e4llan samma cykeltid. I luckan mellan den &#8221;st\u00f6rande&#8221; fyrens IDn kan du plocka den \u00f6nskades ID, bit f\u00f6r bit i varje mellanrum och sedan l\u00e4gga samman.<\/p>\n<p>Du kommer nog att finna fler fyrar i v\u00e4sterled \u00e4n \u00e5t \u00f6ster. S\u00e5dana \u00e4r nu utbredningsf\u00f6rh\u00e5llandena men undantag finns. Till min of\u00f6rst\u00e4llda gl\u00e4dje finns det m\u00e5nga fler fyrar i Kanada \u00e4n i Sibirien.<\/p>\n<p>Bilden nedan f\u00f6rest\u00e4ller inte undertecknad utan kommer fr\u00e5n Torslandaminnen p\u00e5 Radiomuseet.<\/p>\n<p><a href=\"https:\/\/www.sdxf.se\/WP\/wp-content\/uploads\/2019\/12\/F2_5.png\"><img loading=\"lazy\" decoding=\"async\" class=\"alignleft size-full wp-image-8629\" src=\"https:\/\/www.sdxf.se\/WP\/wp-content\/uploads\/2019\/12\/F2_5.png\" alt=\"\" width=\"501\" height=\"350\" srcset=\"https:\/\/www.sdxf.se\/WP\/wp-content\/uploads\/2019\/12\/F2_5.png 501w, https:\/\/www.sdxf.se\/WP\/wp-content\/uploads\/2019\/12\/F2_5-300x210.png 300w\" sizes=\"auto, (max-width: 501px) 100vw, 501px\" \/><\/a><strong>G\u00f6r dig en \u00f6nskelista<\/strong><\/p>\n<p>Allt eftersom du f\u00e5ngar fler och fler fyrar och din logglista blir l\u00e4ngre och l\u00e4ngre s\u00e5 \u00f6kar sv\u00e5righet-erna att h\u00e5lla alla ID och frekvenser i huvudet. Att bl\u00e4ddra i listorna f\u00f6r att se om du f\u00e5ngat n\u00e5got nytt, blir allt mer dystert. Mitt tips \u00e4r d\u00e5 att v\u00e4nda p\u00e5 steken; G\u00f6r en \u00f6nskelista \u00f6ver frekvenser och ID f\u00f6r dig att bevaka och att leta efter. Kolla av konditionerna och g\u00f6r dina eftert\u00e4nkta nerslag. Det ger utdelning.<\/p>\n<p>Har du funnit en fyr p\u00e5 tex Island, anteckna datum och exakt tid. Chansen \u00e4r stor att du kommer att hitta fler isl\u00e4nningar p\u00e5 andra frekvenser vid exakt samma tidpunkt. En Perseusinspelning, eller motsvarande, \u00e4r h\u00e4r ov\u00e4rderlig. F\u00f6r mig innebar k\u00f6pet av en enkel och billig Afedri SDR f\u00f6r flera \u00e5r sedan en stor revolution i fyrletandet. P\u00e5 datorsk\u00e4rmen f\u00e5r du snabbt en v\u00e4ldigt bra \u00f6verblick och med hj\u00e4lp av inspelningarna kan du oftast &#8221;plocka&#8221; m\u00e5nga fyrar vid samma korta konditionstopp. Mestors &#8221;Top of the hour&#8221;-inspelningar \u00e4r s\u00e5 klart b\u00e4ttre \u00e4n ingenting, men med fyrarnas kontinuerliga anrop och l\u00e5ngv\u00e5gens snabbt skiftande konditioner missar du l\u00e4tt det roliga om du bara har fem minuter per timme inspelat.<\/p>\n<p>Det \u00e4r samma naturlagar som styr l\u00e5ngv\u00e5gsmottagning som all annan radio-mottagning; Du kommer att finna flest fyrar under dygnets m\u00f6rka timmar och under h\u00f6st och vinter. V\u00e5r och sommar \u00f6del\u00e4gger \u00e5ska, ofta p\u00e5 mycket l\u00e5ngt h\u00e5ll, all identifiering. Skaffa dig ett \u00e5skvarnarprogram till datorn och passa p\u00e5 n\u00e4r Europa \u00e4r \u00e5skfritt. Om ingen annan g\u00f6r det s\u00e5 kommer dina \u00f6ron och din h\u00f6rsel att tacka dig.<\/p>\n<p>Greylineeffekten m\u00e4rker du av \u00e4ven &#8221;h\u00e4r nere&#8221;. <a href=\"https:\/\/www.sdxf.se\/WP\/wp-content\/uploads\/2019\/12\/F2_7.jpeg\"><img loading=\"lazy\" decoding=\"async\" class=\"alignright size-full wp-image-8631\" src=\"https:\/\/www.sdxf.se\/WP\/wp-content\/uploads\/2019\/12\/F2_7.jpeg\" alt=\"\" width=\"606\" height=\"497\" srcset=\"https:\/\/www.sdxf.se\/WP\/wp-content\/uploads\/2019\/12\/F2_7.jpeg 606w, https:\/\/www.sdxf.se\/WP\/wp-content\/uploads\/2019\/12\/F2_7-300x246.jpeg 300w\" sizes=\"auto, (max-width: 606px) 100vw, 606px\" \/><\/a><\/p>\n<p>L\u00e4r dig hur skymningen f\u00f6rflytar sig. Det finns utm\u00e4rkta hj\u00e4lpprogram och &#8221;appar&#8221; f\u00f6r detta ocks\u00e5. <strong>\u00a0<\/strong>Sunrise minus tre \u00e4r en v\u00e4ldigt god regel.<\/p>\n<p><strong>Finns det fler fyrar \u00e4n de p\u00e5 fyrbandet?<\/strong><\/p>\n<p>Gissa! Det finns fyrar tv\u00e4rs \u00f6ver alla radioband. Tom radioamat\u00f6rer h\u00e5ller egna fyra p\u00e5 tex 10 mb.<\/p>\n<p>Se f\u00f6rra bilden. N\u00e4r du hittat alla fyrar, det finns ju trots allt ett \u00e4ndligt antal av dem, kan du b\u00f6rja samla ambasader, nummers\u00e4ndare eller n\u00e5gon annan sp\u00e4nnande &#8221;utility-kategori&#8221;.<\/p>\n<p><strong>Aptitretare och lyssningstips<\/strong><\/p>\n<p>Vad man h\u00f6r, \u00e4r som alltid en kombination av l\u00e4ge, utrustning och kunskap\/vana. Det blir d\u00e4rf\u00f6r vanskligt att komma med generella lyssnartips. Jag lyssnar f\u00f6retr\u00e4desvis i Sk\u00e5ne samt Blekinge och tipsen speglar detta:<\/p>\n<p><strong><u>Ofta<\/u> <\/strong>h\u00f6rs de flesta sydliga nordiska fyrarna. M\u00e5nga tyska, polska och ryska fyrar h\u00f6rs dygnets m\u00f6rka timmar \u00e5ret runt h\u00e4r i s\u00f6dra Sverige. H\u00f6rs fyren under dagtid kallas den &#8221;Daytimer&#8221;. Ett stort antal kanadensiska fyrar \u00e4r daytimers, i Parkalompolo.<\/p>\n<p><strong><u>Ibland<\/u>,<\/strong> under den m\u00f6rka \u00e5rstiden, n\u00e5r konditionerna ner genom Europa, \u00f6ver Medelhavet och v\u00e4sterut till Island och Gr\u00f6nland. Mot sydost till Grekland och Turkiet, men s\u00e4llan l\u00e4ngre. Vi talar ju om 25 watt inmatad effekt, LV.<\/p>\n<p><a href=\"https:\/\/www.sdxf.se\/WP\/wp-content\/uploads\/2019\/12\/F2_8.jpeg\"><img loading=\"lazy\" decoding=\"async\" class=\"alignright size-full wp-image-8632\" src=\"https:\/\/www.sdxf.se\/WP\/wp-content\/uploads\/2019\/12\/F2_8.jpeg\" alt=\"\" width=\"606\" height=\"404\" srcset=\"https:\/\/www.sdxf.se\/WP\/wp-content\/uploads\/2019\/12\/F2_8.jpeg 606w, https:\/\/www.sdxf.se\/WP\/wp-content\/uploads\/2019\/12\/F2_8-300x200.jpeg 300w\" sizes=\"auto, (max-width: 606px) 100vw, 606px\" \/><\/a><strong><u>Mer s\u00e4llan<\/u><\/strong> h\u00f6rs Kanada och \u00f6arna i mellersta Atlanten. Dessa fyrar, &gt; 4000 km bort, drar dels nytta av h\u00f6gre effekter och dels av sk &#8221;Sea gain&#8221; dvs det faktum att radiov\u00e5gor reflekteras med l\u00e4gre f\u00f6rlust mot hav \u00e4n mot land. Jag har suttit vid Frankrikes kust och eftermiddag efter eftermiddag regelm\u00e4ssigt kunnat lyssna p\u00e5 kanadensiska fyrar, mitt i sommaren. Grimeton- anl\u00e4ggningen, vid Varberg, se ovan, byggdes ju precis just d\u00e4r, f\u00f6r att det \u00e4r vatten hela v\u00e4gen till Long Island i NY d\u00e4r motagarstationen l\u00e5g \u00e5r 1920.<\/p>\n<p>En s\u00e4ker indikator p\u00e5 goda sydliga konditioner \u00e4r SAL p\u00e5 Cap Verde \u00d6arna, 274 kHz, den modulerar ovanligtvis sin b\u00e4rv\u00e5g och har inget sidband, men v\u00e4l DAID. OZN p\u00e5 sydligaste Gr\u00f6nland \u00e4r en trogen vinterg\u00e4st vid goda nordv\u00e4stliga konditioner. Du finner den p\u00e5 372 kHz, plus och minus 400 Hz. Vid \u00f6ppningar mot Kanada finner du ofta JT p\u00e5 390 kHz, JC p\u00e5 396 kHz samt DF p\u00e5 350 kHz, alla med 400 Hz modulation och DAID. Mot sydost h\u00f6rs p\u00e5 355 kHz ARB i Iran regelbundet. Listan kan g\u00f6ras hur l\u00e5ng som helst.<\/p>\n<p><strong>L\u00e4nkar mm<\/strong><\/p>\n<p>P\u00e5 <a href=\"http:\/\/www.udxf.nl\/\" target=\"_blank\" rel=\"noopener\">Utility DX-ers Forum<\/a> kan du bland mycket annat lyssna p\u00e5 fyren ROT i Rotterdam som s\u00e4nder p\u00e5 350,5 kHz.<\/p>\n<p>F\u00f6r dig som vill ha koll p\u00e5 kontionerna rekommenderas <a href=\"https:\/\/www.spaceweatherlive.com\/sv\/.html\" target=\"_blank\" rel=\"noopener\">SpaceWeatherLive<\/a>.<\/p>\n<p><a href=\"https:\/\/www.utilityradio.com\/\" target=\"_blank\" rel=\"noopener\">Virtual Museum of Radio Communications<\/a> \u00e4r en fullmatad sajt f\u00f6r dig med lyssnarintresse ut\u00f6ver rundradio.<\/p>\n<p>Klingenfuss i Tyskland ger ut &#8221;utilitylyssnarnas WRTH&#8221;, dvs &#8221;2015\/2016 Guide to Utility Radio Stations&#8221;, du k\u00f6per den enklast p\u00e5 v\u00e4lsorterade DX-K\u00f6p. F\u00f6rlaget \u00e4r mycket stora p\u00e5 utility-info, se deras <a href=\"https:\/\/klingenfuss.org\/ref.htm\" target=\"_blank\" rel=\"noopener\">imponerande kundlista<\/a><strong>.<\/strong>\u00a0 Se \u00e4ven artikeln i DX-Aktuellt 1\/2015.<\/p>\n<p>Om du lever i tron att l\u00e5ngv\u00e5gen, mellanv\u00e5gen och kortv\u00e5gen \u00e4r utd\u00f6ende, t\u00e4nk om. Det \u00e4r bara anv\u00e4ndningsomr\u00e5dena som utvecklas och f\u00f6r-\u00e4ndras. Avst\u00e4ngda l\u00e5ngv\u00e5gss\u00e4ndare i Europa \u00f6ppnar upp f\u00f6r m\u00e5nga oh\u00f6rda fyrar i v\u00e4ster och f\u00f6r rundradio i \u00f6ster, till exempel Mongoliet.<\/p>\n<p>Radiokommunikation p\u00e5 frekvenser som inte beh\u00f6ver rel\u00e4s\u00e4ndare f\u00f6r att n\u00e5 fram till mottagaren kommer f\u00f6r \u00f6versk\u00e5dlig framtid att finna sin anv\u00e4ndning. Men det tar vi \u00f6ver en egen pilsner. Tills dess, gl\u00e4ds \u00f6ver din privatflygande granne, utan honom och hans\u00a0 klubbkamrater hade fyrbandet idag varit tyst. Trafikflyget anv\u00e4nder VOR, se bild nedan, som s\u00e4nder p\u00e5 VHF samt DME p\u00e5 1 GHz. Tuffa frekvenser f\u00f6r oss l\u00e5ngdistanslyssnare.<\/p>\n<p><strong>\u00a0<\/strong><strong>Till sist<\/strong><\/p>\n<p>Du beh\u00f6ver BARA en radio, en fyrlista och ett morsealfabet f\u00f6r att ta dina f\u00f6rsta steg med fyrlyssning.<a href=\"https:\/\/www.sdxf.se\/WP\/wp-content\/uploads\/2019\/12\/F2_9.jpeg\"><img loading=\"lazy\" decoding=\"async\" class=\"alignright size-full wp-image-8633\" src=\"https:\/\/www.sdxf.se\/WP\/wp-content\/uploads\/2019\/12\/F2_9.jpeg\" alt=\"\" width=\"586\" height=\"390\" srcset=\"https:\/\/www.sdxf.se\/WP\/wp-content\/uploads\/2019\/12\/F2_9.jpeg 586w, https:\/\/www.sdxf.se\/WP\/wp-content\/uploads\/2019\/12\/F2_9-300x200.jpeg 300w\" sizes=\"auto, (max-width: 586px) 100vw, 586px\" \/><\/a><\/p>\n<p>Men, g\u00f6r g\u00e4rna ett bes\u00f6k p\u00e5 <a href=\"https:\/\/rxx.classaxe.com\/en\/reu\/signals\" target=\"_blank\" rel=\"noopener\">REU Signals List<\/a> f\u00f6r att leta efter det &#8221;Call\/ID&#8221; du h\u00f6rt. Det kommer att leda till att du g\u00e4rna \u00e5terv\u00e4nder dit. Varje g\u00e5ng du vill veta vad du lyssnar p\u00e5, tror jag. Fyller du s\u00e5 i din lokator, enligt ovan, i rutan &#8221;From GSQ&#8221; f\u00e5r du riktning och avst\u00e5nd p\u00e5 k\u00f6pet.<\/p>\n<p>Om du vill ha god hj\u00e4lp i fyrv\u00e4rlden rekommenderar jag att du ansluter dig till aktiva gruppen &#8221;NDB List&#8221;, till exempel via den till utm\u00e4rkta l\u00e4sv\u00e4rda sajten <a href=\"http:\/\/www.ndblist.info\/\" target=\"_blank\" rel=\"noopener\">NDBList.info<\/a>.<\/p>\n<p>Lycka till med ditt fyrletande. Ge det ett f\u00f6rs\u00f6k, varf\u00f6r inte redan ikv\u00e4ll?<\/p>\n<p>G\u00f6ran Norstedt (sm7iym@gmail.com)<\/p>\n<p>&nbsp;<\/p>\n<p><a href=\"https:\/\/www.sdxf.se\/WP\/wp-content\/uploads\/2019\/12\/F2_6.jpeg\"><img loading=\"lazy\" decoding=\"async\" class=\"alignleft size-full wp-image-8630\" src=\"https:\/\/www.sdxf.se\/WP\/wp-content\/uploads\/2019\/12\/F2_6.jpeg\" alt=\"\" width=\"599\" height=\"444\" srcset=\"https:\/\/www.sdxf.se\/WP\/wp-content\/uploads\/2019\/12\/F2_6.jpeg 599w, https:\/\/www.sdxf.se\/WP\/wp-content\/uploads\/2019\/12\/F2_6-300x222.jpeg 300w\" sizes=\"auto, (max-width: 599px) 100vw, 599px\" \/><\/a><\/p>\n<p>&nbsp;<\/p>\n<p>&nbsp;<\/p>\n<p>&nbsp;<\/p>\n<p>&nbsp;<\/p>\n<p>&nbsp;<\/p>\n<p>&nbsp;<\/p>\n<p>&nbsp;<\/p>\n<p>&nbsp;<\/p>\n<p>&nbsp;<\/p>\n<p>&nbsp;<\/p>\n<p>&nbsp;<\/p>\n","protected":false},"excerpt":{"rendered":"<p>Att lyssna p\u00e5 rundstr\u00e5lande radiofyrar, NDB-er, \u00e4r en kontemplativ och sp\u00e4nnande form av v\u00e5r radiohobby. Tycker jag. Mellan Algeriet p\u00e5 l\u00e5ngv\u00e5gens 252 kHz och Kringvarp p\u00e5 531 kHz ligger ett eterhav fyllt av upplevelser, v\u00e4l dolt f\u00f6r den oinvigde och <span class=\"excerpt-dots\">&hellip;<\/span> <a class=\"more-link\" href=\"https:\/\/www.sdxf.se\/WP\/?page_id=8636\"><span class=\"more-msg\">L\u00e4s mer &rarr;<\/span><\/a><\/p>\n","protected":false},"author":6,"featured_media":0,"parent":8626,"menu_order":2,"comment_status":"closed","ping_status":"closed","template":"","meta":{"footnotes":""},"class_list":["post-8636","page","type-page","status-publish","hentry"],"_links":{"self":[{"href":"https:\/\/www.sdxf.se\/WP\/index.php?rest_route=\/wp\/v2\/pages\/8636","targetHints":{"allow":["GET"]}}],"collection":[{"href":"https:\/\/www.sdxf.se\/WP\/index.php?rest_route=\/wp\/v2\/pages"}],"about":[{"href":"https:\/\/www.sdxf.se\/WP\/index.php?rest_route=\/wp\/v2\/types\/page"}],"author":[{"embeddable":true,"href":"https:\/\/www.sdxf.se\/WP\/index.php?rest_route=\/wp\/v2\/users\/6"}],"replies":[{"embeddable":true,"href":"https:\/\/www.sdxf.se\/WP\/index.php?rest_route=%2Fwp%2Fv2%2Fcomments&post=8636"}],"version-history":[{"count":13,"href":"https:\/\/www.sdxf.se\/WP\/index.php?rest_route=\/wp\/v2\/pages\/8636\/revisions"}],"predecessor-version":[{"id":15287,"href":"https:\/\/www.sdxf.se\/WP\/index.php?rest_route=\/wp\/v2\/pages\/8636\/revisions\/15287"}],"up":[{"embeddable":true,"href":"https:\/\/www.sdxf.se\/WP\/index.php?rest_route=\/wp\/v2\/pages\/8626"}],"wp:attachment":[{"href":"https:\/\/www.sdxf.se\/WP\/index.php?rest_route=%2Fwp%2Fv2%2Fmedia&parent=8636"}],"curies":[{"name":"wp","href":"https:\/\/api.w.org\/{rel}","templated":true}]}}