{"id":870,"date":"2012-11-21T21:52:32","date_gmt":"2012-11-21T20:52:32","guid":{"rendered":"http:\/\/www.sdxf.se\/WP\/?page_id=870"},"modified":"2024-07-22T20:20:40","modified_gmt":"2024-07-22T18:20:40","slug":"medlem","status":"publish","type":"page","link":"https:\/\/www.sdxf.se\/WP\/?page_id=870","title":{"rendered":"Medlemsportal"},"content":{"rendered":"<p>Som medlem i Sveriges DX-F\u00f6rbund \u00e4r du del i en gemenskap av radioentusiaster och f\u00e5r bland annat:<\/p>\n<ul>\n<li>\u00c5tkomst till allt som vi har p\u00e5 webben. Man beh\u00f6ver vara medlem och logga in f\u00f6r att f\u00e5 tillg\u00e5ng till alla sidor.<\/li>\n<li>V\u00e5r tidning <a title=\"Eter-Aktuellt\" href=\"https:\/\/www.sdxf.se\/WP\/?page_id=14\">Eter-Aktuellt<\/a> som kommer ut sex g\u00e5nger per \u00e5r (antingen som papperstidning i brevl\u00e5dan eller som pdf-fil som du h\u00e4mtar p\u00e5 webben).<\/li>\n<li>Handla p\u00e5 <a title=\"DX-K\u00f6p\" href=\"https:\/\/www.sdxf.se\/WP\/?page_id=595\">DX-K\u00f6p.<\/a><\/li>\n<li>Anv\u00e4nda v\u00e5ra <a href=\"https:\/\/www.sdxf.se\/WP\/?page_id=4765\">Kiwi-mottagare<\/a> som du kan n\u00e5 via Internet.<\/li>\n<li>G\u00f6ra din r\u00f6st h\u00f6rd p\u00e5 v\u00e5rt \u00e5rsm\u00f6te (<a href=\"https:\/\/www.sdxf.se\/WP\/?page_id=15790\" target=\"_blank\" rel=\"noopener\">DX-Parlamentet).<\/a><\/li>\n<li>Anv\u00e4nda v\u00e5r lyssnaranl\u00e4ggning i <a href=\"https:\/\/www.sdxf.se\/WP\/?page_id=5218\">Parkalompolo<\/a> som fr\u00e4mst \u00e4r till f\u00f6r att lyssna p\u00e5 l\u00e5ngv\u00e4ga mellanv\u00e5gsstationer.<\/li>\n<\/ul>\n<p>&nbsp;<br \/>\nM\u00e5nga av sidorna p\u00e5 v\u00e5r Medlemsportal inneh\u00e5ller historiskt material.<\/p>\n<p>Sveriges DX-F\u00f6rbund har en historia som str\u00e4cker sig mer \u00e4n 60 \u00e5r bak\u00e5t i tiden. Hobbyn i sig \u00e4r \u00e4nnu \u00e4ldre. Vi tycker att det \u00e4r viktigt att ta till vara v\u00e5r historia i form av bland annat f\u00f6rbundets och klubbarnas tidigare verksamhet, QSL-kort och vimplar fr\u00e5n svenska DX-are samt klubbtidningar och skrifter.<\/p>\n<p>\u00c4n s\u00e5 l\u00e4nge har vi bara hunnit att digitalisera och publicera en br\u00e5kdel av allt detta p\u00e5 v\u00e5r webb. Vi jobbar med att fylla p\u00e5 \u2013 sakta men s\u00e4kert.<\/p>\n<p>H\u00f6r g\u00e4rna av dig till <a href=\"mailto:webred@sdxf.se\" target=\"_blank\" rel=\"noopener\">webred@sdxf.se<\/a> om det \u00e4r n\u00e5got du saknar.<\/p>\n<p>Vill du bli medlem s\u00e5 tryck <a href=\"https:\/\/www.sdxf.se\/WP\/?page_id=1037\">H\u00c4R<\/a>!<\/p>\n","protected":false},"excerpt":{"rendered":"<p>Som medlem i Sveriges DX-F\u00f6rbund \u00e4r du del i en gemenskap av radioentusiaster och f\u00e5r bland annat: \u00c5tkomst till allt som vi har p\u00e5 webben. Man beh\u00f6ver vara medlem och logga in f\u00f6r att f\u00e5 tillg\u00e5ng till alla sidor. V\u00e5r <span class=\"excerpt-dots\">&hellip;<\/span> <a class=\"more-link\" href=\"https:\/\/www.sdxf.se\/WP\/?page_id=870\"><span class=\"more-msg\">L\u00e4s mer &rarr;<\/span><\/a><\/p>\n","protected":false},"author":2,"featured_media":0,"parent":0,"menu_order":1,"comment_status":"closed","ping_status":"open","template":"","meta":{"footnotes":""},"class_list":["post-870","page","type-page","status-publish","hentry"],"_links":{"self":[{"href":"https:\/\/www.sdxf.se\/WP\/index.php?rest_route=\/wp\/v2\/pages\/870","targetHints":{"allow":["GET"]}}],"collection":[{"href":"https:\/\/www.sdxf.se\/WP\/index.php?rest_route=\/wp\/v2\/pages"}],"about":[{"href":"https:\/\/www.sdxf.se\/WP\/index.php?rest_route=\/wp\/v2\/types\/page"}],"author":[{"embeddable":true,"href":"https:\/\/www.sdxf.se\/WP\/index.php?rest_route=\/wp\/v2\/users\/2"}],"replies":[{"embeddable":true,"href":"https:\/\/www.sdxf.se\/WP\/index.php?rest_route=%2Fwp%2Fv2%2Fcomments&post=870"}],"version-history":[{"count":19,"href":"https:\/\/www.sdxf.se\/WP\/index.php?rest_route=\/wp\/v2\/pages\/870\/revisions"}],"predecessor-version":[{"id":18253,"href":"https:\/\/www.sdxf.se\/WP\/index.php?rest_route=\/wp\/v2\/pages\/870\/revisions\/18253"}],"wp:attachment":[{"href":"https:\/\/www.sdxf.se\/WP\/index.php?rest_route=%2Fwp%2Fv2%2Fmedia&parent=870"}],"curies":[{"name":"wp","href":"https:\/\/api.w.org\/{rel}","templated":true}]}}